{"id":183,"date":"2023-07-10T06:24:13","date_gmt":"2023-07-10T06:24:13","guid":{"rendered":"https:\/\/slotsite.mediacle.net\/?page_id=183"},"modified":"2023-08-31T09:56:23","modified_gmt":"2023-08-31T09:56:23","slug":"roulette","status":"publish","type":"page","link":"https:\/\/slotsite.mediacle.net\/pt\/roulette\/","title":{"rendered":"Jogos de roleta on-line"},"content":{"rendered":"<h2 style=\"text-align: justify;\"><strong>Libere sua sorte e gire a roda com a roleta on-line do cassino do SlotSite.com!<\/strong><\/h2>\n<p style=\"text-align: justify;\">Experimente a eleg\u00e2ncia cl\u00e1ssica e as inova\u00e7\u00f5es modernas da roleta on-line. Com mais de 75 fornecedores de software de jogos em nossa plataforma, garantimos uma ampla sele\u00e7\u00e3o de jogos de roleta que atendem \u00e0s prefer\u00eancias de todos os jogadores. Junte-se a n\u00f3s para uma experi\u00eancia inesquec\u00edvel de roleta que combina a eleg\u00e2ncia da jogabilidade tradicional com as emocionantes reviravoltas modernas.<\/p>\n<h3 style=\"text-align: justify;\"><strong>Jogos cl\u00e1ssicos de roleta:<\/strong><\/h3>\n<p style=\"text-align: justify;\">Delicie-se com a sofistica\u00e7\u00e3o dos jogos cl\u00e1ssicos de roleta que t\u00eam encantado os jogadores h\u00e1 gera\u00e7\u00f5es. Sente-se e desfrute da refinada jogabilidade da Roleta Europeia, em que um \u00fanico zero na roda oferece chances favor\u00e1veis. Experimente novos jogos, como a Roleta 3D, em que anima\u00e7\u00f5es e sons realistas criam um ambiente de cassino interessante. Para aqueles que buscam uma experi\u00eancia tradicional com op\u00e7\u00f5es de apostas mais baixas, nosso jogo de Roleta 20p permite que voc\u00ea fa\u00e7a apostas t\u00e3o baixas quanto 20p por rodada. E se voc\u00ea for um entusiasta do futebol, n\u00e3o perca a emo\u00e7\u00e3o da Roleta da Copa do Mundo!<\/p>\n<h3 style=\"text-align: justify;\"><strong>Roleta europeia:<\/strong><\/h3>\n<p style=\"text-align: justify;\">H\u00e1 uma certa sofistica\u00e7\u00e3o associada \u00e0 Roleta Europeia e ela \u00e9 um dos jogos de roleta mais populares. A roda apresenta n\u00fameros de 1 a 36 e um \u00fanico zero, oferecendo chances favor\u00e1veis em compara\u00e7\u00e3o com outras varia\u00e7\u00f5es. Fa\u00e7a suas apostas em n\u00fameros individuais, grupos de n\u00fameros ou outras combina\u00e7\u00f5es e aguarde o giro da roda para determinar seu destino. Ser\u00e1 que o n\u00famero ou a combina\u00e7\u00e3o que voc\u00ea escolheu ser\u00e1 o da sorte?<\/p>\n<h3 style=\"text-align: justify;\"><strong>Roleta de 20 centavos:<\/strong><\/h3>\n<p style=\"text-align: justify;\">Para aqueles que procuram op\u00e7\u00f5es de apostas mais baixas, nosso jogo de roleta de 20p \u00e9 perfeito. Com uma aposta m\u00ednima de apenas 20p, voc\u00ea ainda pode aproveitar a emo\u00e7\u00e3o da roleta sem gastar muito. Fa\u00e7a suas apostas estrategicamente e observe a roda girar, esperando que seu n\u00famero da sorte apare\u00e7a. \u00c9 uma \u00f3tima op\u00e7\u00e3o para jogadores casuais ou para aqueles que preferem jogar com apostas menores.<\/p>\n<h3 style=\"text-align: justify;\"><strong>Roleta autom\u00e1tica:<\/strong><\/h3>\n<p style=\"text-align: justify;\">Aproveite a conveni\u00eancia e a velocidade da Roleta Autom\u00e1tica, onde o jogo \u00e9 automatizado e n\u00e3o requer um dealer ao vivo. A roda gira automaticamente, permitindo uma a\u00e7\u00e3o cont\u00ednua. Fa\u00e7a suas apostas, observe a roda girar e descubra se a sorte est\u00e1 do seu lado. A Roleta Autom\u00e1tica \u00e9 perfeita para aqueles que preferem uma experi\u00eancia de jogo mais simplificada e est\u00e1 dispon\u00edvel at\u00e9 mesmo nos est\u00fadios de dealer ao vivo.<\/p>\n<h2 style=\"text-align: justify;\"><strong>Roleta VIP:<\/strong><\/h2>\n<p style=\"text-align: justify;\">Delicie-se com o ambiente da VIP Roulette, projetada para grandes apostadores e jogadores que apreciam uma experi\u00eancia de jogo elevada. Esse jogo exclusivo ao vivo oferece limites de apostas mais altos, criando um ambiente personalizado para jogadores VIP. Fa\u00e7a suas apostas com confian\u00e7a e aproveite os privil\u00e9gios de ser um VIP.<\/p>\n<h2 style=\"text-align: justify;\"><strong>Roleta de 3 rodas:<\/strong><\/h2>\n<p style=\"text-align: justify;\">Leve sua experi\u00eancia de roleta para o pr\u00f3ximo n\u00edvel com a roleta de 3 rodas. Nessa varia\u00e7\u00e3o, em vez de uma \u00fanica roda, voc\u00ea encontrar\u00e1 tr\u00eas rodas separadas girando simultaneamente. Essa empolgante reviravolta aumenta suas chances de acertar uma combina\u00e7\u00e3o vencedora, oferecendo ainda mais oportunidades de grandes ganhos. Fa\u00e7a suas apostas estrategicamente nas tr\u00eas rodas e veja como a emo\u00e7\u00e3o se desenrola.<\/p>\n<h2 style=\"text-align: justify;\"><strong>Roleta instant\u00e2nea:<\/strong><\/h2>\n<p style=\"text-align: justify;\">Nessa popular varia\u00e7\u00e3o apresentada ao vivo, as rodadas s\u00e3o r\u00e1pidas, pois o jogo usa 12 rodas. Veja a bola cair uma ap\u00f3s a outra para obter resultados imediatos. Diga adeus \u00e0 espera dos outros jogadores ou da roda para girar. Com a Instant Roulette, a a\u00e7\u00e3o \u00e9 ininterrupta, mantendo-o na ponta de seu assento.<\/p>\n<h2 style=\"text-align: justify;\"><strong>Speed Roulette:<\/strong><\/h2>\n<p style=\"text-align: justify;\">Para aqueles que preferem uma experi\u00eancia de roleta r\u00e1pida, a Speed Roulette \u00e9 a escolha perfeita. Como o nome sugere, essa varia\u00e7\u00e3o leva o jogo a um n\u00edvel totalmente novo de velocidade. As rodadas s\u00e3o r\u00e1pidas, garantindo um tempo m\u00ednimo de inatividade entre as rodadas. Voc\u00ea precisa fazer suas apostas rapidamente, mas sempre pode usar a op\u00e7\u00e3o Re-apostar ou a guia Minhas apostas para salvar e usar suas apostas favoritas. Observe a roda girar e veja se a sorte est\u00e1 do seu lado.<\/p>\n<h2 style=\"text-align: justify;\"><strong>Apostas anunciadas Roleta ao vivo:<\/strong><\/h2>\n<p style=\"text-align: justify;\">Experimente a eleg\u00e2ncia da Roleta ao Vivo com Apostas Anunciadas, uma varia\u00e7\u00e3o que oferece uma ampla gama de op\u00e7\u00f5es avan\u00e7adas de apostas. Esse jogo permite que voc\u00ea fa\u00e7a apostas anunciadas, como Orphelins, Voisins du Z\u00e9ro e Tiers du Cylindre. Essas apostas cobrem se\u00e7\u00f5es espec\u00edficas da roda, acrescentando uma camada extra de estrat\u00e9gia e emo\u00e7\u00e3o ao seu jogo. Explore as complexidades da Roleta ao Vivo com Apostas Anunciadas e aprimore sua estrat\u00e9gia de roleta.<\/p>\n<h2 style=\"text-align: justify;\"><strong>Roleta Qu\u00e2ntica:<\/strong><\/h2>\n<p style=\"text-align: justify;\">Embarque em um salto qu\u00e2ntico para o futuro da roleta com a Quantum Roulette. Esse jogo ao vivo apresenta multiplicadores que podem aumentar seus ganhos em at\u00e9 1.000 vezes e \u00e9 apresentado por um apresentador. \u00c0 medida que voc\u00ea faz suas apostas, n\u00fameros adicionais s\u00e3o selecionados, adicionando multiplicadores a posi\u00e7\u00f5es aleat\u00f3rias na roda. Ser\u00e1 que o reino qu\u00e2ntico lhe trar\u00e1 imensa sorte e fortuna?<\/p>\n<h2 style=\"text-align: justify;\"><strong>Roleta do futebol:<\/strong><\/h2>\n<p style=\"text-align: justify;\">Combine a emo\u00e7\u00e3o da roleta com a paix\u00e3o do futebol na Football Roulette. Essa varia\u00e7\u00e3o inclui elementos com tema de futebol na transmiss\u00e3o, criando um ambiente divertido para os f\u00e3s de futebol e entusiastas da roleta conversarem. Vale a pena visitar o ambiente do est\u00fadio ao vivo!<\/p>\n<h2 style=\"text-align: justify;\"><strong>Op\u00e7\u00f5es de apostas na roleta:<\/strong><\/h2>\n<p style=\"text-align: justify;\">H\u00e1 muitas op\u00e7\u00f5es de apostas dispon\u00edveis na roleta. Cada aposta tem probabilidades e pagamentos diferentes, permitindo que voc\u00ea personalize sua estrat\u00e9gia de roleta com base em suas prefer\u00eancias e toler\u00e2ncia a riscos. Ao jogar roleta, voc\u00ea tem uma variedade de op\u00e7\u00f5es de apostas para escolher. Aqui est\u00e3o alguns tipos comuns de apostas na roleta:<\/p>\n<p style=\"text-align: justify;\">Aposta direta: Coloque suas fichas em um \u00fanico n\u00famero. Se a bola cair nesse n\u00famero, voc\u00ea ganha.<\/p>\n<p style=\"text-align: justify;\">Aposta dividida: Aposte em dois n\u00fameros adjacentes colocando suas fichas na linha entre eles. Se um dos dois n\u00fameros for o n\u00famero vencedor, voc\u00ea ganha.<\/p>\n<p style=\"text-align: justify;\">Aposta de rua: Aposte em uma fileira de tr\u00eas n\u00fameros colocando suas fichas na borda externa da fileira. Se qualquer um dos tr\u00eas n\u00fameros for o n\u00famero vencedor, voc\u00ea ganha.<\/p>\n<p style=\"text-align: justify;\">Aposta de canto: Aposte em quatro n\u00fameros colocando suas fichas na interse\u00e7\u00e3o onde os quatro n\u00fameros se encontram. Se qualquer um dos quatro n\u00fameros for o n\u00famero vencedor, voc\u00ea ganha.<\/p>\n<p style=\"text-align: justify;\">Aposta em linha: Aposte em duas fileiras de tr\u00eas n\u00fameros colocando suas fichas na borda externa onde as duas fileiras se encontram. Se qualquer um dos seis n\u00fameros for o n\u00famero vencedor, voc\u00ea ganha.<\/p>\n<p style=\"text-align: justify;\">Aposta na coluna: Aposte em uma das tr\u00eas colunas verticais de n\u00fameros colocando suas fichas na parte inferior da coluna escolhida. Se qualquer n\u00famero da coluna for o n\u00famero vencedor, voc\u00ea ganha.<\/p>\n<p style=\"text-align: justify;\">Aposta de d\u00fazia: Aposte em um grupo de doze n\u00fameros colocando suas fichas nas se\u00e7\u00f5es &#8220;1st 12&#8221;, &#8220;2nd 12&#8221; ou &#8220;3rd 12&#8221; da mesa. Se qualquer n\u00famero do grupo escolhido for o n\u00famero vencedor, voc\u00ea ganha.<\/p>\n<p style=\"text-align: justify;\">Aposta Par\/\u00cdmpar: Aposte se o n\u00famero vencedor ser\u00e1 par ou \u00edmpar, colocando suas fichas na se\u00e7\u00e3o correspondente da mesa. Se o n\u00famero vencedor corresponder \u00e0 sua sele\u00e7\u00e3o, voc\u00ea ganha.<\/p>\n<p style=\"text-align: justify;\">Aposta vermelha\/preta: Aposte se o n\u00famero vencedor ser\u00e1 vermelho ou preto, colocando suas fichas na se\u00e7\u00e3o correspondente da mesa. Se o n\u00famero vencedor corresponder \u00e0 sua sele\u00e7\u00e3o, voc\u00ea ganha.<\/p>\n<p style=\"text-align: justify;\">Aposta Baixa\/Alta: Aposte se o n\u00famero vencedor ser\u00e1 baixo (1-18) ou alto (19-36), colocando suas fichas na se\u00e7\u00e3o correspondente da mesa. Se o n\u00famero vencedor corresponder \u00e0 sua sele\u00e7\u00e3o, voc\u00ea ganha.<\/p>\n<h2 style=\"text-align: justify;\"><strong>Como jogar roleta no SlotSite.com:<\/strong><\/h2>\n<p style=\"text-align: justify;\">Jogar roleta no Cassino do SlotSite.com \u00e9 f\u00e1cil e divertido. Para come\u00e7ar, basta se registrar em uma conta e fazer um dep\u00f3sito usando nossas op\u00e7\u00f5es banc\u00e1rias seguras e convenientes. Quando estiver pronto, procure por roleta na caixa de pesquisa e escolha o jogo de sua prefer\u00eancia. Familiarize-se com as regras do jogo e as op\u00e7\u00f5es de apostas, depois fa\u00e7a suas apostas e observe a roda girar. Com sorte, voc\u00ea vai comemorar suas vit\u00f3rias! Explore nossa ampla cole\u00e7\u00e3o de roletas, escolha sua varia\u00e7\u00e3o preferida e fa\u00e7a suas apostas. Caso tenha alguma d\u00favida ou precise de ajuda, nossa equipe dedicada de atendimento ao cliente est\u00e1 dispon\u00edvel 24 horas por dia, 7 dias por semana, para lhe oferecer assist\u00eancia profissional e amig\u00e1vel. Lembre-se sempre de que o jogo pode ser viciante. Jogue com responsabilidade e estabele\u00e7a limites para garantir uma experi\u00eancia de jogo segura e agrad\u00e1vel.<\/p>\n","protected":false},"excerpt":{"rendered":"<p>Libere sua sorte e gire a roda com a roleta on-line do cassino do SlotSite.com! Experimente a eleg\u00e2ncia cl\u00e1ssica e as inova\u00e7\u00f5es modernas da roleta on-line. Com mais de 75 fornecedores de software de jogos em nossa plataforma, garantimos uma ampla sele\u00e7\u00e3o de jogos de roleta que atendem \u00e0s prefer\u00eancias de todos os jogadores. Junte-se [&hellip;]<\/p>\n","protected":false},"author":1,"featured_media":0,"parent":0,"menu_order":0,"comment_status":"closed","ping_status":"closed","template":"templates\/category.php","meta":{"footnotes":""},"class_list":["post-183","page","type-page","status-publish","hentry"],"translation":{"provider":"WPGlobus","version":"2.12.2","language":"pt","enabled_languages":["en","ca","fi","no","ja","es","pt","qc","gb","ir","nz","sa","in"],"languages":{"en":{"title":true,"content":true,"excerpt":false},"ca":{"title":true,"content":true,"excerpt":false},"fi":{"title":true,"content":true,"excerpt":false},"no":{"title":true,"content":true,"excerpt":false},"ja":{"title":true,"content":true,"excerpt":false},"es":{"title":true,"content":true,"excerpt":false},"pt":{"title":true,"content":true,"excerpt":false},"qc":{"title":true,"content":true,"excerpt":false},"gb":{"title":true,"content":true,"excerpt":false},"ir":{"title":false,"content":false,"excerpt":false},"nz":{"title":false,"content":false,"excerpt":false},"sa":{"title":false,"content":false,"excerpt":false},"in":{"title":true,"content":true,"excerpt":false}}},"acf":[],"yoast_head":"<!-- This site is optimized with the Yoast SEO plugin v20.11 - https:\/\/yoast.com\/wordpress\/plugins\/seo\/ -->\n<title>Aposte e Ganhe com a Roleta Online: Gire a Roda da Fortuna Agora!<\/title>\n<meta name=\"description\" content=\"Entre no mundo da roleta online e deixe a roda da fortuna guiar o seu destino! Jogue o cl\u00e1ssico jogo de cassino em qualquer lugar e experimente a emo\u00e7\u00e3o de prever onde a bola ir\u00e1 cair. Cadastre-se agora para aproveitar a emo\u00e7\u00e3o.\" \/>\n<meta name=\"robots\" content=\"index, follow, max-snippet:-1, max-image-preview:large, max-video-preview:-1\" \/>\n<link rel=\"canonical\" href=\"https:\/\/slotsite.mediacle.net\/roulette\/\" \/>\n<meta property=\"og:locale\" content=\"pt_PT\" \/>\n<meta property=\"og:type\" content=\"article\" \/>\n<meta property=\"og:title\" content=\"Aposte e Ganhe com a Roleta Online: Gire a Roda da Fortuna Agora!\" \/>\n<meta property=\"og:description\" content=\"Entre no mundo da roleta online e deixe a roda da fortuna guiar o seu destino! Jogue o cl\u00e1ssico jogo de cassino em qualquer lugar e experimente a emo\u00e7\u00e3o de prever onde a bola ir\u00e1 cair. Cadastre-se agora para aproveitar a emo\u00e7\u00e3o.\" \/>\n<meta property=\"og:url\" content=\"https:\/\/slotsite.mediacle.net\/roulette\/\" \/>\n<meta property=\"og:site_name\" content=\"Slotsite\" \/>\n<meta property=\"article:modified_time\" content=\"2023-08-31T09:56:23+00:00\" \/>\n<meta name=\"twitter:card\" content=\"summary_large_image\" \/>\n<meta name=\"twitter:label1\" content=\"Est. reading time\" \/>\n\t<meta name=\"twitter:data1\" content=\"6 minutes\" \/>\n<script type=\"application\/ld+json\" class=\"yoast-schema-graph\">{\"@context\":\"https:\/\/schema.org\",\"@graph\":[{\"@type\":\"WebPage\",\"@id\":\"https:\/\/slotsite.mediacle.net\/roulette\/\",\"url\":\"https:\/\/slotsite.mediacle.net\/roulette\/\",\"name\":\"Bet and Win with Online Roulette: Spin the Wheel of Fortune Now!\",\"isPartOf\":{\"@id\":\"https:\/\/slotsite.mediacle.net\/#website\"},\"datePublished\":\"2023-07-10T06:24:13+00:00\",\"dateModified\":\"2023-08-31T09:56:23+00:00\",\"description\":\"Step into the world of online roulette and let the wheel of fortune guide your destiny! Play the classic casino game from anywhere and experience the excitement of predicting where the ball will land. Join now to enjoy the thrill, put your luck to the test, and potentially win big with every spin of the wheel.\",\"breadcrumb\":{\"@id\":\"https:\/\/slotsite.mediacle.net\/roulette\/#breadcrumb\"},\"inLanguage\":\"pt-PT\",\"potentialAction\":[{\"@type\":\"ReadAction\",\"target\":[\"https:\/\/slotsite.mediacle.net\/roulette\/\"]}]},{\"@type\":\"BreadcrumbList\",\"@id\":\"https:\/\/slotsite.mediacle.net\/roulette\/#breadcrumb\",\"itemListElement\":[{\"@type\":\"ListItem\",\"position\":1,\"name\":\"Home\",\"item\":\"https:\/\/slotsite.mediacle.net\/\"},{\"@type\":\"ListItem\",\"position\":2,\"name\":\"Online Roulette Games\"}]},{\"@type\":\"WebSite\",\"@id\":\"https:\/\/slotsite.mediacle.net\/#website\",\"url\":\"https:\/\/slotsite.mediacle.net\/\",\"name\":\"Slotsite\",\"description\":\"\",\"potentialAction\":[{\"@type\":\"SearchAction\",\"target\":{\"@type\":\"EntryPoint\",\"urlTemplate\":\"https:\/\/slotsite.mediacle.net\/?s={search_term_string}\"},\"query-input\":\"required name=search_term_string\"}],\"inLanguage\":\"pt-PT\"}]}<\/script>\n<!-- \/ Yoast SEO plugin. -->","yoast_head_json":{"title":"Aposte e Ganhe com a Roleta Online: Gire a Roda da Fortuna Agora!","description":"Entre no mundo da roleta online e deixe a roda da fortuna guiar o seu destino! Jogue o cl\u00e1ssico jogo de cassino em qualquer lugar e experimente a emo\u00e7\u00e3o de prever onde a bola ir\u00e1 cair. Cadastre-se agora para aproveitar a emo\u00e7\u00e3o.","robots":{"index":"index","follow":"follow","max-snippet":"max-snippet:-1","max-image-preview":"max-image-preview:large","max-video-preview":"max-video-preview:-1"},"canonical":"https:\/\/slotsite.mediacle.net\/roulette\/","og_locale":"pt_PT","og_type":"article","og_title":"Aposte e Ganhe com a Roleta Online: Gire a Roda da Fortuna Agora!","og_description":"Entre no mundo da roleta online e deixe a roda da fortuna guiar o seu destino! Jogue o cl\u00e1ssico jogo de cassino em qualquer lugar e experimente a emo\u00e7\u00e3o de prever onde a bola ir\u00e1 cair. Cadastre-se agora para aproveitar a emo\u00e7\u00e3o.","og_url":"https:\/\/slotsite.mediacle.net\/roulette\/","og_site_name":"Slotsite","article_modified_time":"2023-08-31T09:56:23+00:00","twitter_card":"summary_large_image","twitter_misc":{"Est. reading time":"6 minutes"},"schema":{"@context":"https:\/\/schema.org","@graph":[{"@type":"WebPage","@id":"https:\/\/slotsite.mediacle.net\/roulette\/","url":"https:\/\/slotsite.mediacle.net\/roulette\/","name":"Bet and Win with Online Roulette: Spin the Wheel of Fortune Now!","isPartOf":{"@id":"https:\/\/slotsite.mediacle.net\/#website"},"datePublished":"2023-07-10T06:24:13+00:00","dateModified":"2023-08-31T09:56:23+00:00","description":"Step into the world of online roulette and let the wheel of fortune guide your destiny! Play the classic casino game from anywhere and experience the excitement of predicting where the ball will land. Join now to enjoy the thrill, put your luck to the test, and potentially win big with every spin of the wheel.","breadcrumb":{"@id":"https:\/\/slotsite.mediacle.net\/roulette\/#breadcrumb"},"inLanguage":"pt-PT","potentialAction":[{"@type":"ReadAction","target":["https:\/\/slotsite.mediacle.net\/roulette\/"]}]},{"@type":"BreadcrumbList","@id":"https:\/\/slotsite.mediacle.net\/roulette\/#breadcrumb","itemListElement":[{"@type":"ListItem","position":1,"name":"Home","item":"https:\/\/slotsite.mediacle.net\/"},{"@type":"ListItem","position":2,"name":"Online Roulette Games"}]},{"@type":"WebSite","@id":"https:\/\/slotsite.mediacle.net\/#website","url":"https:\/\/slotsite.mediacle.net\/","name":"Slotsite","description":"","potentialAction":[{"@type":"SearchAction","target":{"@type":"EntryPoint","urlTemplate":"https:\/\/slotsite.mediacle.net\/?s={search_term_string}"},"query-input":"required name=search_term_string"}],"inLanguage":"pt-PT"}]}},"_links":{"self":[{"href":"https:\/\/slotsite.mediacle.net\/pt\/wp-json\/wp\/v2\/pages\/183","targetHints":{"allow":["GET"]}}],"collection":[{"href":"https:\/\/slotsite.mediacle.net\/pt\/wp-json\/wp\/v2\/pages"}],"about":[{"href":"https:\/\/slotsite.mediacle.net\/pt\/wp-json\/wp\/v2\/types\/page"}],"author":[{"embeddable":true,"href":"https:\/\/slotsite.mediacle.net\/pt\/wp-json\/wp\/v2\/users\/1"}],"replies":[{"embeddable":true,"href":"https:\/\/slotsite.mediacle.net\/pt\/wp-json\/wp\/v2\/comments?post=183"}],"version-history":[{"count":42,"href":"https:\/\/slotsite.mediacle.net\/pt\/wp-json\/wp\/v2\/pages\/183\/revisions"}],"predecessor-version":[{"id":2357,"href":"https:\/\/slotsite.mediacle.net\/pt\/wp-json\/wp\/v2\/pages\/183\/revisions\/2357"}],"wp:attachment":[{"href":"https:\/\/slotsite.mediacle.net\/pt\/wp-json\/wp\/v2\/media?parent=183"}],"curies":[{"name":"wp","href":"https:\/\/api.w.org\/{rel}","templated":true}]}}