{"id":184,"date":"2023-07-10T06:24:27","date_gmt":"2023-07-10T06:24:27","guid":{"rendered":"https:\/\/slotsite.mediacle.net\/?page_id=184"},"modified":"2023-08-31T09:52:53","modified_gmt":"2023-08-31T09:52:53","slug":"table-games","status":"publish","type":"page","link":"https:\/\/slotsite.mediacle.net\/pt\/table-games\/","title":{"rendered":"Casino Table Games"},"content":{"rendered":"<h2 style=\"text-align: justify;\"><strong>Entre na sofistica\u00e7\u00e3o dos jogos de mesa do cassino no SlotSite.com Casino!<\/strong><\/h2>\n<p style=\"text-align: justify;\">Experimente o ep\u00edtome da divers\u00e3o e do entretenimento no Cassino do SlotSite.com, onde nossa sele\u00e7\u00e3o de jogos de mesa lhe oferecer\u00e1 uma cole\u00e7\u00e3o de cl\u00e1ssicos cativantes e varia\u00e7\u00f5es emocionantes, cuidadosamente selecionadas para satisfazer o seu gosto mais exigente. Junte-se a n\u00f3s e convide-o a se entregar \u00e0 refinada arte dos jogos, onde estrat\u00e9gia e sorte se misturam.<\/p>\n<h3 style=\"text-align: justify;\"><strong>Blackjack on-line:<\/strong><\/h3>\n<p style=\"text-align: justify;\">Desafie o dealer no eterno jogo de <u>Blackjack<\/u>. Envolva-se em batalhas emocionantes de estrat\u00e9gia e antecipa\u00e7\u00e3o, com o objetivo de obter um total de m\u00e3os pr\u00f3ximo de 21 sem ultrapassar o limite. Explore diferentes varia\u00e7\u00f5es, como o Blackjack Cl\u00e1ssico, o Blackjack Europeu e o Blackjack com Dealer ao Vivo, cada uma apresentando reviravoltas e possibilidades estrat\u00e9gicas exclusivas.<\/p>\n<h3 style=\"text-align: justify;\"><strong>Roleta on-line:<\/strong><\/h3>\n<p style=\"text-align: justify;\">Gire a roda e deixe que o jogo de <u>roleta <\/u>lhe ofere\u00e7a v\u00e1rias op\u00e7\u00f5es de apostas. Sinta a adrenalina da antecipa\u00e7\u00e3o enquanto a bola dan\u00e7a ao redor da roda e finalmente se estabiliza. Jogue a Roleta Europeia ou saboreie a a\u00e7\u00e3o din\u00e2mica das diversas varia\u00e7\u00f5es e temas. Jogue a Roleta com Dealer ao Vivo e fa\u00e7a suas apostas em n\u00fameros, cores ou combina\u00e7\u00f5es e veja a roda do destino ganhar vida.<\/p>\n<h3 style=\"text-align: justify;\"><strong>Bacar\u00e1 on-line:<\/strong><\/h3>\n<p style=\"text-align: justify;\">Jogue o cativante jogo de <u>Bacar\u00e1 <\/u>e compita ou aposte com a banca! Esse jogo \u00e9 f\u00e1cil de jogar depois que voc\u00ea aprende a jogar e, basicamente, seu objetivo \u00e9 obter um valor de m\u00e3o mais pr\u00f3ximo de nove. Experimente o charme cl\u00e1ssico do Punto Banco tradicional ou explore varia\u00e7\u00f5es divertidas, como o Speed Baccarat e o No Commission Baccarat, cada uma adicionando um toque \u00fanico a esse jogo t\u00e3o amado.<\/p>\n<h3 style=\"text-align: justify;\"><strong>Jogos de p\u00f4quer de cassino:<\/strong><\/h3>\n<p style=\"text-align: justify;\">Canalize seu estrategista interior com os temas de jogos de p\u00f4quer de cassino. Teste suas habilidades e participe de batalhas estrat\u00e9gicas no Casino Hold&#8217;em, Texas Hold&#8217;em, Stud e Video Poker. Fa\u00e7a jogadas calculadas e aproveite seu tempo no cassino com dealer ao vivo.<\/p>\n<h3 style=\"text-align: justify;\"><strong>Craps on-line:<\/strong><\/h3>\n<p style=\"text-align: justify;\">Sinta a emo\u00e7\u00e3o do <u>Craps<\/u>, um jogo que combina chance e estrat\u00e9gia em igual medida. Assista ao lan\u00e7amento dos dados e desfrute da atmosfera eletrizante do est\u00fadio de dealer ao vivo. Dispon\u00edvel tanto ao vivo quanto em primeira pessoa, voc\u00ea pode fazer apostas em uma infinidade de possibilidades. Experimente a energia enquanto os dados determinam seu destino.<\/p>\n<h3 style=\"text-align: justify;\"><strong>Sic Bo on-line:<\/strong><\/h3>\n<p style=\"text-align: justify;\">Descubra os mist\u00e9rios do Extremo Oriente com o Sic Bo, um antigo jogo de dados que cativa com seu fasc\u00ednio cultural. Preveja o resultado de tr\u00eas lan\u00e7amentos de dados e fa\u00e7a suas apostas em uma variedade de combina\u00e7\u00f5es. Sinta a emo\u00e7\u00e3o aumentar \u00e0 medida que os dados caem, revelando os resultados que podem levar a vit\u00f3rias inesquec\u00edveis.<\/p>\n<p style=\"text-align: justify;\">Junte-se a n\u00f3s hoje no Cassino do SlotSite.com e descubra a arte do Blackjack, o fasc\u00ednio da Roleta, a sofistica\u00e7\u00e3o do Bacar\u00e1 e a emo\u00e7\u00e3o do P\u00f4quer, Craps e Sic Bo. Que comecem os jogos! No SlotSite.com Casino, n\u00f3s nos esfor\u00e7amos para oferecer uma experi\u00eancia de jogo excepcional, garantindo uma transmiss\u00e3o r\u00e1pida e acesso a est\u00fadios de jogos de \u00faltima gera\u00e7\u00e3o. Seja voc\u00ea um jogador experiente ou queira experimentar novos jogos de mesa de cassino, nossa sele\u00e7\u00e3o abrangente com jogos integrados oferecer\u00e1 tudo o que voc\u00ea precisa. Torne-se um membro hoje mesmo! Lembre-se sempre de conhecer e estabelecer seus limites. Jogue com responsabilidade. O jogo pode ser viciante.<\/p>\n","protected":false},"excerpt":{"rendered":"<p>Entre na sofistica\u00e7\u00e3o dos jogos de mesa do cassino no SlotSite.com Casino! Experimente o ep\u00edtome da divers\u00e3o e do entretenimento no Cassino do SlotSite.com, onde nossa sele\u00e7\u00e3o de jogos de mesa lhe oferecer\u00e1 uma cole\u00e7\u00e3o de cl\u00e1ssicos cativantes e varia\u00e7\u00f5es emocionantes, cuidadosamente selecionadas para satisfazer o seu gosto mais exigente. Junte-se a n\u00f3s e convide-o [&hellip;]<\/p>\n","protected":false},"author":1,"featured_media":0,"parent":0,"menu_order":0,"comment_status":"closed","ping_status":"closed","template":"templates\/category.php","meta":{"footnotes":""},"class_list":["post-184","page","type-page","status-publish","hentry"],"translation":{"provider":"WPGlobus","version":"2.12.2","language":"pt","enabled_languages":["en","ca","fi","no","ja","es","pt","qc","gb","ir","nz","sa","in"],"languages":{"en":{"title":true,"content":true,"excerpt":false},"ca":{"title":true,"content":true,"excerpt":false},"fi":{"title":true,"content":true,"excerpt":false},"no":{"title":true,"content":true,"excerpt":false},"ja":{"title":true,"content":true,"excerpt":false},"es":{"title":true,"content":true,"excerpt":false},"pt":{"title":false,"content":true,"excerpt":false},"qc":{"title":true,"content":true,"excerpt":false},"gb":{"title":true,"content":true,"excerpt":false},"ir":{"title":false,"content":false,"excerpt":false},"nz":{"title":false,"content":false,"excerpt":false},"sa":{"title":false,"content":false,"excerpt":false},"in":{"title":true,"content":true,"excerpt":false}}},"acf":[],"yoast_head":"<!-- This site is optimized with the Yoast SEO plugin v20.11 - https:\/\/yoast.com\/wordpress\/plugins\/seo\/ -->\n<title>Liberte as emo\u00e7\u00f5es: explore uma variedade de jogos de mesa de cassino para todos os jogadores!<\/title>\n<meta name=\"description\" content=\"Mergulhe no mundo dos jogos de mesa de cassino em nossa plataforma, oferecendo algo para cada jogador. Dos cl\u00e1ssicos atemporais \u00e0s varia\u00e7\u00f5es modernas, teste suas habilidades e sorte em uma experi\u00eancia de jogo din\u00e2mica.\" \/>\n<meta name=\"robots\" content=\"index, follow, max-snippet:-1, max-image-preview:large, max-video-preview:-1\" \/>\n<link rel=\"canonical\" href=\"https:\/\/slotsite.mediacle.net\/table-games\/\" \/>\n<meta property=\"og:locale\" content=\"pt_PT\" \/>\n<meta property=\"og:type\" content=\"article\" \/>\n<meta property=\"og:title\" content=\"Liberte as emo\u00e7\u00f5es: explore uma variedade de jogos de mesa de cassino para todos os jogadores!\" \/>\n<meta property=\"og:description\" content=\"Mergulhe no mundo dos jogos de mesa de cassino em nossa plataforma, oferecendo algo para cada jogador. Dos cl\u00e1ssicos atemporais \u00e0s varia\u00e7\u00f5es modernas, teste suas habilidades e sorte em uma experi\u00eancia de jogo din\u00e2mica.\" \/>\n<meta property=\"og:url\" content=\"https:\/\/slotsite.mediacle.net\/table-games\/\" \/>\n<meta property=\"og:site_name\" content=\"Slotsite\" \/>\n<meta property=\"article:modified_time\" content=\"2023-08-31T09:52:53+00:00\" \/>\n<meta name=\"twitter:card\" content=\"summary_large_image\" \/>\n<meta name=\"twitter:label1\" content=\"Est. reading time\" \/>\n\t<meta name=\"twitter:data1\" content=\"3 minutes\" \/>\n<script type=\"application\/ld+json\" class=\"yoast-schema-graph\">{\"@context\":\"https:\/\/schema.org\",\"@graph\":[{\"@type\":\"WebPage\",\"@id\":\"https:\/\/slotsite.mediacle.net\/table-games\/\",\"url\":\"https:\/\/slotsite.mediacle.net\/table-games\/\",\"name\":\"Unleash the Thrills: Explore an Array of Casino Table Games for All Players!\",\"isPartOf\":{\"@id\":\"https:\/\/slotsite.mediacle.net\/#website\"},\"datePublished\":\"2023-07-10T06:24:27+00:00\",\"dateModified\":\"2023-08-31T09:52:53+00:00\",\"description\":\"Dive into the world of casino table games on our platform, offering something for every player. From timeless classics to modern variations, test your skills and luck in a dynamic gaming experience.\",\"breadcrumb\":{\"@id\":\"https:\/\/slotsite.mediacle.net\/table-games\/#breadcrumb\"},\"inLanguage\":\"pt-PT\",\"potentialAction\":[{\"@type\":\"ReadAction\",\"target\":[\"https:\/\/slotsite.mediacle.net\/table-games\/\"]}]},{\"@type\":\"BreadcrumbList\",\"@id\":\"https:\/\/slotsite.mediacle.net\/table-games\/#breadcrumb\",\"itemListElement\":[{\"@type\":\"ListItem\",\"position\":1,\"name\":\"Home\",\"item\":\"https:\/\/slotsite.mediacle.net\/\"},{\"@type\":\"ListItem\",\"position\":2,\"name\":\"Casino Table Games\"}]},{\"@type\":\"WebSite\",\"@id\":\"https:\/\/slotsite.mediacle.net\/#website\",\"url\":\"https:\/\/slotsite.mediacle.net\/\",\"name\":\"Slotsite\",\"description\":\"\",\"potentialAction\":[{\"@type\":\"SearchAction\",\"target\":{\"@type\":\"EntryPoint\",\"urlTemplate\":\"https:\/\/slotsite.mediacle.net\/?s={search_term_string}\"},\"query-input\":\"required name=search_term_string\"}],\"inLanguage\":\"pt-PT\"}]}<\/script>\n<!-- \/ Yoast SEO plugin. -->","yoast_head_json":{"title":"Liberte as emo\u00e7\u00f5es: explore uma variedade de jogos de mesa de cassino para todos os jogadores!","description":"Mergulhe no mundo dos jogos de mesa de cassino em nossa plataforma, oferecendo algo para cada jogador. Dos cl\u00e1ssicos atemporais \u00e0s varia\u00e7\u00f5es modernas, teste suas habilidades e sorte em uma experi\u00eancia de jogo din\u00e2mica.","robots":{"index":"index","follow":"follow","max-snippet":"max-snippet:-1","max-image-preview":"max-image-preview:large","max-video-preview":"max-video-preview:-1"},"canonical":"https:\/\/slotsite.mediacle.net\/table-games\/","og_locale":"pt_PT","og_type":"article","og_title":"Liberte as emo\u00e7\u00f5es: explore uma variedade de jogos de mesa de cassino para todos os jogadores!","og_description":"Mergulhe no mundo dos jogos de mesa de cassino em nossa plataforma, oferecendo algo para cada jogador. Dos cl\u00e1ssicos atemporais \u00e0s varia\u00e7\u00f5es modernas, teste suas habilidades e sorte em uma experi\u00eancia de jogo din\u00e2mica.","og_url":"https:\/\/slotsite.mediacle.net\/table-games\/","og_site_name":"Slotsite","article_modified_time":"2023-08-31T09:52:53+00:00","twitter_card":"summary_large_image","twitter_misc":{"Est. reading time":"3 minutes"},"schema":{"@context":"https:\/\/schema.org","@graph":[{"@type":"WebPage","@id":"https:\/\/slotsite.mediacle.net\/table-games\/","url":"https:\/\/slotsite.mediacle.net\/table-games\/","name":"Unleash the Thrills: Explore an Array of Casino Table Games for All Players!","isPartOf":{"@id":"https:\/\/slotsite.mediacle.net\/#website"},"datePublished":"2023-07-10T06:24:27+00:00","dateModified":"2023-08-31T09:52:53+00:00","description":"Dive into the world of casino table games on our platform, offering something for every player. From timeless classics to modern variations, test your skills and luck in a dynamic gaming experience.","breadcrumb":{"@id":"https:\/\/slotsite.mediacle.net\/table-games\/#breadcrumb"},"inLanguage":"pt-PT","potentialAction":[{"@type":"ReadAction","target":["https:\/\/slotsite.mediacle.net\/table-games\/"]}]},{"@type":"BreadcrumbList","@id":"https:\/\/slotsite.mediacle.net\/table-games\/#breadcrumb","itemListElement":[{"@type":"ListItem","position":1,"name":"Home","item":"https:\/\/slotsite.mediacle.net\/"},{"@type":"ListItem","position":2,"name":"Casino Table Games"}]},{"@type":"WebSite","@id":"https:\/\/slotsite.mediacle.net\/#website","url":"https:\/\/slotsite.mediacle.net\/","name":"Slotsite","description":"","potentialAction":[{"@type":"SearchAction","target":{"@type":"EntryPoint","urlTemplate":"https:\/\/slotsite.mediacle.net\/?s={search_term_string}"},"query-input":"required name=search_term_string"}],"inLanguage":"pt-PT"}]}},"_links":{"self":[{"href":"https:\/\/slotsite.mediacle.net\/pt\/wp-json\/wp\/v2\/pages\/184","targetHints":{"allow":["GET"]}}],"collection":[{"href":"https:\/\/slotsite.mediacle.net\/pt\/wp-json\/wp\/v2\/pages"}],"about":[{"href":"https:\/\/slotsite.mediacle.net\/pt\/wp-json\/wp\/v2\/types\/page"}],"author":[{"embeddable":true,"href":"https:\/\/slotsite.mediacle.net\/pt\/wp-json\/wp\/v2\/users\/1"}],"replies":[{"embeddable":true,"href":"https:\/\/slotsite.mediacle.net\/pt\/wp-json\/wp\/v2\/comments?post=184"}],"version-history":[{"count":53,"href":"https:\/\/slotsite.mediacle.net\/pt\/wp-json\/wp\/v2\/pages\/184\/revisions"}],"predecessor-version":[{"id":2355,"href":"https:\/\/slotsite.mediacle.net\/pt\/wp-json\/wp\/v2\/pages\/184\/revisions\/2355"}],"wp:attachment":[{"href":"https:\/\/slotsite.mediacle.net\/pt\/wp-json\/wp\/v2\/media?parent=184"}],"curies":[{"name":"wp","href":"https:\/\/api.w.org\/{rel}","templated":true}]}}