{"id":193,"date":"2023-07-10T06:43:00","date_gmt":"2023-07-10T06:43:00","guid":{"rendered":"https:\/\/slotsite.mediacle.net\/?page_id=193"},"modified":"2023-08-31T08:35:34","modified_gmt":"2023-08-31T08:35:34","slug":"megaways-slots","status":"publish","type":"page","link":"https:\/\/slotsite.mediacle.net\/pt\/megaways-slots\/","title":{"rendered":"Jogos de ca\u00e7a-n\u00edqueis Megaways \u00a0"},"content":{"rendered":"<h2 style=\"text-align: justify;\"><strong>Experimente a melhor aventura de carretel com os ca\u00e7a-n\u00edqueis Megaways!<\/strong><\/h2>\n<p style=\"text-align: justify;\">Os jogos de ca\u00e7a-n\u00edqueis Megaways tomaram de assalto o mundo dos cassinos on-line, oferecendo uma experi\u00eancia de jogo revolucion\u00e1ria e emocionante. Desenvolvida pela Big Time Gaming, a mec\u00e2nica Megaways foi licenciada para v\u00e1rios outros fornecedores de software, resultando em uma cole\u00e7\u00e3o crescente de ca\u00e7a-n\u00edqueis Megaways.<\/p>\n<p style=\"text-align: justify;\">O que diferencia os ca\u00e7a-n\u00edqueis Megaways \u00e9 sua configura\u00e7\u00e3o exclusiva de bobinas. Diferentemente dos ca\u00e7a-n\u00edqueis tradicionais com um n\u00famero fixo de bobinas e linhas de pagamento, os jogos Megaways apresentam uma configura\u00e7\u00e3o din\u00e2mica que permite que um n\u00famero aleat\u00f3rio de s\u00edmbolos apare\u00e7a em cada bobina a cada rodada. Isso significa que o n\u00famero de s\u00edmbolos em cada bobina pode variar de uma rodada para outra, resultando em um n\u00famero vari\u00e1vel de formas de ganhar.<\/p>\n<p style=\"text-align: justify;\">O n\u00famero de maneiras de ganhar em um ca\u00e7a-n\u00edqueis Megaways pode atingir n\u00edveis surpreendentes, muitas vezes ultrapassando dezenas de milhares ou at\u00e9 centenas de milhares. Isso oferece aos jogadores um n\u00edvel incr\u00edvel de emo\u00e7\u00e3o e potencial de ganho. A cada rodada, o mecanismo do jogo calcula o n\u00famero de maneiras de ganhar com base no n\u00famero de s\u00edmbolos que aparecem em cada bobina.<\/p>\n<p style=\"text-align: justify;\">Para melhorar ainda mais a jogabilidade, os ca\u00e7a-n\u00edqueis Megaways geralmente incluem recursos e mec\u00e2nicas adicionais. Um desses recursos s\u00e3o os rolos em cascata, tamb\u00e9m conhecidos como avalanche ou rolos em queda. Ap\u00f3s uma combina\u00e7\u00e3o vencedora, os s\u00edmbolos envolvidos na vit\u00f3ria explodem ou desaparecem, abrindo caminho para que novos s\u00edmbolos ocupem suas posi\u00e7\u00f5es em cascata. Isso pode criar v\u00e1rios ganhos consecutivos em uma \u00fanica rodada e intensificar a experi\u00eancia geral de jogo.<\/p>\n<p style=\"text-align: justify;\">Os ca\u00e7a-n\u00edqueis Megaways tamb\u00e9m incorporam v\u00e1rios recursos de b\u00f4nus para manter os jogadores envolvidos e entretidos. Esses recursos podem incluir rodadas de giros gr\u00e1tis, nas quais os jogadores podem desfrutar de um determinado n\u00famero de giros sem apostar cr\u00e9ditos adicionais. Alguns jogos t\u00eam at\u00e9 multiplicadores progressivos durante as rodadas gr\u00e1tis, aumentando o valor do multiplicador a cada cascata ou rodada vencedora.<\/p>\n<p style=\"text-align: justify;\">A popularidade dos ca\u00e7a-n\u00edqueis Megaways resultou em uma cole\u00e7\u00e3o crescente de jogos com temas diversos e mec\u00e2nica de jogo inovadora. De civiliza\u00e7\u00f5es antigas a mundos de fantasia, os jogadores podem encontrar os ca\u00e7a-n\u00edqueis Megaways que atendem aos seus interesses. Cada jogo oferece uma experi\u00eancia \u00fanica e din\u00e2mica, gra\u00e7as \u00e0 configura\u00e7\u00e3o dos carret\u00e9is em constante mudan\u00e7a e ao grande n\u00famero de maneiras de ganhar.<\/p>\n<h3 style=\"text-align: justify;\"><strong>Vamos explorar alguns jogos populares de ca\u00e7a-n\u00edqueis Megaways de diferentes fornecedores de software:<\/strong><\/h3>\n<p style=\"text-align: justify;\">Bonanza Megaways (Big Time Gaming): Embarque em uma aventura de minera\u00e7\u00e3o nesse ca\u00e7a-n\u00edqueis altamente vol\u00e1til com at\u00e9 117.649 maneiras de ganhar. Acione a rodada de giros gr\u00e1tis e beneficie-se de um multiplicador crescente a cada cascata.<\/p>\n<p style=\"text-align: justify;\">Extra Chilli Megaways (Big Time Gaming): Situado em um vibrante mercado mexicano, esse ca\u00e7a-n\u00edqueis oferece at\u00e9 117.649 maneiras de ganhar. Consiga tr\u00eas ou mais s\u00edmbolos scatter para entrar no recurso de rodadas gr\u00e1tis com um multiplicador de ganhos ilimitado.<\/p>\n<p style=\"text-align: justify;\">Gonzo&#8217;s Quest Megaways (Red Tiger Gaming): Junte-se ao ic\u00f4nico explorador Gonzo nesta vers\u00e3o Megaways do popular ca\u00e7a-n\u00edqueis. Descubra vit\u00f3rias em cascata e acione o recurso Terremoto para obter s\u00edmbolos selvagens garantidos. O Gonzo&#8217;s Quest Megaways oferece multiplicadores de 15x e um potencial de ganho de 20.000x.<\/p>\n<p style=\"text-align: justify;\">Rick and Morty Megaways (Blueprint Gaming): Baseado na s\u00e9rie de TV animada de sucesso, esse ca\u00e7a-n\u00edqueis Megaways est\u00e1 repleto de momentos hil\u00e1rios e jogabilidade empolgante. Desbloqueie v\u00e1rios recursos de b\u00f4nus e rodadas de giros gr\u00e1tis para obter grandes ganhos.<\/p>\n<p style=\"text-align: justify;\">Divine Fortune Megaways (NetEnt): Conhe\u00e7a o mundo m\u00edtico da Gr\u00e9cia antiga neste ca\u00e7a-n\u00edquel Megaways divino. Consiga s\u00edmbolos selvagens para acionar as Falling Wilds Re-Spins e tente ganhar o lend\u00e1rio jackpot progressivo.<\/p>\n<h3 style=\"text-align: justify;\"><strong>Cada jogo oferece uma chance divertida!<\/strong><\/h3>\n<p style=\"text-align: justify;\">Torne-se um membro hoje mesmo! Esses s\u00e3o apenas alguns exemplos dos muitos ca\u00e7a-n\u00edqueis Megaways cativantes dispon\u00edveis no Cassino do SlotSite.com. Lembre-se sempre de jogar com responsabilidade e estabelecer limites para garantir uma experi\u00eancia de jogo segura e agrad\u00e1vel. O jogo pode ser viciante.<\/p>\n","protected":false},"excerpt":{"rendered":"<p>Experimente a melhor aventura de carretel com os ca\u00e7a-n\u00edqueis Megaways! Os jogos de ca\u00e7a-n\u00edqueis Megaways tomaram de assalto o mundo dos cassinos on-line, oferecendo uma experi\u00eancia de jogo revolucion\u00e1ria e emocionante. Desenvolvida pela Big Time Gaming, a mec\u00e2nica Megaways foi licenciada para v\u00e1rios outros fornecedores de software, resultando em uma cole\u00e7\u00e3o crescente de ca\u00e7a-n\u00edqueis Megaways. [&hellip;]<\/p>\n","protected":false},"author":1,"featured_media":0,"parent":0,"menu_order":0,"comment_status":"closed","ping_status":"closed","template":"templates\/category.php","meta":{"footnotes":""},"class_list":["post-193","page","type-page","status-publish","hentry"],"translation":{"provider":"WPGlobus","version":"2.12.2","language":"pt","enabled_languages":["en","ca","fi","no","ja","es","pt","qc","gb","ir","nz","sa","in"],"languages":{"en":{"title":true,"content":true,"excerpt":false},"ca":{"title":true,"content":true,"excerpt":false},"fi":{"title":true,"content":true,"excerpt":false},"no":{"title":true,"content":true,"excerpt":false},"ja":{"title":true,"content":true,"excerpt":false},"es":{"title":true,"content":true,"excerpt":false},"pt":{"title":true,"content":true,"excerpt":false},"qc":{"title":true,"content":true,"excerpt":false},"gb":{"title":true,"content":true,"excerpt":false},"ir":{"title":false,"content":false,"excerpt":false},"nz":{"title":false,"content":false,"excerpt":false},"sa":{"title":false,"content":false,"excerpt":false},"in":{"title":true,"content":true,"excerpt":false}}},"acf":[],"yoast_head":"<!-- This site is optimized with the Yoast SEO plugin v20.11 - https:\/\/yoast.com\/wordpress\/plugins\/seo\/ -->\n<title>Slots Megaways | Liberte a sua sorte com os ca\u00e7a-n\u00edqueis Megaways: infinitas maneiras de ganhar!<\/title>\n<meta name=\"description\" content=\"Descubra a emo\u00e7\u00e3o dos slots Megaways, onde cada rodada oferece uma experi\u00eancia de jogo din\u00e2mica e imprevis\u00edvel. Com in\u00fameras maneiras de ganhar em constante mudan\u00e7a, esses slots oferecem emo\u00e7\u00f5es incompar\u00e1veis.\" \/>\n<meta name=\"robots\" content=\"index, follow, max-snippet:-1, max-image-preview:large, max-video-preview:-1\" \/>\n<link rel=\"canonical\" href=\"https:\/\/slotsite.mediacle.net\/megaways-slots\/\" \/>\n<meta property=\"og:locale\" content=\"pt_PT\" \/>\n<meta property=\"og:type\" content=\"article\" \/>\n<meta property=\"og:title\" content=\"Slots Megaways | Liberte a sua sorte com os ca\u00e7a-n\u00edqueis Megaways: infinitas maneiras de ganhar!\" \/>\n<meta property=\"og:description\" content=\"Descubra a emo\u00e7\u00e3o dos slots Megaways, onde cada rodada oferece uma experi\u00eancia de jogo din\u00e2mica e imprevis\u00edvel. Com in\u00fameras maneiras de ganhar em constante mudan\u00e7a, esses slots oferecem emo\u00e7\u00f5es incompar\u00e1veis.\" \/>\n<meta property=\"og:url\" content=\"https:\/\/slotsite.mediacle.net\/megaways-slots\/\" \/>\n<meta property=\"og:site_name\" content=\"Slotsite\" \/>\n<meta property=\"article:modified_time\" content=\"2023-08-31T08:35:34+00:00\" \/>\n<meta name=\"twitter:card\" content=\"summary_large_image\" \/>\n<meta name=\"twitter:label1\" content=\"Est. reading time\" \/>\n\t<meta name=\"twitter:data1\" content=\"3 minutes\" \/>\n<script type=\"application\/ld+json\" class=\"yoast-schema-graph\">{\"@context\":\"https:\/\/schema.org\",\"@graph\":[{\"@type\":\"WebPage\",\"@id\":\"https:\/\/slotsite.mediacle.net\/megaways-slots\/\",\"url\":\"https:\/\/slotsite.mediacle.net\/megaways-slots\/\",\"name\":\"Slots Megaways | Liberte a sua sorte com os ca\u00e7a-n\u00edqueis Megaways: infinitas maneiras de ganhar!\",\"isPartOf\":{\"@id\":\"https:\/\/slotsite.mediacle.net\/#website\"},\"datePublished\":\"2023-07-10T06:43:00+00:00\",\"dateModified\":\"2023-08-31T08:35:34+00:00\",\"description\":\"Descubra a emo\u00e7\u00e3o dos slots Megaways, onde cada rodada oferece uma experi\u00eancia de jogo din\u00e2mica e imprevis\u00edvel. Com in\u00fameras maneiras de ganhar em constante mudan\u00e7a, esses slots oferecem emo\u00e7\u00f5es incompar\u00e1veis.\",\"breadcrumb\":{\"@id\":\"https:\/\/slotsite.mediacle.net\/megaways-slots\/#breadcrumb\"},\"inLanguage\":\"pt-PT\",\"potentialAction\":[{\"@type\":\"ReadAction\",\"target\":[\"https:\/\/slotsite.mediacle.net\/megaways-slots\/\"]}]},{\"@type\":\"BreadcrumbList\",\"@id\":\"https:\/\/slotsite.mediacle.net\/megaways-slots\/#breadcrumb\",\"itemListElement\":[{\"@type\":\"ListItem\",\"position\":1,\"name\":\"Home\",\"item\":\"https:\/\/slotsite.mediacle.net\/\"},{\"@type\":\"ListItem\",\"position\":2,\"name\":\"Megaways Slot Games\"}]},{\"@type\":\"WebSite\",\"@id\":\"https:\/\/slotsite.mediacle.net\/#website\",\"url\":\"https:\/\/slotsite.mediacle.net\/\",\"name\":\"Slotsite\",\"description\":\"\",\"potentialAction\":[{\"@type\":\"SearchAction\",\"target\":{\"@type\":\"EntryPoint\",\"urlTemplate\":\"https:\/\/slotsite.mediacle.net\/?s={search_term_string}\"},\"query-input\":\"required name=search_term_string\"}],\"inLanguage\":\"pt-PT\"}]}<\/script>\n<!-- \/ Yoast SEO plugin. -->","yoast_head_json":{"title":"Slots Megaways | Liberte a sua sorte com os ca\u00e7a-n\u00edqueis Megaways: infinitas maneiras de ganhar!","description":"Descubra a emo\u00e7\u00e3o dos slots Megaways, onde cada rodada oferece uma experi\u00eancia de jogo din\u00e2mica e imprevis\u00edvel. Com in\u00fameras maneiras de ganhar em constante mudan\u00e7a, esses slots oferecem emo\u00e7\u00f5es incompar\u00e1veis.","robots":{"index":"index","follow":"follow","max-snippet":"max-snippet:-1","max-image-preview":"max-image-preview:large","max-video-preview":"max-video-preview:-1"},"canonical":"https:\/\/slotsite.mediacle.net\/megaways-slots\/","og_locale":"pt_PT","og_type":"article","og_title":"Slots Megaways | Liberte a sua sorte com os ca\u00e7a-n\u00edqueis Megaways: infinitas maneiras de ganhar!","og_description":"Descubra a emo\u00e7\u00e3o dos slots Megaways, onde cada rodada oferece uma experi\u00eancia de jogo din\u00e2mica e imprevis\u00edvel. Com in\u00fameras maneiras de ganhar em constante mudan\u00e7a, esses slots oferecem emo\u00e7\u00f5es incompar\u00e1veis.","og_url":"https:\/\/slotsite.mediacle.net\/megaways-slots\/","og_site_name":"Slotsite","article_modified_time":"2023-08-31T08:35:34+00:00","twitter_card":"summary_large_image","twitter_misc":{"Est. reading time":"3 minutes"},"schema":{"@context":"https:\/\/schema.org","@graph":[{"@type":"WebPage","@id":"https:\/\/slotsite.mediacle.net\/megaways-slots\/","url":"https:\/\/slotsite.mediacle.net\/megaways-slots\/","name":"Slots Megaways | Liberte a sua sorte com os ca\u00e7a-n\u00edqueis Megaways: infinitas maneiras de ganhar!","isPartOf":{"@id":"https:\/\/slotsite.mediacle.net\/#website"},"datePublished":"2023-07-10T06:43:00+00:00","dateModified":"2023-08-31T08:35:34+00:00","description":"Descubra a emo\u00e7\u00e3o dos slots Megaways, onde cada rodada oferece uma experi\u00eancia de jogo din\u00e2mica e imprevis\u00edvel. Com in\u00fameras maneiras de ganhar em constante mudan\u00e7a, esses slots oferecem emo\u00e7\u00f5es incompar\u00e1veis.","breadcrumb":{"@id":"https:\/\/slotsite.mediacle.net\/megaways-slots\/#breadcrumb"},"inLanguage":"pt-PT","potentialAction":[{"@type":"ReadAction","target":["https:\/\/slotsite.mediacle.net\/megaways-slots\/"]}]},{"@type":"BreadcrumbList","@id":"https:\/\/slotsite.mediacle.net\/megaways-slots\/#breadcrumb","itemListElement":[{"@type":"ListItem","position":1,"name":"Home","item":"https:\/\/slotsite.mediacle.net\/"},{"@type":"ListItem","position":2,"name":"Megaways Slot Games"}]},{"@type":"WebSite","@id":"https:\/\/slotsite.mediacle.net\/#website","url":"https:\/\/slotsite.mediacle.net\/","name":"Slotsite","description":"","potentialAction":[{"@type":"SearchAction","target":{"@type":"EntryPoint","urlTemplate":"https:\/\/slotsite.mediacle.net\/?s={search_term_string}"},"query-input":"required name=search_term_string"}],"inLanguage":"pt-PT"}]}},"_links":{"self":[{"href":"https:\/\/slotsite.mediacle.net\/pt\/wp-json\/wp\/v2\/pages\/193","targetHints":{"allow":["GET"]}}],"collection":[{"href":"https:\/\/slotsite.mediacle.net\/pt\/wp-json\/wp\/v2\/pages"}],"about":[{"href":"https:\/\/slotsite.mediacle.net\/pt\/wp-json\/wp\/v2\/types\/page"}],"author":[{"embeddable":true,"href":"https:\/\/slotsite.mediacle.net\/pt\/wp-json\/wp\/v2\/users\/1"}],"replies":[{"embeddable":true,"href":"https:\/\/slotsite.mediacle.net\/pt\/wp-json\/wp\/v2\/comments?post=193"}],"version-history":[{"count":39,"href":"https:\/\/slotsite.mediacle.net\/pt\/wp-json\/wp\/v2\/pages\/193\/revisions"}],"predecessor-version":[{"id":2314,"href":"https:\/\/slotsite.mediacle.net\/pt\/wp-json\/wp\/v2\/pages\/193\/revisions\/2314"}],"wp:attachment":[{"href":"https:\/\/slotsite.mediacle.net\/pt\/wp-json\/wp\/v2\/media?parent=193"}],"curies":[{"name":"wp","href":"https:\/\/api.w.org\/{rel}","templated":true}]}}