{"id":194,"date":"2023-07-10T06:43:18","date_gmt":"2023-07-10T06:43:18","guid":{"rendered":"https:\/\/slotsite.mediacle.net\/?page_id=194"},"modified":"2023-08-31T09:59:46","modified_gmt":"2023-08-31T09:59:46","slug":"online-craps","status":"publish","type":"page","link":"https:\/\/slotsite.mediacle.net\/pt\/online-craps\/","title":{"rendered":"Jogos de Craps on-line"},"content":{"rendered":"<p style=\"text-align: justify;\">Jogue os dados e jogue Craps on-line no SlotSite.com Casino<\/p>\n<p style=\"text-align: justify;\">Craps \u00e9 um jogo de cassino incrivelmente emocionante e din\u00e2mico que oferece uma experi\u00eancia \u00fanica aos jogadores. O Craps \u00e9 considerado um dos jogos de cassino mais sociais. Normalmente, \u00e9 jogado em uma mesa animada com v\u00e1rios jogadores, criando uma atmosfera vibrante. Voc\u00ea pode interagir com outros jogadores e torcer pelas vit\u00f3rias de cada um durante o jogo. O Craps oferece uma ampla gama de op\u00e7\u00f5es de apostas, proporcionando aos jogadores in\u00fameras oportunidades de criar estrat\u00e9gias e personalizar seu jogo. Desde as apostas b\u00e1sicas Pass Line e Don&#8217;t Pass Line at\u00e9 as apostas de proposi\u00e7\u00e3o mais complexas, h\u00e1 uma op\u00e7\u00e3o de aposta para cada estilo de jogo.<\/p>\n<p style=\"text-align: justify;\">O jogo de dados \u00e9 conhecido por sua jogabilidade r\u00e1pida e cheia de a\u00e7\u00e3o. Com v\u00e1rias rodadas de apostas e lan\u00e7amentos de dados, o jogo mant\u00e9m os jogadores atentos e garante que nunca haja um momento de t\u00e9dio. Quando jogado com a estrat\u00e9gia correta, o Craps pode oferecer algumas das melhores chances no cassino. Certas apostas, como a Pass Line e a Don&#8217;t Pass Line, t\u00eam uma margem baixa da casa, dando aos jogadores uma chance maior de ganhar a longo prazo. Esse aspecto acrescenta um elemento de estrat\u00e9gia ao jogo e mant\u00e9m os jogadores envolvidos.<\/p>\n<h2 style=\"text-align: justify;\"><strong>Uma breve hist\u00f3ria do jogo de dados:<\/strong><\/h2>\n<p style=\"text-align: justify;\">O Craps \u00e9 um jogo de dados com origens antigas que evoluiu ao longo dos s\u00e9culos e se tornou o popular jogo de cassino que conhecemos hoje. Suas ra\u00edzes remontam \u00e0s Cruzadas, onde os soldados jogavam um jogo chamado &#8220;Hazard&#8221; para passar o tempo. O Hazard acabou chegando \u00e0 Europa, onde ganhou popularidade entre a classe alta. O jogo passou por outras modifica\u00e7\u00f5es nos s\u00e9culos 18 e 19 na Inglaterra e na Fran\u00e7a e, por fim, chegou \u00e0 Am\u00e9rica.<\/p>\n<p style=\"text-align: justify;\">No in\u00edcio do s\u00e9culo XX, John H. Winn revolucionou o jogo ao introduzir o conceito de apostadores &#8220;certos&#8221; e &#8220;errados&#8221;, bem como a adi\u00e7\u00e3o de uma linha de n\u00e3o passar. Essas mudan\u00e7as trouxeram mais justi\u00e7a ao jogo e estabeleceram a base para a vers\u00e3o moderna do Craps.<\/p>\n<h2 style=\"text-align: justify;\"><strong>Como jogar Craps:<\/strong><\/h2>\n<p style=\"text-align: justify;\">O jogo de dados \u00e9 jogado com dois dados e envolve v\u00e1rias rodadas de apostas. O objetivo do jogo \u00e9 prever o resultado do lan\u00e7amento dos dados. Aqui est\u00e1 uma breve vis\u00e3o geral de como jogar Craps:<\/p>\n<p style=\"text-align: justify;\">O jogo come\u00e7a com um lan\u00e7amento de &#8220;come-out&#8221;, em que o shooter (o jogador que lan\u00e7a os dados) tem como objetivo estabelecer um n\u00famero de pontos (4, 5, 6, 8, 9 ou 10) lan\u00e7ando um 7 ou 11. Se for lan\u00e7ado um 2, 3 ou 12, o jogo \u00e9 chamado de &#8220;craps&#8221; e a rodada termina.<\/p>\n<p style=\"text-align: justify;\">Se um n\u00famero de pontos for estabelecido, o jogo entra na fase de &#8220;pontos&#8221;. O atirador continua a jogar os dados at\u00e9 rolar o n\u00famero do ponto novamente para ganhar ou rolar um 7 para perder.<\/p>\n<p style=\"text-align: justify;\">Os jogadores na mesa podem fazer v\u00e1rias apostas no resultado do lan\u00e7amento dos dados. Algumas apostas comuns incluem as apostas Pass Line (linha de passe), Don&#8217;t Pass Line (linha de n\u00e3o passe), Come (vir), Don&#8217;t Come (n\u00e3o vir) e Place (colocar).<\/p>\n<p style=\"text-align: justify;\">A aposta na Linha de Passe \u00e9 a aposta mais b\u00e1sica e popular no jogo de Craps. Os jogadores colocam suas fichas na Linha de Passe antes do lan\u00e7amento de sa\u00edda. Se o lan\u00e7ador rolar um 7 ou 11, a aposta da Linha de Passe ganha. Se for rolado um 2, 3 ou 12, a aposta perde.<\/p>\n<p style=\"text-align: justify;\">A aposta da Linha de N\u00e3o Passar \u00e9 o oposto da aposta da Linha de Passe. Ela ganha se o shooter rolar um 2, 3 ou 12, e perde se rolar um 7 ou 11.<\/p>\n<p style=\"text-align: justify;\">Outras apostas, como as apostas &#8220;Come&#8221; e &#8220;Don&#8217;t Come&#8221;, podem ser feitas depois que o n\u00famero de pontos for estabelecido. Essas apostas s\u00e3o semelhantes \u00e0s apostas Pass Line e Don&#8217;t Pass Line, mas s\u00e3o feitas durante a fase de pontos.<\/p>\n<p style=\"text-align: justify;\">O jogo de Craps tamb\u00e9m oferece uma variedade de apostas de proposi\u00e7\u00e3o, que s\u00e3o apostas de uma rodada com condi\u00e7\u00f5es e pagamentos espec\u00edficos. \u00c9 importante observar que o jogo de Craps tem uma linguagem e uma terminologia exclusivas associadas a ele. Pode levar algum tempo para se familiarizar com as diferentes apostas e suas regras correspondentes.<\/p>\n<h2 style=\"text-align: justify;\"><strong>Craps Online com Dealer ao Vivo<\/strong><\/h2>\n<p style=\"text-align: justify;\">O Live Craps da Evolution Gaming leva a emo\u00e7\u00e3o do cl\u00e1ssico jogo de cassino a novos patamares. Nessa vers\u00e3o com dealer ao vivo, os jogadores podem desfrutar da aut\u00eantica experi\u00eancia de cassino com o tema Speakeasy dos anos 1920, tanto na vers\u00e3o para desktop quanto para celular. O jogo \u00e9 transmitido em tempo real, com um dealer carism\u00e1tico e experiente que orienta os jogadores durante o jogo.<\/p>\n<p style=\"text-align: justify;\">O Craps ao Vivo oferece uma gama de apostas que os jogadores podem fazer, cada uma com seu pr\u00f3prio pagamento e porcentagem de RTP (Retorno ao Jogador). Algumas das apostas populares incluem:<\/p>\n<p style=\"text-align: justify;\">Aposta na linha de passe: Essa \u00e9 uma aposta comum em que os jogadores apostam que o shooter vai rolar um 7 ou um 11 na rodada de sa\u00edda. O RTP para essa aposta \u00e9 de aproximadamente 98,59% e o pagamento \u00e9 de 1:1.<\/p>\n<p style=\"text-align: justify;\">Aposta na linha de n\u00e3o passar: O oposto da aposta na linha de passe, em que os jogadores apostam contra o atirador. O RTP para essa aposta \u00e9 de cerca de 98,64% e o pagamento tamb\u00e9m \u00e9 de 1:1.<\/p>\n<p style=\"text-align: justify;\">Apostas &#8220;Come&#8221; e &#8220;Don&#8217;t Come&#8221;: Semelhante \u00e0s apostas Pass Line e Don&#8217;t Pass Line, mas colocadas ap\u00f3s o come-out roll. O RTP para essas apostas \u00e9 de aproximadamente 98,59% e o pagamento \u00e9 de 1:1.<\/p>\n<p style=\"text-align: justify;\">Apostas de lugar: Os jogadores podem apostar em n\u00fameros espec\u00edficos (4, 5, 6, 8, 9 ou 10) a serem lan\u00e7ados antes de um 7. O RTP para essas apostas varia de acordo com o n\u00famero escolhido, com pagamentos que variam de 9:5 a 7:6.<\/p>\n<p style=\"text-align: justify;\">O Craps ao vivo oferece uma experi\u00eancia envolvente e social, permitindo que os jogadores interajam com o dealer e outros participantes por meio de bate-papo ao vivo. Junte-se a n\u00f3s no Cassino do SlotSite.com e jogue os dados nessa cativante vers\u00e3o ao vivo de Craps com transmiss\u00e3o suave e crupi\u00eas divertidos! Lembre-se sempre de conhecer e estabelecer seus limites. Jogue com responsabilidade. O jogo pode ser viciante.<\/p>\n","protected":false},"excerpt":{"rendered":"<p>Jogue os dados e jogue Craps on-line no SlotSite.com Casino Craps \u00e9 um jogo de cassino incrivelmente emocionante e din\u00e2mico que oferece uma experi\u00eancia \u00fanica aos jogadores. O Craps \u00e9 considerado um dos jogos de cassino mais sociais. Normalmente, \u00e9 jogado em uma mesa animada com v\u00e1rios jogadores, criando uma atmosfera vibrante. Voc\u00ea pode interagir [&hellip;]<\/p>\n","protected":false},"author":1,"featured_media":0,"parent":0,"menu_order":0,"comment_status":"closed","ping_status":"closed","template":"templates\/category.php","meta":{"footnotes":""},"class_list":["post-194","page","type-page","status-publish","hentry"],"translation":{"provider":"WPGlobus","version":"2.12.2","language":"pt","enabled_languages":["en","ca","fi","no","ja","es","pt","qc","gb","ir","nz","sa","in"],"languages":{"en":{"title":true,"content":true,"excerpt":false},"ca":{"title":true,"content":true,"excerpt":false},"fi":{"title":true,"content":true,"excerpt":false},"no":{"title":true,"content":true,"excerpt":false},"ja":{"title":true,"content":true,"excerpt":false},"es":{"title":true,"content":true,"excerpt":false},"pt":{"title":true,"content":true,"excerpt":false},"qc":{"title":true,"content":true,"excerpt":false},"gb":{"title":true,"content":true,"excerpt":false},"ir":{"title":false,"content":false,"excerpt":false},"nz":{"title":false,"content":false,"excerpt":false},"sa":{"title":false,"content":false,"excerpt":false},"in":{"title":true,"content":true,"excerpt":false}}},"acf":[],"yoast_head":"<!-- This site is optimized with the Yoast SEO plugin v20.11 - https:\/\/yoast.com\/wordpress\/plugins\/seo\/ -->\n<title>Jogue os dados em dados online emocionantes: ganhe a cada lance!<\/title>\n<meta name=\"description\" content=\"Experimente a emo\u00e7\u00e3o dos dados online e ganhe vit\u00f3rias emocionantes! Participe deste ic\u00f4nico jogo de dados no conforto da sua casa, onde sorte e estrat\u00e9gia se cruzam para uma experi\u00eancia de jogo fascinante.\" \/>\n<meta name=\"robots\" content=\"index, follow, max-snippet:-1, max-image-preview:large, max-video-preview:-1\" \/>\n<link rel=\"canonical\" href=\"https:\/\/slotsite.mediacle.net\/online-craps\/\" \/>\n<meta property=\"og:locale\" content=\"pt_PT\" \/>\n<meta property=\"og:type\" content=\"article\" \/>\n<meta property=\"og:title\" content=\"Jogue os dados em dados online emocionantes: ganhe a cada lance!\" \/>\n<meta property=\"og:description\" content=\"Experimente a emo\u00e7\u00e3o dos dados online e ganhe vit\u00f3rias emocionantes! Participe deste ic\u00f4nico jogo de dados no conforto da sua casa, onde sorte e estrat\u00e9gia se cruzam para uma experi\u00eancia de jogo fascinante.\" \/>\n<meta property=\"og:url\" content=\"https:\/\/slotsite.mediacle.net\/online-craps\/\" \/>\n<meta property=\"og:site_name\" content=\"Slotsite\" \/>\n<meta property=\"article:modified_time\" content=\"2023-08-31T09:59:46+00:00\" \/>\n<meta name=\"twitter:card\" content=\"summary_large_image\" \/>\n<meta name=\"twitter:label1\" content=\"Est. reading time\" \/>\n\t<meta name=\"twitter:data1\" content=\"5 minutes\" \/>\n<script type=\"application\/ld+json\" class=\"yoast-schema-graph\">{\"@context\":\"https:\/\/schema.org\",\"@graph\":[{\"@type\":\"WebPage\",\"@id\":\"https:\/\/slotsite.mediacle.net\/online-craps\/\",\"url\":\"https:\/\/slotsite.mediacle.net\/online-craps\/\",\"name\":\"Roll the Dice in Exciting Online Craps: Win with Every Throw!\",\"isPartOf\":{\"@id\":\"https:\/\/slotsite.mediacle.net\/#website\"},\"datePublished\":\"2023-07-10T06:43:18+00:00\",\"dateModified\":\"2023-08-31T09:59:46+00:00\",\"description\":\"Experience the thrill of online craps and roll your way to exciting wins! Engage in this iconic dice game from the comfort of your home, where luck and strategy intersect for a riveting gaming experience.\",\"breadcrumb\":{\"@id\":\"https:\/\/slotsite.mediacle.net\/online-craps\/#breadcrumb\"},\"inLanguage\":\"pt-PT\",\"potentialAction\":[{\"@type\":\"ReadAction\",\"target\":[\"https:\/\/slotsite.mediacle.net\/online-craps\/\"]}]},{\"@type\":\"BreadcrumbList\",\"@id\":\"https:\/\/slotsite.mediacle.net\/online-craps\/#breadcrumb\",\"itemListElement\":[{\"@type\":\"ListItem\",\"position\":1,\"name\":\"Home\",\"item\":\"https:\/\/slotsite.mediacle.net\/\"},{\"@type\":\"ListItem\",\"position\":2,\"name\":\"Online Craps Games\"}]},{\"@type\":\"WebSite\",\"@id\":\"https:\/\/slotsite.mediacle.net\/#website\",\"url\":\"https:\/\/slotsite.mediacle.net\/\",\"name\":\"Slotsite\",\"description\":\"\",\"potentialAction\":[{\"@type\":\"SearchAction\",\"target\":{\"@type\":\"EntryPoint\",\"urlTemplate\":\"https:\/\/slotsite.mediacle.net\/?s={search_term_string}\"},\"query-input\":\"required name=search_term_string\"}],\"inLanguage\":\"pt-PT\"}]}<\/script>\n<!-- \/ Yoast SEO plugin. -->","yoast_head_json":{"title":"Jogue os dados em dados online emocionantes: ganhe a cada lance!","description":"Experimente a emo\u00e7\u00e3o dos dados online e ganhe vit\u00f3rias emocionantes! Participe deste ic\u00f4nico jogo de dados no conforto da sua casa, onde sorte e estrat\u00e9gia se cruzam para uma experi\u00eancia de jogo fascinante.","robots":{"index":"index","follow":"follow","max-snippet":"max-snippet:-1","max-image-preview":"max-image-preview:large","max-video-preview":"max-video-preview:-1"},"canonical":"https:\/\/slotsite.mediacle.net\/online-craps\/","og_locale":"pt_PT","og_type":"article","og_title":"Jogue os dados em dados online emocionantes: ganhe a cada lance!","og_description":"Experimente a emo\u00e7\u00e3o dos dados online e ganhe vit\u00f3rias emocionantes! Participe deste ic\u00f4nico jogo de dados no conforto da sua casa, onde sorte e estrat\u00e9gia se cruzam para uma experi\u00eancia de jogo fascinante.","og_url":"https:\/\/slotsite.mediacle.net\/online-craps\/","og_site_name":"Slotsite","article_modified_time":"2023-08-31T09:59:46+00:00","twitter_card":"summary_large_image","twitter_misc":{"Est. reading time":"5 minutes"},"schema":{"@context":"https:\/\/schema.org","@graph":[{"@type":"WebPage","@id":"https:\/\/slotsite.mediacle.net\/online-craps\/","url":"https:\/\/slotsite.mediacle.net\/online-craps\/","name":"Roll the Dice in Exciting Online Craps: Win with Every Throw!","isPartOf":{"@id":"https:\/\/slotsite.mediacle.net\/#website"},"datePublished":"2023-07-10T06:43:18+00:00","dateModified":"2023-08-31T09:59:46+00:00","description":"Experience the thrill of online craps and roll your way to exciting wins! Engage in this iconic dice game from the comfort of your home, where luck and strategy intersect for a riveting gaming experience.","breadcrumb":{"@id":"https:\/\/slotsite.mediacle.net\/online-craps\/#breadcrumb"},"inLanguage":"pt-PT","potentialAction":[{"@type":"ReadAction","target":["https:\/\/slotsite.mediacle.net\/online-craps\/"]}]},{"@type":"BreadcrumbList","@id":"https:\/\/slotsite.mediacle.net\/online-craps\/#breadcrumb","itemListElement":[{"@type":"ListItem","position":1,"name":"Home","item":"https:\/\/slotsite.mediacle.net\/"},{"@type":"ListItem","position":2,"name":"Online Craps Games"}]},{"@type":"WebSite","@id":"https:\/\/slotsite.mediacle.net\/#website","url":"https:\/\/slotsite.mediacle.net\/","name":"Slotsite","description":"","potentialAction":[{"@type":"SearchAction","target":{"@type":"EntryPoint","urlTemplate":"https:\/\/slotsite.mediacle.net\/?s={search_term_string}"},"query-input":"required name=search_term_string"}],"inLanguage":"pt-PT"}]}},"_links":{"self":[{"href":"https:\/\/slotsite.mediacle.net\/pt\/wp-json\/wp\/v2\/pages\/194","targetHints":{"allow":["GET"]}}],"collection":[{"href":"https:\/\/slotsite.mediacle.net\/pt\/wp-json\/wp\/v2\/pages"}],"about":[{"href":"https:\/\/slotsite.mediacle.net\/pt\/wp-json\/wp\/v2\/types\/page"}],"author":[{"embeddable":true,"href":"https:\/\/slotsite.mediacle.net\/pt\/wp-json\/wp\/v2\/users\/1"}],"replies":[{"embeddable":true,"href":"https:\/\/slotsite.mediacle.net\/pt\/wp-json\/wp\/v2\/comments?post=194"}],"version-history":[{"count":27,"href":"https:\/\/slotsite.mediacle.net\/pt\/wp-json\/wp\/v2\/pages\/194\/revisions"}],"predecessor-version":[{"id":2359,"href":"https:\/\/slotsite.mediacle.net\/pt\/wp-json\/wp\/v2\/pages\/194\/revisions\/2359"}],"wp:attachment":[{"href":"https:\/\/slotsite.mediacle.net\/pt\/wp-json\/wp\/v2\/media?parent=194"}],"curies":[{"name":"wp","href":"https:\/\/api.w.org\/{rel}","templated":true}]}}