{"id":199,"date":"2023-07-10T06:44:39","date_gmt":"2023-07-10T06:44:39","guid":{"rendered":"https:\/\/slotsite.mediacle.net\/?page_id=199"},"modified":"2023-08-31T10:11:35","modified_gmt":"2023-08-31T10:11:35","slug":"keno-games","status":"publish","type":"page","link":"https:\/\/slotsite.mediacle.net\/pt\/keno-games\/","title":{"rendered":"Jogos de Keno on-line"},"content":{"rendered":"<h2 style=\"text-align: justify;\"><strong>Keno: Descubra o antigo jogo de loteria da sorte no cassino do SlotSite.com<\/strong><\/h2>\n<p style=\"text-align: justify;\">Bem-vindo ao mundo encantador do Keno, um jogo de loteria cativante que resistiu ao teste do tempo e continua a encantar os jogadores em todo o mundo. Com suas origens profundamente enraizadas na China antiga, o Keno tem uma hist\u00f3ria fascinante que se estende por mais de dois mil\u00eanios. De acordo com a lenda, o jogo teve um papel crucial no financiamento da constru\u00e7\u00e3o da Grande Muralha da China. Com o passar dos s\u00e9culos, o Keno chegou a diferentes partes do mundo, adaptando-se a v\u00e1rias influ\u00eancias culturais e evoluindo para diferentes formas.<\/p>\n<p style=\"text-align: justify;\">Em sua forma mais antiga, o Keno envolvia a sele\u00e7\u00e3o de caracteres de poemas chineses em vez de n\u00fameros. Esses caracteres eram ent\u00e3o retirados de um grande conjunto e os jogadores marcavam suas sele\u00e7\u00f5es em uma carta. Quando o jogo chegou a outras regi\u00f5es do ocidente durante o s\u00e9culo XVIII, ele passou por modifica\u00e7\u00f5es, com n\u00fameros substituindo os caracteres. O Keno rapidamente ganhou popularidade, especialmente em estabelecimentos de jogos de azar, onde oferecia uma \u00f3tima alternativa de chance aos jogos tradicionais de cassino.<\/p>\n<p style=\"text-align: justify;\">Hoje, gra\u00e7as \u00e0 grande popularidade dos cassinos on-line, o Keno encontrou um novo lar no mundo digital. No SlotSite.com Casino, temos o orgulho de apresentar diferentes varia\u00e7\u00f5es de jogos de Keno on-line, trazendo a emo\u00e7\u00e3o e o potencial para a ponta de seus dedos.<\/p>\n<h3 style=\"text-align: justify;\"><strong>Como se joga Keno e quais s\u00e3o as regras?<\/strong><\/h3>\n<p style=\"text-align: justify;\">O Keno \u00e9 um jogo de loteria f\u00e1cil de jogar que oferece grandes pr\u00eamios. Aqui est\u00e1 um guia passo a passo sobre como jogar Keno:<\/p>\n<p style=\"text-align: justify;\">Escolha seus n\u00fameros: No Keno, os jogadores selecionam um conjunto de n\u00fameros de um intervalo predeterminado, normalmente de 1 a 80. O n\u00famero de n\u00fameros selecionados pode variar, geralmente entre 1 e 20, dependendo do jogo espec\u00edfico.<\/p>\n<p style=\"text-align: justify;\">Fa\u00e7a suas apostas: Decida quanto voc\u00ea quer apostar em cada jogo. O valor apostado determinar\u00e1 o potencial de pagamento se seus n\u00fameros forem sorteados.<\/p>\n<p style=\"text-align: justify;\">Assista ao sorteio: Depois de escolher seus n\u00fameros e fazer suas apostas, o jogo come\u00e7ar\u00e1. Os n\u00fameros s\u00e3o sorteados aleatoriamente usando um gerador de n\u00fameros aleat\u00f3rios (RNG) ou outros m\u00e9todos certificados. No Keno tradicional, as bolas numeradas s\u00e3o retiradas de uma bolha de vidro, enquanto o Keno on-line usa tecnologia digital para um sorteio justo e aleat\u00f3rio.<\/p>\n<p style=\"text-align: justify;\">Compare os n\u00fameros sorteados com sua sele\u00e7\u00e3o: \u00c0 medida que os n\u00fameros forem sorteados, voc\u00ea precisar\u00e1 compar\u00e1-los com os n\u00fameros escolhidos. Quanto mais n\u00fameros voc\u00ea combinar, maior ser\u00e1 o seu potencial de pagamento.<\/p>\n<p style=\"text-align: justify;\">Receba seus pr\u00eamios: Se seus n\u00fameros coincidirem com os n\u00fameros sorteados, voc\u00ea ganhar\u00e1 de acordo com a tabela de pagamento do jogo de Keno espec\u00edfico. Os pagamentos variam de acordo com o n\u00famero de combina\u00e7\u00f5es e o valor de sua aposta. Diferentes combina\u00e7\u00f5es de n\u00fameros render\u00e3o pr\u00eamios diferentes, com pagamentos mais altos para quem acertar mais n\u00fameros.<\/p>\n<h3 style=\"text-align: justify;\"><strong>Regras do Keno:<\/strong><\/h3>\n<p style=\"text-align: justify;\">Sele\u00e7\u00e3o de n\u00fameros: Escolha seus n\u00fameros a partir do intervalo dispon\u00edvel, normalmente de 1 a 80. O n\u00famero de n\u00fameros selecionados depender\u00e1 do jogo de Keno espec\u00edfico.<\/p>\n<p style=\"text-align: justify;\">Apostas: Fa\u00e7a sua aposta desejada em cada jogo. O valor da aposta afetar\u00e1 os poss\u00edveis pagamentos.<\/p>\n<p style=\"text-align: justify;\">Pagamentos: Os pagamentos s\u00e3o baseados no n\u00famero de combina\u00e7\u00f5es entre os n\u00fameros selecionados e os n\u00fameros sorteados. Quanto mais n\u00fameros voc\u00ea acertar, maiores ser\u00e3o seus ganhos potenciais.<\/p>\n<p style=\"text-align: justify;\">Tabela de pagamentos: Cada jogo de Keno tem sua pr\u00f3pria tabela de pagamento exclusiva, que descreve os pagamentos para diferentes combina\u00e7\u00f5es de n\u00fameros. Consulte a tabela de pagamento para entender os pr\u00eamios potenciais de suas apostas.<\/p>\n<p style=\"text-align: justify;\">Aleatoriedade e imparcialidade: Os jogos de Keno usam tecnologia RNG ou m\u00e9todos certificados para garantir a imparcialidade e a aleatoriedade nos sorteios de n\u00fameros, proporcionando uma experi\u00eancia de jogo imparcial.<\/p>\n<p style=\"text-align: justify;\">Agora que voc\u00ea tem um melhor entendimento de como jogar Keno e das regras envolvidas, torne-se um membro do SlotSite.com e ganhe pontos de recompensa enquanto joga! \u00a0Oferecemos uma variedade de varia\u00e7\u00f5es do jogo Keno para atender \u00e0s prefer\u00eancias de cada jogador. Desde o Keno cl\u00e1ssico at\u00e9 as varia\u00e7\u00f5es inovadoras do jogo, fa\u00e7a suas apostas conosco e cruze os dedos. Lembre-se sempre de conhecer e definir seus limites. Jogue com responsabilidade. O jogo pode ser viciante.<\/p>\n","protected":false},"excerpt":{"rendered":"<p>Keno: Descubra o antigo jogo de loteria da sorte no cassino do SlotSite.com Bem-vindo ao mundo encantador do Keno, um jogo de loteria cativante que resistiu ao teste do tempo e continua a encantar os jogadores em todo o mundo. Com suas origens profundamente enraizadas na China antiga, o Keno tem uma hist\u00f3ria fascinante que [&hellip;]<\/p>\n","protected":false},"author":1,"featured_media":0,"parent":0,"menu_order":0,"comment_status":"closed","ping_status":"closed","template":"templates\/category.php","meta":{"footnotes":""},"class_list":["post-199","page","type-page","status-publish","hentry"],"translation":{"provider":"WPGlobus","version":"2.12.2","language":"pt","enabled_languages":["en","ca","fi","no","ja","es","pt","qc","gb","ir","nz","sa","in"],"languages":{"en":{"title":true,"content":true,"excerpt":false},"ca":{"title":true,"content":true,"excerpt":false},"fi":{"title":true,"content":true,"excerpt":false},"no":{"title":true,"content":true,"excerpt":false},"ja":{"title":true,"content":true,"excerpt":false},"es":{"title":true,"content":true,"excerpt":false},"pt":{"title":true,"content":true,"excerpt":false},"qc":{"title":true,"content":true,"excerpt":false},"gb":{"title":true,"content":true,"excerpt":false},"ir":{"title":false,"content":false,"excerpt":false},"nz":{"title":false,"content":false,"excerpt":false},"sa":{"title":false,"content":false,"excerpt":false},"in":{"title":true,"content":true,"excerpt":false}}},"acf":[],"yoast_head":"<!-- This site is optimized with the Yoast SEO plugin v20.11 - https:\/\/yoast.com\/wordpress\/plugins\/seo\/ -->\n<title>Tente a sorte com jogos envolventes de Keno: jogue e ganhe hoje!<\/title>\n<meta name=\"description\" content=\"Experimente a emo\u00e7\u00e3o dos jogos Keno na nossa plataforma, onde sorte e estrat\u00e9gia se combinam para vit\u00f3rias emocionantes. Escolha seus n\u00fameros, assista ao sorteio e veja se voc\u00ea tirou a sorte grande.\" \/>\n<meta name=\"robots\" content=\"index, follow, max-snippet:-1, max-image-preview:large, max-video-preview:-1\" \/>\n<link rel=\"canonical\" href=\"https:\/\/slotsite.mediacle.net\/keno-games\/\" \/>\n<meta property=\"og:locale\" content=\"pt_PT\" \/>\n<meta property=\"og:type\" content=\"article\" \/>\n<meta property=\"og:title\" content=\"Tente a sorte com jogos envolventes de Keno: jogue e ganhe hoje!\" \/>\n<meta property=\"og:description\" content=\"Experimente a emo\u00e7\u00e3o dos jogos Keno na nossa plataforma, onde sorte e estrat\u00e9gia se combinam para vit\u00f3rias emocionantes. Escolha seus n\u00fameros, assista ao sorteio e veja se voc\u00ea tirou a sorte grande.\" \/>\n<meta property=\"og:url\" content=\"https:\/\/slotsite.mediacle.net\/keno-games\/\" \/>\n<meta property=\"og:site_name\" content=\"Slotsite\" \/>\n<meta property=\"article:modified_time\" content=\"2023-08-31T10:11:35+00:00\" \/>\n<meta name=\"twitter:card\" content=\"summary_large_image\" \/>\n<meta name=\"twitter:label1\" content=\"Est. reading time\" \/>\n\t<meta name=\"twitter:data1\" content=\"3 minutes\" \/>\n<script type=\"application\/ld+json\" class=\"yoast-schema-graph\">{\"@context\":\"https:\/\/schema.org\",\"@graph\":[{\"@type\":\"WebPage\",\"@id\":\"https:\/\/slotsite.mediacle.net\/keno-games\/\",\"url\":\"https:\/\/slotsite.mediacle.net\/keno-games\/\",\"name\":\"Try Your Luck with Engaging Keno Games: Play and Win Today!\",\"isPartOf\":{\"@id\":\"https:\/\/slotsite.mediacle.net\/#website\"},\"datePublished\":\"2023-07-10T06:44:39+00:00\",\"dateModified\":\"2023-08-31T10:11:35+00:00\",\"description\":\"Experience the thrill of Keno games on our platform, where luck and strategy combine for exciting wins. Choose your numbers, watch the draw, and see if you hit the jackpot.\",\"breadcrumb\":{\"@id\":\"https:\/\/slotsite.mediacle.net\/keno-games\/#breadcrumb\"},\"inLanguage\":\"pt-PT\",\"potentialAction\":[{\"@type\":\"ReadAction\",\"target\":[\"https:\/\/slotsite.mediacle.net\/keno-games\/\"]}]},{\"@type\":\"BreadcrumbList\",\"@id\":\"https:\/\/slotsite.mediacle.net\/keno-games\/#breadcrumb\",\"itemListElement\":[{\"@type\":\"ListItem\",\"position\":1,\"name\":\"Home\",\"item\":\"https:\/\/slotsite.mediacle.net\/\"},{\"@type\":\"ListItem\",\"position\":2,\"name\":\"Keno Games\"}]},{\"@type\":\"WebSite\",\"@id\":\"https:\/\/slotsite.mediacle.net\/#website\",\"url\":\"https:\/\/slotsite.mediacle.net\/\",\"name\":\"Slotsite\",\"description\":\"\",\"potentialAction\":[{\"@type\":\"SearchAction\",\"target\":{\"@type\":\"EntryPoint\",\"urlTemplate\":\"https:\/\/slotsite.mediacle.net\/?s={search_term_string}\"},\"query-input\":\"required name=search_term_string\"}],\"inLanguage\":\"pt-PT\"}]}<\/script>\n<!-- \/ Yoast SEO plugin. -->","yoast_head_json":{"title":"Tente a sorte com jogos envolventes de Keno: jogue e ganhe hoje!","description":"Experimente a emo\u00e7\u00e3o dos jogos Keno na nossa plataforma, onde sorte e estrat\u00e9gia se combinam para vit\u00f3rias emocionantes. Escolha seus n\u00fameros, assista ao sorteio e veja se voc\u00ea tirou a sorte grande.","robots":{"index":"index","follow":"follow","max-snippet":"max-snippet:-1","max-image-preview":"max-image-preview:large","max-video-preview":"max-video-preview:-1"},"canonical":"https:\/\/slotsite.mediacle.net\/keno-games\/","og_locale":"pt_PT","og_type":"article","og_title":"Tente a sorte com jogos envolventes de Keno: jogue e ganhe hoje!","og_description":"Experimente a emo\u00e7\u00e3o dos jogos Keno na nossa plataforma, onde sorte e estrat\u00e9gia se combinam para vit\u00f3rias emocionantes. Escolha seus n\u00fameros, assista ao sorteio e veja se voc\u00ea tirou a sorte grande.","og_url":"https:\/\/slotsite.mediacle.net\/keno-games\/","og_site_name":"Slotsite","article_modified_time":"2023-08-31T10:11:35+00:00","twitter_card":"summary_large_image","twitter_misc":{"Est. reading time":"3 minutes"},"schema":{"@context":"https:\/\/schema.org","@graph":[{"@type":"WebPage","@id":"https:\/\/slotsite.mediacle.net\/keno-games\/","url":"https:\/\/slotsite.mediacle.net\/keno-games\/","name":"Try Your Luck with Engaging Keno Games: Play and Win Today!","isPartOf":{"@id":"https:\/\/slotsite.mediacle.net\/#website"},"datePublished":"2023-07-10T06:44:39+00:00","dateModified":"2023-08-31T10:11:35+00:00","description":"Experience the thrill of Keno games on our platform, where luck and strategy combine for exciting wins. Choose your numbers, watch the draw, and see if you hit the jackpot.","breadcrumb":{"@id":"https:\/\/slotsite.mediacle.net\/keno-games\/#breadcrumb"},"inLanguage":"pt-PT","potentialAction":[{"@type":"ReadAction","target":["https:\/\/slotsite.mediacle.net\/keno-games\/"]}]},{"@type":"BreadcrumbList","@id":"https:\/\/slotsite.mediacle.net\/keno-games\/#breadcrumb","itemListElement":[{"@type":"ListItem","position":1,"name":"Home","item":"https:\/\/slotsite.mediacle.net\/"},{"@type":"ListItem","position":2,"name":"Keno Games"}]},{"@type":"WebSite","@id":"https:\/\/slotsite.mediacle.net\/#website","url":"https:\/\/slotsite.mediacle.net\/","name":"Slotsite","description":"","potentialAction":[{"@type":"SearchAction","target":{"@type":"EntryPoint","urlTemplate":"https:\/\/slotsite.mediacle.net\/?s={search_term_string}"},"query-input":"required name=search_term_string"}],"inLanguage":"pt-PT"}]}},"_links":{"self":[{"href":"https:\/\/slotsite.mediacle.net\/pt\/wp-json\/wp\/v2\/pages\/199","targetHints":{"allow":["GET"]}}],"collection":[{"href":"https:\/\/slotsite.mediacle.net\/pt\/wp-json\/wp\/v2\/pages"}],"about":[{"href":"https:\/\/slotsite.mediacle.net\/pt\/wp-json\/wp\/v2\/types\/page"}],"author":[{"embeddable":true,"href":"https:\/\/slotsite.mediacle.net\/pt\/wp-json\/wp\/v2\/users\/1"}],"replies":[{"embeddable":true,"href":"https:\/\/slotsite.mediacle.net\/pt\/wp-json\/wp\/v2\/comments?post=199"}],"version-history":[{"count":44,"href":"https:\/\/slotsite.mediacle.net\/pt\/wp-json\/wp\/v2\/pages\/199\/revisions"}],"predecessor-version":[{"id":2361,"href":"https:\/\/slotsite.mediacle.net\/pt\/wp-json\/wp\/v2\/pages\/199\/revisions\/2361"}],"wp:attachment":[{"href":"https:\/\/slotsite.mediacle.net\/pt\/wp-json\/wp\/v2\/media?parent=199"}],"curies":[{"name":"wp","href":"https:\/\/api.w.org\/{rel}","templated":true}]}}