{"id":201,"date":"2023-07-10T06:48:34","date_gmt":"2023-07-10T06:48:34","guid":{"rendered":"https:\/\/slotsite.mediacle.net\/?page_id=201"},"modified":"2023-08-31T07:19:01","modified_gmt":"2023-08-31T07:19:01","slug":"mobile-slots","status":"publish","type":"page","link":"https:\/\/slotsite.mediacle.net\/pt\/mobile-slots\/","title":{"rendered":"Jogos de ca\u00e7a-n\u00edqueis para celular"},"content":{"rendered":"<h2 style=\"text-align: justify;\"><strong>Gosta do conforto de jogar no seu celular? Descubra os melhores ca\u00e7a-n\u00edqueis para celular no cassino do SlotSite.com.<\/strong><\/h2>\n<p style=\"text-align: justify;\">Como voc\u00ea j\u00e1 sabe, os ca\u00e7a-n\u00edqueis s\u00e3o a nossa especialidade! Com uma linha impressionante de mais de 75 fornecedores de software populares e confi\u00e1veis, oferecemos uma variedade extraordin\u00e1ria de jogos de ca\u00e7a-n\u00edqueis para celular que atendem a todas as prefer\u00eancias. Todos os nossos ca\u00e7a-n\u00edqueis s\u00e3o licenciados de forma independente e rigorosamente testados para garantir um jogo justo. Cada jogo opera em um Gerador de N\u00fameros Aleat\u00f3rios (RNG) certificado, garantindo resultados justos e imparciais em cada rodada. Experimente a m\u00e1xima conveni\u00eancia com nossa plataforma especial otimizada para celulares e tablets. Desfrute de uma velocidade extremamente r\u00e1pida e de um design responsivo que garante um jogo suave e agrad\u00e1vel em qualquer dispositivo. Vamos mergulhar no universo dos ca\u00e7a-n\u00edqueis m\u00f3veis e explorar os diferentes tipos e categorias que esperam por voc\u00ea:<\/p>\n<h3 style=\"text-align: justify;\"><strong>Ca\u00e7a-n\u00edqueis cl\u00e1ssicos:<\/strong><\/h3>\n<p style=\"text-align: justify;\">Entre na nostalgia e saboreie o charme dos ca\u00e7a-n\u00edqueis cl\u00e1ssicos. Esses jogos atemporais apresentam s\u00edmbolos tradicionais, como frutas, barras e setes da sorte, proporcionando uma experi\u00eancia de jogo familiar e estimulante. Desfrute de uma jogabilidade direta e mergulhe na simplicidade e eleg\u00e2ncia desses adorados ca\u00e7a-n\u00edqueis.<\/p>\n<p style=\"text-align: justify;\">Dicas: Fique atento aos s\u00edmbolos especiais, pois eles podem aumentar suas chances de ganhar muito. Al\u00e9m disso, explore os ca\u00e7a-n\u00edqueis cl\u00e1ssicos com rodadas de b\u00f4nus para obter mais emo\u00e7\u00e3o e poss\u00edveis recompensas.<\/p>\n<h3 style=\"text-align: justify;\"><strong>Ca\u00e7a-n\u00edqueis de frutas:<\/strong><\/h3>\n<p style=\"text-align: justify;\">Delicie-se com uma explos\u00e3o de cores vibrantes e frutas suculentas com a nossa cole\u00e7\u00e3o de ca\u00e7a-n\u00edqueis de frutas. Esses jogos encantadores enchem os rolos com uma variedade deliciosa de cerejas, lim\u00f5es, laranjas, melancias e muito mais. Experimente um banquete visual ao girar os rolos e saboreie o toque refrescante dos temas cl\u00e1ssicos de ca\u00e7a-n\u00edqueis.<\/p>\n<p style=\"text-align: justify;\">Dicas: Procure ca\u00e7a-n\u00edqueis de frutas com recursos de b\u00f4nus, como rodadas gr\u00e1tis ou multiplicadores, pois eles podem aumentar significativamente os seus ganhos. Al\u00e9m disso, fique de olho nos ca\u00e7a-n\u00edqueis de frutas que oferecem a chance de ganhar jackpots enormes a cada rodada.<\/p>\n<h3 style=\"text-align: justify;\"><strong>Ca\u00e7a-n\u00edqueis de 3, 5, 7 e at\u00e9 mais de 10 cilindros!<\/strong><\/h3>\n<p style=\"text-align: justify;\">Prepare-se para uma infinidade de possibilidades com nossa sele\u00e7\u00e3o diversificada de ca\u00e7a-n\u00edqueis com diferentes n\u00fameros de bobinas. Desde os tradicionais ca\u00e7a-n\u00edqueis de 3 cilindros que incorporam simplicidade at\u00e9 os imersivos ca\u00e7a-n\u00edqueis de mais de 10 cilindros que oferecem uma abund\u00e2ncia de linhas de pagamento, nossa gama de op\u00e7\u00f5es de configura\u00e7\u00e3o de cilindros garante que cada jogador encontrar\u00e1 o que deseja.<\/p>\n<p style=\"text-align: justify;\">Dicas: Experimente diferentes configura\u00e7\u00f5es de bobina para encontrar seu estilo preferido. Nos ca\u00e7a-n\u00edqueis de 3 cilindros, concentre-se em acertar s\u00edmbolos iguais em uma \u00fanica linha de pagamento para obter ganhos. Em slots de 5 cilindros ou mais, aproveite as vantagens das m\u00faltiplas linhas de pagamento e dos recursos de b\u00f4nus para maximizar suas chances de ganhar.<\/p>\n<h3 style=\"text-align: justify;\"><strong>Ca\u00e7a-n\u00edqueis Multiplicadores Diretos:<\/strong><\/h3>\n<p style=\"text-align: justify;\">Multiplique seus ganhos a cada giro em nossos ca\u00e7a-n\u00edqueis Straight Multiplier. \u00c0 medida que voc\u00ea aumenta o n\u00famero de moedas jogadas, seus pagamentos potenciais aumentam, ampliando a emo\u00e7\u00e3o e aumentando suas chances de obter grandes vit\u00f3rias.<\/p>\n<p style=\"text-align: justify;\">Dicas: Para maximizar os pagamentos, considere jogar o n\u00famero m\u00e1ximo de moedas para desbloquear os maiores multiplicadores poss\u00edveis. Lembre-se de gerenciar seu saldo com sabedoria e ajustar o tamanho de sua aposta de acordo.<\/p>\n<h3 style=\"text-align: justify;\"><strong>Slots Multiplicadores de B\u00f4nus:<\/strong><\/h3>\n<p style=\"text-align: justify;\">Descubra um mundo de recursos de b\u00f4nus emocionantes e oportunidades de ganho aprimoradas com os slots multiplicadores de b\u00f4nus. Desbloqueie emocionantes rodadas de b\u00f4nus, giros gr\u00e1tis e multiplicadores que podem aumentar significativamente seus pagamentos e levar sua experi\u00eancia de jogo a novos patamares.<\/p>\n<p style=\"text-align: justify;\">Dicas: Mergulhe nas rodadas de b\u00f4nus e aproveite ao m\u00e1ximo os recursos especiais oferecidos. As rodadas gr\u00e1tis podem levar a ganhos impressionantes, enquanto os multiplicadores podem multiplicar seus ganhos v\u00e1rias vezes. Fique atento aos s\u00edmbolos como wilds e scatters que acionam os recursos de b\u00f4nus.<\/p>\n<h3 style=\"text-align: justify;\"><strong>Slots de combina\u00e7\u00e3o:<\/strong><\/h3>\n<p style=\"text-align: justify;\">Experimente os ca\u00e7a-n\u00edqueis de combina\u00e7\u00e3o que combinam um multiplicador cl\u00e1ssico com um jackpot de v\u00e1rias linhas! Esses jogos oferecem v\u00e1rias combina\u00e7\u00f5es vencedoras que desbloqueiam diferentes pr\u00eamios e recursos de b\u00f4nus. Descubra a magia escondida nas bobinas!<\/p>\n<p style=\"text-align: justify;\">Dicas: Preste aten\u00e7\u00e3o \u00e0 tabela de pagamentos para se familiarizar com as combina\u00e7\u00f5es vencedoras e os recursos de b\u00f4nus dispon\u00edveis em cada slot de combina\u00e7\u00e3o. Experimente diferentes tamanhos de aposta para otimizar suas chances de acionar combina\u00e7\u00f5es lucrativas.<\/p>\n<h3 style=\"text-align: justify;\"><strong>Ca\u00e7a-n\u00edqueis Megaspin:<\/strong><\/h3>\n<p style=\"text-align: justify;\">Prepare-se para uma experi\u00eancia eletrizante com nossos ca\u00e7a-n\u00edqueis Megaspin. Esses jogos levam a a\u00e7\u00e3o a um n\u00edvel totalmente novo ao apresentar v\u00e1rios conjuntos de bobinas girando simultaneamente. Prepare-se para uma emo\u00e7\u00e3o multiplicada e amplas chances de obter ganhos colossais.<\/p>\n<p style=\"text-align: justify;\">Dicas: Mantenha o foco e gerencie suas apostas nos v\u00e1rios conjuntos de bobinas para manter o controle e otimizar seu jogo. Fique de olho nos resultados individuais de cada conjunto e ajuste sua estrat\u00e9gia de acordo. Lembre-se de que cada conjunto de bobinas funciona de forma independente, portanto, planeje suas apostas com sabedoria.<\/p>\n<p style=\"text-align: justify;\">Agora que voc\u00ea j\u00e1 tem uma ideia do que est\u00e1 sendo oferecido, inscreva-se hoje mesmo para desbloquear todo o potencial da nossa cole\u00e7\u00e3o de ca\u00e7a-n\u00edqueis para celular. Basta criar uma conta, fazer um dep\u00f3sito usando nossas op\u00e7\u00f5es banc\u00e1rias seguras e voc\u00ea estar\u00e1 pronto para mergulhar nos rolos cheios de a\u00e7\u00e3o.<\/p>\n<p style=\"text-align: justify;\">Antes de iniciar sua aventura nos ca\u00e7a-n\u00edqueis m\u00f3veis, aqui est\u00e3o algumas dicas para melhorar sua experi\u00eancia com os ca\u00e7a-n\u00edqueis:<\/p>\n<p style=\"text-align: justify;\">Defina um or\u00e7amento: Determine seu or\u00e7amento e atenha-se a ele. \u00c9 importante jogar com responsabilidade e nunca exceder seus limites de dinheiro ou tempo.<\/p>\n<p style=\"text-align: justify;\">Explore as vers\u00f5es de demonstra\u00e7\u00e3o: Aproveite as vers\u00f5es de demonstra\u00e7\u00e3o dos ca\u00e7a-n\u00edqueis m\u00f3veis para se familiarizar com a jogabilidade, os recursos e as tabelas de pagamento antes de jogar com dinheiro real.<\/p>\n<p style=\"text-align: justify;\">Preste aten\u00e7\u00e3o ao RTP: verifique a porcentagem de Retorno ao Jogador (RTP) de cada jogo de ca\u00e7a-n\u00edqueis. Um RTP mais alto indica melhores chances de ganhar a longo prazo. A descri\u00e7\u00e3o do ca\u00e7a-n\u00edqueis no jogo tamb\u00e9m informa sobre a alta ou baixa volatilidade do jogo.<\/p>\n<p style=\"text-align: justify;\">Utilize os b\u00f4nus e as rodadas gr\u00e1tis: Aproveite as promo\u00e7\u00f5es e os b\u00f4nus oferecidos. N\u00e3o se esque\u00e7a de visitar a loja de pr\u00eamios e trocar seus pontos!<\/p>\n<p style=\"text-align: justify;\">Jogue nos ca\u00e7a-n\u00edqueis com jackpot progressivo: Se estiver em busca de grandes ganhos, experimente os ca\u00e7a-n\u00edqueis com jackpot progressivo. Esses jogos oferecem jackpots que podem mudar sua vida e que podem ser ganhos com um \u00fanico giro de sorte.<\/p>\n<p style=\"text-align: justify;\">Junte-se a n\u00f3s hoje e deixe os rolos da fortuna girarem a seu favor! Lembre-se de que o jogo pode ser viciante. Sempre defina e jogue dentro de seus limites. Se precisar de ajuda ou aconselhamento, sinta-se \u00e0 vontade para conversar com nossa equipe de suporte 24 horas por dia, 7 dias por semana.<\/p>\n","protected":false},"excerpt":{"rendered":"<p>Gosta do conforto de jogar no seu celular? Descubra os melhores ca\u00e7a-n\u00edqueis para celular no cassino do SlotSite.com. Como voc\u00ea j\u00e1 sabe, os ca\u00e7a-n\u00edqueis s\u00e3o a nossa especialidade! Com uma linha impressionante de mais de 75 fornecedores de software populares e confi\u00e1veis, oferecemos uma variedade extraordin\u00e1ria de jogos de ca\u00e7a-n\u00edqueis para celular que atendem a [&hellip;]<\/p>\n","protected":false},"author":1,"featured_media":0,"parent":0,"menu_order":0,"comment_status":"closed","ping_status":"closed","template":"templates\/category.php","meta":{"footnotes":""},"class_list":["post-201","page","type-page","status-publish","hentry"],"translation":{"provider":"WPGlobus","version":"2.12.2","language":"pt","enabled_languages":["en","ca","fi","no","ja","es","pt","qc","gb","ir","nz","sa","in"],"languages":{"en":{"title":true,"content":true,"excerpt":false},"ca":{"title":true,"content":true,"excerpt":false},"fi":{"title":true,"content":true,"excerpt":false},"no":{"title":true,"content":true,"excerpt":false},"ja":{"title":true,"content":true,"excerpt":false},"es":{"title":true,"content":true,"excerpt":false},"pt":{"title":true,"content":true,"excerpt":false},"qc":{"title":true,"content":true,"excerpt":false},"gb":{"title":true,"content":true,"excerpt":false},"ir":{"title":false,"content":false,"excerpt":false},"nz":{"title":false,"content":false,"excerpt":false},"sa":{"title":false,"content":false,"excerpt":false},"in":{"title":true,"content":true,"excerpt":false}}},"acf":[],"yoast_head":"<!-- This site is optimized with the Yoast SEO plugin v20.11 - https:\/\/yoast.com\/wordpress\/plugins\/seo\/ -->\n<title>Gire e ganhe em qualquer lugar: aproveite os ca\u00e7a-n\u00edqueis m\u00f3veis a qualquer hora, em qualquer lugar!&quot;<\/title>\n<meta name=\"description\" content=\"Experience the excitement of mobile slots that let you spin and win wherever you are. Our mobile slots bring the thrill of the casino to your fingertips, allowing you to enjoy your favorite games on the go.\" \/>\n<meta name=\"robots\" content=\"index, follow, max-snippet:-1, max-image-preview:large, max-video-preview:-1\" \/>\n<link rel=\"canonical\" href=\"https:\/\/slotsite.mediacle.net\/mobile-slots\/\" \/>\n<meta property=\"og:locale\" content=\"pt_PT\" \/>\n<meta property=\"og:type\" content=\"article\" \/>\n<meta property=\"og:title\" content=\"Gire e ganhe em qualquer lugar: aproveite os ca\u00e7a-n\u00edqueis m\u00f3veis a qualquer hora, em qualquer lugar!&quot;\" \/>\n<meta property=\"og:description\" content=\"Experience the excitement of mobile slots that let you spin and win wherever you are. Our mobile slots bring the thrill of the casino to your fingertips, allowing you to enjoy your favorite games on the go.\" \/>\n<meta property=\"og:url\" content=\"https:\/\/slotsite.mediacle.net\/mobile-slots\/\" \/>\n<meta property=\"og:site_name\" content=\"Slotsite\" \/>\n<meta property=\"article:modified_time\" content=\"2023-08-31T07:19:01+00:00\" \/>\n<meta name=\"twitter:card\" content=\"summary_large_image\" \/>\n<meta name=\"twitter:label1\" content=\"Est. reading time\" \/>\n\t<meta name=\"twitter:data1\" content=\"5 minutes\" \/>\n<script type=\"application\/ld+json\" class=\"yoast-schema-graph\">{\"@context\":\"https:\/\/schema.org\",\"@graph\":[{\"@type\":\"WebPage\",\"@id\":\"https:\/\/slotsite.mediacle.net\/mobile-slots\/\",\"url\":\"https:\/\/slotsite.mediacle.net\/mobile-slots\/\",\"name\":\"Spin and Win On the Go: Enjoy Mobile Slots Anytime, Anywhere!\",\"isPartOf\":{\"@id\":\"https:\/\/slotsite.mediacle.net\/#website\"},\"datePublished\":\"2023-07-10T06:48:34+00:00\",\"dateModified\":\"2023-08-31T07:19:01+00:00\",\"description\":\"Experience the excitement of mobile slots that let you spin and win wherever you are. Our mobile slots bring the thrill of the casino to your fingertips, allowing you to enjoy your favorite games on the go.\",\"breadcrumb\":{\"@id\":\"https:\/\/slotsite.mediacle.net\/mobile-slots\/#breadcrumb\"},\"inLanguage\":\"pt-PT\",\"potentialAction\":[{\"@type\":\"ReadAction\",\"target\":[\"https:\/\/slotsite.mediacle.net\/mobile-slots\/\"]}]},{\"@type\":\"BreadcrumbList\",\"@id\":\"https:\/\/slotsite.mediacle.net\/mobile-slots\/#breadcrumb\",\"itemListElement\":[{\"@type\":\"ListItem\",\"position\":1,\"name\":\"Home\",\"item\":\"https:\/\/slotsite.mediacle.net\/\"},{\"@type\":\"ListItem\",\"position\":2,\"name\":\"Mobile Slots Games\"}]},{\"@type\":\"WebSite\",\"@id\":\"https:\/\/slotsite.mediacle.net\/#website\",\"url\":\"https:\/\/slotsite.mediacle.net\/\",\"name\":\"Slotsite\",\"description\":\"\",\"potentialAction\":[{\"@type\":\"SearchAction\",\"target\":{\"@type\":\"EntryPoint\",\"urlTemplate\":\"https:\/\/slotsite.mediacle.net\/?s={search_term_string}\"},\"query-input\":\"required name=search_term_string\"}],\"inLanguage\":\"pt-PT\"}]}<\/script>\n<!-- \/ Yoast SEO plugin. -->","yoast_head_json":{"title":"Gire e ganhe em qualquer lugar: aproveite os ca\u00e7a-n\u00edqueis m\u00f3veis a qualquer hora, em qualquer lugar!\"","description":"Experience the excitement of mobile slots that let you spin and win wherever you are. Our mobile slots bring the thrill of the casino to your fingertips, allowing you to enjoy your favorite games on the go.","robots":{"index":"index","follow":"follow","max-snippet":"max-snippet:-1","max-image-preview":"max-image-preview:large","max-video-preview":"max-video-preview:-1"},"canonical":"https:\/\/slotsite.mediacle.net\/mobile-slots\/","og_locale":"pt_PT","og_type":"article","og_title":"Gire e ganhe em qualquer lugar: aproveite os ca\u00e7a-n\u00edqueis m\u00f3veis a qualquer hora, em qualquer lugar!\"","og_description":"Experience the excitement of mobile slots that let you spin and win wherever you are. Our mobile slots bring the thrill of the casino to your fingertips, allowing you to enjoy your favorite games on the go.","og_url":"https:\/\/slotsite.mediacle.net\/mobile-slots\/","og_site_name":"Slotsite","article_modified_time":"2023-08-31T07:19:01+00:00","twitter_card":"summary_large_image","twitter_misc":{"Est. reading time":"5 minutes"},"schema":{"@context":"https:\/\/schema.org","@graph":[{"@type":"WebPage","@id":"https:\/\/slotsite.mediacle.net\/mobile-slots\/","url":"https:\/\/slotsite.mediacle.net\/mobile-slots\/","name":"Spin and Win On the Go: Enjoy Mobile Slots Anytime, Anywhere!","isPartOf":{"@id":"https:\/\/slotsite.mediacle.net\/#website"},"datePublished":"2023-07-10T06:48:34+00:00","dateModified":"2023-08-31T07:19:01+00:00","description":"Experience the excitement of mobile slots that let you spin and win wherever you are. Our mobile slots bring the thrill of the casino to your fingertips, allowing you to enjoy your favorite games on the go.","breadcrumb":{"@id":"https:\/\/slotsite.mediacle.net\/mobile-slots\/#breadcrumb"},"inLanguage":"pt-PT","potentialAction":[{"@type":"ReadAction","target":["https:\/\/slotsite.mediacle.net\/mobile-slots\/"]}]},{"@type":"BreadcrumbList","@id":"https:\/\/slotsite.mediacle.net\/mobile-slots\/#breadcrumb","itemListElement":[{"@type":"ListItem","position":1,"name":"Home","item":"https:\/\/slotsite.mediacle.net\/"},{"@type":"ListItem","position":2,"name":"Mobile Slots Games"}]},{"@type":"WebSite","@id":"https:\/\/slotsite.mediacle.net\/#website","url":"https:\/\/slotsite.mediacle.net\/","name":"Slotsite","description":"","potentialAction":[{"@type":"SearchAction","target":{"@type":"EntryPoint","urlTemplate":"https:\/\/slotsite.mediacle.net\/?s={search_term_string}"},"query-input":"required name=search_term_string"}],"inLanguage":"pt-PT"}]}},"_links":{"self":[{"href":"https:\/\/slotsite.mediacle.net\/pt\/wp-json\/wp\/v2\/pages\/201","targetHints":{"allow":["GET"]}}],"collection":[{"href":"https:\/\/slotsite.mediacle.net\/pt\/wp-json\/wp\/v2\/pages"}],"about":[{"href":"https:\/\/slotsite.mediacle.net\/pt\/wp-json\/wp\/v2\/types\/page"}],"author":[{"embeddable":true,"href":"https:\/\/slotsite.mediacle.net\/pt\/wp-json\/wp\/v2\/users\/1"}],"replies":[{"embeddable":true,"href":"https:\/\/slotsite.mediacle.net\/pt\/wp-json\/wp\/v2\/comments?post=201"}],"version-history":[{"count":46,"href":"https:\/\/slotsite.mediacle.net\/pt\/wp-json\/wp\/v2\/pages\/201\/revisions"}],"predecessor-version":[{"id":2291,"href":"https:\/\/slotsite.mediacle.net\/pt\/wp-json\/wp\/v2\/pages\/201\/revisions\/2291"}],"wp:attachment":[{"href":"https:\/\/slotsite.mediacle.net\/pt\/wp-json\/wp\/v2\/media?parent=201"}],"curies":[{"name":"wp","href":"https:\/\/api.w.org\/{rel}","templated":true}]}}