{"id":203,"date":"2023-07-10T06:48:54","date_gmt":"2023-07-10T06:48:54","guid":{"rendered":"https:\/\/slotsite.mediacle.net\/?page_id=203"},"modified":"2023-08-31T07:41:03","modified_gmt":"2023-08-31T07:41:03","slug":"video-slots","status":"publish","type":"page","link":"https:\/\/slotsite.mediacle.net\/pt\/video-slots\/","title":{"rendered":"Ca\u00e7a-n\u00edqueis de v\u00eddeo"},"content":{"rendered":"<h2 style=\"text-align: justify;\"><strong>Bem-vindo ao mundo dos ca\u00e7a-n\u00edqueis de v\u00eddeo do SlotSite.com!<\/strong><\/h2>\n<p style=\"text-align: justify;\">Prepare-se! Os ca\u00e7a-n\u00edqueis de v\u00eddeo s\u00e3o o foco principal e as melhores ofertas dos est\u00fadios de design de jogos. Como o primeiro site de ca\u00e7a-n\u00edqueis do mundo, n\u00f3s o convidamos a explorar o cativante reino dos ca\u00e7a-n\u00edqueis de v\u00eddeo. No SlotSite.com Casino, temos uma linha impressionante de fornecedores de software renomados, como Microgaming, NetEnt, Playtech, Evolution, Pragmatic Play, Play&#8217;n GO, Scientific Games e muitos outros! Os ca\u00e7a-n\u00edqueis de v\u00eddeo on-line s\u00e3o o ep\u00edtome dos jogos de cassino modernos e voc\u00ea pode experimentar algo novo o tempo todo. Essas vers\u00f5es virtuais das m\u00e1quinas ca\u00e7a-n\u00edqueis tradicionais oferecem uma infinidade de recursos e elementos de jogabilidade empolgantes que mant\u00eam os jogadores entretidos. Os est\u00fadios de design de ca\u00e7a-n\u00edqueis dominam a arte de contar hist\u00f3rias em seus jogos, utilizando temas para criar personagens, atmosfera e s\u00edmbolos que realmente d\u00e3o vida ao jogo.<\/p>\n<p style=\"text-align: justify;\">Uma das caracter\u00edsticas que definem os ca\u00e7a-n\u00edqueis de v\u00eddeo on-line \u00e9 sua natureza interessante e visualmente impressionante. Desenvolvidos pelos melhores designers de jogos, esses jogos apresentam anima\u00e7\u00f5es vibrantes e sons cativantes. De mundos de fantasia encantadores a aventuras cheias de a\u00e7\u00e3o, os ca\u00e7a-n\u00edqueis de v\u00eddeo s\u00e3o projetados para evocar uma sensa\u00e7\u00e3o de maravilha. A jogabilidade dos ca\u00e7a-n\u00edqueis de v\u00eddeo on-line \u00e9 f\u00e1cil de entender, tornando-os acess\u00edveis tanto para jogadores novatos quanto para os experientes. O objetivo \u00e9 girar as bobinas e combinar os s\u00edmbolos ao longo das linhas de pagamento ativas para formar combina\u00e7\u00f5es vencedoras. Os ca\u00e7a-n\u00edqueis de v\u00eddeo geralmente apresentam v\u00e1rias linhas de pagamento, que s\u00e3o as linhas onde as combina\u00e7\u00f5es vencedoras podem aparecer. Alguns jogos oferecem um n\u00famero fixo de linhas de pagamento, enquanto outros permitem que os jogadores ajustem o n\u00famero de linhas ativas de acordo com suas prefer\u00eancias.<\/p>\n<p style=\"text-align: justify;\">Para aumentar o entretenimento, os ca\u00e7a-n\u00edqueis de v\u00eddeo on-line v\u00eam com v\u00e1rios recursos de b\u00f4nus. Essas rodadas de b\u00f4nus podem incluir rodadas gr\u00e1tis, multiplicadores, s\u00edmbolos wild, s\u00edmbolos scatter e minijogos interativos. As rodadas gr\u00e1tis geralmente s\u00e3o acionadas ao acertar combina\u00e7\u00f5es espec\u00edficas de s\u00edmbolos, concedendo aos jogadores um n\u00famero definido de rodadas sem apostar cr\u00e9ditos adicionais. Os multiplicadores, por outro lado, multiplicam os ganhos por um valor predeterminado, ampliando o potencial de pagamento. Os s\u00edmbolos Wild atuam como substitutos de outros s\u00edmbolos, ajudando os jogadores a formar combina\u00e7\u00f5es vencedoras mais facilmente. Os s\u00edmbolos Scatter, por outro lado, podem acionar rodadas de b\u00f4nus ou desbloquear recursos especiais quando um determinado n\u00famero deles aparece nas bobinas. Os minijogos interativos, geralmente chamados de rodadas de b\u00f4nus, permitem que os jogadores se envolvam em atividades adicionais dentro do jogo de ca\u00e7a-n\u00edqueis, oferecendo a chance de ganhar pr\u00eamios extras ou acessar elementos de jogo exclusivos.<\/p>\n<h3 style=\"text-align: justify;\"><strong>Uma variedade infinita de temas:<\/strong><\/h3>\n<p style=\"text-align: justify;\">Explore um universo infinito de temas ao navegar pelo lobby do nosso cassino. Seja voc\u00ea um f\u00e3 de civiliza\u00e7\u00f5es antigas, criaturas m\u00edticas, super-her\u00f3is ou contos cl\u00e1ssicos, h\u00e1 um slot de v\u00eddeo que atender\u00e1 a todos os seus desejos. Descubra os mist\u00e9rios do antigo Egito em &#8220;Book of Ra&#8221;, junte-se \u00e0 a\u00e7\u00e3o viking em &#8220;Thunderstruck 2&#8221; ou mergulhe em um mundo de contos de fadas com &#8220;Jack and the Beanstalk&#8221;. As possibilidades s\u00e3o ilimitadas, e cada giro traz uma nova aventura.<\/p>\n<h3 style=\"text-align: justify;\"><strong>Varia\u00e7\u00f5es e linhas de pagamento:<\/strong><\/h3>\n<p style=\"text-align: justify;\">Os ca\u00e7a-n\u00edqueis de v\u00eddeo oferecem uma gama incr\u00edvel de varia\u00e7\u00f5es para atender \u00e0s prefer\u00eancias de cada jogador. Desde os cl\u00e1ssicos ca\u00e7a-n\u00edqueis de 5 cilindros que homenageiam os videogames antigos at\u00e9 as intrincadas obras-primas de 7 cilindros repletas de recursos inovadores, as op\u00e7\u00f5es s\u00e3o \u00f3timas. \u00a0Experimente os jogos duplos que t\u00eam at\u00e9 15 cilindros! Cada jogo vem com um n\u00famero exclusivo de linhas de pagamento, variando de uma \u00fanica linha a centenas ou at\u00e9 milhares. Isso significa mais oportunidades de criar combina\u00e7\u00f5es vencedoras e desbloquear recursos de b\u00f4nus emocionantes.<\/p>\n<h3 style=\"text-align: justify;\"><strong>Recursos de b\u00f4nus e s\u00edmbolos especiais:<\/strong><\/h3>\n<p style=\"text-align: justify;\">Prepare-se para um passeio, pois os ca\u00e7a-n\u00edqueis de v\u00eddeo s\u00e3o conhecidos por seus emocionantes recursos de b\u00f4nus e s\u00edmbolos especiais que podem aumentar significativamente os seus ganhos. Fique atento aos s\u00edmbolos Scatter que acionam rodadas de giros gr\u00e1tis, nas quais voc\u00ea pode girar as bobinas sem apostar nada de seu pr\u00f3prio dinheiro. Os s\u00edmbolos Wild substituem outros s\u00edmbolos, criando combina\u00e7\u00f5es vencedoras e multiplicando seus ganhos. Alguns ca\u00e7a-n\u00edqueis de v\u00eddeo oferecem at\u00e9 mesmo wilds expans\u00edveis, sticky wilds e stacked wilds para que voc\u00ea tenha ainda mais chances de ganhar muito.<\/p>\n<h3 style=\"text-align: justify;\"><strong>Recursos de b\u00f4nus populares:<\/strong><\/h3>\n<p style=\"text-align: justify;\">Desfrute de recursos de b\u00f4nus que o manter\u00e3o entretido e na ponta do seu assento. Experimente a emo\u00e7\u00e3o de um jogo de b\u00f4nus &#8220;pick-and-click&#8221;, no qual voc\u00ea escolhe entre itens ocultos para revelar pr\u00eamios em dinheiro, multiplicadores ou at\u00e9 mesmo acesso a rodadas de b\u00f4nus adicionais. Alguns ca\u00e7a-n\u00edqueis de v\u00eddeo oferecem rolos em cascata, onde as combina\u00e7\u00f5es vencedoras desaparecem, permitindo que novos s\u00edmbolos se encaixem e potencialmente criem vit\u00f3rias consecutivas. E n\u00e3o podemos nos esquecer dos jackpots progressivos, em que uma pequena parte de cada aposta contribui para um grande pr\u00eamio de jackpot que pode ser ganho a qualquer momento.<\/p>\n<h3 style=\"text-align: justify;\"><strong>Varia\u00e7\u00f5es dos ca\u00e7a-n\u00edqueis de v\u00eddeo:<\/strong><\/h3>\n<p style=\"text-align: justify;\">Os ca\u00e7a-n\u00edqueis de v\u00eddeo oferecem uma experi\u00eancia de jogo \u00fanica. Experimente os jogos que oferecem o recurso Link &amp; Win! O Link &amp; Win \u00e9 acionado quando 6 a 14 s\u00edmbolos especiais Link &amp; Win aparecem na tela a qualquer momento e em qualquer posi\u00e7\u00e3o. Cada s\u00edmbolo vale uma certa quantia e o total no final \u00e9 creditado em seu saldo. Ele funciona de forma semelhante a um recurso de re-spin que \u00e9 reiniciado toda vez que voc\u00ea acerta um s\u00edmbolo espec\u00edfico. Explore o mundo dos <a href=\"https:\/\/slotsite.mediacle.net\/pt\/megaways-slots\/\"><u>ca\u00e7a-n\u00edqueis Megaways<\/u><\/a>, onde o n\u00famero de maneiras de ganhar pode chegar a n\u00edveis surpreendentes, proporcionando a voc\u00ea emo\u00e7\u00e3o e enormes pagamentos potenciais. Mergulhe nas profundezas dos ca\u00e7a-n\u00edqueis de carret\u00e9is em cascata, onde as combina\u00e7\u00f5es vencedoras explodem, abrindo caminho para que novos s\u00edmbolos caiam e criem vit\u00f3rias consecutivas. Ou tente sua sorte com os ca\u00e7a-n\u00edqueis de pagamentos agrupados, em que as combina\u00e7\u00f5es vencedoras s\u00e3o formadas pelo agrupamento de s\u00edmbolos iguais.<\/p>\n<h3 style=\"text-align: justify;\"><strong>Dicas para aproveitar os ca\u00e7a-n\u00edqueis on-line:<\/strong><\/h3>\n<p style=\"text-align: justify;\">Explore diferentes temas e recursos de b\u00f4nus: Com uma variedade t\u00e3o grande de temas dispon\u00edveis, n\u00e3o hesite em experimentar diferentes ca\u00e7a-n\u00edqueis para descobrir seus favoritos.<\/p>\n<p style=\"text-align: justify;\">Defina um prazo e um or\u00e7amento para jogar: O jogo pode ser viciante. Determine a quantia de dinheiro que voc\u00ea se sente confort\u00e1vel em gastar e mantenha-se fiel a ela. Isso garante um jogo respons\u00e1vel e agrad\u00e1vel.<\/p>\n<p style=\"text-align: justify;\">Deixe que os carret\u00e9is acendam sua imagina\u00e7\u00e3o!<\/p>\n<p style=\"text-align: justify;\">Junte-se a n\u00f3s no Cassino do SlotSite.com hoje mesmo e confira as diversas promo\u00e7\u00f5es dispon\u00edveis para voc\u00ea.<\/p>\n","protected":false},"excerpt":{"rendered":"<p>Bem-vindo ao mundo dos ca\u00e7a-n\u00edqueis de v\u00eddeo do SlotSite.com! Prepare-se! Os ca\u00e7a-n\u00edqueis de v\u00eddeo s\u00e3o o foco principal e as melhores ofertas dos est\u00fadios de design de jogos. Como o primeiro site de ca\u00e7a-n\u00edqueis do mundo, n\u00f3s o convidamos a explorar o cativante reino dos ca\u00e7a-n\u00edqueis de v\u00eddeo. No SlotSite.com Casino, temos uma linha impressionante [&hellip;]<\/p>\n","protected":false},"author":1,"featured_media":0,"parent":0,"menu_order":0,"comment_status":"closed","ping_status":"closed","template":"templates\/category.php","meta":{"footnotes":""},"class_list":["post-203","page","type-page","status-publish","hentry"],"translation":{"provider":"WPGlobus","version":"2.12.2","language":"pt","enabled_languages":["en","ca","fi","no","ja","es","pt","qc","gb","ir","nz","sa","in"],"languages":{"en":{"title":true,"content":true,"excerpt":false},"ca":{"title":true,"content":true,"excerpt":false},"fi":{"title":true,"content":true,"excerpt":false},"no":{"title":true,"content":true,"excerpt":false},"ja":{"title":true,"content":true,"excerpt":false},"es":{"title":true,"content":true,"excerpt":false},"pt":{"title":true,"content":true,"excerpt":false},"qc":{"title":true,"content":true,"excerpt":false},"gb":{"title":true,"content":true,"excerpt":false},"ir":{"title":false,"content":false,"excerpt":false},"nz":{"title":false,"content":false,"excerpt":false},"sa":{"title":false,"content":false,"excerpt":false},"in":{"title":true,"content":true,"excerpt":false}}},"acf":[],"yoast_head":"<!-- This site is optimized with the Yoast SEO plugin v20.11 - https:\/\/yoast.com\/wordpress\/plugins\/seo\/ -->\n<title>Mergulhe no entretenimento: explore nossa cole\u00e7\u00e3o diversificada de slots de v\u00eddeo!<\/title>\n<meta name=\"description\" content=\"Mergulhe em um mundo de entretenimento cativante com nossa ampla variedade de slots de v\u00eddeo. De temas encantadores a recursos interativos, experimente uma jogabilidade din\u00e2mica que mant\u00e9m voc\u00ea envolvido.\" \/>\n<meta name=\"robots\" content=\"index, follow, max-snippet:-1, max-image-preview:large, max-video-preview:-1\" \/>\n<link rel=\"canonical\" href=\"https:\/\/slotsite.mediacle.net\/video-slots\/\" \/>\n<meta property=\"og:locale\" content=\"pt_PT\" \/>\n<meta property=\"og:type\" content=\"article\" \/>\n<meta property=\"og:title\" content=\"Mergulhe no entretenimento: explore nossa cole\u00e7\u00e3o diversificada de slots de v\u00eddeo!\" \/>\n<meta property=\"og:description\" content=\"Mergulhe em um mundo de entretenimento cativante com nossa ampla variedade de slots de v\u00eddeo. De temas encantadores a recursos interativos, experimente uma jogabilidade din\u00e2mica que mant\u00e9m voc\u00ea envolvido.\" \/>\n<meta property=\"og:url\" content=\"https:\/\/slotsite.mediacle.net\/video-slots\/\" \/>\n<meta property=\"og:site_name\" content=\"Slotsite\" \/>\n<meta property=\"article:modified_time\" content=\"2023-08-31T07:41:03+00:00\" \/>\n<meta name=\"twitter:card\" content=\"summary_large_image\" \/>\n<meta name=\"twitter:label1\" content=\"Est. reading time\" \/>\n\t<meta name=\"twitter:data1\" content=\"6 minutes\" \/>\n<script type=\"application\/ld+json\" class=\"yoast-schema-graph\">{\"@context\":\"https:\/\/schema.org\",\"@graph\":[{\"@type\":\"WebPage\",\"@id\":\"https:\/\/slotsite.mediacle.net\/video-slots\/\",\"url\":\"https:\/\/slotsite.mediacle.net\/video-slots\/\",\"name\":\"Plongez dans le divertissement : explorez notre collection diversifi\u00e9e de machines \u00e0 sous vid\u00e9o !\",\"isPartOf\":{\"@id\":\"https:\/\/slotsite.mediacle.net\/#website\"},\"datePublished\":\"2023-07-10T06:48:54+00:00\",\"dateModified\":\"2023-08-31T07:41:03+00:00\",\"description\":\"Plongez-vous dans un monde de divertissement captivant gr\u00e2ce \u00e0 notre large gamme de machines \u00e0 sous vid\u00e9o. Des th\u00e8mes enchanteurs aux fonctionnalit\u00e9s interactives, d\u00e9couvrez un gameplay dynamique qui vous maintient engag\u00e9.\",\"breadcrumb\":{\"@id\":\"https:\/\/slotsite.mediacle.net\/video-slots\/#breadcrumb\"},\"inLanguage\":\"pt-PT\",\"potentialAction\":[{\"@type\":\"ReadAction\",\"target\":[\"https:\/\/slotsite.mediacle.net\/video-slots\/\"]}]},{\"@type\":\"BreadcrumbList\",\"@id\":\"https:\/\/slotsite.mediacle.net\/video-slots\/#breadcrumb\",\"itemListElement\":[{\"@type\":\"ListItem\",\"position\":1,\"name\":\"Home\",\"item\":\"https:\/\/slotsite.mediacle.net\/\"},{\"@type\":\"ListItem\",\"position\":2,\"name\":\"Video Slots\"}]},{\"@type\":\"WebSite\",\"@id\":\"https:\/\/slotsite.mediacle.net\/#website\",\"url\":\"https:\/\/slotsite.mediacle.net\/\",\"name\":\"Slotsite\",\"description\":\"\",\"potentialAction\":[{\"@type\":\"SearchAction\",\"target\":{\"@type\":\"EntryPoint\",\"urlTemplate\":\"https:\/\/slotsite.mediacle.net\/?s={search_term_string}\"},\"query-input\":\"required name=search_term_string\"}],\"inLanguage\":\"pt-PT\"}]}<\/script>\n<!-- \/ Yoast SEO plugin. -->","yoast_head_json":{"title":"Mergulhe no entretenimento: explore nossa cole\u00e7\u00e3o diversificada de slots de v\u00eddeo!","description":"Mergulhe em um mundo de entretenimento cativante com nossa ampla variedade de slots de v\u00eddeo. De temas encantadores a recursos interativos, experimente uma jogabilidade din\u00e2mica que mant\u00e9m voc\u00ea envolvido.","robots":{"index":"index","follow":"follow","max-snippet":"max-snippet:-1","max-image-preview":"max-image-preview:large","max-video-preview":"max-video-preview:-1"},"canonical":"https:\/\/slotsite.mediacle.net\/video-slots\/","og_locale":"pt_PT","og_type":"article","og_title":"Mergulhe no entretenimento: explore nossa cole\u00e7\u00e3o diversificada de slots de v\u00eddeo!","og_description":"Mergulhe em um mundo de entretenimento cativante com nossa ampla variedade de slots de v\u00eddeo. De temas encantadores a recursos interativos, experimente uma jogabilidade din\u00e2mica que mant\u00e9m voc\u00ea envolvido.","og_url":"https:\/\/slotsite.mediacle.net\/video-slots\/","og_site_name":"Slotsite","article_modified_time":"2023-08-31T07:41:03+00:00","twitter_card":"summary_large_image","twitter_misc":{"Est. reading time":"6 minutes"},"schema":{"@context":"https:\/\/schema.org","@graph":[{"@type":"WebPage","@id":"https:\/\/slotsite.mediacle.net\/video-slots\/","url":"https:\/\/slotsite.mediacle.net\/video-slots\/","name":"Plongez dans le divertissement : explorez notre collection diversifi\u00e9e de machines \u00e0 sous vid\u00e9o !","isPartOf":{"@id":"https:\/\/slotsite.mediacle.net\/#website"},"datePublished":"2023-07-10T06:48:54+00:00","dateModified":"2023-08-31T07:41:03+00:00","description":"Plongez-vous dans un monde de divertissement captivant gr\u00e2ce \u00e0 notre large gamme de machines \u00e0 sous vid\u00e9o. Des th\u00e8mes enchanteurs aux fonctionnalit\u00e9s interactives, d\u00e9couvrez un gameplay dynamique qui vous maintient engag\u00e9.","breadcrumb":{"@id":"https:\/\/slotsite.mediacle.net\/video-slots\/#breadcrumb"},"inLanguage":"pt-PT","potentialAction":[{"@type":"ReadAction","target":["https:\/\/slotsite.mediacle.net\/video-slots\/"]}]},{"@type":"BreadcrumbList","@id":"https:\/\/slotsite.mediacle.net\/video-slots\/#breadcrumb","itemListElement":[{"@type":"ListItem","position":1,"name":"Home","item":"https:\/\/slotsite.mediacle.net\/"},{"@type":"ListItem","position":2,"name":"Video Slots"}]},{"@type":"WebSite","@id":"https:\/\/slotsite.mediacle.net\/#website","url":"https:\/\/slotsite.mediacle.net\/","name":"Slotsite","description":"","potentialAction":[{"@type":"SearchAction","target":{"@type":"EntryPoint","urlTemplate":"https:\/\/slotsite.mediacle.net\/?s={search_term_string}"},"query-input":"required name=search_term_string"}],"inLanguage":"pt-PT"}]}},"_links":{"self":[{"href":"https:\/\/slotsite.mediacle.net\/pt\/wp-json\/wp\/v2\/pages\/203","targetHints":{"allow":["GET"]}}],"collection":[{"href":"https:\/\/slotsite.mediacle.net\/pt\/wp-json\/wp\/v2\/pages"}],"about":[{"href":"https:\/\/slotsite.mediacle.net\/pt\/wp-json\/wp\/v2\/types\/page"}],"author":[{"embeddable":true,"href":"https:\/\/slotsite.mediacle.net\/pt\/wp-json\/wp\/v2\/users\/1"}],"replies":[{"embeddable":true,"href":"https:\/\/slotsite.mediacle.net\/pt\/wp-json\/wp\/v2\/comments?post=203"}],"version-history":[{"count":53,"href":"https:\/\/slotsite.mediacle.net\/pt\/wp-json\/wp\/v2\/pages\/203\/revisions"}],"predecessor-version":[{"id":2303,"href":"https:\/\/slotsite.mediacle.net\/pt\/wp-json\/wp\/v2\/pages\/203\/revisions\/2303"}],"wp:attachment":[{"href":"https:\/\/slotsite.mediacle.net\/pt\/wp-json\/wp\/v2\/media?parent=203"}],"curies":[{"name":"wp","href":"https:\/\/api.w.org\/{rel}","templated":true}]}}