{"id":205,"date":"2023-07-10T06:49:18","date_gmt":"2023-07-10T06:49:18","guid":{"rendered":"https:\/\/slotsite.mediacle.net\/?page_id=205"},"modified":"2023-08-30T09:56:10","modified_gmt":"2023-08-30T09:56:10","slug":"free-spins","status":"publish","type":"page","link":"https:\/\/slotsite.mediacle.net\/pt\/free-spins\/","title":{"rendered":"Rodadas Gr\u00e1tis nos Ca\u00e7a-n\u00edqueis de Cassino Online"},"content":{"rendered":"<h2 style=\"text-align: justify;\"><strong>Solicite suas rodadas gr\u00e1tis e gire at\u00e9 obter grandes pr\u00eamios!<\/strong><\/h2>\n<p style=\"text-align: justify;\">Prepare-se para um turbilh\u00e3o de rodadas gr\u00e1tis no Cassino do SlotSite.com! Se o seu pa\u00eds n\u00e3o for eleg\u00edvel para rodadas gr\u00e1tis sem dep\u00f3sito no momento do registro, n\u00e3o se preocupe, pois todos os membros est\u00e3o inscritos em nosso programa de recompensas, onde voc\u00ea ganha pontos para apostas com dinheiro real e desbloqueia benef\u00edcios incr\u00edveis, incluindo rodadas gr\u00e1tis em seus jogos de ca\u00e7a-n\u00edqueis favoritos. Mas isso n\u00e3o \u00e9 tudo! Tamb\u00e9m oferecemos ofertas promocionais exclusivas de giros gr\u00e1tis, enviadas regularmente por meio de nosso boletim informativo de promo\u00e7\u00f5es. N\u00e3o deixe de se inscrever na se\u00e7\u00e3o Conta do lobby do cassino.<\/p>\n<h2 style=\"text-align: justify;\"><strong>Ofertas promocionais de giros gr\u00e1tis:<\/strong><\/h2>\n<p style=\"text-align: justify;\">No SlotSite.com Casino, acreditamos em recompensar nossos jogadores com promo\u00e7\u00f5es empolgantes, e as rodadas gr\u00e1tis s\u00e3o uma parte fundamental disso. Como membro inscrito, voc\u00ea receber\u00e1 ofertas regulares de rodadas gr\u00e1tis, enviadas diretamente para a sua caixa de entrada. Essas ofertas podem incluir c\u00f3digos de dep\u00f3sito exclusivos, permitindo que voc\u00ea reivindique um determinado n\u00famero de rodadas gr\u00e1tis em jogos de ca\u00e7a-n\u00edqueis selecionados. Essa \u00e9 a nossa maneira de lhe dar mais chances de ganhar e adicionar emo\u00e7\u00f5es extras \u00e0 sua experi\u00eancia de jogo de ca\u00e7a-n\u00edqueis. Visite a guia de <a href=\"_wp_link_placeholder\" data-wplink-edit=\"true\"><u>promo\u00e7\u00f5es mais recentes <\/u><\/a>e confira o que est\u00e1 em oferta para voc\u00ea agora ou converse conosco por meio do \u00edcone de suporte ao vivo.<\/p>\n<p style=\"text-align: justify;\">Se voc\u00ea ainda n\u00e3o \u00e9 um membro, cadastre-se e aproveite o melhor pacote de boas-vindas do SlotSite.com Casino. Comece sua jornada de jogo com uma dose generosa de rodadas gr\u00e1tis!<\/p>\n<h2 style=\"text-align: justify;\"><strong>Programa de pr\u00eamios VIP:<\/strong><\/h2>\n<p style=\"text-align: justify;\">Cada aposta em dinheiro real que voc\u00ea faz no SlotSite.com Casino lhe rende valiosos pontos de recompensa. \u00c0 medida que acumula pontos, voc\u00ea avan\u00e7a nos n\u00edveis e desbloqueia uma grande quantidade de rodadas gr\u00e1tis ao longo do caminho. Um dos destaques de nosso programa de recompensas \u00e9 a grande quantidade de ofertas de giros gr\u00e1tis em nossa Loja de Recompensas. L\u00e1, voc\u00ea encontrar\u00e1 uma variedade de op\u00e7\u00f5es para trocar seus pontos por rodadas gr\u00e1tis ou dinheiro de b\u00f4nus. Quanto mais alto for o seu n\u00edvel VIP, mais ofertas de giros gr\u00e1tis voc\u00ea ter\u00e1 acesso!<\/p>\n<h2 style=\"text-align: justify;\"><strong>Descubra as Rodadas de B\u00f4nus de Giros Gr\u00e1tis nos jogos:<\/strong><\/h2>\n<p style=\"text-align: justify;\">Experimente a emo\u00e7\u00e3o das rodadas de b\u00f4nus no jogo que lhe concedem rodadas gr\u00e1tis em nossa fant\u00e1stica sele\u00e7\u00e3o de jogos de ca\u00e7a-n\u00edqueis. Essas rodadas de b\u00f4nus s\u00e3o como a descoberta de um tesouro escondido, pois permitem que voc\u00ea gire as bobinas sem precisar de fundos pr\u00f3prios. \u00c0 medida que as bobinas giram, todos os ganhos acumulados s\u00e3o adicionados ao seu saldo, o que lhe d\u00e1 ainda mais chances de ganhar muito dinheiro. E para tornar tudo ainda mais emocionante, essas rodadas gr\u00e1tis geralmente v\u00eam com recursos adicionais, como multiplicadores, wilds em expans\u00e3o ou s\u00edmbolos especiais! Aqui est\u00e3o alguns exemplos populares que voc\u00ea encontrar\u00e1 no lobby de jogos.<\/p>\n<p style=\"text-align: justify;\">Dead or Alive II: Entre no Oeste Selvagem neste emocionante ca\u00e7a-n\u00edqueis da NetEnt. Com um RTP de 96,82% e alta volatilidade, o Dead or Alive II oferece uma experi\u00eancia imersiva com potencial para grandes ganhos. Desbloqueie a Rodada de B\u00f4nus de Giros Gr\u00e1tis ao conseguir tr\u00eas ou mais s\u00edmbolos scatter, onde poder\u00e1 escolher entre tr\u00eas modos de jogo diferentes, cada um com seus pr\u00f3prios recursos especiais e potencial de ganhos.<\/p>\n<p style=\"text-align: justify;\">Mega Fortune: Experimente o luxo e o glamour da alta vida nesse ca\u00e7a-n\u00edqueis com jackpot progressivo da NetEnt. Com um RTP de 96,60% e volatilidade m\u00e9dia, a Mega Fortune oferece uma chance de ganhar pr\u00eamios que mudam a vida. Acione a Rodada de B\u00f4nus de Giros Gr\u00e1tis ao acertar tr\u00eas ou mais s\u00edmbolos scatter de champanhe e aproveite os multiplicadores e a oportunidade de ganhar o Mega Jackpot.<\/p>\n<p style=\"text-align: justify;\">Wolf Gold: Embarque em uma aventura na natureza selvagem com esse popular ca\u00e7a-n\u00edqueis da Pragmatic Play. Com um RTP de 96,01% e volatilidade m\u00e9dia, o Wolf Gold oferece uma jogabilidade empolgante. Consiga tr\u00eas ou mais s\u00edmbolos scatter para acionar a Rodada de B\u00f4nus de Giros Gr\u00e1tis, onde os tr\u00eas cilindros do meio se fundem em um s\u00edmbolo gigante, aumentando suas chances de obter grandes vit\u00f3rias.<\/p>\n<p style=\"text-align: justify;\">Grande Rinoceronte: Explore a savana africana neste ca\u00e7a-n\u00edqueis visualmente impressionante da Pragmatic Play. Com um RTP de 96,53% e volatilidade m\u00e9dia, o Great Rhino oferece uma jogabilidade emocionante. Colete tr\u00eas ou mais s\u00edmbolos de dispers\u00e3o de \u00e1rvore para ativar a Rodada de B\u00f4nus de Rodadas Gr\u00e1tis, onde os s\u00edmbolos de rinoceronte se tornam selvagens e se fixam no lugar durante a dura\u00e7\u00e3o do recurso, levando a potenciais mega vit\u00f3rias.<\/p>\n<p style=\"text-align: justify;\">Romance Imortal: Entre em um mundo de amor proibido e seres sobrenaturais nesse ca\u00e7a-n\u00edqueis cativante da Microgaming. Com um RTP de 96,86% e volatilidade m\u00e9dia, o Immortal Romance oferece uma experi\u00eancia encantadora. Desbloqueie a C\u00e2mara de Giros para acessar quatro Rodadas de B\u00f4nus de Giros Gr\u00e1tis diferentes, cada uma associada a um personagem \u00fanico e suas habilidades especiais, incluindo carret\u00e9is selvagens, multiplicadores e carret\u00e9is rolantes.<\/p>\n<p style=\"text-align: justify;\">Thunderstruck II: Entre no reino m\u00edtico dos deuses n\u00f3rdicos nesse ca\u00e7a-n\u00edqueis \u00e9pico da Microgaming. Com um RTP de 96,65% e volatilidade m\u00e9dia, o Thunderstruck II oferece uma aventura emocionante. Desbloqueie o Great Hall of Spins para acessar quatro Rodadas de B\u00f4nus de Giros Gr\u00e1tis diferentes, cada uma associada a um deus poderoso e a recursos exclusivos, incluindo multiplicadores, rolos rolantes e transforma\u00e7\u00f5es selvagens.<\/p>\n<h2 style=\"text-align: justify;\"><strong>Reivindica\u00e7\u00e3o de suas rodadas gr\u00e1tis:<\/strong><\/h2>\n<p style=\"text-align: justify;\">Solicitar suas rodadas gr\u00e1tis no Cassino do SlotSite.com \u00e9 simples. Veja como:<\/p>\n<p style=\"text-align: justify;\">Registre-se: Se voc\u00ea ainda n\u00e3o o fez, crie uma conta no SlotSite.com Casino. A associa\u00e7\u00e3o \u00e9 autom\u00e1tica e voc\u00ea come\u00e7ar\u00e1 a ganhar pontos de recompensa desde a sua primeira aposta. Voc\u00ea ainda ganha 5 pontos de recompensa por completar o registro! Se o seu pa\u00eds oferecer rodadas gr\u00e1tis sem dep\u00f3sito, elas ser\u00e3o creditadas na sua conta automaticamente e tudo o que voc\u00ea precisa fazer \u00e9 come\u00e7ar a rodar!<\/p>\n<p style=\"text-align: justify;\">Fique de olho em sua caixa de entrada: Como membro inscrito, voc\u00ea receber\u00e1 nosso boletim informativo de promo\u00e7\u00f5es, repleto de ofertas de rodadas gr\u00e1tis e c\u00f3digos de dep\u00f3sito exclusivos. Certifique-se de verificar sua caixa de entrada regularmente para ficar atualizado com as \u00faltimas promo\u00e7\u00f5es.<\/p>\n<p style=\"text-align: justify;\">Siga as instru\u00e7\u00f5es: Quando voc\u00ea receber uma oferta de rodadas gr\u00e1tis, basta seguir as instru\u00e7\u00f5es fornecidas. Algumas ofertas podem exigir um dep\u00f3sito ou o uso de um c\u00f3digo de dep\u00f3sito espec\u00edfico para solicitar suas rodadas gr\u00e1tis. N\u00e3o deixe de ler atentamente os detalhes da oferta e os termos espec\u00edficos.<\/p>\n<p style=\"text-align: justify;\">Aproveite suas rodadas gr\u00e1tis: Depois de solicitar suas rodadas gr\u00e1tis, elas ser\u00e3o creditadas instantaneamente em sua conta. Abra o jogo de ca\u00e7a-n\u00edqueis eleg\u00edvel e deixe as bobinas girarem por conta da casa!<\/p>\n<p style=\"text-align: justify;\">As rodadas gr\u00e1tis s\u00e3o uma maneira fant\u00e1stica de estender seu jogo, experimentar novos jogos de ca\u00e7a-n\u00edqueis e potencialmente aumentar seus ganhos. Lembre-se de que o jogo deve ser sempre visto como uma forma de entretenimento e \u00e9 importante manter um equil\u00edbrio saud\u00e1vel em suas atividades de jogo. O jogo pode ser viciante. Oferecemos op\u00e7\u00f5es de autoexclus\u00e3o para limitar o seu acesso ao nosso cassino e temos o compromisso de promover o jogo respons\u00e1vel e proporcionar um ambiente seguro. Entre em contato conosco a qualquer momento!<\/p>\n","protected":false},"excerpt":{"rendered":"<p>Solicite suas rodadas gr\u00e1tis e gire at\u00e9 obter grandes pr\u00eamios! Prepare-se para um turbilh\u00e3o de rodadas gr\u00e1tis no Cassino do SlotSite.com! Se o seu pa\u00eds n\u00e3o for eleg\u00edvel para rodadas gr\u00e1tis sem dep\u00f3sito no momento do registro, n\u00e3o se preocupe, pois todos os membros est\u00e3o inscritos em nosso programa de recompensas, onde voc\u00ea ganha pontos [&hellip;]<\/p>\n","protected":false},"author":1,"featured_media":0,"parent":0,"menu_order":0,"comment_status":"closed","ping_status":"closed","template":"templates\/category.php","meta":{"footnotes":""},"class_list":["post-205","page","type-page","status-publish","hentry"],"translation":{"provider":"WPGlobus","version":"2.12.2","language":"pt","enabled_languages":["en","ca","fi","no","ja","es","pt","qc","gb","ir","nz","sa","in"],"languages":{"en":{"title":true,"content":true,"excerpt":false},"ca":{"title":true,"content":true,"excerpt":false},"fi":{"title":true,"content":true,"excerpt":false},"no":{"title":true,"content":true,"excerpt":false},"ja":{"title":true,"content":true,"excerpt":false},"es":{"title":true,"content":true,"excerpt":false},"pt":{"title":true,"content":true,"excerpt":false},"qc":{"title":false,"content":true,"excerpt":false},"gb":{"title":true,"content":true,"excerpt":false},"ir":{"title":false,"content":false,"excerpt":false},"nz":{"title":false,"content":false,"excerpt":false},"sa":{"title":false,"content":false,"excerpt":false},"in":{"title":true,"content":true,"excerpt":false}}},"acf":[],"yoast_head":"<!-- This site is optimized with the Yoast SEO plugin v20.11 - https:\/\/yoast.com\/wordpress\/plugins\/seo\/ -->\n<title>Desbloquee la emoci\u00f3n con giros gratis: su gu\u00eda definitiva para los bonos de casino en l\u00ednea<\/title>\n<meta name=\"description\" content=\"\u00a1Descubre la emoci\u00f3n de los giros gratis en los casinos en l\u00ednea! Nuestra gu\u00eda completa explica c\u00f3mo aprovechar al m\u00e1ximo estos interesantes bonos. Conozca las mejores estrategias y las principales plataformas de casino que ofrecen giros gratis. \u00a1Empiece a girar y ganar hoy!\" \/>\n<meta name=\"robots\" content=\"index, follow, max-snippet:-1, max-image-preview:large, max-video-preview:-1\" \/>\n<link rel=\"canonical\" href=\"https:\/\/slotsite.mediacle.net\/free-spins\/\" \/>\n<meta property=\"og:locale\" content=\"pt_PT\" \/>\n<meta property=\"og:type\" content=\"article\" \/>\n<meta property=\"og:title\" content=\"Desbloquee la emoci\u00f3n con giros gratis: su gu\u00eda definitiva para los bonos de casino en l\u00ednea\" \/>\n<meta property=\"og:description\" content=\"\u00a1Descubre la emoci\u00f3n de los giros gratis en los casinos en l\u00ednea! Nuestra gu\u00eda completa explica c\u00f3mo aprovechar al m\u00e1ximo estos interesantes bonos. Conozca las mejores estrategias y las principales plataformas de casino que ofrecen giros gratis. \u00a1Empiece a girar y ganar hoy!\" \/>\n<meta property=\"og:url\" content=\"https:\/\/slotsite.mediacle.net\/free-spins\/\" \/>\n<meta property=\"og:site_name\" content=\"Slotsite\" \/>\n<meta property=\"article:modified_time\" content=\"2023-08-30T09:56:10+00:00\" \/>\n<meta name=\"twitter:card\" content=\"summary_large_image\" \/>\n<meta name=\"twitter:label1\" content=\"Est. reading time\" \/>\n\t<meta name=\"twitter:data1\" content=\"2 minutes\" \/>\n<script type=\"application\/ld+json\" class=\"yoast-schema-graph\">{\"@context\":\"https:\/\/schema.org\",\"@graph\":[{\"@type\":\"WebPage\",\"@id\":\"https:\/\/slotsite.mediacle.net\/free-spins\/\",\"url\":\"https:\/\/slotsite.mediacle.net\/free-spins\/\",\"name\":\"Rodadas Gr\u00e1tis nos Ca\u00e7a-n\u00edqueis de Cassino Online | Slotsite\",\"isPartOf\":{\"@id\":\"https:\/\/slotsite.mediacle.net\/#website\"},\"datePublished\":\"2023-07-10T06:49:18+00:00\",\"dateModified\":\"2023-08-30T09:56:10+00:00\",\"breadcrumb\":{\"@id\":\"https:\/\/slotsite.mediacle.net\/free-spins\/#breadcrumb\"},\"inLanguage\":\"pt-PT\",\"potentialAction\":[{\"@type\":\"ReadAction\",\"target\":[\"https:\/\/slotsite.mediacle.net\/free-spins\/\"]}]},{\"@type\":\"BreadcrumbList\",\"@id\":\"https:\/\/slotsite.mediacle.net\/free-spins\/#breadcrumb\",\"itemListElement\":[{\"@type\":\"ListItem\",\"position\":1,\"name\":\"Home\",\"item\":\"https:\/\/slotsite.mediacle.net\/\"},{\"@type\":\"ListItem\",\"position\":2,\"name\":\"Promotions des casinos en ligne\"}]},{\"@type\":\"WebSite\",\"@id\":\"https:\/\/slotsite.mediacle.net\/#website\",\"url\":\"https:\/\/slotsite.mediacle.net\/\",\"name\":\"Slotsite\",\"description\":\"\",\"potentialAction\":[{\"@type\":\"SearchAction\",\"target\":{\"@type\":\"EntryPoint\",\"urlTemplate\":\"https:\/\/slotsite.mediacle.net\/?s={search_term_string}\"},\"query-input\":\"required name=search_term_string\"}],\"inLanguage\":\"pt-PT\"}]}<\/script>\n<!-- \/ Yoast SEO plugin. -->","yoast_head_json":{"title":"Desbloquee la emoci\u00f3n con giros gratis: su gu\u00eda definitiva para los bonos de casino en l\u00ednea","description":"\u00a1Descubre la emoci\u00f3n de los giros gratis en los casinos en l\u00ednea! Nuestra gu\u00eda completa explica c\u00f3mo aprovechar al m\u00e1ximo estos interesantes bonos. Conozca las mejores estrategias y las principales plataformas de casino que ofrecen giros gratis. \u00a1Empiece a girar y ganar hoy!","robots":{"index":"index","follow":"follow","max-snippet":"max-snippet:-1","max-image-preview":"max-image-preview:large","max-video-preview":"max-video-preview:-1"},"canonical":"https:\/\/slotsite.mediacle.net\/free-spins\/","og_locale":"pt_PT","og_type":"article","og_title":"Desbloquee la emoci\u00f3n con giros gratis: su gu\u00eda definitiva para los bonos de casino en l\u00ednea","og_description":"\u00a1Descubre la emoci\u00f3n de los giros gratis en los casinos en l\u00ednea! Nuestra gu\u00eda completa explica c\u00f3mo aprovechar al m\u00e1ximo estos interesantes bonos. Conozca las mejores estrategias y las principales plataformas de casino que ofrecen giros gratis. \u00a1Empiece a girar y ganar hoy!","og_url":"https:\/\/slotsite.mediacle.net\/free-spins\/","og_site_name":"Slotsite","article_modified_time":"2023-08-30T09:56:10+00:00","twitter_card":"summary_large_image","twitter_misc":{"Est. reading time":"2 minutes"},"schema":{"@context":"https:\/\/schema.org","@graph":[{"@type":"WebPage","@id":"https:\/\/slotsite.mediacle.net\/free-spins\/","url":"https:\/\/slotsite.mediacle.net\/free-spins\/","name":"Rodadas Gr\u00e1tis nos Ca\u00e7a-n\u00edqueis de Cassino Online | Slotsite","isPartOf":{"@id":"https:\/\/slotsite.mediacle.net\/#website"},"datePublished":"2023-07-10T06:49:18+00:00","dateModified":"2023-08-30T09:56:10+00:00","breadcrumb":{"@id":"https:\/\/slotsite.mediacle.net\/free-spins\/#breadcrumb"},"inLanguage":"pt-PT","potentialAction":[{"@type":"ReadAction","target":["https:\/\/slotsite.mediacle.net\/free-spins\/"]}]},{"@type":"BreadcrumbList","@id":"https:\/\/slotsite.mediacle.net\/free-spins\/#breadcrumb","itemListElement":[{"@type":"ListItem","position":1,"name":"Home","item":"https:\/\/slotsite.mediacle.net\/"},{"@type":"ListItem","position":2,"name":"Promotions des casinos en ligne"}]},{"@type":"WebSite","@id":"https:\/\/slotsite.mediacle.net\/#website","url":"https:\/\/slotsite.mediacle.net\/","name":"Slotsite","description":"","potentialAction":[{"@type":"SearchAction","target":{"@type":"EntryPoint","urlTemplate":"https:\/\/slotsite.mediacle.net\/?s={search_term_string}"},"query-input":"required name=search_term_string"}],"inLanguage":"pt-PT"}]}},"_links":{"self":[{"href":"https:\/\/slotsite.mediacle.net\/pt\/wp-json\/wp\/v2\/pages\/205","targetHints":{"allow":["GET"]}}],"collection":[{"href":"https:\/\/slotsite.mediacle.net\/pt\/wp-json\/wp\/v2\/pages"}],"about":[{"href":"https:\/\/slotsite.mediacle.net\/pt\/wp-json\/wp\/v2\/types\/page"}],"author":[{"embeddable":true,"href":"https:\/\/slotsite.mediacle.net\/pt\/wp-json\/wp\/v2\/users\/1"}],"replies":[{"embeddable":true,"href":"https:\/\/slotsite.mediacle.net\/pt\/wp-json\/wp\/v2\/comments?post=205"}],"version-history":[{"count":43,"href":"https:\/\/slotsite.mediacle.net\/pt\/wp-json\/wp\/v2\/pages\/205\/revisions"}],"predecessor-version":[{"id":2231,"href":"https:\/\/slotsite.mediacle.net\/pt\/wp-json\/wp\/v2\/pages\/205\/revisions\/2231"}],"wp:attachment":[{"href":"https:\/\/slotsite.mediacle.net\/pt\/wp-json\/wp\/v2\/media?parent=205"}],"curies":[{"name":"wp","href":"https:\/\/api.w.org\/{rel}","templated":true}]}}