{"id":211,"date":"2023-07-24T07:23:39","date_gmt":"2023-07-24T07:23:39","guid":{"rendered":"https:\/\/slotsite.mediacle.net\/?page_id=211"},"modified":"2023-08-24T06:51:17","modified_gmt":"2023-08-24T06:51:17","slug":"rewards","status":"publish","type":"page","link":"https:\/\/slotsite.mediacle.net\/pt\/rewards\/","title":{"rendered":"Pr\u00eamios do cassino"},"content":{"rendered":"<h2 style=\"text-align: justify;\"><strong>Bem-vindo ao Programa de Pr\u00eamios: Desbloqueie um mundo de benef\u00edcios empolgantes!<\/strong><\/h2>\n<p style=\"text-align: justify;\">No SlotSite.com Casino, valorizamos a sua fidelidade e nos esfor\u00e7amos para oferecer a melhor experi\u00eancia que vai al\u00e9m de apenas jogar seus jogos de cassino favoritos. \u00c9 por isso que criamos nosso programa de fidelidade, projetado para sempre recompens\u00e1-lo com vantagens e benef\u00edcios exclusivos!<\/p>\n<h3 style=\"text-align: justify;\"><strong>Como funciona:<\/strong><\/h3>\n<p style=\"text-align: justify;\">Toda vez que fizer uma aposta em dinheiro real em nossa ampla sele\u00e7\u00e3o de jogos, voc\u00ea ganha pontos valiosos. Quanto mais voc\u00ea jogar, mais pontos acumular\u00e1, o que o deixar\u00e1 mais perto de desbloquear pr\u00eamios fant\u00e1sticos. N\u00e3o deixe de se inscrever nas promo\u00e7\u00f5es da sua conta para receber b\u00f4nus especiais de pontos adicionais!<\/p>\n<h3 style=\"text-align: justify;\"><strong>Desbloqueie pr\u00eamios fant\u00e1sticos:<\/strong><\/h3>\n<p style=\"text-align: justify;\">\u00c0 medida que acumular pontos e progredir nos n\u00edveis, voc\u00ea desbloquear\u00e1 uma s\u00e9rie de recompensas fant\u00e1sticas. Essas recompensas podem incluir rodadas gr\u00e1tis em jogos de ca\u00e7a-n\u00edqueis populares, dinheiro de b\u00f4nus para aumentar o seu saldo, acesso exclusivo a promo\u00e7\u00f5es especiais e torneios VIP, presentes personalizados, gerentes de conta dedicados e muito mais!<\/p>\n<h3 style=\"text-align: justify;\"><strong>Miss\u00f5es para ganhar pontos extras:<\/strong><\/h3>\n<p style=\"text-align: justify;\">Experimente um provedor de software legal ou novos jogos! Complete miss\u00f5es jogando jogos divertidos e atingindo marcos ou participe de promo\u00e7\u00f5es especiais e ganhe pontos extras ao longo do caminho!<\/p>\n<h3 style=\"text-align: justify;\"><strong>Desbloqueie o poder de seus pontos!<\/strong><\/h3>\n<p style=\"text-align: justify;\">Depois de acumular um n\u00famero suficiente de pontos por meio do jogo, voc\u00ea poder\u00e1 acessar a Rewards Store! Esse tesouro virtual est\u00e1 repleto de uma grande variedade de op\u00e7\u00f5es de recompensas para voc\u00ea escolher. Confira a sele\u00e7\u00e3o da loja e, seja voc\u00ea um f\u00e3 de girar os rolos ou prefira aumentar a sua banca com fundos de b\u00f4nus, temos recompensas incr\u00edveis para todos os n\u00edveis VIP! \u00c9 a chance perfeita para explorar novos jogos ou revisitar os seus favoritos de todos os tempos.<\/p>\n<h3 style=\"text-align: justify;\"><strong>Resgate e aproveite:<\/strong><\/h3>\n<p style=\"text-align: justify;\">Converter seus pontos em rodadas gr\u00e1tis ou dinheiro de b\u00f4nus \u00e9 f\u00e1cil e as recompensas ser\u00e3o creditadas instantaneamente em sua conta. Voc\u00ea pode come\u00e7ar a usar suas rodadas gr\u00e1tis para girar os rolos ou utilizar o dinheiro do b\u00f4nus para explorar diferentes jogos de cassino. Lembre-se, quanto mais pontos voc\u00ea acumular, maiores ser\u00e3o as recompensas que o aguardam! \u00a0Como um membro VIP valioso, oferecemos b\u00f4nus adicionais exclusivos com rodadas gr\u00e1tis adicionais e c\u00f3digos de b\u00f4nus de dep\u00f3sito especiais. Fique de olho em sua caixa de entrada de e-mail e na p\u00e1gina de promo\u00e7\u00f5es para se manter atualizado!<\/p>\n<p style=\"text-align: justify;\">Lembre-se sempre de conhecer e estabelecer seus limites. Jogue com responsabilidade. O jogo pode ser viciante. <a href=\"https:\/\/casino.slotsite.com\/terms-conditions-info\"><u>Termos e condi\u00e7\u00f5es <\/u><\/a>aplic\u00e1veis.<\/p>\n","protected":false},"excerpt":{"rendered":"<p>Bem-vindo ao Programa de Pr\u00eamios: Desbloqueie um mundo de benef\u00edcios empolgantes! No SlotSite.com Casino, valorizamos a sua fidelidade e nos esfor\u00e7amos para oferecer a melhor experi\u00eancia que vai al\u00e9m de apenas jogar seus jogos de cassino favoritos. \u00c9 por isso que criamos nosso programa de fidelidade, projetado para sempre recompens\u00e1-lo com vantagens e benef\u00edcios exclusivos! [&hellip;]<\/p>\n","protected":false},"author":1,"featured_media":0,"parent":0,"menu_order":0,"comment_status":"closed","ping_status":"closed","template":"templates\/rewards.php","meta":{"footnotes":""},"class_list":["post-211","page","type-page","status-publish","hentry"],"translation":{"provider":"WPGlobus","version":"2.12.2","language":"pt","enabled_languages":["en","ca","fi","no","ja","es","pt","qc","gb","ir","nz","sa","in"],"languages":{"en":{"title":true,"content":true,"excerpt":false},"ca":{"title":true,"content":true,"excerpt":false},"fi":{"title":true,"content":true,"excerpt":false},"no":{"title":true,"content":true,"excerpt":false},"ja":{"title":true,"content":true,"excerpt":false},"es":{"title":true,"content":true,"excerpt":false},"pt":{"title":true,"content":true,"excerpt":false},"qc":{"title":true,"content":true,"excerpt":false},"gb":{"title":true,"content":true,"excerpt":false},"ir":{"title":false,"content":false,"excerpt":false},"nz":{"title":false,"content":false,"excerpt":false},"sa":{"title":false,"content":false,"excerpt":false},"in":{"title":true,"content":true,"excerpt":false}}},"acf":[],"yoast_head":"<!-- This site is optimized with the Yoast SEO plugin v20.11 - https:\/\/yoast.com\/wordpress\/plugins\/seo\/ -->\n<title>Lealdade gratificante: desbloqueie pr\u00eamios emocionantes em nossa p\u00e1gina de recompensas!<\/title>\n<meta name=\"description\" content=\"Descubra os benef\u00edcios da fidelidade com nossa p\u00e1gina de recompensas gratificantes. Ganhe pontos enquanto joga e troque-os por pr\u00eamios incr\u00edveis, b\u00f4nus e vantagens exclusivas. Cadastre-se agora para aproveitar ao m\u00e1ximo nosso programa de fidelidade e elevar sua experi\u00eancia de cassino online a novos patamares.\" \/>\n<meta name=\"robots\" content=\"index, follow, max-snippet:-1, max-image-preview:large, max-video-preview:-1\" \/>\n<link rel=\"canonical\" href=\"https:\/\/slotsite.mediacle.net\/rewards\/\" \/>\n<meta property=\"og:locale\" content=\"pt_PT\" \/>\n<meta property=\"og:type\" content=\"article\" \/>\n<meta property=\"og:title\" content=\"Lealdade gratificante: desbloqueie pr\u00eamios emocionantes em nossa p\u00e1gina de recompensas!\" \/>\n<meta property=\"og:description\" content=\"Descubra os benef\u00edcios da fidelidade com nossa p\u00e1gina de recompensas gratificantes. Ganhe pontos enquanto joga e troque-os por pr\u00eamios incr\u00edveis, b\u00f4nus e vantagens exclusivas. Cadastre-se agora para aproveitar ao m\u00e1ximo nosso programa de fidelidade e elevar sua experi\u00eancia de cassino online a novos patamares.\" \/>\n<meta property=\"og:url\" content=\"https:\/\/slotsite.mediacle.net\/rewards\/\" \/>\n<meta property=\"og:site_name\" content=\"Slotsite\" \/>\n<meta property=\"article:modified_time\" content=\"2023-08-24T06:51:17+00:00\" \/>\n<meta name=\"twitter:card\" content=\"summary_large_image\" \/>\n<meta name=\"twitter:label1\" content=\"Est. reading time\" \/>\n\t<meta name=\"twitter:data1\" content=\"3 minutes\" \/>\n<script type=\"application\/ld+json\" class=\"yoast-schema-graph\">{\"@context\":\"https:\/\/schema.org\",\"@graph\":[{\"@type\":\"WebPage\",\"@id\":\"https:\/\/slotsite.mediacle.net\/rewards\/\",\"url\":\"https:\/\/slotsite.mediacle.net\/rewards\/\",\"name\":\"Rewarding Loyalty: Unlock Exciting Prizes on Our Rewards Page!\",\"isPartOf\":{\"@id\":\"https:\/\/slotsite.mediacle.net\/#website\"},\"datePublished\":\"2023-07-24T07:23:39+00:00\",\"dateModified\":\"2023-08-24T06:51:17+00:00\",\"description\":\"Descubra os benef\u00edcios da fidelidade com nossa p\u00e1gina de recompensas gratificantes. Ganhe pontos enquanto joga e troque-os por pr\u00eamios incr\u00edveis, b\u00f4nus e vantagens exclusivas. Cadastre-se agora para aproveitar ao m\u00e1ximo nosso programa de fidelidade e elevar sua experi\u00eancia de cassino online a novos patamares.\",\"breadcrumb\":{\"@id\":\"https:\/\/slotsite.mediacle.net\/rewards\/#breadcrumb\"},\"inLanguage\":\"pt-PT\",\"potentialAction\":[{\"@type\":\"ReadAction\",\"target\":[\"https:\/\/slotsite.mediacle.net\/rewards\/\"]}]},{\"@type\":\"BreadcrumbList\",\"@id\":\"https:\/\/slotsite.mediacle.net\/rewards\/#breadcrumb\",\"itemListElement\":[{\"@type\":\"ListItem\",\"position\":1,\"name\":\"Home\",\"item\":\"https:\/\/slotsite.mediacle.net\/\"},{\"@type\":\"ListItem\",\"position\":2,\"name\":\"Rewards\"}]},{\"@type\":\"WebSite\",\"@id\":\"https:\/\/slotsite.mediacle.net\/#website\",\"url\":\"https:\/\/slotsite.mediacle.net\/\",\"name\":\"Slotsite\",\"description\":\"\",\"potentialAction\":[{\"@type\":\"SearchAction\",\"target\":{\"@type\":\"EntryPoint\",\"urlTemplate\":\"https:\/\/slotsite.mediacle.net\/?s={search_term_string}\"},\"query-input\":\"required name=search_term_string\"}],\"inLanguage\":\"pt-PT\"}]}<\/script>\n<!-- \/ Yoast SEO plugin. -->","yoast_head_json":{"title":"Lealdade gratificante: desbloqueie pr\u00eamios emocionantes em nossa p\u00e1gina de recompensas!","description":"Descubra os benef\u00edcios da fidelidade com nossa p\u00e1gina de recompensas gratificantes. Ganhe pontos enquanto joga e troque-os por pr\u00eamios incr\u00edveis, b\u00f4nus e vantagens exclusivas. Cadastre-se agora para aproveitar ao m\u00e1ximo nosso programa de fidelidade e elevar sua experi\u00eancia de cassino online a novos patamares.","robots":{"index":"index","follow":"follow","max-snippet":"max-snippet:-1","max-image-preview":"max-image-preview:large","max-video-preview":"max-video-preview:-1"},"canonical":"https:\/\/slotsite.mediacle.net\/rewards\/","og_locale":"pt_PT","og_type":"article","og_title":"Lealdade gratificante: desbloqueie pr\u00eamios emocionantes em nossa p\u00e1gina de recompensas!","og_description":"Descubra os benef\u00edcios da fidelidade com nossa p\u00e1gina de recompensas gratificantes. Ganhe pontos enquanto joga e troque-os por pr\u00eamios incr\u00edveis, b\u00f4nus e vantagens exclusivas. Cadastre-se agora para aproveitar ao m\u00e1ximo nosso programa de fidelidade e elevar sua experi\u00eancia de cassino online a novos patamares.","og_url":"https:\/\/slotsite.mediacle.net\/rewards\/","og_site_name":"Slotsite","article_modified_time":"2023-08-24T06:51:17+00:00","twitter_card":"summary_large_image","twitter_misc":{"Est. reading time":"3 minutes"},"schema":{"@context":"https:\/\/schema.org","@graph":[{"@type":"WebPage","@id":"https:\/\/slotsite.mediacle.net\/rewards\/","url":"https:\/\/slotsite.mediacle.net\/rewards\/","name":"Rewarding Loyalty: Unlock Exciting Prizes on Our Rewards Page!","isPartOf":{"@id":"https:\/\/slotsite.mediacle.net\/#website"},"datePublished":"2023-07-24T07:23:39+00:00","dateModified":"2023-08-24T06:51:17+00:00","description":"Descubra os benef\u00edcios da fidelidade com nossa p\u00e1gina de recompensas gratificantes. Ganhe pontos enquanto joga e troque-os por pr\u00eamios incr\u00edveis, b\u00f4nus e vantagens exclusivas. Cadastre-se agora para aproveitar ao m\u00e1ximo nosso programa de fidelidade e elevar sua experi\u00eancia de cassino online a novos patamares.","breadcrumb":{"@id":"https:\/\/slotsite.mediacle.net\/rewards\/#breadcrumb"},"inLanguage":"pt-PT","potentialAction":[{"@type":"ReadAction","target":["https:\/\/slotsite.mediacle.net\/rewards\/"]}]},{"@type":"BreadcrumbList","@id":"https:\/\/slotsite.mediacle.net\/rewards\/#breadcrumb","itemListElement":[{"@type":"ListItem","position":1,"name":"Home","item":"https:\/\/slotsite.mediacle.net\/"},{"@type":"ListItem","position":2,"name":"Rewards"}]},{"@type":"WebSite","@id":"https:\/\/slotsite.mediacle.net\/#website","url":"https:\/\/slotsite.mediacle.net\/","name":"Slotsite","description":"","potentialAction":[{"@type":"SearchAction","target":{"@type":"EntryPoint","urlTemplate":"https:\/\/slotsite.mediacle.net\/?s={search_term_string}"},"query-input":"required name=search_term_string"}],"inLanguage":"pt-PT"}]}},"_links":{"self":[{"href":"https:\/\/slotsite.mediacle.net\/pt\/wp-json\/wp\/v2\/pages\/211","targetHints":{"allow":["GET"]}}],"collection":[{"href":"https:\/\/slotsite.mediacle.net\/pt\/wp-json\/wp\/v2\/pages"}],"about":[{"href":"https:\/\/slotsite.mediacle.net\/pt\/wp-json\/wp\/v2\/types\/page"}],"author":[{"embeddable":true,"href":"https:\/\/slotsite.mediacle.net\/pt\/wp-json\/wp\/v2\/users\/1"}],"replies":[{"embeddable":true,"href":"https:\/\/slotsite.mediacle.net\/pt\/wp-json\/wp\/v2\/comments?post=211"}],"version-history":[{"count":59,"href":"https:\/\/slotsite.mediacle.net\/pt\/wp-json\/wp\/v2\/pages\/211\/revisions"}],"predecessor-version":[{"id":2084,"href":"https:\/\/slotsite.mediacle.net\/pt\/wp-json\/wp\/v2\/pages\/211\/revisions\/2084"}],"wp:attachment":[{"href":"https:\/\/slotsite.mediacle.net\/pt\/wp-json\/wp\/v2\/media?parent=211"}],"curies":[{"name":"wp","href":"https:\/\/api.w.org\/{rel}","templated":true}]}}