{"id":235,"date":"2023-07-24T07:56:36","date_gmt":"2023-07-24T07:56:36","guid":{"rendered":"https:\/\/slotsite.mediacle.net\/?page_id=235"},"modified":"2023-08-24T08:54:37","modified_gmt":"2023-08-24T08:54:37","slug":"online-casino-other-games","status":"publish","type":"page","link":"https:\/\/slotsite.mediacle.net\/pt\/online-casino-other-games\/","title":{"rendered":"Outros jogos"},"content":{"rendered":"<h2 style=\"text-align: justify;\"><strong>Divirta-se com os jogos de cassino com crupi\u00ea ao vivo e mergulhe na experi\u00eancia do cassino ao vivo<\/strong><\/h2>\n<p style=\"text-align: justify;\">Jogue e interaja com dealers reais e prepare-se para entrar na atmosfera aut\u00eantica de um cassino e desfrutar da emo\u00e7\u00e3o, da sofistica\u00e7\u00e3o e da intera\u00e7\u00e3o social que os jogos ao vivo proporcionam. Trazemos a a\u00e7\u00e3o diretamente para a sua tela, permitindo que voc\u00ea jogue e interaja com dealers e jogadores profissionais em tempo real, no seu conforto.<\/p>\n<h3 style=\"text-align: justify;\"><strong>Desenvolvido pelos principais fornecedores de software:<\/strong><\/h3>\n<p style=\"text-align: justify;\">No SlotSite.com Casino, temos parceria com renomados fornecedores de software, incluindo Playtech, Evolution Gaming e outros, para oferecer uma experi\u00eancia excepcional de cassino ao vivo. Esses l\u00edderes do setor s\u00e3o conhecidos por seus est\u00fadios de alta qualidade, transmiss\u00e3o r\u00e1pida e recursos inovadores. Com sua experi\u00eancia, garantimos uma sele\u00e7\u00e3o diversificada de jogos cl\u00e1ssicos de cassino e varia\u00e7\u00f5es emocionantes, todos apresentados por dealers profissionais que d\u00e3o vida aos jogos com profissionalismo e suporte.<\/p>\n<h3 style=\"text-align: justify;\"><strong>Uma ampla variedade de jogos com crupi\u00ea ao vivo:<\/strong><\/h3>\n<h4 style=\"text-align: justify;\"><strong>Blackjack:<\/strong><\/h4>\n<p style=\"text-align: justify;\">Sente-se em nossas mesas virtuais de blackjack e curta o cl\u00e1ssico atemporal desse ic\u00f4nico jogo de cartas. Jogue varia\u00e7\u00f5es tradicionais de <u>blackjack<\/u>, em que o objetivo \u00e9 obter uma m\u00e3o mais pr\u00f3xima de 21 do que a do dealer, sem ultrapass\u00e1-la. Para um toque emocionante, experimente o Infinite Free Bet Blackjack, onde voc\u00ea pode dividir e dobrar gratuitamente em m\u00e3os qualificadas. Experimente o Quantum Blackjack Plus, onde multiplicadores aleat\u00f3rios podem aumentar seus ganhos. Explore o Unlimited Blackjack, onde n\u00e3o h\u00e1 limite para o n\u00famero de jogadores na mesa. O VIP Blackjack oferece um jogo exclusivo de apostas altas, enquanto o Speed Blackjack mant\u00e9m a a\u00e7\u00e3o r\u00e1pida e intensa.<\/p>\n<h3 style=\"text-align: justify;\"><strong>Roleta:<\/strong><\/h3>\n<p style=\"text-align: justify;\">Mergulhe na eleg\u00e2ncia e na expectativa da roleta. Fa\u00e7a suas apostas na mesa on-line e observe a roda <u>da roleta <\/u>girar. Experimente a Instant Roulette para um jogo mais r\u00e1pido, sem tempo de espera entre as rodadas. Experimente a Quantum Live Roulette, onde os multiplicadores podem aumentar seus ganhos em at\u00e9 1.000 vezes. Aproveite a Auto Roulette para uma experi\u00eancia de jogo automatizada e relaxante ou desfrute da VIP Roulette para um ambiente exclusivo de grandes apostadores. A Roleta Francesa acrescenta um toque de sofistica\u00e7\u00e3o, enquanto a Roleta de Futebol combina a emo\u00e7\u00e3o do jogo!<\/p>\n<h3 style=\"text-align: justify;\"><strong>Bacar\u00e1:<\/strong><\/h3>\n<p style=\"text-align: justify;\">Entre na emo\u00e7\u00e3o do <a href=\"_wp_link_placeholder\" data-wplink-edit=\"true\"><u>bacar\u00e1<\/u><\/a>, um jogo preferido pelos grandes apostadores em todo o mundo. Experimente o No Commission Baccarat, onde voc\u00ea n\u00e3o paga nenhuma comiss\u00e3o sobre as apostas vencedoras da banca. Para uma jogabilidade r\u00e1pida, o Speed Baccarat mant\u00e9m a a\u00e7\u00e3o fluindo. Ocupe seu lugar na mesa e tente obter um valor de m\u00e3o mais pr\u00f3ximo de 9 para ganhar.<\/p>\n<h3 style=\"text-align: justify;\"><strong>Rodas girat\u00f3rias:<\/strong><\/h3>\n<p style=\"text-align: justify;\">Gire a roda e teste sua sorte em jogos como Dream Catcher e Football Studio. O Dream Catcher oferece uma roda girat\u00f3ria cativante com v\u00e1rios segmentos, cada um com seu pr\u00f3prio valor multiplicador, dando-lhe a chance de ganhar muito. O Football Studio combina a emo\u00e7\u00e3o dos coment\u00e1rios esportivos ao vivo com a simplicidade de um jogo de roda girat\u00f3ria. H\u00e1 muitas outras rodas da fortuna e est\u00fadios divertidos dispon\u00edveis!<\/p>\n<h2 style=\"text-align: justify;\"><strong>Outros jogos de cassino ao vivo:<\/strong><\/h2>\n<p style=\"text-align: justify;\">Descubra outros jogos para aprimorar sua experi\u00eancia de cassino ao vivo. Jogue Casino Hold&#8217;em, Texas Hold&#8217;em e outros jogos de p\u00f4quer. Tente sua sorte no Sic Bo, um jogo de dados com v\u00e1rias op\u00e7\u00f5es de apostas. Experimente a emo\u00e7\u00e3o do Dragon Tiger, um jogo de cartas de ritmo acelerado em que voc\u00ea aposta em qual carta ser\u00e1 a mais alta. Os entusiastas do p\u00f4quer podem desfrutar de diferentes varia\u00e7\u00f5es de p\u00f4quer, enquanto o Hi-Low oferece um jogo de adivinha\u00e7\u00e3o simples, mas envolvente.<\/p>\n<h2 style=\"text-align: justify;\"><strong>A\u00e7\u00e3o inigual\u00e1vel no cassino ao vivo:<\/strong><\/h2>\n<p style=\"text-align: justify;\">Sente-se nas mesas virtuais, desafie os dealers e experimente a emo\u00e7\u00e3o de um jogo em tempo real. Seja voc\u00ea um aficionado por blackjack, roleta ou bacar\u00e1, nosso cassino ao vivo atende \u00e0s prefer\u00eancias de todos os jogadores. Inscreva-se hoje no SlotSite.com para aproveitar o melhor dos jogos de cassino com dealer ao vivo. N\u00e3o perca a a\u00e7\u00e3o e a autenticidade que o aguardam! Interaja com dealers amig\u00e1veis e profissionais, converse com outros jogadores e aproveite a camaradagem que os jogos ao vivo proporcionam. Lembre-se sempre de conhecer e estabelecer seus limites. Jogue com responsabilidade. O jogo pode ser viciante.<\/p>\n","protected":false},"excerpt":{"rendered":"<p>Divirta-se com os jogos de cassino com crupi\u00ea ao vivo e mergulhe na experi\u00eancia do cassino ao vivo Jogue e interaja com dealers reais e prepare-se para entrar na atmosfera aut\u00eantica de um cassino e desfrutar da emo\u00e7\u00e3o, da sofistica\u00e7\u00e3o e da intera\u00e7\u00e3o social que os jogos ao vivo proporcionam. Trazemos a a\u00e7\u00e3o diretamente para [&hellip;]<\/p>\n","protected":false},"author":1,"featured_media":0,"parent":0,"menu_order":0,"comment_status":"closed","ping_status":"closed","template":"templates\/category.php","meta":{"footnotes":""},"class_list":["post-235","page","type-page","status-publish","hentry"],"translation":{"provider":"WPGlobus","version":"2.12.2","language":"pt","enabled_languages":["en","ca","fi","no","ja","es","pt","qc","gb","ir","nz","sa","in"],"languages":{"en":{"title":true,"content":true,"excerpt":false},"ca":{"title":true,"content":true,"excerpt":false},"fi":{"title":true,"content":true,"excerpt":false},"no":{"title":true,"content":true,"excerpt":false},"ja":{"title":true,"content":true,"excerpt":false},"es":{"title":true,"content":true,"excerpt":false},"pt":{"title":true,"content":true,"excerpt":false},"qc":{"title":true,"content":true,"excerpt":false},"gb":{"title":true,"content":true,"excerpt":false},"ir":{"title":true,"content":false,"excerpt":false},"nz":{"title":true,"content":false,"excerpt":false},"sa":{"title":true,"content":false,"excerpt":false},"in":{"title":true,"content":true,"excerpt":false}}},"acf":[],"yoast_head":"<!-- This site is optimized with the Yoast SEO plugin v20.11 - https:\/\/yoast.com\/wordpress\/plugins\/seo\/ -->\n<title>Slotsite<\/title>\n<meta name=\"robots\" content=\"index, follow, max-snippet:-1, max-image-preview:large, max-video-preview:-1\" \/>\n<link rel=\"canonical\" href=\"https:\/\/slotsite.mediacle.net\/online-casino-other-games\/\" \/>\n<meta property=\"og:locale\" content=\"pt_PT\" \/>\n<meta property=\"og:type\" content=\"article\" \/>\n<meta property=\"og:url\" content=\"https:\/\/slotsite.mediacle.net\/online-casino-other-games\/\" \/>\n<meta property=\"og:site_name\" content=\"Slotsite\" \/>\n<meta property=\"article:modified_time\" content=\"2023-08-24T08:54:37+00:00\" \/>\n<meta name=\"twitter:card\" content=\"summary_large_image\" \/>\n<meta name=\"twitter:label1\" content=\"Est. reading time\" \/>\n\t<meta name=\"twitter:data1\" content=\"4 minutes\" \/>\n<script type=\"application\/ld+json\" class=\"yoast-schema-graph\">{\"@context\":\"https:\/\/schema.org\",\"@graph\":[{\"@type\":\"WebPage\",\"@id\":\"https:\/\/slotsite.mediacle.net\/online-casino-other-games\/\",\"url\":\"https:\/\/slotsite.mediacle.net\/online-casino-other-games\/\",\"name\":\"\",\"isPartOf\":{\"@id\":\"https:\/\/slotsite.mediacle.net\/#website\"},\"datePublished\":\"2023-07-24T07:56:36+00:00\",\"dateModified\":\"2023-08-24T08:54:37+00:00\",\"description\":\"\",\"breadcrumb\":{\"@id\":\"https:\/\/slotsite.mediacle.net\/online-casino-other-games\/#breadcrumb\"},\"inLanguage\":\"pt-PT\",\"potentialAction\":[{\"@type\":\"ReadAction\",\"target\":[\"https:\/\/slotsite.mediacle.net\/online-casino-other-games\/\"]}]},{\"@type\":\"BreadcrumbList\",\"@id\":\"https:\/\/slotsite.mediacle.net\/online-casino-other-games\/#breadcrumb\",\"itemListElement\":[{\"@type\":\"ListItem\",\"position\":1,\"name\":\"Home\",\"item\":\"https:\/\/slotsite.mediacle.net\/\"},{\"@type\":\"ListItem\",\"position\":2,\"name\":\"Online Casino Other Games\"}]},{\"@type\":\"WebSite\",\"@id\":\"https:\/\/slotsite.mediacle.net\/#website\",\"url\":\"https:\/\/slotsite.mediacle.net\/\",\"name\":\"Slotsite\",\"description\":\"\",\"potentialAction\":[{\"@type\":\"SearchAction\",\"target\":{\"@type\":\"EntryPoint\",\"urlTemplate\":\"https:\/\/slotsite.mediacle.net\/?s={search_term_string}\"},\"query-input\":\"required name=search_term_string\"}],\"inLanguage\":\"pt-PT\"}]}<\/script>\n<!-- \/ Yoast SEO plugin. -->","yoast_head_json":{"title":"Slotsite","robots":{"index":"index","follow":"follow","max-snippet":"max-snippet:-1","max-image-preview":"max-image-preview:large","max-video-preview":"max-video-preview:-1"},"canonical":"https:\/\/slotsite.mediacle.net\/online-casino-other-games\/","og_locale":"pt_PT","og_type":"article","og_url":"https:\/\/slotsite.mediacle.net\/online-casino-other-games\/","og_site_name":"Slotsite","article_modified_time":"2023-08-24T08:54:37+00:00","twitter_card":"summary_large_image","twitter_misc":{"Est. reading time":"4 minutes"},"schema":{"@context":"https:\/\/schema.org","@graph":[{"@type":"WebPage","@id":"https:\/\/slotsite.mediacle.net\/online-casino-other-games\/","url":"https:\/\/slotsite.mediacle.net\/online-casino-other-games\/","name":"","isPartOf":{"@id":"https:\/\/slotsite.mediacle.net\/#website"},"datePublished":"2023-07-24T07:56:36+00:00","dateModified":"2023-08-24T08:54:37+00:00","description":"","breadcrumb":{"@id":"https:\/\/slotsite.mediacle.net\/online-casino-other-games\/#breadcrumb"},"inLanguage":"pt-PT","potentialAction":[{"@type":"ReadAction","target":["https:\/\/slotsite.mediacle.net\/online-casino-other-games\/"]}]},{"@type":"BreadcrumbList","@id":"https:\/\/slotsite.mediacle.net\/online-casino-other-games\/#breadcrumb","itemListElement":[{"@type":"ListItem","position":1,"name":"Home","item":"https:\/\/slotsite.mediacle.net\/"},{"@type":"ListItem","position":2,"name":"Online Casino Other Games"}]},{"@type":"WebSite","@id":"https:\/\/slotsite.mediacle.net\/#website","url":"https:\/\/slotsite.mediacle.net\/","name":"Slotsite","description":"","potentialAction":[{"@type":"SearchAction","target":{"@type":"EntryPoint","urlTemplate":"https:\/\/slotsite.mediacle.net\/?s={search_term_string}"},"query-input":"required name=search_term_string"}],"inLanguage":"pt-PT"}]}},"_links":{"self":[{"href":"https:\/\/slotsite.mediacle.net\/pt\/wp-json\/wp\/v2\/pages\/235","targetHints":{"allow":["GET"]}}],"collection":[{"href":"https:\/\/slotsite.mediacle.net\/pt\/wp-json\/wp\/v2\/pages"}],"about":[{"href":"https:\/\/slotsite.mediacle.net\/pt\/wp-json\/wp\/v2\/types\/page"}],"author":[{"embeddable":true,"href":"https:\/\/slotsite.mediacle.net\/pt\/wp-json\/wp\/v2\/users\/1"}],"replies":[{"embeddable":true,"href":"https:\/\/slotsite.mediacle.net\/pt\/wp-json\/wp\/v2\/comments?post=235"}],"version-history":[{"count":43,"href":"https:\/\/slotsite.mediacle.net\/pt\/wp-json\/wp\/v2\/pages\/235\/revisions"}],"predecessor-version":[{"id":2177,"href":"https:\/\/slotsite.mediacle.net\/pt\/wp-json\/wp\/v2\/pages\/235\/revisions\/2177"}],"wp:attachment":[{"href":"https:\/\/slotsite.mediacle.net\/pt\/wp-json\/wp\/v2\/media?parent=235"}],"curies":[{"name":"wp","href":"https:\/\/api.w.org\/{rel}","templated":true}]}}