{"id":252,"date":"2023-07-24T08:37:12","date_gmt":"2023-07-24T08:37:12","guid":{"rendered":"https:\/\/slotsite.mediacle.net\/?page_id=252"},"modified":"2023-08-31T09:57:58","modified_gmt":"2023-08-31T09:57:58","slug":"online-baccarat","status":"publish","type":"page","link":"https:\/\/slotsite.mediacle.net\/pt\/online-baccarat\/","title":{"rendered":"Jogos de Bacar\u00e1 on-line"},"content":{"rendered":"<h2 style=\"text-align: justify;\"><strong>Aproveite a sofistica\u00e7\u00e3o dos jogos de Bacar\u00e1 com Dealer ao vivo e on-line no cassino do SlotSite.com<\/strong><\/h2>\n<p style=\"text-align: justify;\">Experimente a eleg\u00e2ncia de um dos jogos de cartas mais amados do mundo: o Bacar\u00e1. Com sua rica hist\u00f3ria e apelo atemporal, o Bacar\u00e1 tem cativado os jogadores h\u00e1 s\u00e9culos. No SlotSite.com Casino, oferecemos uma ampla sele\u00e7\u00e3o de jogos de Bacar\u00e1 ao vivo na atmosfera e intera\u00e7\u00e3o de um est\u00fadio de cassino de alto n\u00edvel.<\/p>\n<h3 style=\"text-align: justify;\"><strong>A Brief History of Baccarat (Uma breve hist\u00f3ria do bacar\u00e1):<\/strong><\/h3>\n<p style=\"text-align: justify;\">Origin\u00e1rio da It\u00e1lia no s\u00e9culo XV, o Bacar\u00e1 rapidamente ganhou popularidade entre a nobreza francesa e acabou se espalhando para os cassinos de toda a Europa. Hoje, o Bacar\u00e1 continua a ser o favorito entre os jogadores do mundo todo, conhecido por sua jogabilidade simples e probabilidades favor\u00e1veis.<\/p>\n<h3 style=\"text-align: justify;\"><strong>Como se joga Bacar\u00e1?<\/strong><\/h3>\n<p style=\"text-align: justify;\">O objetivo do Bacar\u00e1 \u00e9 prever qual m\u00e3o, a do Jogador ou a da Banca, ter\u00e1 um total mais pr\u00f3ximo de 9. Voc\u00ea tamb\u00e9m pode apostar em um empate, o que significa que ambas as m\u00e3os t\u00eam o mesmo valor.<\/p>\n<p style=\"text-align: justify;\">Valores das cartas de bacar\u00e1:<\/p>\n<ul style=\"text-align: justify;\">\n<li>As cartas num\u00e9ricas de 2 a 9 valem seu valor nominal.<\/li>\n<li>O \u00c1s vale 1 ponto.<\/li>\n<li>Os 10s e as cartas de face (Rei, Rainha, Valete) t\u00eam valor 0.<\/li>\n<\/ul>\n<p style=\"text-align: justify;\">Op\u00e7\u00f5es de apostas:<\/p>\n<p style=\"text-align: justify;\">No Bacar\u00e1, voc\u00ea tem tr\u00eas op\u00e7\u00f5es principais de apostas:<\/p>\n<ul style=\"text-align: justify;\">\n<li>Jogador: Voc\u00ea aposta que a m\u00e3o do Jogador ter\u00e1 um total maior.<\/li>\n<li>Banca: Voc\u00ea aposta que a m\u00e3o da Banca ter\u00e1 um total maior.<\/li>\n<li>Empate: Voc\u00ea aposta que as duas m\u00e3os ter\u00e3o o mesmo total.<\/li>\n<\/ul>\n<p style=\"text-align: justify;\">Rodadas do jogo: O jogo come\u00e7a com o Jogador e a Banca recebendo duas cartas cada. Se uma das m\u00e3os tiver um total de 8 ou 9, ela \u00e9 considerada &#8220;Natural&#8221; e nenhuma carta adicional \u00e9 retirada. Se ambas as m\u00e3os tiverem um total de menos de 8 ou 9, regras adicionais determinar\u00e3o se uma terceira carta ser\u00e1 retirada.<\/p>\n<p style=\"text-align: justify;\">Regras b\u00e1sicas de desenho: H\u00e1 varia\u00e7\u00f5es para diferentes jogos.<\/p>\n<ul style=\"text-align: justify;\">\n<li>Se o total do jogador for de 0 a 5, ele tira uma terceira carta.<\/li>\n<li>Se o jogador ficar de p\u00e9 (6-7), a Banca seguir\u00e1 essas regras:<\/li>\n<li>Se o total da Banca for 0-2, ela tira uma terceira carta.<\/li>\n<li>Se o total da Banca for 3-6, o fato de tirar ou n\u00e3o uma terceira carta depende da terceira carta do Jogador.<\/li>\n<li>Se o total da Banca for 7, ela se mant\u00e9m.<\/li>\n<\/ul>\n<p style=\"text-align: justify;\">Compara\u00e7\u00e3o de m\u00e3os e pagamentos: Depois que todas as cartas s\u00e3o distribu\u00eddas, as m\u00e3os s\u00e3o comparadas e a que tiver um total mais pr\u00f3ximo de 9 ganha. Se voc\u00ea apostar corretamente, receber\u00e1 um pagamento com base nas probabilidades:<\/p>\n<ul style=\"text-align: justify;\">\n<li>A aposta do jogador paga 1:1.<\/li>\n<li>A aposta da banca paga 0,95:1 (menos uma comiss\u00e3o de 5% sobre os ganhos).<\/li>\n<li>A aposta de empate paga 8:1 ou 9:1.<\/li>\n<\/ul>\n<h3 style=\"text-align: justify;\"><strong>Jogos de Bacar\u00e1 on-line no cassino do SlotSite.com:<\/strong><\/h3>\n<p style=\"text-align: justify;\">Nossa extensa cole\u00e7\u00e3o de jogos de Bacar\u00e1 on-line \u00e9 desenvolvida por provedores de software de primeira linha, incluindo os est\u00fadios Evolution Gaming, Playtech, Switch Studios, Iron Dog Studios, Red Tiger, NetEnt e Microgaming, garantindo uma transmiss\u00e3o r\u00e1pida para o seu dispositivo. Alguns jogos de Bacar\u00e1 oferecem at\u00e9 mesmo apostas paralelas opcionais, como Par ou Par Perfeito, que permitem que voc\u00ea aposte em combina\u00e7\u00f5es espec\u00edficas de cartas! Vamos explorar alguns jogos populares:<\/p>\n<h3 style=\"text-align: justify;\"><strong>Jogos cl\u00e1ssicos de bacar\u00e1:<\/strong><\/h3>\n<p style=\"text-align: justify;\">Abrace o charme atemporal do Bacar\u00e1 Cl\u00e1ssico, com regras simples e foco na din\u00e2mica jogador versus banca, este jogo proporciona uma experi\u00eancia pura e aut\u00eantica de Bacar\u00e1. Desfrute de uma jogabilidade suave e op\u00e7\u00f5es de apostas estrat\u00e9gicas enquanto voc\u00ea se esfor\u00e7a para obter a m\u00e3o perfeita.<\/p>\n<h3 style=\"text-align: justify;\"><strong>Jogos de Bacar\u00e1 VIP:<\/strong><\/h3>\n<p style=\"text-align: justify;\">O Bacar\u00e1 VIP on-line traz o fasc\u00ednio dos jogos exclusivos para o conforto de seu dispositivo. Essa varia\u00e7\u00e3o foi projetada para atender aos jogadores que apostam alto e que buscam uma experi\u00eancia de jogo elevada. O Cassino do SlotSite.com sempre oferece recompensas e vantagens exclusivas como parte do Programa de Recompensas. O Bacar\u00e1 VIP oferece recursos on-line avan\u00e7ados e proporciona um n\u00edvel premium de entretenimento e emo\u00e7\u00e3o.<\/p>\n<h3 style=\"text-align: justify;\"><strong>Bacar\u00e1 com crupi\u00ea ao vivo:<\/strong><\/h3>\n<p style=\"text-align: justify;\">O Live Dealer Baccarat oferece uma experi\u00eancia de cassino aut\u00eantica e interessante, permitindo que os jogadores desfrutem da emo\u00e7\u00e3o de um jogo em tempo real com um dealer profissional. Com transmiss\u00e3o de v\u00eddeo de alta qualidade, os jogadores podem interagir com o dealer e outros participantes enquanto fazem suas apostas. O Live Dealer Baccarat mant\u00e9m um RTP (Retorno ao Jogador) m\u00e9dio de 98%, garantindo uma jogabilidade justa ao longo do caminho. As apostas paralelas t\u00eam o seguinte RTP: 89% para um par da banca, 89% para um par do jogador, 91% para um par perfeito, 86% para qualquer par, 97% para um b\u00f4nus do jogador ou 90% para um b\u00f4nus da banca. H\u00e1 muitos est\u00fadios de dealer ao vivo da Playtech ou da Evolution dispon\u00edveis para fazer login. Participe da a\u00e7\u00e3o ao vivo hoje mesmo!<\/p>\n<h2 style=\"text-align: justify;\"><strong>Punto Banco online:<\/strong><\/h2>\n<p style=\"text-align: justify;\">O Punto Banco \u00e9 uma variante popular do Bacar\u00e1 que \u00e9 amplamente jogada em cassinos f\u00edsicos e on-line. Tamb\u00e9m conhecido como &#8220;Bacar\u00e1 Norte-Americano&#8221;, o Punto Banco segue as mesmas regras b\u00e1sicas do Bacar\u00e1 tradicional, mas com algumas diferen\u00e7as importantes. No Punto Banco, os jogadores t\u00eam a op\u00e7\u00e3o de apostar na m\u00e3o do jogador (Punto) ou na m\u00e3o da banca (Banco). No Bacar\u00e1 tradicional, os jogadores tamb\u00e9m podem optar por apostar em outros resultados, como um empate ou combina\u00e7\u00f5es espec\u00edficas de cartas.<\/p>\n<p style=\"text-align: justify;\">Outra diferen\u00e7a \u00e9 que, no Punto Banco, a fun\u00e7\u00e3o do banqueiro \u00e9 predeterminada e segue um conjunto espec\u00edfico de regras para retirar cartas adicionais. Os jogadores n\u00e3o t\u00eam controle sobre as decis\u00f5es tomadas pela banca. No Bacar\u00e1 tradicional, os jogadores podem se revezar no papel de banqueiro e t\u00eam mais controle sobre o resultado do jogo.<\/p>\n<p style=\"text-align: justify;\">O Punto Banco segue um conjunto de regras que determinam o sorteio de cartas adicionais e o resultado do jogo. Aqui est\u00e3o as regras b\u00e1sicas:<\/p>\n<ol style=\"text-align: justify;\">\n<li>O jogador e a banca recebem duas cartas cada. O objetivo \u00e9 ter um valor de m\u00e3o o mais pr\u00f3ximo poss\u00edvel de 9.<\/li>\n<li>Se o valor total das duas cartas iniciais do jogador ou da banca for 8 ou 9, ele \u00e9 chamado de &#8220;natural&#8221; e nenhuma outra carta \u00e9 retirada.<\/li>\n<li>Se o valor total das duas cartas iniciais do jogador ou da banca for de 0 a 5, uma terceira carta poder\u00e1 ser retirada. A decis\u00e3o de tirar uma terceira carta depende de regras espec\u00edficas predeterminadas.<\/li>\n<li>As regras da terceira carta para a m\u00e3o do jogador s\u00e3o as seguintes:\n<ul>\n<li>Se o total do jogador for de 0 a 5, ele tira uma terceira carta.<\/li>\n<li>Se o jogador tiver um total de 6 ou 7, ele fica parado e n\u00e3o tira uma terceira carta.<\/li>\n<\/ul>\n<\/li>\n<li>As regras da terceira carta da banca s\u00e3o mais complexas e dependem do valor da terceira carta do jogador (se sorteada) e do valor total das duas cartas iniciais da banca.<\/li>\n<li>Quando todas as cartas forem distribu\u00eddas de acordo com as regras, a m\u00e3o com o total mais pr\u00f3ximo de 9 vence. Se ambas as m\u00e3os tiverem o mesmo total, haver\u00e1 um empate.<\/li>\n<\/ol>\n<p style=\"text-align: justify;\">Provedor de software: Red Tiger<\/p>\n<table>\n<tbody>\n<tr>\n<td colspan=\"2\"><strong><b>Banqueiro<\/b><\/strong><\/td>\n<td colspan=\"2\"><strong><b>Jogador<\/b><\/strong><\/td>\n<td colspan=\"2\"><strong><b>Gravata<\/b><\/strong><\/td>\n<td colspan=\"2\"><strong><b>Par de jogadores<\/b><\/strong><\/td>\n<td colspan=\"2\"><strong><b>Par de banqueiros<\/b><\/strong><\/td>\n<\/tr>\n<tr>\n<td>Pagamento:<\/td>\n<td>0.95:1<\/td>\n<td>Pagamento:<\/td>\n<td>1:1<\/td>\n<td>Pagamento:<\/td>\n<td>8:1<\/td>\n<td>Pagamento:<\/td>\n<td>11:1<\/td>\n<td>Pagamento:<\/td>\n<td>11:1<\/td>\n<\/tr>\n<tr>\n<td>RTP:<\/td>\n<td>98%<\/td>\n<td>RTP:<\/td>\n<td>98%<\/td>\n<td>RTP:<\/td>\n<td>85%<\/td>\n<td>RTP:<\/td>\n<td>88%<\/td>\n<td>RTP:<\/td>\n<td>88.79%<\/td>\n<\/tr>\n<\/tbody>\n<\/table>\n<h2 style=\"text-align: justify;\"><strong>Speed Baccarat ao vivo:<\/strong><\/h2>\n<p style=\"text-align: justify;\">Para aqueles que buscam a\u00e7\u00e3o em ritmo acelerado, o Speed Baccarat \u00e9 a escolha perfeita. O Speed Baccarat da Evolution Gaming \u00e9 ambientado em est\u00fadios glamorosos e oferece uma varia\u00e7\u00e3o r\u00e1pida e divertida do cl\u00e1ssico jogo de Bacar\u00e1, projetado para jogadores que gostam de um estilo de jogo r\u00e1pido. A principal diferen\u00e7a do Speed Baccarat \u00e9 o ritmo acelerado do jogo. A distribui\u00e7\u00e3o de cartas e os an\u00fancios de resultados s\u00e3o r\u00e1pidos. O dealer distribui rapidamente as cartas viradas para cima, permitindo que os jogadores tomem suas decis\u00f5es de apostas rapidamente. Para garantir um fluxo suave, certos limites de tempo s\u00e3o implementados durante cada rodada de apostas. Os jogadores devem fazer suas apostas dentro do per\u00edodo de tempo alocado para manter o jogo em um ritmo acelerado. O Speed Baccarat oferece uma experi\u00eancia de streaming de alta qualidade, com v\u00e1rios \u00e2ngulos de c\u00e2mera e uma interface amig\u00e1vel que permite que os jogadores fa\u00e7am suas apostas e vejam a a\u00e7\u00e3o do jogo com facilidade.<\/p>\n<p style=\"text-align: justify;\">Provedor de software: Evolution Gaming<\/p>\n<p style=\"text-align: justify;\">O Retorno ao Jogador (RTP) do Speed Baccarat \u00e9 de aproximadamente 98%.<\/p>\n<h2 style=\"text-align: justify;\"><strong>Bacar\u00e1 ao vivo sem comiss\u00e3o:<\/strong><\/h2>\n<p style=\"text-align: justify;\">Mergulhe em uma vers\u00e3o \u00fanica do cl\u00e1ssico jogo de Bacar\u00e1 com o Live No Commission Baccarat da Playtech. Os aficionados por Bacar\u00e1 adoram essa vers\u00e3o, pois os jogadores podem aproveitar a jogabilidade e os recursos do Bacar\u00e1 tradicional sem precisar pagar nenhuma comiss\u00e3o sobre os ganhos da Banca. O jogo \u00e9 ambientado em um est\u00fadio de cassino aut\u00eantico e moderno, permitindo que os jogadores desfrutem da companhia de outros jogadores junto com os dealers.<\/p>\n<p style=\"text-align: justify;\">Provedor de software: Playtech<\/p>\n<p style=\"text-align: justify;\">O retorno ao jogador (RTP) do Bacar\u00e1 sem comiss\u00e3o \u00e9 de aproximadamente 98%.<\/p>\n<h3 style=\"text-align: justify;\"><strong>Dragon Tiger:<\/strong><\/h3>\n<p style=\"text-align: justify;\">Descubra a simplicidade e a emo\u00e7\u00e3o do Dragon Tiger, um jogo frequentemente descrito como uma vers\u00e3o simplificada do Bacar\u00e1. No Dragon Tiger, os jogadores apostam se a m\u00e3o do Drag\u00e3o ou do Tigre ter\u00e1 uma carta de maior valor. Os valores das cartas seguem a hierarquia tradicional: \u00c1s \u00e9 a mais baixa, seguida por 2, 3, 4, 5, 6, 7, 8, 9, 10, Valete, Dama e Rei. A m\u00e3o com o maior valor de carta vence a rodada e as apostas vencedoras s\u00e3o pagas de acordo. Se ambas as m\u00e3os tiverem o mesmo valor de carta, o resultado ser\u00e1 um empate e os jogadores que apostaram na op\u00e7\u00e3o Empate ser\u00e3o pagos de acordo. Com uma jogabilidade r\u00e1pida e foco na classifica\u00e7\u00e3o das cartas, o Dragon Tiger oferece uma experi\u00eancia de jogo emocionante e direta. O Dragon Tiger tamb\u00e9m tem \u00f3timas apostas paralelas, como segue:<\/p>\n<p style=\"text-align: justify;\">Aposta paralela no naipe do Drag\u00e3o ou do Tigre: Essa aposta paralela permite que voc\u00ea aposte se a m\u00e3o do Drag\u00e3o ou do Tigre ter\u00e1 um naipe espec\u00edfico. O pagamento para uma aposta de naipe correto \u00e9 de 3:1.<\/p>\n<p style=\"text-align: justify;\">Aposta paralela na cor do Drag\u00e3o ou do Tigre: Com essa aposta paralela, voc\u00ea prev\u00ea se a m\u00e3o do Drag\u00e3o ou do Tigre ser\u00e1 de uma cor espec\u00edfica (vermelha ou preta). O pagamento para uma aposta de cor correta \u00e9 de 2:1.<\/p>\n<p style=\"text-align: justify;\">Aposta Paralela Grande ou Pequena: Essa aposta paralela envolve prever se o valor total da m\u00e3o do Drag\u00e3o ou do Tigre ser\u00e1 grande (8 ou mais) ou pequeno (6 ou menos). O pagamento para uma aposta grande ou pequena correta \u00e9 de 1:1.<\/p>\n<p style=\"text-align: justify;\">Aposta paralela par ou \u00edmpar: Aqui, voc\u00ea aposta se o valor total da m\u00e3o do Drag\u00e3o ou do Tigre ser\u00e1 par ou \u00edmpar. O pagamento para uma aposta par ou \u00edmpar correta \u00e9 de 1:1.<\/p>\n<p style=\"text-align: justify;\">Provedor de software: Playtech<\/p>\n<p style=\"text-align: justify;\">O Retorno ao Jogador (RTP) do Dragon Tiger \u00e9 de aproximadamente 96%.<\/p>\n<p style=\"text-align: justify;\">Junte-se a n\u00f3s no Cassino do SlotSite.com e se entregue \u00e0 emo\u00e7\u00e3o dos jogos de Bacar\u00e1 on-line. N\u00e3o importa se voc\u00ea \u00e9 um jogador experiente ou novato no mundo do Bacar\u00e1, nossa sele\u00e7\u00e3o diversificada de varia\u00e7\u00f5es oferece algo para todos. Mergulhe na eleg\u00e2ncia e na estrat\u00e9gia do Bacar\u00e1 e deixe que as cartas revelem sua sorte. Fa\u00e7a suas apostas, antecipe os resultados e experimente o fasc\u00ednio desse cl\u00e1ssico jogo de cartas. Lembre-se sempre de conhecer e estabelecer seus limites. Jogue com responsabilidade. O jogo pode ser viciante.<\/p>\n","protected":false},"excerpt":{"rendered":"<p>Aproveite a sofistica\u00e7\u00e3o dos jogos de Bacar\u00e1 com Dealer ao vivo e on-line no cassino do SlotSite.com Experimente a eleg\u00e2ncia de um dos jogos de cartas mais amados do mundo: o Bacar\u00e1. Com sua rica hist\u00f3ria e apelo atemporal, o Bacar\u00e1 tem cativado os jogadores h\u00e1 s\u00e9culos. No SlotSite.com Casino, oferecemos uma ampla sele\u00e7\u00e3o de [&hellip;]<\/p>\n","protected":false},"author":1,"featured_media":0,"parent":0,"menu_order":0,"comment_status":"closed","ping_status":"closed","template":"templates\/category.php","meta":{"footnotes":""},"class_list":["post-252","page","type-page","status-publish","hentry"],"translation":{"provider":"WPGlobus","version":"2.12.2","language":"pt","enabled_languages":["en","ca","fi","no","ja","es","pt","qc","gb","ir","nz","sa","in"],"languages":{"en":{"title":true,"content":true,"excerpt":false},"ca":{"title":true,"content":true,"excerpt":false},"fi":{"title":true,"content":true,"excerpt":false},"no":{"title":true,"content":true,"excerpt":false},"ja":{"title":true,"content":true,"excerpt":false},"es":{"title":true,"content":true,"excerpt":false},"pt":{"title":true,"content":true,"excerpt":false},"qc":{"title":true,"content":true,"excerpt":false},"gb":{"title":true,"content":true,"excerpt":false},"ir":{"title":false,"content":false,"excerpt":false},"nz":{"title":false,"content":false,"excerpt":false},"sa":{"title":false,"content":false,"excerpt":false},"in":{"title":true,"content":true,"excerpt":false}}},"acf":[],"yoast_head":"<!-- This site is optimized with the Yoast SEO plugin v20.11 - https:\/\/yoast.com\/wordpress\/plugins\/seo\/ -->\n<title>Bacar\u00e1 | Bacar\u00e1 online elegante e emocionante: jogue e ganhe em casa!<\/title>\n<meta name=\"description\" content=\"Experimente a sofistica\u00e7\u00e3o do bacar\u00e1 online no conforto da sua casa. Mergulhe no mundo da jogabilidade de alto risco, onde a sorte encontra a estrat\u00e9gia neste cl\u00e1ssico jogo de cartas.\" \/>\n<meta name=\"robots\" content=\"index, follow, max-snippet:-1, max-image-preview:large, max-video-preview:-1\" \/>\n<link rel=\"canonical\" href=\"https:\/\/slotsite.mediacle.net\/online-baccarat\/\" \/>\n<meta property=\"og:locale\" content=\"pt_PT\" \/>\n<meta property=\"og:type\" content=\"article\" \/>\n<meta property=\"og:title\" content=\"Bacar\u00e1 | Bacar\u00e1 online elegante e emocionante: jogue e ganhe em casa!\" \/>\n<meta property=\"og:description\" content=\"Experimente a sofistica\u00e7\u00e3o do bacar\u00e1 online no conforto da sua casa. Mergulhe no mundo da jogabilidade de alto risco, onde a sorte encontra a estrat\u00e9gia neste cl\u00e1ssico jogo de cartas.\" \/>\n<meta property=\"og:url\" content=\"https:\/\/slotsite.mediacle.net\/online-baccarat\/\" \/>\n<meta property=\"og:site_name\" content=\"Slotsite\" \/>\n<meta property=\"article:modified_time\" content=\"2023-08-31T09:57:58+00:00\" \/>\n<meta name=\"twitter:card\" content=\"summary_large_image\" \/>\n<meta name=\"twitter:label1\" content=\"Est. reading time\" \/>\n\t<meta name=\"twitter:data1\" content=\"8 minutes\" \/>\n<script type=\"application\/ld+json\" class=\"yoast-schema-graph\">{\"@context\":\"https:\/\/schema.org\",\"@graph\":[{\"@type\":\"WebPage\",\"@id\":\"https:\/\/slotsite.mediacle.net\/online-baccarat\/\",\"url\":\"https:\/\/slotsite.mediacle.net\/online-baccarat\/\",\"name\":\"Baccarat | Elegant and Exciting Online Baccarat: Play and Win from Home!\",\"isPartOf\":{\"@id\":\"https:\/\/slotsite.mediacle.net\/#website\"},\"datePublished\":\"2023-07-24T08:37:12+00:00\",\"dateModified\":\"2023-08-31T09:57:58+00:00\",\"description\":\"Experience the sophistication of online baccarat from the comfort of your home. Dive into the world of high-stakes gameplay, where luck meets strategy in this classic card game.\",\"breadcrumb\":{\"@id\":\"https:\/\/slotsite.mediacle.net\/online-baccarat\/#breadcrumb\"},\"inLanguage\":\"pt-PT\",\"potentialAction\":[{\"@type\":\"ReadAction\",\"target\":[\"https:\/\/slotsite.mediacle.net\/online-baccarat\/\"]}]},{\"@type\":\"BreadcrumbList\",\"@id\":\"https:\/\/slotsite.mediacle.net\/online-baccarat\/#breadcrumb\",\"itemListElement\":[{\"@type\":\"ListItem\",\"position\":1,\"name\":\"Home\",\"item\":\"https:\/\/slotsite.mediacle.net\/\"},{\"@type\":\"ListItem\",\"position\":2,\"name\":\"Online Baccarat Games\"}]},{\"@type\":\"WebSite\",\"@id\":\"https:\/\/slotsite.mediacle.net\/#website\",\"url\":\"https:\/\/slotsite.mediacle.net\/\",\"name\":\"Slotsite\",\"description\":\"\",\"potentialAction\":[{\"@type\":\"SearchAction\",\"target\":{\"@type\":\"EntryPoint\",\"urlTemplate\":\"https:\/\/slotsite.mediacle.net\/?s={search_term_string}\"},\"query-input\":\"required name=search_term_string\"}],\"inLanguage\":\"pt-PT\"}]}<\/script>\n<!-- \/ Yoast SEO plugin. -->","yoast_head_json":{"title":"Bacar\u00e1 | Bacar\u00e1 online elegante e emocionante: jogue e ganhe em casa!","description":"Experimente a sofistica\u00e7\u00e3o do bacar\u00e1 online no conforto da sua casa. Mergulhe no mundo da jogabilidade de alto risco, onde a sorte encontra a estrat\u00e9gia neste cl\u00e1ssico jogo de cartas.","robots":{"index":"index","follow":"follow","max-snippet":"max-snippet:-1","max-image-preview":"max-image-preview:large","max-video-preview":"max-video-preview:-1"},"canonical":"https:\/\/slotsite.mediacle.net\/online-baccarat\/","og_locale":"pt_PT","og_type":"article","og_title":"Bacar\u00e1 | Bacar\u00e1 online elegante e emocionante: jogue e ganhe em casa!","og_description":"Experimente a sofistica\u00e7\u00e3o do bacar\u00e1 online no conforto da sua casa. Mergulhe no mundo da jogabilidade de alto risco, onde a sorte encontra a estrat\u00e9gia neste cl\u00e1ssico jogo de cartas.","og_url":"https:\/\/slotsite.mediacle.net\/online-baccarat\/","og_site_name":"Slotsite","article_modified_time":"2023-08-31T09:57:58+00:00","twitter_card":"summary_large_image","twitter_misc":{"Est. reading time":"8 minutes"},"schema":{"@context":"https:\/\/schema.org","@graph":[{"@type":"WebPage","@id":"https:\/\/slotsite.mediacle.net\/online-baccarat\/","url":"https:\/\/slotsite.mediacle.net\/online-baccarat\/","name":"Baccarat | Elegant and Exciting Online Baccarat: Play and Win from Home!","isPartOf":{"@id":"https:\/\/slotsite.mediacle.net\/#website"},"datePublished":"2023-07-24T08:37:12+00:00","dateModified":"2023-08-31T09:57:58+00:00","description":"Experience the sophistication of online baccarat from the comfort of your home. Dive into the world of high-stakes gameplay, where luck meets strategy in this classic card game.","breadcrumb":{"@id":"https:\/\/slotsite.mediacle.net\/online-baccarat\/#breadcrumb"},"inLanguage":"pt-PT","potentialAction":[{"@type":"ReadAction","target":["https:\/\/slotsite.mediacle.net\/online-baccarat\/"]}]},{"@type":"BreadcrumbList","@id":"https:\/\/slotsite.mediacle.net\/online-baccarat\/#breadcrumb","itemListElement":[{"@type":"ListItem","position":1,"name":"Home","item":"https:\/\/slotsite.mediacle.net\/"},{"@type":"ListItem","position":2,"name":"Online Baccarat Games"}]},{"@type":"WebSite","@id":"https:\/\/slotsite.mediacle.net\/#website","url":"https:\/\/slotsite.mediacle.net\/","name":"Slotsite","description":"","potentialAction":[{"@type":"SearchAction","target":{"@type":"EntryPoint","urlTemplate":"https:\/\/slotsite.mediacle.net\/?s={search_term_string}"},"query-input":"required name=search_term_string"}],"inLanguage":"pt-PT"}]}},"_links":{"self":[{"href":"https:\/\/slotsite.mediacle.net\/pt\/wp-json\/wp\/v2\/pages\/252","targetHints":{"allow":["GET"]}}],"collection":[{"href":"https:\/\/slotsite.mediacle.net\/pt\/wp-json\/wp\/v2\/pages"}],"about":[{"href":"https:\/\/slotsite.mediacle.net\/pt\/wp-json\/wp\/v2\/types\/page"}],"author":[{"embeddable":true,"href":"https:\/\/slotsite.mediacle.net\/pt\/wp-json\/wp\/v2\/users\/1"}],"replies":[{"embeddable":true,"href":"https:\/\/slotsite.mediacle.net\/pt\/wp-json\/wp\/v2\/comments?post=252"}],"version-history":[{"count":59,"href":"https:\/\/slotsite.mediacle.net\/pt\/wp-json\/wp\/v2\/pages\/252\/revisions"}],"predecessor-version":[{"id":2358,"href":"https:\/\/slotsite.mediacle.net\/pt\/wp-json\/wp\/v2\/pages\/252\/revisions\/2358"}],"wp:attachment":[{"href":"https:\/\/slotsite.mediacle.net\/pt\/wp-json\/wp\/v2\/media?parent=252"}],"curies":[{"name":"wp","href":"https:\/\/api.w.org\/{rel}","templated":true}]}}