{"id":96,"date":"2023-05-26T11:51:27","date_gmt":"2023-05-26T11:51:27","guid":{"rendered":"https:\/\/slotsite.mediacle.net\/?page_id=96"},"modified":"2023-08-24T11:26:33","modified_gmt":"2023-08-24T11:26:33","slug":"slots","status":"publish","type":"page","link":"https:\/\/slotsite.mediacle.net\/pt\/slots\/","title":{"rendered":"m\u00e1quinas ca\u00e7a-n\u00edqueis"},"content":{"rendered":"<p style=\"text-align: justify;\">Divirta-se com os jogos de ca\u00e7a-n\u00edqueis Jackpot e participe da aventura no cassino do SlotSite.com!<\/p>\n<p style=\"text-align: justify;\">Est\u00e1 pronto para embarcar em uma aventura de jackpot inesquec\u00edvel? Registre-se no SlotSite.com Casino hoje mesmo e descubra nossa impressionante sele\u00e7\u00e3o de jogos de ca\u00e7a-n\u00edqueis com jackpot. Com jackpots fixos e jackpots progressivos esperando para serem ganhos, cada giro traz o potencial de emo\u00e7\u00e3o, recompensas enormes e a chance de se tornar o pr\u00f3ximo ganhador do jackpot. Leve sua experi\u00eancia de cassino on-line a novos patamares e junte-se \u00e0 emo\u00e7\u00e3o de perseguir esses incr\u00edveis jackpots. Boa sorte!<\/p>\n<p style=\"text-align: justify;\">Se estiver procurando a melhor chance de ganhar muito, nossos jogos de ca\u00e7a-n\u00edqueis com jackpot s\u00e3o a escolha perfeita. No SlotSite.com Casino, oferecemos uma grande variedade de ca\u00e7a-n\u00edqueis com jackpot que o manter\u00e3o na ponta do seu assento a cada rodada. Vamos mergulhar no mundo dos ca\u00e7a-n\u00edqueis com jackpot fixo e jackpot progressivo, onde a fortuna o aguarda.<\/p>\n<h2 style=\"text-align: justify;\"><strong>O que s\u00e3o jogos de ca\u00e7a-n\u00edqueis com jackpot?<\/strong><\/h2>\n<p style=\"text-align: justify;\">Os jogos de ca\u00e7a-n\u00edqueis com jackpot s\u00e3o uma categoria especial de ca\u00e7a-n\u00edqueis on-line que apresentam um grande pr\u00eamio, conhecido como jackpot. Esses jogos podem ser de dois tipos principais: ca\u00e7a-n\u00edqueis com jackpot fixo e ca\u00e7a-n\u00edqueis com jackpot progressivo.<\/p>\n<h2 style=\"text-align: justify;\"><strong>Ca\u00e7a-n\u00edqueis com jackpot fixo:<\/strong><\/h2>\n<p style=\"text-align: justify;\">Nos ca\u00e7a-n\u00edqueis de jackpot fixo, o valor do jackpot permanece constante e n\u00e3o muda. Ele oferece um pr\u00eamio predeterminado para a obten\u00e7\u00e3o de uma combina\u00e7\u00e3o vencedora espec\u00edfica. Embora o jackpot possa ser menor em compara\u00e7\u00e3o com os jackpots progressivos, os jackpots fixos oferecem ganhos mais frequentes e razo\u00e1veis. Eles s\u00e3o uma escolha popular para os jogadores que buscam determinados pagamentos fixos e gostam da emo\u00e7\u00e3o de obter ganhos significativos. Os ca\u00e7a-n\u00edqueis com jackpot fixo geralmente t\u00eam v\u00e1rios recursos de b\u00f4nus, incluindo rodadas gr\u00e1tis, multiplicadores e rodadas de b\u00f4nus, que melhoram a experi\u00eancia geral do jogo e oferecem oportunidades adicionais de ganho.<\/p>\n<h2 style=\"text-align: justify;\"><strong>Ca\u00e7a-n\u00edqueis com Jackpot Progressivo:<\/strong><\/h2>\n<p style=\"text-align: justify;\">Os ca\u00e7a-n\u00edqueis com jackpot progressivo, por outro lado, oferecem o potencial de ganhos enormes e que podem mudar sua vida. Esses jackpots n\u00e3o s\u00e3o fixos e crescem progressivamente \u00e0 medida que os jogadores fazem apostas no jogo em v\u00e1rios cassinos on-line. Uma parte de cada aposta contribui para o pool do jackpot, permitindo que ele atinja valores surpreendentes. O fasc\u00ednio de um jackpot enorme e sempre crescente cria uma experi\u00eancia estimulante para os jogadores. Lembre-se de que acertar um jackpot progressivo \u00e9 raro, mas cada rodada tem a chance de ser o sortudo ganhador. Os ca\u00e7a-n\u00edqueis com jackpot progressivo geralmente apresentam rodadas de b\u00f4nus emocionantes ou gatilhos que podem ativar o recurso de jackpot, oferecendo aos jogadores uma chance de ganhar um pr\u00eamio incr\u00edvel.<\/p>\n<h2 style=\"text-align: justify;\"><strong>Como jogar nos jogos de ca\u00e7a-n\u00edqueis com jackpot:<\/strong><\/h2>\n<p style=\"text-align: justify;\">Jogar jogos de ca\u00e7a-n\u00edqueis com jackpot \u00e9 uma experi\u00eancia empolgante e direta que oferece a chance de ganhar pr\u00eamios incr\u00edveis. Aqui est\u00e1 um guia passo a passo sobre como jogar:<\/p>\n<p style=\"text-align: justify;\">Escolha o seu ca\u00e7a-n\u00edquel de jackpot: Navegue pela nossa ampla cole\u00e7\u00e3o de jogos de ca\u00e7a-n\u00edquel de jackpot e selecione o que mais lhe agrada. Considere o tema, os recursos de jogo e o tipo de jackpot para encontrar o jogo perfeito para suas prefer\u00eancias. Se voc\u00ea prefere temas cl\u00e1ssicos, miss\u00f5es cheias de aventura ou cen\u00e1rios interessantes, temos uma grande variedade de op\u00e7\u00f5es e fornecedores de software para atender a todos os gostos dos jogadores.<\/p>\n<p style=\"text-align: justify;\">Defina sua aposta: Antes de girar as bobinas, defina o valor da aposta desejada. Ajuste o valor da moeda e o n\u00famero de linhas de pagamento, se aplic\u00e1vel, para determinar a aposta total por rodada. Lembre-se de que alguns ca\u00e7a-n\u00edqueis de jackpot podem exigir apostas m\u00e1ximas para se qualificar para o pr\u00eamio do jackpot. Sempre examine as regras e a tabela de pagamento do jogo para entender os requisitos espec\u00edficos de apostas. Sempre aposte com responsabilidade e conhe\u00e7a seus limites.<\/p>\n<p style=\"text-align: justify;\">Familiarize-se com o jogo: Reserve um momento para se familiarizar com a mec\u00e2nica do jogo, a tabela de pagamento e os recursos especiais. Cada slot de jackpot tem seus s\u00edmbolos exclusivos, rodadas de b\u00f4nus e combina\u00e7\u00f5es vencedoras. Compreender as regras e as poss\u00edveis recompensas melhorar\u00e1 sua experi\u00eancia geral de jogo e aumentar\u00e1 suas chances de ganhar.<\/p>\n<p style=\"text-align: justify;\">Gire os carret\u00e9is: Quando estiver pronto, aperte o bot\u00e3o de giro e veja os rolos ganharem vida. Sente-se, relaxe e deixe o jogo se desenrolar. O resultado de cada giro \u00e9 determinado por um gerador de n\u00fameros aleat\u00f3rios, garantindo resultados justos e imparciais. Desfrute dos efeitos visuais e sonoros enquanto persegue os ganhos de jackpot indescrit\u00edveis.<\/p>\n<p style=\"text-align: justify;\">Acionar recursos de b\u00f4nus: Muitos ca\u00e7a-n\u00edqueis de jackpot oferecem recursos de b\u00f4nus empolgantes que podem aumentar significativamente os seus ganhos. Fique atento aos s\u00edmbolos especiais que podem acionar rodadas gr\u00e1tis, multiplicadores ou rodadas de b\u00f4nus. Esses recursos oferecem oportunidades adicionais para maximizar os pagamentos e aproxim\u00e1-lo do cobi\u00e7ado jackpot.<\/p>\n","protected":false},"excerpt":{"rendered":"<p>Divirta-se com os jogos de ca\u00e7a-n\u00edqueis Jackpot e participe da aventura no cassino do SlotSite.com! Est\u00e1 pronto para embarcar em uma aventura de jackpot inesquec\u00edvel? Registre-se no SlotSite.com Casino hoje mesmo e descubra nossa impressionante sele\u00e7\u00e3o de jogos de ca\u00e7a-n\u00edqueis com jackpot. Com jackpots fixos e jackpots progressivos esperando para serem ganhos, cada giro traz [&hellip;]<\/p>\n","protected":false},"author":1,"featured_media":0,"parent":0,"menu_order":0,"comment_status":"closed","ping_status":"closed","template":"templates\/category.php","meta":{"footnotes":""},"class_list":["post-96","page","type-page","status-publish","hentry"],"translation":{"provider":"WPGlobus","version":"2.12.2","language":"pt","enabled_languages":["en","ca","fi","no","ja","es","pt","qc","gb","ir","nz","sa","in"],"languages":{"en":{"title":true,"content":true,"excerpt":false},"ca":{"title":true,"content":true,"excerpt":false},"fi":{"title":true,"content":false,"excerpt":false},"no":{"title":true,"content":true,"excerpt":false},"ja":{"title":true,"content":true,"excerpt":false},"es":{"title":true,"content":true,"excerpt":false},"pt":{"title":true,"content":true,"excerpt":false},"qc":{"title":true,"content":true,"excerpt":false},"gb":{"title":true,"content":false,"excerpt":false},"ir":{"title":true,"content":false,"excerpt":false},"nz":{"title":true,"content":false,"excerpt":false},"sa":{"title":true,"content":false,"excerpt":false},"in":{"title":true,"content":true,"excerpt":false}}},"acf":[],"yoast_head":"<!-- This site is optimized with the Yoast SEO plugin v20.11 - https:\/\/yoast.com\/wordpress\/plugins\/seo\/ -->\n<title>Slotsite<\/title>\n<meta name=\"robots\" content=\"index, follow, max-snippet:-1, max-image-preview:large, max-video-preview:-1\" \/>\n<link rel=\"canonical\" href=\"https:\/\/slotsite.mediacle.net\/slots\/\" \/>\n<meta property=\"og:locale\" content=\"pt_PT\" \/>\n<meta property=\"og:type\" content=\"article\" \/>\n<meta property=\"og:url\" content=\"https:\/\/slotsite.mediacle.net\/slots\/\" \/>\n<meta property=\"og:site_name\" content=\"Slotsite\" \/>\n<meta property=\"article:modified_time\" content=\"2023-08-24T11:26:33+00:00\" \/>\n<meta name=\"twitter:card\" content=\"summary_large_image\" \/>\n<meta name=\"twitter:label1\" content=\"Est. reading time\" \/>\n\t<meta name=\"twitter:data1\" content=\"6 minutes\" \/>\n<script type=\"application\/ld+json\" class=\"yoast-schema-graph\">{\"@context\":\"https:\/\/schema.org\",\"@graph\":[{\"@type\":\"WebPage\",\"@id\":\"https:\/\/slotsite.mediacle.net\/slots\/\",\"url\":\"https:\/\/slotsite.mediacle.net\/slots\/\",\"name\":\"\",\"isPartOf\":{\"@id\":\"https:\/\/slotsite.mediacle.net\/#website\"},\"datePublished\":\"2023-05-26T11:51:27+00:00\",\"dateModified\":\"2023-08-24T11:26:33+00:00\",\"description\":\"\",\"breadcrumb\":{\"@id\":\"https:\/\/slotsite.mediacle.net\/slots\/#breadcrumb\"},\"inLanguage\":\"pt-PT\",\"potentialAction\":[{\"@type\":\"ReadAction\",\"target\":[\"https:\/\/slotsite.mediacle.net\/slots\/\"]}]},{\"@type\":\"BreadcrumbList\",\"@id\":\"https:\/\/slotsite.mediacle.net\/slots\/#breadcrumb\",\"itemListElement\":[{\"@type\":\"ListItem\",\"position\":1,\"name\":\"Home\",\"item\":\"https:\/\/slotsite.mediacle.net\/\"},{\"@type\":\"ListItem\",\"position\":2,\"name\":\"Online Slot Site Games\"}]},{\"@type\":\"WebSite\",\"@id\":\"https:\/\/slotsite.mediacle.net\/#website\",\"url\":\"https:\/\/slotsite.mediacle.net\/\",\"name\":\"Slotsite\",\"description\":\"\",\"potentialAction\":[{\"@type\":\"SearchAction\",\"target\":{\"@type\":\"EntryPoint\",\"urlTemplate\":\"https:\/\/slotsite.mediacle.net\/?s={search_term_string}\"},\"query-input\":\"required name=search_term_string\"}],\"inLanguage\":\"pt-PT\"}]}<\/script>\n<!-- \/ Yoast SEO plugin. -->","yoast_head_json":{"title":"Slotsite","robots":{"index":"index","follow":"follow","max-snippet":"max-snippet:-1","max-image-preview":"max-image-preview:large","max-video-preview":"max-video-preview:-1"},"canonical":"https:\/\/slotsite.mediacle.net\/slots\/","og_locale":"pt_PT","og_type":"article","og_url":"https:\/\/slotsite.mediacle.net\/slots\/","og_site_name":"Slotsite","article_modified_time":"2023-08-24T11:26:33+00:00","twitter_card":"summary_large_image","twitter_misc":{"Est. reading time":"6 minutes"},"schema":{"@context":"https:\/\/schema.org","@graph":[{"@type":"WebPage","@id":"https:\/\/slotsite.mediacle.net\/slots\/","url":"https:\/\/slotsite.mediacle.net\/slots\/","name":"","isPartOf":{"@id":"https:\/\/slotsite.mediacle.net\/#website"},"datePublished":"2023-05-26T11:51:27+00:00","dateModified":"2023-08-24T11:26:33+00:00","description":"","breadcrumb":{"@id":"https:\/\/slotsite.mediacle.net\/slots\/#breadcrumb"},"inLanguage":"pt-PT","potentialAction":[{"@type":"ReadAction","target":["https:\/\/slotsite.mediacle.net\/slots\/"]}]},{"@type":"BreadcrumbList","@id":"https:\/\/slotsite.mediacle.net\/slots\/#breadcrumb","itemListElement":[{"@type":"ListItem","position":1,"name":"Home","item":"https:\/\/slotsite.mediacle.net\/"},{"@type":"ListItem","position":2,"name":"Online Slot Site Games"}]},{"@type":"WebSite","@id":"https:\/\/slotsite.mediacle.net\/#website","url":"https:\/\/slotsite.mediacle.net\/","name":"Slotsite","description":"","potentialAction":[{"@type":"SearchAction","target":{"@type":"EntryPoint","urlTemplate":"https:\/\/slotsite.mediacle.net\/?s={search_term_string}"},"query-input":"required name=search_term_string"}],"inLanguage":"pt-PT"}]}},"_links":{"self":[{"href":"https:\/\/slotsite.mediacle.net\/pt\/wp-json\/wp\/v2\/pages\/96","targetHints":{"allow":["GET"]}}],"collection":[{"href":"https:\/\/slotsite.mediacle.net\/pt\/wp-json\/wp\/v2\/pages"}],"about":[{"href":"https:\/\/slotsite.mediacle.net\/pt\/wp-json\/wp\/v2\/types\/page"}],"author":[{"embeddable":true,"href":"https:\/\/slotsite.mediacle.net\/pt\/wp-json\/wp\/v2\/users\/1"}],"replies":[{"embeddable":true,"href":"https:\/\/slotsite.mediacle.net\/pt\/wp-json\/wp\/v2\/comments?post=96"}],"version-history":[{"count":46,"href":"https:\/\/slotsite.mediacle.net\/pt\/wp-json\/wp\/v2\/pages\/96\/revisions"}],"predecessor-version":[{"id":2186,"href":"https:\/\/slotsite.mediacle.net\/pt\/wp-json\/wp\/v2\/pages\/96\/revisions\/2186"}],"wp:attachment":[{"href":"https:\/\/slotsite.mediacle.net\/pt\/wp-json\/wp\/v2\/media?parent=96"}],"curies":[{"name":"wp","href":"https:\/\/api.w.org\/{rel}","templated":true}]}}