{"id":173,"date":"2023-07-10T06:20:04","date_gmt":"2023-07-10T06:20:04","guid":{"rendered":"https:\/\/slotsite.mediacle.net\/?page_id=173"},"modified":"2023-08-31T08:45:10","modified_gmt":"2023-08-31T08:45:10","slug":"jackpots","status":"publish","type":"page","link":"https:\/\/slotsite.mediacle.net\/qc\/jackpots\/","title":{"rendered":"Machines \u00e0 sous \u00e0 jackpot progressif"},"content":{"rendered":"<h2 style=\"text-align: justify;\"><strong>Profitez des jeux de machines \u00e0 sous Jackpot et rejoignez l&#8217;aventure au casino SlotSite.com !<\/strong><\/h2>\n<p style=\"text-align: justify;\">\u00cates-vous pr\u00eat \u00e0 vous embarquer dans une aventure jackpot inoubliable ? Inscrivez-vous au casino SlotSite.com d\u00e8s aujourd&#8217;hui et d\u00e9couvrez notre impressionnante s\u00e9lection de jeux de machines \u00e0 sous \u00e0 jackpot. Avec des jackpots fixes et des jackpots progressifs qui attendent d&#8217;\u00eatre remport\u00e9s, chaque tour apporte un potentiel d&#8217;excitation, des r\u00e9compenses massives et la chance de devenir le prochain gagnant du jackpot. Faites passer votre exp\u00e9rience du casino en ligne \u00e0 la vitesse sup\u00e9rieure et participez \u00e0 la chasse aux incroyables jackpots. Bonne chance !<\/p>\n<p style=\"text-align: justify;\">Si vous recherchez l&#8217;ultime chance de gagner gros, nos jeux de machines \u00e0 sous \u00e0 jackpot sont le choix id\u00e9al. Au casino SlotSite.com, nous proposons une large gamme de machines \u00e0 sous \u00e0 jackpot qui vous tiendront en haleine \u00e0 chaque tour. Plongeons dans le monde des machines \u00e0 sous \u00e0 jackpot fixe et \u00e0 jackpot progressif, o\u00f9 la fortune vous attend.<\/p>\n<h3 style=\"text-align: justify;\"><strong>Qu&#8217;est-ce qu&#8217;une machine \u00e0 sous Jackpot ?<\/strong><\/h3>\n<p style=\"text-align: justify;\">Les machines \u00e0 sous \u00e0 jackpot sont une cat\u00e9gorie sp\u00e9ciale de machines \u00e0 sous en ligne qui offrent un grand prix, appel\u00e9 jackpot. Il en existe deux types principaux : les machines \u00e0 sous \u00e0 jackpot fixe et les machines \u00e0 sous \u00e0 jackpot progressif.<\/p>\n<h3 style=\"text-align: justify;\"><strong>Machines \u00e0 sous \u00e0 jackpot fixe :<\/strong><\/h3>\n<p style=\"text-align: justify;\">Dans les machines \u00e0 sous \u00e0 jackpot fixe, le montant du jackpot reste constant et ne change pas. Il offre un prix pr\u00e9d\u00e9termin\u00e9 pour l&#8217;obtention d&#8217;une combinaison gagnante sp\u00e9cifique. Bien que le jackpot soit plus petit que les jackpots progressifs, les jackpots fixes offrent des gains plus fr\u00e9quents et plus raisonnables. Ils constituent un choix populaire pour les joueurs qui recherchent certains paiements fixes et qui appr\u00e9cient le plaisir de remporter des gains importants. Les machines \u00e0 sous \u00e0 jackpot fixe proposent souvent diverses fonctions bonus, notamment des tours gratuits, des multiplicateurs et des tours de bonus, qui am\u00e9liorent l&#8217;exp\u00e9rience de jeu globale et offrent des possibilit\u00e9s de gains suppl\u00e9mentaires.<\/p>\n<h3 style=\"text-align: justify;\"><strong>Machines \u00e0 sous \u00e0 jackpot progressif :<\/strong><\/h3>\n<p style=\"text-align: justify;\">Les machines \u00e0 sous \u00e0 jackpot progressif, quant \u00e0 elles, offrent la possibilit\u00e9 de gagner des sommes colossales qui changent la vie. Ces jackpots ne sont pas fixes et augmentent progressivement au fur et \u00e0 mesure que les joueurs placent des paris sur le jeu dans plusieurs casinos en ligne. Une partie de chaque mise contribue \u00e0 la cagnotte, ce qui lui permet d&#8217;atteindre des montants stup\u00e9fiants. L&#8217;attrait d&#8217;un jackpot massif et toujours croissant cr\u00e9e une exp\u00e9rience exaltante pour les joueurs. Gardez \u00e0 l&#8217;esprit qu&#8217;il est rare de d\u00e9crocher un jackpot progressif, mais que chaque tour de machine offre la possibilit\u00e9 d&#8217;\u00eatre l&#8217;heureux gagnant. Les machines \u00e0 sous \u00e0 jackpot progressif proposent souvent des tours de bonus passionnants ou des d\u00e9clencheurs qui peuvent activer le jackpot, offrant ainsi aux joueurs une chance de remporter l&#8217;incroyable prix.<\/p>\n<h3 style=\"text-align: justify;\"><strong>Comment jouer aux machines \u00e0 sous Jackpot :<\/strong><\/h3>\n<p style=\"text-align: justify;\">Jouer aux machines \u00e0 sous \u00e0 jackpot est une exp\u00e9rience passionnante et simple qui offre la possibilit\u00e9 de gagner des prix incroyables. Voici un guide \u00e9tape par \u00e9tape sur la fa\u00e7on de jouer :<\/p>\n<p style=\"text-align: justify;\">Choisissez votre machine \u00e0 sous \u00e0 jackpot : parcourez notre vaste collection de machines \u00e0 sous \u00e0 jackpot et s\u00e9lectionnez celle qui vous pla\u00eet le plus. Prenez en compte le th\u00e8me, les caract\u00e9ristiques du jeu et le type de jackpot pour trouver le jeu id\u00e9al correspondant \u00e0 vos pr\u00e9f\u00e9rences. Que vous pr\u00e9f\u00e9riez les th\u00e8mes classiques, les qu\u00eates pleines d&#8217;aventures ou les d\u00e9cors int\u00e9ressants, nous disposons d&#8217;une grande vari\u00e9t\u00e9 d&#8217;options et de fournisseurs de logiciels pour r\u00e9pondre aux go\u00fbts de tous les joueurs.<\/p>\n<p style=\"text-align: justify;\">R\u00e9glez votre mise : Avant de faire tourner les rouleaux, d\u00e9finissez le montant de votre mise. Ajustez la valeur des pi\u00e8ces et le nombre de lignes de paiement, le cas \u00e9ch\u00e9ant, pour d\u00e9terminer la mise totale par tour. Gardez \u00e0 l&#8217;esprit que certaines machines \u00e0 sous \u00e0 jackpot peuvent exiger des mises maximales pour \u00eatre \u00e9ligibles au jackpot. Consultez toujours les r\u00e8gles du jeu et le tableau des gains pour comprendre les exigences sp\u00e9cifiques en mati\u00e8re de mise. Jouez toujours de mani\u00e8re responsable et connaissez vos limites.<\/p>\n<p style=\"text-align: justify;\">Familiarisez-vous avec le jeu : Prenez le temps de vous familiariser avec les m\u00e9canismes du jeu, le tableau des gains et les fonctions sp\u00e9ciales. Chaque machine \u00e0 sous \u00e0 jackpot poss\u00e8de des symboles, des tours de bonus et des combinaisons gagnantes qui lui sont propres. Comprendre les r\u00e8gles et les r\u00e9compenses potentielles am\u00e9liorera votre exp\u00e9rience de jeu et augmentera vos chances de gagner.<\/p>\n<p style=\"text-align: justify;\">Faites tourner les rouleaux : Une fois que vous \u00eates pr\u00eat, appuyez sur le bouton &#8220;spin&#8221; et regardez les rouleaux s&#8217;animer. Asseyez-vous, d\u00e9tendez-vous et laissez le jeu se d\u00e9rouler. Le r\u00e9sultat de chaque tour est d\u00e9termin\u00e9 par un g\u00e9n\u00e9rateur de nombres al\u00e9atoires, ce qui garantit des r\u00e9sultats justes et impartiaux. Appr\u00e9ciez les images et les effets sonores tout en recherchant les gains du jackpot.<\/p>\n<p style=\"text-align: justify;\">D\u00e9clencher les fonctions bonus : De nombreuses machines \u00e0 sous \u00e0 jackpot proposent des fonctions bonus passionnantes qui peuvent augmenter consid\u00e9rablement vos gains. Recherchez les symboles sp\u00e9ciaux qui peuvent d\u00e9clencher des tours gratuits, des multiplicateurs ou des tours de bonus. Ces fonctions offrent des possibilit\u00e9s suppl\u00e9mentaires de maximiser les gains et vous rapprochent du jackpot tant convoit\u00e9.<\/p>\n<p style=\"text-align: justify;\">Gains de jackpot fixe : dans les machines \u00e0 sous \u00e0 jackpot fixe, le fait de d\u00e9crocher la combinaison sp\u00e9cifique requise pour le jackpot vous permet de gagner le montant pr\u00e9d\u00e9termin\u00e9. Les jackpots fixes ont souvent diff\u00e9rents niveaux, avec des paiements plus \u00e9lev\u00e9s pour des combinaisons plus difficiles. Continuez \u00e0 tourner et \u00e0 viser les gains les plus \u00e9lev\u00e9s !<\/p>\n<p style=\"text-align: justify;\">Chasse au jackpot progressif : Dans les machines \u00e0 sous \u00e0 jackpot progressif, le jackpot continue d&#8217;augmenter au fur et \u00e0 mesure que les joueurs misent sur le jeu. Bien que les chances de toucher le jackpot soient rares, il est important de se rappeler que chaque tour vous donne une chance d&#8217;\u00eatre l&#8217;heureux gagnant. Pendant que vous jouez, gardez un \u0153il sur le compteur du jackpot, qui affiche le montant actuel du prix. Le suspense monte \u00e0 chaque mise, car vous esp\u00e9rez d\u00e9clencher le jackpot et remporter le prix qui changera votre vie. C&#8217;est un jeu divertissant, plein d&#8217;anticipation et d&#8217;excitation.<\/p>\n<h3 style=\"text-align: justify;\"><strong>Pourquoi choisir les jeux de la machine \u00e0 sous Jackpot au casino SlotSite.com ?<\/strong><\/h3>\n<p style=\"text-align: justify;\">Vari\u00e9t\u00e9 : Nos jeux de machines \u00e0 sous \u00e0 jackpot sont disponibles dans une grande vari\u00e9t\u00e9 de th\u00e8mes, ce qui garantit qu&#8217;il y en a pour tous les go\u00fbts. Des personnages populaires aux civilisations anciennes et aux cr\u00e9atures mythiques, des qu\u00eates pleines d&#8217;aventures aux jeux inspir\u00e9s d&#8217;Hollywood, vous n&#8217;avez que l&#8217;embarras du choix.<\/p>\n<p style=\"text-align: justify;\">Des gains qui changent la vie : Avec les machines \u00e0 sous \u00e0 jackpot fixe et \u00e0 jackpot progressif, vous avez la possibilit\u00e9 de gagner des sommes d&#8217;argent consid\u00e9rables. Un seul tour peut transformer vos r\u00eaves en r\u00e9alit\u00e9.<\/p>\n<p style=\"text-align: justify;\">Un jeu amusant : Les jeux de machines \u00e0 sous \u00e0 jackpot sont con\u00e7us pour \u00eatre amusants gr\u00e2ce \u00e0 diff\u00e9rentes caract\u00e9ristiques de jeu attrayantes. Vivez l&#8217;exp\u00e9rience des jackpots massifs de Las Vegas dans le confort de votre maison.<\/p>\n<p style=\"text-align: justify;\">Jeux mobiles : Profitez de l&#8217;excitation des machines \u00e0 sous \u00e0 jackpot lors de vos d\u00e9placements gr\u00e2ce \u00e0 notre plateforme adapt\u00e9e aux mobiles. Que vous jouiez sur votre smartphone ou votre tablette, nos jeux sont optimis\u00e9s pour une excellente exp\u00e9rience sur n&#8217;importe quel appareil.<\/p>\n<h3 style=\"text-align: justify;\"><strong>Rejoignez l&#8217;aventure du Jackpot au casino SlotSite.com :<\/strong><\/h3>\n<p style=\"text-align: justify;\">\u00cates-vous pr\u00eat \u00e0 rechercher le frisson du jackpot et \u00e0 vous lancer \u00e0 la conqu\u00eate des gros gains ? Inscrivez-vous au casino SlotSite.com d\u00e8s aujourd&#8217;hui pour d\u00e9couvrir notre incroyable s\u00e9lection de jeux de machines \u00e0 sous \u00e0 jackpot. Faites votre choix parmi les machines \u00e0 sous \u00e0 jackpot fixe ou \u00e0 jackpot progressif et profitez de la possibilit\u00e9 de gains massifs ! N&#8217;oubliez jamais de conna\u00eetre et de fixer vos limites. Jouez de mani\u00e8re responsable. Les jeux d&#8217;argent peuvent cr\u00e9er une d\u00e9pendance.<\/p>\n","protected":false},"excerpt":{"rendered":"<p>Profitez des jeux de machines \u00e0 sous Jackpot et rejoignez l&#8217;aventure au casino SlotSite.com ! \u00cates-vous pr\u00eat \u00e0 vous embarquer dans une aventure jackpot inoubliable ? Inscrivez-vous au casino SlotSite.com d\u00e8s aujourd&#8217;hui et d\u00e9couvrez notre impressionnante s\u00e9lection de jeux de machines \u00e0 sous \u00e0 jackpot. Avec des jackpots fixes et des jackpots progressifs qui attendent [&hellip;]<\/p>\n","protected":false},"author":1,"featured_media":0,"parent":0,"menu_order":0,"comment_status":"closed","ping_status":"closed","template":"templates\/category.php","meta":{"footnotes":""},"class_list":["post-173","page","type-page","status-publish","hentry"],"translation":{"provider":"WPGlobus","version":"2.12.2","language":"qc","enabled_languages":["en","ca","fi","no","ja","es","pt","qc","gb","ir","nz","sa","in"],"languages":{"en":{"title":true,"content":true,"excerpt":false},"ca":{"title":true,"content":true,"excerpt":false},"fi":{"title":true,"content":true,"excerpt":false},"no":{"title":true,"content":true,"excerpt":false},"ja":{"title":true,"content":true,"excerpt":false},"es":{"title":true,"content":true,"excerpt":false},"pt":{"title":true,"content":true,"excerpt":false},"qc":{"title":true,"content":true,"excerpt":false},"gb":{"title":true,"content":true,"excerpt":false},"ir":{"title":false,"content":false,"excerpt":false},"nz":{"title":false,"content":false,"excerpt":false},"sa":{"title":false,"content":false,"excerpt":false},"in":{"title":true,"content":true,"excerpt":false}}},"acf":[],"yoast_head":"<!-- This site is optimized with the Yoast SEO plugin v20.11 - https:\/\/yoast.com\/wordpress\/plugins\/seo\/ -->\n<title>\u00c0 la recherche d&#039;\u00e9normes gains : jouez \u00e0 des jeux \u00e0 jackpot progressif et courez apr\u00e8s les gros prix !<\/title>\n<meta name=\"description\" content=\"D\u00e9couvrez l&#039;attrait des jeux \u00e0 jackpot progressif, o\u00f9 chaque pari contribue \u00e0 d&#039;\u00e9normes cagnottes. Jouez maintenant pour tenter votre chance et remporter des gains qui changeront votre vie et qui continueront de cro\u00eetre jusqu&#039;\u00e0 ce qu&#039;ils soient r\u00e9clam\u00e9s. Rejoignez l&#039;excitation et embarquez pour un voyage pour gagner gros avec notre s\u00e9lection de jeux passionnants \u00e0 jackpot progressif.\" \/>\n<meta name=\"robots\" content=\"index, follow, max-snippet:-1, max-image-preview:large, max-video-preview:-1\" \/>\n<link rel=\"canonical\" href=\"https:\/\/slotsite.mediacle.net\/jackpots\/\" \/>\n<meta property=\"og:locale\" content=\"fr_CA\" \/>\n<meta property=\"og:type\" content=\"article\" \/>\n<meta property=\"og:title\" content=\"\u00c0 la recherche d&#039;\u00e9normes gains : jouez \u00e0 des jeux \u00e0 jackpot progressif et courez apr\u00e8s les gros prix !\" \/>\n<meta property=\"og:description\" content=\"D\u00e9couvrez l&#039;attrait des jeux \u00e0 jackpot progressif, o\u00f9 chaque pari contribue \u00e0 d&#039;\u00e9normes cagnottes. Jouez maintenant pour tenter votre chance et remporter des gains qui changeront votre vie et qui continueront de cro\u00eetre jusqu&#039;\u00e0 ce qu&#039;ils soient r\u00e9clam\u00e9s. Rejoignez l&#039;excitation et embarquez pour un voyage pour gagner gros avec notre s\u00e9lection de jeux passionnants \u00e0 jackpot progressif.\" \/>\n<meta property=\"og:url\" content=\"https:\/\/slotsite.mediacle.net\/jackpots\/\" \/>\n<meta property=\"og:site_name\" content=\"Slotsite\" \/>\n<meta property=\"article:modified_time\" content=\"2023-08-31T08:45:10+00:00\" \/>\n<meta name=\"twitter:card\" content=\"summary_large_image\" \/>\n<meta name=\"twitter:label1\" content=\"Est. reading time\" \/>\n\t<meta name=\"twitter:data1\" content=\"6 minutes\" \/>\n<script type=\"application\/ld+json\" class=\"yoast-schema-graph\">{\"@context\":\"https:\/\/schema.org\",\"@graph\":[{\"@type\":\"WebPage\",\"@id\":\"https:\/\/slotsite.mediacle.net\/jackpots\/\",\"url\":\"https:\/\/slotsite.mediacle.net\/jackpots\/\",\"name\":\"\u092d\u093e\u0930\u0940 \u091c\u0940\u0924 \u0915\u0940 \u0924\u0932\u093e\u0936: \u092a\u094d\u0930\u0917\u0924\u093f\u0936\u0940\u0932 \u091c\u0948\u0915\u092a\u0949\u091f \u0917\u0947\u092e \u0916\u0947\u0932\u0947\u0902 \u0914\u0930 \u092c\u0921\u093c\u0947 \u092a\u0941\u0930\u0938\u094d\u0915\u093e\u0930\u094b\u0902 \u0915\u093e \u092a\u0940\u091b\u093e \u0915\u0930\u0947\u0902!\",\"isPartOf\":{\"@id\":\"https:\/\/slotsite.mediacle.net\/#website\"},\"datePublished\":\"2023-07-10T06:20:04+00:00\",\"dateModified\":\"2023-08-31T08:45:10+00:00\",\"description\":\"\u092a\u094d\u0930\u0917\u0924\u093f\u0936\u0940\u0932 \u091c\u0948\u0915\u092a\u0949\u091f \u0917\u0947\u092e \u0915\u0947 \u0906\u0915\u0930\u094d\u0937\u0923 \u0915\u0940 \u0916\u094b\u091c \u0915\u0930\u0947\u0902, \u091c\u0939\u093e\u0902 \u092a\u094d\u0930\u0924\u094d\u092f\u0947\u0915 \u0926\u093e\u0902\u0935 \u092c\u0921\u093c\u0947 \u092a\u0948\u092e\u093e\u0928\u0947 \u092a\u0930 \u092a\u0941\u0930\u0938\u094d\u0915\u093e\u0930 \u092a\u0942\u0932 \u092e\u0947\u0902 \u092f\u094b\u0917\u0926\u093e\u0928 \u0926\u0947\u0924\u093e \u0939\u0948\u0964 \u091c\u0940\u0935\u0928 \u092c\u0926\u0932\u0928\u0947 \u0935\u093e\u0932\u0940 \u091c\u0940\u0924 \u0915\u0947 \u0932\u093f\u090f \u0905\u092d\u0940 \u0916\u0947\u0932\u0947\u0902 \u091c\u094b \u0924\u092c \u0924\u0915 \u092c\u0922\u093c\u0924\u0940 \u0930\u0939\u0924\u0940 \u0939\u0948\u0902 \u091c\u092c \u0924\u0915 \u0915\u093f \u0909\u0928\u0915\u093e \u0926\u093e\u0935\u093e \u0928 \u0915\u0930 \u0932\u093f\u092f\u093e \u091c\u093e\u090f\u0964 \u0909\u0924\u094d\u0938\u093e\u0939 \u092e\u0947\u0902 \u0936\u093e\u092e\u093f\u0932 \u0939\u094b\u0902 \u0914\u0930 \u0930\u094b\u092e\u093e\u0902\u091a\u0915 \u092a\u094d\u0930\u0917\u0924\u093f\u0936\u0940\u0932 \u091c\u0948\u0915\u092a\u0949\u091f \u0917\u0947\u092e\u094d\u0938 \u0915\u0947 \u0939\u092e\u093e\u0930\u0947 \u091a\u092f\u0928 \u0915\u0947 \u0938\u093e\u0925 \u092c\u0921\u093c\u0940 \u091c\u0940\u0924 \u0915\u0940 \u092f\u093e\u0924\u094d\u0930\u093e \u0936\u0941\u0930\u0942 \u0915\u0930\u0947\u0902\u0964\",\"breadcrumb\":{\"@id\":\"https:\/\/slotsite.mediacle.net\/jackpots\/#breadcrumb\"},\"inLanguage\":\"fr-CA\",\"potentialAction\":[{\"@type\":\"ReadAction\",\"target\":[\"https:\/\/slotsite.mediacle.net\/jackpots\/\"]}]},{\"@type\":\"BreadcrumbList\",\"@id\":\"https:\/\/slotsite.mediacle.net\/jackpots\/#breadcrumb\",\"itemListElement\":[{\"@type\":\"ListItem\",\"position\":1,\"name\":\"Home\",\"item\":\"https:\/\/slotsite.mediacle.net\/\"},{\"@type\":\"ListItem\",\"position\":2,\"name\":\"Progressive Jackpot Slots\"}]},{\"@type\":\"WebSite\",\"@id\":\"https:\/\/slotsite.mediacle.net\/#website\",\"url\":\"https:\/\/slotsite.mediacle.net\/\",\"name\":\"Slotsite\",\"description\":\"\",\"potentialAction\":[{\"@type\":\"SearchAction\",\"target\":{\"@type\":\"EntryPoint\",\"urlTemplate\":\"https:\/\/slotsite.mediacle.net\/?s={search_term_string}\"},\"query-input\":\"required name=search_term_string\"}],\"inLanguage\":\"fr-CA\"}]}<\/script>\n<!-- \/ Yoast SEO plugin. -->","yoast_head_json":{"title":"\u00c0 la recherche d'\u00e9normes gains : jouez \u00e0 des jeux \u00e0 jackpot progressif et courez apr\u00e8s les gros prix !","description":"D\u00e9couvrez l'attrait des jeux \u00e0 jackpot progressif, o\u00f9 chaque pari contribue \u00e0 d'\u00e9normes cagnottes. Jouez maintenant pour tenter votre chance et remporter des gains qui changeront votre vie et qui continueront de cro\u00eetre jusqu'\u00e0 ce qu'ils soient r\u00e9clam\u00e9s. Rejoignez l'excitation et embarquez pour un voyage pour gagner gros avec notre s\u00e9lection de jeux passionnants \u00e0 jackpot progressif.","robots":{"index":"index","follow":"follow","max-snippet":"max-snippet:-1","max-image-preview":"max-image-preview:large","max-video-preview":"max-video-preview:-1"},"canonical":"https:\/\/slotsite.mediacle.net\/jackpots\/","og_locale":"fr_CA","og_type":"article","og_title":"\u00c0 la recherche d'\u00e9normes gains : jouez \u00e0 des jeux \u00e0 jackpot progressif et courez apr\u00e8s les gros prix !","og_description":"D\u00e9couvrez l'attrait des jeux \u00e0 jackpot progressif, o\u00f9 chaque pari contribue \u00e0 d'\u00e9normes cagnottes. Jouez maintenant pour tenter votre chance et remporter des gains qui changeront votre vie et qui continueront de cro\u00eetre jusqu'\u00e0 ce qu'ils soient r\u00e9clam\u00e9s. Rejoignez l'excitation et embarquez pour un voyage pour gagner gros avec notre s\u00e9lection de jeux passionnants \u00e0 jackpot progressif.","og_url":"https:\/\/slotsite.mediacle.net\/jackpots\/","og_site_name":"Slotsite","article_modified_time":"2023-08-31T08:45:10+00:00","twitter_card":"summary_large_image","twitter_misc":{"Est. reading time":"6 minutes"},"schema":{"@context":"https:\/\/schema.org","@graph":[{"@type":"WebPage","@id":"https:\/\/slotsite.mediacle.net\/jackpots\/","url":"https:\/\/slotsite.mediacle.net\/jackpots\/","name":"\u092d\u093e\u0930\u0940 \u091c\u0940\u0924 \u0915\u0940 \u0924\u0932\u093e\u0936: \u092a\u094d\u0930\u0917\u0924\u093f\u0936\u0940\u0932 \u091c\u0948\u0915\u092a\u0949\u091f \u0917\u0947\u092e \u0916\u0947\u0932\u0947\u0902 \u0914\u0930 \u092c\u0921\u093c\u0947 \u092a\u0941\u0930\u0938\u094d\u0915\u093e\u0930\u094b\u0902 \u0915\u093e \u092a\u0940\u091b\u093e \u0915\u0930\u0947\u0902!","isPartOf":{"@id":"https:\/\/slotsite.mediacle.net\/#website"},"datePublished":"2023-07-10T06:20:04+00:00","dateModified":"2023-08-31T08:45:10+00:00","description":"\u092a\u094d\u0930\u0917\u0924\u093f\u0936\u0940\u0932 \u091c\u0948\u0915\u092a\u0949\u091f \u0917\u0947\u092e \u0915\u0947 \u0906\u0915\u0930\u094d\u0937\u0923 \u0915\u0940 \u0916\u094b\u091c \u0915\u0930\u0947\u0902, \u091c\u0939\u093e\u0902 \u092a\u094d\u0930\u0924\u094d\u092f\u0947\u0915 \u0926\u093e\u0902\u0935 \u092c\u0921\u093c\u0947 \u092a\u0948\u092e\u093e\u0928\u0947 \u092a\u0930 \u092a\u0941\u0930\u0938\u094d\u0915\u093e\u0930 \u092a\u0942\u0932 \u092e\u0947\u0902 \u092f\u094b\u0917\u0926\u093e\u0928 \u0926\u0947\u0924\u093e \u0939\u0948\u0964 \u091c\u0940\u0935\u0928 \u092c\u0926\u0932\u0928\u0947 \u0935\u093e\u0932\u0940 \u091c\u0940\u0924 \u0915\u0947 \u0932\u093f\u090f \u0905\u092d\u0940 \u0916\u0947\u0932\u0947\u0902 \u091c\u094b \u0924\u092c \u0924\u0915 \u092c\u0922\u093c\u0924\u0940 \u0930\u0939\u0924\u0940 \u0939\u0948\u0902 \u091c\u092c \u0924\u0915 \u0915\u093f \u0909\u0928\u0915\u093e \u0926\u093e\u0935\u093e \u0928 \u0915\u0930 \u0932\u093f\u092f\u093e \u091c\u093e\u090f\u0964 \u0909\u0924\u094d\u0938\u093e\u0939 \u092e\u0947\u0902 \u0936\u093e\u092e\u093f\u0932 \u0939\u094b\u0902 \u0914\u0930 \u0930\u094b\u092e\u093e\u0902\u091a\u0915 \u092a\u094d\u0930\u0917\u0924\u093f\u0936\u0940\u0932 \u091c\u0948\u0915\u092a\u0949\u091f \u0917\u0947\u092e\u094d\u0938 \u0915\u0947 \u0939\u092e\u093e\u0930\u0947 \u091a\u092f\u0928 \u0915\u0947 \u0938\u093e\u0925 \u092c\u0921\u093c\u0940 \u091c\u0940\u0924 \u0915\u0940 \u092f\u093e\u0924\u094d\u0930\u093e \u0936\u0941\u0930\u0942 \u0915\u0930\u0947\u0902\u0964","breadcrumb":{"@id":"https:\/\/slotsite.mediacle.net\/jackpots\/#breadcrumb"},"inLanguage":"fr-CA","potentialAction":[{"@type":"ReadAction","target":["https:\/\/slotsite.mediacle.net\/jackpots\/"]}]},{"@type":"BreadcrumbList","@id":"https:\/\/slotsite.mediacle.net\/jackpots\/#breadcrumb","itemListElement":[{"@type":"ListItem","position":1,"name":"Home","item":"https:\/\/slotsite.mediacle.net\/"},{"@type":"ListItem","position":2,"name":"Progressive Jackpot Slots"}]},{"@type":"WebSite","@id":"https:\/\/slotsite.mediacle.net\/#website","url":"https:\/\/slotsite.mediacle.net\/","name":"Slotsite","description":"","potentialAction":[{"@type":"SearchAction","target":{"@type":"EntryPoint","urlTemplate":"https:\/\/slotsite.mediacle.net\/?s={search_term_string}"},"query-input":"required name=search_term_string"}],"inLanguage":"fr-CA"}]}},"_links":{"self":[{"href":"https:\/\/slotsite.mediacle.net\/qc\/wp-json\/wp\/v2\/pages\/173","targetHints":{"allow":["GET"]}}],"collection":[{"href":"https:\/\/slotsite.mediacle.net\/qc\/wp-json\/wp\/v2\/pages"}],"about":[{"href":"https:\/\/slotsite.mediacle.net\/qc\/wp-json\/wp\/v2\/types\/page"}],"author":[{"embeddable":true,"href":"https:\/\/slotsite.mediacle.net\/qc\/wp-json\/wp\/v2\/users\/1"}],"replies":[{"embeddable":true,"href":"https:\/\/slotsite.mediacle.net\/qc\/wp-json\/wp\/v2\/comments?post=173"}],"version-history":[{"count":44,"href":"https:\/\/slotsite.mediacle.net\/qc\/wp-json\/wp\/v2\/pages\/173\/revisions"}],"predecessor-version":[{"id":2317,"href":"https:\/\/slotsite.mediacle.net\/qc\/wp-json\/wp\/v2\/pages\/173\/revisions\/2317"}],"wp:attachment":[{"href":"https:\/\/slotsite.mediacle.net\/qc\/wp-json\/wp\/v2\/media?parent=173"}],"curies":[{"name":"wp","href":"https:\/\/api.w.org\/{rel}","templated":true}]}}