{"id":175,"date":"2023-07-10T06:21:44","date_gmt":"2023-07-10T06:21:44","guid":{"rendered":"https:\/\/slotsite.mediacle.net\/?page_id=175"},"modified":"2023-08-24T07:00:40","modified_gmt":"2023-08-24T07:00:40","slug":"tournaments","status":"publish","type":"page","link":"https:\/\/slotsite.mediacle.net\/qc\/tournaments\/","title":{"rendered":"Tournois de machines \u00e0 sous"},"content":{"rendered":"<p style=\"text-align: justify;\">SlotSite.com Casino est la destination ultime pour les amateurs de machines \u00e0 sous qui cherchent la chance de gagner des prix en argent gr\u00e2ce \u00e0 nos tournois de machines \u00e0 sous hebdomadaires, mensuels et \u00e0 invitation sp\u00e9ciale ! Pr\u00e9parez-vous \u00e0 faire tourner les rouleaux et \u00e0 vous propulser au sommet du classement !<\/p>\n<h2 style=\"text-align: justify;\"><strong>Tournois de machines \u00e0 sous divertissants :<\/strong><\/h2>\n<p style=\"text-align: justify;\">Nos tournois hebdomadaires de machines \u00e0 sous sont l&#8217;un des points forts de notre casino, car ils permettent aux joueurs de se mesurer r\u00e9guli\u00e8rement \u00e0 d&#8217;autres joueurs passionn\u00e9s de machines \u00e0 sous. Chaque semaine, nous vous laissons jouer \u00e0 vos jeux de machines \u00e0 sous pr\u00e9f\u00e9r\u00e9s et chaque mise en argent r\u00e9el vous rapporte des points. Plus vous accumulez de points, plus vous grimpez dans le classement. Gardez un \u0153il sur votre progression alors que vous affrontez d&#8217;autres joueurs, et efforcez-vous d&#8217;obtenir une position de premier rang pour r\u00e9clamer votre part de la cagnotte en esp\u00e8ces. Les prix du classement seront ajout\u00e9s \u00e0 votre solde d&#8217;argent et pourront \u00eatre retir\u00e9s \u00e0 tout moment.<\/p>\n<h2 style=\"text-align: justify;\"><strong>Tournois de machines \u00e0 sous mensuels et sp\u00e9ciaux :<\/strong><\/h2>\n<p style=\"text-align: justify;\">Chaque mois, nous proposons des tournois de machines \u00e0 sous sur un jeu sp\u00e9cialement s\u00e9lectionn\u00e9, ou sur n&#8217;importe quel jeu de votre choix. Nos tournois mensuels de machines \u00e0 sous sont plus importants que jamais et offrent trois fois plus de prix que les tournois quotidiens habituels. N&#8217;oubliez pas de vous abonner \u00e0 nos promotions pour conna\u00eetre les tournois surprises qui sont parfois organis\u00e9s \u00e0 l&#8217;occasion de la sortie de nouveaux jeux de machines \u00e0 sous tr\u00e8s attendus. Vous en voulez plus ? En tant que membre VIP du casino SlotSite.com, vous b\u00e9n\u00e9ficierez d&#8217;un acc\u00e8s exclusif \u00e0 nos offres sp\u00e9ciales de tournois de machines \u00e0 sous. Ces tournois sont con\u00e7us pour r\u00e9compenser nos joueurs les plus appr\u00e9ci\u00e9s avec des prix en esp\u00e8ces encore plus extraordinaires.<\/p>\n<p style=\"text-align: justify;\">Les tournois de machines \u00e0 sous permettent de gagner des points de fid\u00e9lit\u00e9 :<\/p>\n<p style=\"text-align: justify;\">Pour ajouter une couche suppl\u00e9mentaire de r\u00e9compenses \u00e0 nos tournois de machines \u00e0 sous, au fur et \u00e0 mesure de votre participation, vous progresserez \u00e0 travers diff\u00e9rents niveaux, d\u00e9bloquant des points et des avantages suppl\u00e9mentaires en cours de route. En commen\u00e7ant par le niveau 1, vous aurez la possibilit\u00e9 de vous \u00e9lever et d&#8217;atteindre le niveau 5, o\u00f9 les plus grandes r\u00e9compenses vous attendent ! Chaque niveau que vous atteignez vous apporte plus de points, des offres et des bonus exclusifs, ainsi que des privil\u00e8ges sp\u00e9ciaux pour am\u00e9liorer votre exp\u00e9rience de jeu.<\/p>\n<h2 style=\"text-align: justify;\"><strong>Comment participer :<\/strong><\/h2>\n<p style=\"text-align: justify;\">La participation \u00e0 nos tournois de machines \u00e0 sous est simple et accessible \u00e0 tous les joueurs. Voici un guide \u00e9tape par \u00e9tape pour vous aider \u00e0 d\u00e9marrer :<\/p>\n<p style=\"text-align: justify;\">Inscrivez-vous ou connectez-vous \u00e0 votre compte SlotSite.com Casino. Si vous n&#8217;\u00eates pas encore membre, la cr\u00e9ation d&#8217;un compte est rapide et facile, vous permettant d&#8217;acc\u00e9der \u00e0 nos tournois disponibles en un rien de temps.<\/p>\n<p style=\"text-align: justify;\">Visitez la section des promotions de notre site web ou de notre menu mobile, o\u00f9 vous trouverez tous les d\u00e9tails sur les tournois \u00e0 venir.<\/p>\n<p style=\"text-align: justify;\">Participez au tournoi de votre choix. Certains tournois peuvent n\u00e9cessiter un d\u00e9p\u00f4t minimum ou un code de d\u00e9p\u00f4t sp\u00e9cifique pour \u00eatre \u00e9ligibles. Consultez les exigences et les conditions du tournoi pour vous assurer que vous y participez.<\/p>\n<p style=\"text-align: justify;\">Commencez \u00e0 tourner ! Jouez au jeu de machines \u00e0 sous d\u00e9sign\u00e9 ou \u00e0 n&#8217;importe quel jeu de machines \u00e0 sous de votre choix en fonction du tournoi sp\u00e9cifique auquel vous avez particip\u00e9. Pendant la dur\u00e9e du tournoi, essayez d&#8217;obtenir le score le plus \u00e9lev\u00e9 possible ! Chaque tour vous rapportera des points, ce qui vous propulsera dans le classement. Gardez un \u0153il sur le tableau de classement pour suivre votre progression et voir comment vous vous situez par rapport aux autres participants.<\/p>\n<p style=\"text-align: justify;\">R\u00e9clamez votre prix en esp\u00e8ces bien m\u00e9rit\u00e9 ! \u00c0 la fin du tournoi, le classement final d\u00e9terminera les gagnants. Si vous arrivez en t\u00eate du classement, vous serez r\u00e9compens\u00e9 par une part de la cagnotte. Les prix sont cr\u00e9dit\u00e9s sur les comptes des gagnants peu apr\u00e8s la fin du tournoi, ce qui vous permet de retirer vos gains sans d\u00e9la<\/p>\n<h2 style=\"text-align: justify;\"><strong>Conditions d&#8217;utilisation :<\/strong><\/h2>\n<p style=\"text-align: justify;\">Pour garantir l&#8217;\u00e9quit\u00e9 et maintenir un environnement de tournoi agr\u00e9able, nous vous recommandons de vous familiariser avec les termes et conditions sp\u00e9cifiques de chaque tournoi. Celles-ci peuvent inclure des r\u00e8gles concernant les codes de d\u00e9p\u00f4t, les jeux \u00e9ligibles, les restrictions de temps et tout autre crit\u00e8re de participation. Sur la page des promotions, cliquez sur &#8220;En savoir plus&#8221; pour lire les conditions sp\u00e9cifiques et les d\u00e9tails des promotions des tournois.<\/p>\n<h2 style=\"text-align: justify;\"><strong>Participez au tournoi de machines \u00e0 sous !<\/strong><\/h2>\n<p style=\"text-align: justify;\">Rejoignez-nous au casino SlotSite.com et participez \u00e0 une large s\u00e9lection de jeux de machines \u00e0 sous nouveaux et vedettes. Nos comp\u00e9titions de classement captivantes et nos r\u00e9compenses de fid\u00e9lit\u00e9 attrayantes attendent d&#8217;\u00eatre r\u00e9clam\u00e9es. Bonne chance ! N&#8217;oubliez jamais de conna\u00eetre et de fixer vos limites. Jouez de mani\u00e8re responsable. Les jeux d&#8217;argent peuvent cr\u00e9er une d\u00e9pendance.<\/p>\n","protected":false},"excerpt":{"rendered":"<p>SlotSite.com Casino est la destination ultime pour les amateurs de machines \u00e0 sous qui cherchent la chance de gagner des prix en argent gr\u00e2ce \u00e0 nos tournois de machines \u00e0 sous hebdomadaires, mensuels et \u00e0 invitation sp\u00e9ciale ! Pr\u00e9parez-vous \u00e0 faire tourner les rouleaux et \u00e0 vous propulser au sommet du classement ! Tournois de [&hellip;]<\/p>\n","protected":false},"author":1,"featured_media":0,"parent":0,"menu_order":0,"comment_status":"closed","ping_status":"closed","template":"templates\/category.php","meta":{"footnotes":""},"class_list":["post-175","page","type-page","status-publish","hentry"],"translation":{"provider":"WPGlobus","version":"2.12.2","language":"qc","enabled_languages":["en","ca","fi","no","ja","es","pt","qc","gb","ir","nz","sa","in"],"languages":{"en":{"title":true,"content":true,"excerpt":false},"ca":{"title":true,"content":true,"excerpt":false},"fi":{"title":true,"content":true,"excerpt":false},"no":{"title":true,"content":true,"excerpt":false},"ja":{"title":true,"content":true,"excerpt":false},"es":{"title":true,"content":true,"excerpt":false},"pt":{"title":true,"content":true,"excerpt":false},"qc":{"title":true,"content":true,"excerpt":false},"gb":{"title":true,"content":true,"excerpt":false},"ir":{"title":false,"content":false,"excerpt":false},"nz":{"title":false,"content":false,"excerpt":false},"sa":{"title":false,"content":false,"excerpt":false},"in":{"title":true,"content":true,"excerpt":false}}},"acf":[],"yoast_head":"<!-- This site is optimized with the Yoast SEO plugin v20.11 - https:\/\/yoast.com\/wordpress\/plugins\/seo\/ -->\n<title>Slotsite<\/title>\n<meta name=\"robots\" content=\"index, follow, max-snippet:-1, max-image-preview:large, max-video-preview:-1\" \/>\n<link rel=\"canonical\" href=\"https:\/\/slotsite.mediacle.net\/tournaments\/\" \/>\n<meta property=\"og:locale\" content=\"fr_CA\" \/>\n<meta property=\"og:type\" content=\"article\" \/>\n<meta property=\"og:url\" content=\"https:\/\/slotsite.mediacle.net\/tournaments\/\" \/>\n<meta property=\"og:site_name\" content=\"Slotsite\" \/>\n<meta property=\"article:modified_time\" content=\"2023-08-24T07:00:40+00:00\" \/>\n<meta name=\"twitter:card\" content=\"summary_large_image\" \/>\n<meta name=\"twitter:label1\" content=\"Est. reading time\" \/>\n\t<meta name=\"twitter:data1\" content=\"3 minutes\" \/>\n<script type=\"application\/ld+json\" class=\"yoast-schema-graph\">{\"@context\":\"https:\/\/schema.org\",\"@graph\":[{\"@type\":\"WebPage\",\"@id\":\"https:\/\/slotsite.mediacle.net\/tournaments\/\",\"url\":\"https:\/\/slotsite.mediacle.net\/tournaments\/\",\"name\":\"\",\"isPartOf\":{\"@id\":\"https:\/\/slotsite.mediacle.net\/#website\"},\"datePublished\":\"2023-07-10T06:21:44+00:00\",\"dateModified\":\"2023-08-24T07:00:40+00:00\",\"description\":\"\",\"breadcrumb\":{\"@id\":\"https:\/\/slotsite.mediacle.net\/tournaments\/#breadcrumb\"},\"inLanguage\":\"fr-CA\",\"potentialAction\":[{\"@type\":\"ReadAction\",\"target\":[\"https:\/\/slotsite.mediacle.net\/tournaments\/\"]}]},{\"@type\":\"BreadcrumbList\",\"@id\":\"https:\/\/slotsite.mediacle.net\/tournaments\/#breadcrumb\",\"itemListElement\":[{\"@type\":\"ListItem\",\"position\":1,\"name\":\"Home\",\"item\":\"https:\/\/slotsite.mediacle.net\/\"},{\"@type\":\"ListItem\",\"position\":2,\"name\":\"Slot Tournaments\"}]},{\"@type\":\"WebSite\",\"@id\":\"https:\/\/slotsite.mediacle.net\/#website\",\"url\":\"https:\/\/slotsite.mediacle.net\/\",\"name\":\"Slotsite\",\"description\":\"\",\"potentialAction\":[{\"@type\":\"SearchAction\",\"target\":{\"@type\":\"EntryPoint\",\"urlTemplate\":\"https:\/\/slotsite.mediacle.net\/?s={search_term_string}\"},\"query-input\":\"required name=search_term_string\"}],\"inLanguage\":\"fr-CA\"}]}<\/script>\n<!-- \/ Yoast SEO plugin. -->","yoast_head_json":{"title":"Slotsite","robots":{"index":"index","follow":"follow","max-snippet":"max-snippet:-1","max-image-preview":"max-image-preview:large","max-video-preview":"max-video-preview:-1"},"canonical":"https:\/\/slotsite.mediacle.net\/tournaments\/","og_locale":"fr_CA","og_type":"article","og_url":"https:\/\/slotsite.mediacle.net\/tournaments\/","og_site_name":"Slotsite","article_modified_time":"2023-08-24T07:00:40+00:00","twitter_card":"summary_large_image","twitter_misc":{"Est. reading time":"3 minutes"},"schema":{"@context":"https:\/\/schema.org","@graph":[{"@type":"WebPage","@id":"https:\/\/slotsite.mediacle.net\/tournaments\/","url":"https:\/\/slotsite.mediacle.net\/tournaments\/","name":"","isPartOf":{"@id":"https:\/\/slotsite.mediacle.net\/#website"},"datePublished":"2023-07-10T06:21:44+00:00","dateModified":"2023-08-24T07:00:40+00:00","description":"","breadcrumb":{"@id":"https:\/\/slotsite.mediacle.net\/tournaments\/#breadcrumb"},"inLanguage":"fr-CA","potentialAction":[{"@type":"ReadAction","target":["https:\/\/slotsite.mediacle.net\/tournaments\/"]}]},{"@type":"BreadcrumbList","@id":"https:\/\/slotsite.mediacle.net\/tournaments\/#breadcrumb","itemListElement":[{"@type":"ListItem","position":1,"name":"Home","item":"https:\/\/slotsite.mediacle.net\/"},{"@type":"ListItem","position":2,"name":"Slot Tournaments"}]},{"@type":"WebSite","@id":"https:\/\/slotsite.mediacle.net\/#website","url":"https:\/\/slotsite.mediacle.net\/","name":"Slotsite","description":"","potentialAction":[{"@type":"SearchAction","target":{"@type":"EntryPoint","urlTemplate":"https:\/\/slotsite.mediacle.net\/?s={search_term_string}"},"query-input":"required name=search_term_string"}],"inLanguage":"fr-CA"}]}},"_links":{"self":[{"href":"https:\/\/slotsite.mediacle.net\/qc\/wp-json\/wp\/v2\/pages\/175","targetHints":{"allow":["GET"]}}],"collection":[{"href":"https:\/\/slotsite.mediacle.net\/qc\/wp-json\/wp\/v2\/pages"}],"about":[{"href":"https:\/\/slotsite.mediacle.net\/qc\/wp-json\/wp\/v2\/types\/page"}],"author":[{"embeddable":true,"href":"https:\/\/slotsite.mediacle.net\/qc\/wp-json\/wp\/v2\/users\/1"}],"replies":[{"embeddable":true,"href":"https:\/\/slotsite.mediacle.net\/qc\/wp-json\/wp\/v2\/comments?post=175"}],"version-history":[{"count":28,"href":"https:\/\/slotsite.mediacle.net\/qc\/wp-json\/wp\/v2\/pages\/175\/revisions"}],"predecessor-version":[{"id":2090,"href":"https:\/\/slotsite.mediacle.net\/qc\/wp-json\/wp\/v2\/pages\/175\/revisions\/2090"}],"wp:attachment":[{"href":"https:\/\/slotsite.mediacle.net\/qc\/wp-json\/wp\/v2\/media?parent=175"}],"curies":[{"name":"wp","href":"https:\/\/api.w.org\/{rel}","templated":true}]}}