{"id":181,"date":"2023-07-10T06:23:42","date_gmt":"2023-07-10T06:23:42","guid":{"rendered":"https:\/\/slotsite.mediacle.net\/?page_id=181"},"modified":"2023-08-31T09:55:30","modified_gmt":"2023-08-31T09:55:30","slug":"blackjack","status":"publish","type":"page","link":"https:\/\/slotsite.mediacle.net\/qc\/Jeux-de-Blackjack-en-ligne\/","title":{"rendered":"Jeux de Blackjack en ligne"},"content":{"rendered":"<h2 style=\"text-align: justify;\"><strong>Jouez \u00e0 vos jeux de blackjack pr\u00e9f\u00e9r\u00e9s et plongez dans des variantes passionnantes<\/strong><\/h2>\n<p style=\"text-align: justify;\">Entrez dans le monde du blackjack en ligne sur SlotSite.com Casino, o\u00f9 nous vous proposons une s\u00e9lection massive de jeux de blackjack captivants pour satisfaire votre exp\u00e9rience. Avec une gamme impressionnante de plus de 75 fournisseurs de logiciels de jeux, nous nous assurons que vous avez acc\u00e8s aux meilleures variations en ligne et aux jeux de blackjack avec croupier en direct pour une exp\u00e9rience de jeu inoubliable.<\/p>\n<h3 style=\"text-align: justify;\"><strong>Comment jouer au Blackjack :<\/strong><\/h3>\n<p style=\"text-align: justify;\">Si vous \u00eates novice en mati\u00e8re de blackjack ou si vous avez besoin d&#8217;un rafra\u00eechissement, les r\u00e8gles sont simples. L&#8217;objectif du jeu est d&#8217;obtenir un total de main sup\u00e9rieur \u00e0 celui du croupier, sans d\u00e9passer 21. Deux cartes vous sont distribu\u00e9es et vous avez la possibilit\u00e9 de toucher (recevoir une autre carte), de rester (conserver votre main actuelle), de doubler votre mise (doubler votre mise et recevoir une carte suppl\u00e9mentaire) ou de partager (si vos deux cartes initiales sont de la m\u00eame valeur, vous pouvez les partager en deux mains distinctes). Le croupier suit des r\u00e8gles sp\u00e9cifiques concernant le moment o\u00f9 il doit frapper ou rester. L&#8217;essentiel est d&#8217;\u00e9laborer une strat\u00e9gie et de prendre des d\u00e9cisions en fonction de la valeur de vos cartes et de la carte visible du croupier. Plus vous vous rapprochez de 21 sans d\u00e9passer, plus vous avez de chances de gagner.<\/p>\n<h3 style=\"text-align: justify;\"><strong>Blackjack classique :<\/strong><\/h3>\n<p style=\"text-align: justify;\">Jouez au blackjack classique appr\u00e9ci\u00e9 par les joueurs du monde entier. Prenez place \u00e0 nos tables de blackjack virtuelles et engagez-vous dans un jeu strat\u00e9gique avec les favoris populaires comme Vegas Strip Blackjack et Vegas Downtown Blackjack. Ces variantes traditionnelles offrent une exp\u00e9rience authentique du blackjack, avec des r\u00e8gles famili\u00e8res et une atmosph\u00e8re agr\u00e9able.<\/p>\n<h3 style=\"text-align: justify;\"><strong>Blackjack avec croupier en direct :<\/strong><\/h3>\n<p style=\"text-align: justify;\">Faites monter d&#8217;un cran votre aventure de jeu avec nos jeux de blackjack avec croupier en direct, o\u00f9 vous affronterez des croupiers professionnels en temps r\u00e9el. Ressentez l&#8217;excitation du Speed Blackjack, o\u00f9 chaque joueur a le pouvoir de prendre des d\u00e9cisions simultan\u00e9ment, ce qui se traduit par un jeu rapide comme l&#8217;\u00e9clair. Tentez votre chance avec Quantum Blackjack, o\u00f9 des multiplicateurs al\u00e9atoires peuvent faire grimper vos gains \u00e0 des niveaux astronomiques. Si vous \u00eates \u00e0 la recherche de sensations fortes, Infinite Free Bet Live Dealer Blackjack vous permet de partager et de doubler les mains qualifi\u00e9es sans co\u00fbt suppl\u00e9mentaire, maximisant ainsi votre potentiel de gains importants.<\/p>\n<h3 style=\"text-align: justify;\"><strong>Variations de Blackjack passionnantes :<\/strong><\/h3>\n<p style=\"text-align: justify;\">Pr\u00e9parez-vous \u00e0 \u00eatre captiv\u00e9 par notre collection de variantes de blackjack amusantes qui injectent des \u00e9l\u00e9ments uniques dans le jeu. D\u00e9couvrez le royaume tridimensionnel du Blackjack 3D ou faites monter l&#8217;adr\u00e9naline avec le Speed Blackjack, o\u00f9 le temps d&#8217;attente du croupier est \u00e9limin\u00e9, ce qui donne lieu \u00e0 une action ininterrompue. Ajoutez une couche suppl\u00e9mentaire d&#8217;excitation avec All Bets Live Blackjack, avec des paris lat\u00e9raux palpitants qui peuvent am\u00e9liorer votre jeu. Pour une touche de luxe VIP, rejoignez la table VIP exclusive Soiree Blackjack. Ne manquez pas non plus l&#8217;occasion de vous adonner au Blackjack illimit\u00e9, o\u00f9 la table n&#8217;est jamais pleine, ce qui vous permet d&#8217;avoir toujours une place pour montrer vos talents. Enfin, rejoignez l&#8217;atmosph\u00e8re anim\u00e9e de la Blackjack Party Live, o\u00f9 des h\u00f4tes charismatiques cr\u00e9ent une ambiance de f\u00eate vibrante pendant que vous jouez.<\/p>\n<h3 style=\"text-align: justify;\"><strong>Rejoignez l&#8217;action Blackjack aujourd&#8217;hui :<\/strong><\/h3>\n<p style=\"text-align: justify;\">L&#8217;inscription \u00e0 SlotSite.com est rapide et facile. Cliquez simplement sur le bouton &#8220;S&#8217;inscrire&#8221; et suivez les instructions pour cr\u00e9er votre compte. Une fois inscrit, vous pouvez effectuer un d\u00e9p\u00f4t en utilisant nos options bancaires s\u00e9curis\u00e9es et pratiques. N&#8217;oubliez pas de r\u00e9clamer votre bonus de bienvenue pour donner un coup de pouce \u00e0 votre aventure au blackjack ! Ensuite, rendez-vous dans l&#8217;onglet des jeux, recherchez &#8220;blackjack&#8221; et choisissez votre variante de jeu pr\u00e9f\u00e9r\u00e9e. Prenez le temps de vous familiariser avec les r\u00e8gles et les options de mise, et lorsque vous \u00eates pr\u00eat, placez vos mises et laissez les cartes parler. Jouez toujours de mani\u00e8re responsable et notre sympathique \u00e9quipe d&#8217;assistance \u00e0 la client\u00e8le est disponible 24 heures sur 24 et 7 jours sur 7 pour vous aider en cas de questions ou de probl\u00e8mes.<\/p>\n","protected":false},"excerpt":{"rendered":"<p>Jouez \u00e0 vos jeux de blackjack pr\u00e9f\u00e9r\u00e9s et plongez dans des variantes passionnantes Entrez dans le monde du blackjack en ligne sur SlotSite.com Casino, o\u00f9 nous vous proposons une s\u00e9lection massive de jeux de blackjack captivants pour satisfaire votre exp\u00e9rience. Avec une gamme impressionnante de plus de 75 fournisseurs de logiciels de jeux, nous nous [&hellip;]<\/p>\n","protected":false},"author":1,"featured_media":0,"parent":0,"menu_order":0,"comment_status":"closed","ping_status":"closed","template":"templates\/category.php","meta":{"footnotes":""},"class_list":["post-181","page","type-page","status-publish","hentry"],"translation":{"provider":"WPGlobus","version":"2.12.2","language":"qc","enabled_languages":["en","ca","fi","no","ja","es","pt","qc","gb","ir","nz","sa","in"],"languages":{"en":{"title":true,"content":true,"excerpt":false},"ca":{"title":true,"content":true,"excerpt":false},"fi":{"title":true,"content":true,"excerpt":false},"no":{"title":true,"content":true,"excerpt":false},"ja":{"title":true,"content":true,"excerpt":false},"es":{"title":true,"content":true,"excerpt":false},"pt":{"title":true,"content":true,"excerpt":false},"qc":{"title":true,"content":true,"excerpt":false},"gb":{"title":true,"content":true,"excerpt":false},"ir":{"title":false,"content":false,"excerpt":false},"nz":{"title":false,"content":false,"excerpt":false},"sa":{"title":false,"content":false,"excerpt":false},"in":{"title":true,"content":true,"excerpt":false}}},"acf":[],"yoast_head":"<!-- This site is optimized with the Yoast SEO plugin v20.11 - https:\/\/yoast.com\/wordpress\/plugins\/seo\/ -->\n<title>Blackjack Une main gagnante dans le jeu des 21 | Site de machines \u00e0 sous<\/title>\n<meta name=\"description\" content=\"Plongez-vous dans le monde passionnant du Blackjack, le jeu de cartes classique de strat\u00e9gie et de hasard. Dans ce jeu rapide, votre objectif est de d\u00e9jouer le croupier en construisant une main aussi proche que possible de 21 sans la d\u00e9passer.\" \/>\n<meta name=\"robots\" content=\"index, follow, max-snippet:-1, max-image-preview:large, max-video-preview:-1\" \/>\n<link rel=\"canonical\" href=\"https:\/\/slotsite.mediacle.net\/blackjack\/\" \/>\n<meta property=\"og:locale\" content=\"fr_CA\" \/>\n<meta property=\"og:type\" content=\"article\" \/>\n<meta property=\"og:title\" content=\"Blackjack Une main gagnante dans le jeu des 21 | Site de machines \u00e0 sous\" \/>\n<meta property=\"og:description\" content=\"Plongez-vous dans le monde passionnant du Blackjack, le jeu de cartes classique de strat\u00e9gie et de hasard. Dans ce jeu rapide, votre objectif est de d\u00e9jouer le croupier en construisant une main aussi proche que possible de 21 sans la d\u00e9passer.\" \/>\n<meta property=\"og:url\" content=\"https:\/\/slotsite.mediacle.net\/blackjack\/\" \/>\n<meta property=\"og:site_name\" content=\"Slotsite\" \/>\n<meta property=\"article:modified_time\" content=\"2023-08-31T09:55:30+00:00\" \/>\n<meta name=\"twitter:card\" content=\"summary_large_image\" \/>\n<meta name=\"twitter:label1\" content=\"Est. reading time\" \/>\n\t<meta name=\"twitter:data1\" content=\"3 minutes\" \/>\n<script type=\"application\/ld+json\" class=\"yoast-schema-graph\">{\"@context\":\"https:\/\/schema.org\",\"@graph\":[{\"@type\":\"WebPage\",\"@id\":\"https:\/\/slotsite.mediacle.net\/blackjack\/\",\"url\":\"https:\/\/slotsite.mediacle.net\/blackjack\/\",\"name\":\"Blackjack A Winning Hand in the Game of 21 | Slotsite\",\"isPartOf\":{\"@id\":\"https:\/\/slotsite.mediacle.net\/#website\"},\"datePublished\":\"2023-07-10T06:23:42+00:00\",\"dateModified\":\"2023-08-31T09:55:30+00:00\",\"description\":\"Immerse yourself in the thrilling world of Blackjack, the classic card game of strategy and chance. In this fast-paced game, your goal is to outsmart the dealer by building a hand that's as close to 21 as possible without going over.\",\"breadcrumb\":{\"@id\":\"https:\/\/slotsite.mediacle.net\/blackjack\/#breadcrumb\"},\"inLanguage\":\"fr-CA\",\"potentialAction\":[{\"@type\":\"ReadAction\",\"target\":[\"https:\/\/slotsite.mediacle.net\/blackjack\/\"]}]},{\"@type\":\"BreadcrumbList\",\"@id\":\"https:\/\/slotsite.mediacle.net\/blackjack\/#breadcrumb\",\"itemListElement\":[{\"@type\":\"ListItem\",\"position\":1,\"name\":\"Home\",\"item\":\"https:\/\/slotsite.mediacle.net\/\"},{\"@type\":\"ListItem\",\"position\":2,\"name\":\"Online Blackjack Games\"}]},{\"@type\":\"WebSite\",\"@id\":\"https:\/\/slotsite.mediacle.net\/#website\",\"url\":\"https:\/\/slotsite.mediacle.net\/\",\"name\":\"Slotsite\",\"description\":\"\",\"potentialAction\":[{\"@type\":\"SearchAction\",\"target\":{\"@type\":\"EntryPoint\",\"urlTemplate\":\"https:\/\/slotsite.mediacle.net\/?s={search_term_string}\"},\"query-input\":\"required name=search_term_string\"}],\"inLanguage\":\"fr-CA\"}]}<\/script>\n<!-- \/ Yoast SEO plugin. -->","yoast_head_json":{"title":"Blackjack Une main gagnante dans le jeu des 21 | Site de machines \u00e0 sous","description":"Plongez-vous dans le monde passionnant du Blackjack, le jeu de cartes classique de strat\u00e9gie et de hasard. Dans ce jeu rapide, votre objectif est de d\u00e9jouer le croupier en construisant une main aussi proche que possible de 21 sans la d\u00e9passer.","robots":{"index":"index","follow":"follow","max-snippet":"max-snippet:-1","max-image-preview":"max-image-preview:large","max-video-preview":"max-video-preview:-1"},"canonical":"https:\/\/slotsite.mediacle.net\/blackjack\/","og_locale":"fr_CA","og_type":"article","og_title":"Blackjack Une main gagnante dans le jeu des 21 | Site de machines \u00e0 sous","og_description":"Plongez-vous dans le monde passionnant du Blackjack, le jeu de cartes classique de strat\u00e9gie et de hasard. Dans ce jeu rapide, votre objectif est de d\u00e9jouer le croupier en construisant une main aussi proche que possible de 21 sans la d\u00e9passer.","og_url":"https:\/\/slotsite.mediacle.net\/blackjack\/","og_site_name":"Slotsite","article_modified_time":"2023-08-31T09:55:30+00:00","twitter_card":"summary_large_image","twitter_misc":{"Est. reading time":"3 minutes"},"schema":{"@context":"https:\/\/schema.org","@graph":[{"@type":"WebPage","@id":"https:\/\/slotsite.mediacle.net\/blackjack\/","url":"https:\/\/slotsite.mediacle.net\/blackjack\/","name":"Blackjack A Winning Hand in the Game of 21 | Slotsite","isPartOf":{"@id":"https:\/\/slotsite.mediacle.net\/#website"},"datePublished":"2023-07-10T06:23:42+00:00","dateModified":"2023-08-31T09:55:30+00:00","description":"Immerse yourself in the thrilling world of Blackjack, the classic card game of strategy and chance. In this fast-paced game, your goal is to outsmart the dealer by building a hand that's as close to 21 as possible without going over.","breadcrumb":{"@id":"https:\/\/slotsite.mediacle.net\/blackjack\/#breadcrumb"},"inLanguage":"fr-CA","potentialAction":[{"@type":"ReadAction","target":["https:\/\/slotsite.mediacle.net\/blackjack\/"]}]},{"@type":"BreadcrumbList","@id":"https:\/\/slotsite.mediacle.net\/blackjack\/#breadcrumb","itemListElement":[{"@type":"ListItem","position":1,"name":"Home","item":"https:\/\/slotsite.mediacle.net\/"},{"@type":"ListItem","position":2,"name":"Online Blackjack Games"}]},{"@type":"WebSite","@id":"https:\/\/slotsite.mediacle.net\/#website","url":"https:\/\/slotsite.mediacle.net\/","name":"Slotsite","description":"","potentialAction":[{"@type":"SearchAction","target":{"@type":"EntryPoint","urlTemplate":"https:\/\/slotsite.mediacle.net\/?s={search_term_string}"},"query-input":"required name=search_term_string"}],"inLanguage":"fr-CA"}]}},"_links":{"self":[{"href":"https:\/\/slotsite.mediacle.net\/qc\/wp-json\/wp\/v2\/pages\/181","targetHints":{"allow":["GET"]}}],"collection":[{"href":"https:\/\/slotsite.mediacle.net\/qc\/wp-json\/wp\/v2\/pages"}],"about":[{"href":"https:\/\/slotsite.mediacle.net\/qc\/wp-json\/wp\/v2\/types\/page"}],"author":[{"embeddable":true,"href":"https:\/\/slotsite.mediacle.net\/qc\/wp-json\/wp\/v2\/users\/1"}],"replies":[{"embeddable":true,"href":"https:\/\/slotsite.mediacle.net\/qc\/wp-json\/wp\/v2\/comments?post=181"}],"version-history":[{"count":50,"href":"https:\/\/slotsite.mediacle.net\/qc\/wp-json\/wp\/v2\/pages\/181\/revisions"}],"predecessor-version":[{"id":2356,"href":"https:\/\/slotsite.mediacle.net\/qc\/wp-json\/wp\/v2\/pages\/181\/revisions\/2356"}],"wp:attachment":[{"href":"https:\/\/slotsite.mediacle.net\/qc\/wp-json\/wp\/v2\/media?parent=181"}],"curies":[{"name":"wp","href":"https:\/\/api.w.org\/{rel}","templated":true}]}}