{"id":184,"date":"2023-07-10T06:24:27","date_gmt":"2023-07-10T06:24:27","guid":{"rendered":"https:\/\/slotsite.mediacle.net\/?page_id=184"},"modified":"2023-08-31T09:52:53","modified_gmt":"2023-08-31T09:52:53","slug":"table-games","status":"publish","type":"page","link":"https:\/\/slotsite.mediacle.net\/qc\/table-games\/","title":{"rendered":"Jeux de table du casino"},"content":{"rendered":"<p style=\"text-align: justify;\">Entrez dans la sophistication des jeux de table au casino SlotSite.com !<\/p>\n<p style=\"text-align: justify;\">D\u00e9couvrez le summum du plaisir et du divertissement au casino SlotSite.com, o\u00f9 notre s\u00e9lection de jeux de table vous offrira une collection de classiques captivants et de variantes exaltantes, soigneusement s\u00e9lectionn\u00e9s pour satisfaire vos go\u00fbts les plus exigeants. Rejoignez-nous et laissez-vous s\u00e9duire par l&#8217;art raffin\u00e9 du jeu, o\u00f9 strat\u00e9gie et chance s&#8217;entrem\u00ealent.<\/p>\n<h3 style=\"text-align: justify;\"><strong>Blackjack en ligne :<\/strong><\/h3>\n<p style=\"text-align: justify;\">D\u00e9fiez le croupier dans le jeu intemporel du <a href=\"https:\/\/slotsite.mediacle.net\/blackjack\/\"><u>Blackjack<\/u><\/a>. Engagez-vous dans de palpitantes batailles de strat\u00e9gie et d&#8217;anticipation en essayant d&#8217;obtenir un total de main proche de 21 sans d\u00e9passer ce chiffre. Explorez diff\u00e9rentes variantes, telles que le Blackjack classique, le Blackjack europ\u00e9en et le Blackjack avec croupier en direct, chacune pr\u00e9sentant des tournures et des possibilit\u00e9s strat\u00e9giques uniques.<\/p>\n<h3 style=\"text-align: justify;\"><strong>Roulette en ligne :<\/strong><\/h3>\n<p style=\"text-align: justify;\">Faites tourner la roue et laissez le jeu de la <a href=\"https:\/\/slotsite.mediacle.net\/roulette\/\"><u>roulette <\/u><\/a>vous offrir de nombreuses options de pari. Sentez l&#8217;excitation de l&#8217;anticipation lorsque la bille danse autour de la roue et s&#8217;immobilise enfin. Jouez \u00e0 la roulette europ\u00e9enne ou savourez l&#8217;action dynamique des nombreuses variantes et th\u00e8mes. Jouez \u00e0 la roulette avec croupier en direct et placez vos paris sur des nombres, des couleurs ou des combinaisons, et assistez \u00e0 la naissance de la roue du destin.<\/p>\n<h3 style=\"text-align: justify;\"><strong>Baccarat en ligne :<\/strong><\/h3>\n<p style=\"text-align: justify;\">Jouez au jeu captivant du <a href=\"https:\/\/slotsite.mediacle.net\/baccarat\/\"><u>Baccarat <\/u><\/a>et affrontez le banquier ou pariez avec lui ! Ce jeu est facile \u00e0 jouer une fois que l&#8217;on a appris \u00e0 s&#8217;y prendre, et l&#8217;objectif principal est d&#8217;obtenir une main dont la valeur est la plus proche de neuf. D\u00e9couvrez le charme classique du Punto Banco traditionnel ou explorez des variantes amusantes comme le Speed Baccarat et le No Commission Baccarat, chacune apportant une touche unique \u00e0 ce jeu bien-aim\u00e9.<\/p>\n<h3 style=\"text-align: justify;\"><strong>Jeux de poker de casino :<\/strong><\/h3>\n<p style=\"text-align: justify;\">Canalisez le strat\u00e8ge qui sommeille en vous gr\u00e2ce aux th\u00e8mes des jeux de poker de casino. Testez vos comp\u00e9tences et engagez-vous dans des batailles strat\u00e9giques au Casino Hold&#8217;em, au Texas Hold&#8217;em, au Stud et au Vid\u00e9o Poker. Effectuez des mouvements calcul\u00e9s et profitez de votre temps dans le casino avec croupier en direct.<\/p>\n<h3 style=\"text-align: justify;\"><strong>Craps en ligne :<\/strong><\/h3>\n<p style=\"text-align: justify;\">Ressentez l&#8217;excitation du <u>Craps<\/u>, un jeu qui combine \u00e0 parts \u00e9gales hasard et strat\u00e9gie. Regardez les d\u00e9s rouler et profitez de l&#8217;atmosph\u00e8re \u00e9lectrisante du studio du croupier en direct. Disponible en direct et \u00e0 la premi\u00e8re personne, vous pouvez parier sur une multitude de possibilit\u00e9s. Faites l&#8217;exp\u00e9rience de l&#8217;\u00e9nergie des d\u00e9s qui d\u00e9terminent votre destin.<\/p>\n<h3 style=\"text-align: justify;\"><strong>Sic Bo en ligne :<\/strong><\/h3>\n<p style=\"text-align: justify;\">D\u00e9couvrez les myst\u00e8res de l&#8217;Extr\u00eame-Orient avec Sic Bo, un ancien jeu de d\u00e9s qui s\u00e9duit par son attrait culturel. Pr\u00e9disez le r\u00e9sultat de trois lancers de d\u00e9s et placez vos paris sur une vari\u00e9t\u00e9 de combinaisons. Sentez l&#8217;excitation monter au fur et \u00e0 mesure que les d\u00e9s tombent, d\u00e9voilant les r\u00e9sultats qui pourraient conduire \u00e0 des gains inoubliables.<\/p>\n<p style=\"text-align: justify;\">Rejoignez-nous aujourd&#8217;hui au Casino SlotSite.com et d\u00e9couvrez l&#8217;art du Blackjack, l&#8217;attrait de la Roulette, la sophistication du Baccarat et l&#8217;excitation du Poker, du Craps et du Sic Bo. Que les jeux commencent ! Au casino SlotSite.com, nous nous effor\u00e7ons d&#8217;offrir une exp\u00e9rience de jeu exceptionnelle, en garantissant un flux rapide et l&#8217;acc\u00e8s \u00e0 des studios de jeu \u00e0 la pointe de la technologie. Que vous soyez un joueur exp\u00e9riment\u00e9 ou que vous souhaitiez essayer de nouveaux jeux de table de casino, notre s\u00e9lection compl\u00e8te de jeux int\u00e9gr\u00e9s vous offrira tout ce dont vous avez besoin. Devenez membre d\u00e8s aujourd&#8217;hui ! N&#8217;oubliez jamais de conna\u00eetre et de fixer vos limites. Jouez de mani\u00e8re responsable. Les jeux d&#8217;argent peuvent cr\u00e9er une d\u00e9pendance.<\/p>\n","protected":false},"excerpt":{"rendered":"<p>Entrez dans la sophistication des jeux de table au casino SlotSite.com ! D\u00e9couvrez le summum du plaisir et du divertissement au casino SlotSite.com, o\u00f9 notre s\u00e9lection de jeux de table vous offrira une collection de classiques captivants et de variantes exaltantes, soigneusement s\u00e9lectionn\u00e9s pour satisfaire vos go\u00fbts les plus exigeants. Rejoignez-nous et laissez-vous s\u00e9duire par [&hellip;]<\/p>\n","protected":false},"author":1,"featured_media":0,"parent":0,"menu_order":0,"comment_status":"closed","ping_status":"closed","template":"templates\/category.php","meta":{"footnotes":""},"class_list":["post-184","page","type-page","status-publish","hentry"],"translation":{"provider":"WPGlobus","version":"2.12.2","language":"qc","enabled_languages":["en","ca","fi","no","ja","es","pt","qc","gb","ir","nz","sa","in"],"languages":{"en":{"title":true,"content":true,"excerpt":false},"ca":{"title":true,"content":true,"excerpt":false},"fi":{"title":true,"content":true,"excerpt":false},"no":{"title":true,"content":true,"excerpt":false},"ja":{"title":true,"content":true,"excerpt":false},"es":{"title":true,"content":true,"excerpt":false},"pt":{"title":false,"content":true,"excerpt":false},"qc":{"title":true,"content":true,"excerpt":false},"gb":{"title":true,"content":true,"excerpt":false},"ir":{"title":false,"content":false,"excerpt":false},"nz":{"title":false,"content":false,"excerpt":false},"sa":{"title":false,"content":false,"excerpt":false},"in":{"title":true,"content":true,"excerpt":false}}},"acf":[],"yoast_head":"<!-- This site is optimized with the Yoast SEO plugin v20.11 - https:\/\/yoast.com\/wordpress\/plugins\/seo\/ -->\n<title>Lib\u00e9rez les sensations fortes : explorez une gamme de jeux de table de casino pour tous les joueurs !<\/title>\n<meta name=\"description\" content=\"Plongez dans le monde des jeux de table de casino sur notre plateforme, offrant quelque chose pour chaque joueur. Des classiques intemporels aux variantes modernes, testez vos comp\u00e9tences et votre chance dans une exp\u00e9rience de jeu dynamique.\" \/>\n<meta name=\"robots\" content=\"index, follow, max-snippet:-1, max-image-preview:large, max-video-preview:-1\" \/>\n<link rel=\"canonical\" href=\"https:\/\/slotsite.mediacle.net\/table-games\/\" \/>\n<meta property=\"og:locale\" content=\"fr_CA\" \/>\n<meta property=\"og:type\" content=\"article\" \/>\n<meta property=\"og:title\" content=\"Lib\u00e9rez les sensations fortes : explorez une gamme de jeux de table de casino pour tous les joueurs !\" \/>\n<meta property=\"og:description\" content=\"Plongez dans le monde des jeux de table de casino sur notre plateforme, offrant quelque chose pour chaque joueur. Des classiques intemporels aux variantes modernes, testez vos comp\u00e9tences et votre chance dans une exp\u00e9rience de jeu dynamique.\" \/>\n<meta property=\"og:url\" content=\"https:\/\/slotsite.mediacle.net\/table-games\/\" \/>\n<meta property=\"og:site_name\" content=\"Slotsite\" \/>\n<meta property=\"article:modified_time\" content=\"2023-08-31T09:52:53+00:00\" \/>\n<meta name=\"twitter:card\" content=\"summary_large_image\" \/>\n<meta name=\"twitter:label1\" content=\"Est. reading time\" \/>\n\t<meta name=\"twitter:data1\" content=\"3 minutes\" \/>\n<script type=\"application\/ld+json\" class=\"yoast-schema-graph\">{\"@context\":\"https:\/\/schema.org\",\"@graph\":[{\"@type\":\"WebPage\",\"@id\":\"https:\/\/slotsite.mediacle.net\/table-games\/\",\"url\":\"https:\/\/slotsite.mediacle.net\/table-games\/\",\"name\":\"Unleash the Thrills: Explore an Array of Casino Table Games for All Players!\",\"isPartOf\":{\"@id\":\"https:\/\/slotsite.mediacle.net\/#website\"},\"datePublished\":\"2023-07-10T06:24:27+00:00\",\"dateModified\":\"2023-08-31T09:52:53+00:00\",\"description\":\"Dive into the world of casino table games on our platform, offering something for every player. From timeless classics to modern variations, test your skills and luck in a dynamic gaming experience.\",\"breadcrumb\":{\"@id\":\"https:\/\/slotsite.mediacle.net\/table-games\/#breadcrumb\"},\"inLanguage\":\"fr-CA\",\"potentialAction\":[{\"@type\":\"ReadAction\",\"target\":[\"https:\/\/slotsite.mediacle.net\/table-games\/\"]}]},{\"@type\":\"BreadcrumbList\",\"@id\":\"https:\/\/slotsite.mediacle.net\/table-games\/#breadcrumb\",\"itemListElement\":[{\"@type\":\"ListItem\",\"position\":1,\"name\":\"Home\",\"item\":\"https:\/\/slotsite.mediacle.net\/\"},{\"@type\":\"ListItem\",\"position\":2,\"name\":\"Casino Table Games\"}]},{\"@type\":\"WebSite\",\"@id\":\"https:\/\/slotsite.mediacle.net\/#website\",\"url\":\"https:\/\/slotsite.mediacle.net\/\",\"name\":\"Slotsite\",\"description\":\"\",\"potentialAction\":[{\"@type\":\"SearchAction\",\"target\":{\"@type\":\"EntryPoint\",\"urlTemplate\":\"https:\/\/slotsite.mediacle.net\/?s={search_term_string}\"},\"query-input\":\"required name=search_term_string\"}],\"inLanguage\":\"fr-CA\"}]}<\/script>\n<!-- \/ Yoast SEO plugin. -->","yoast_head_json":{"title":"Lib\u00e9rez les sensations fortes : explorez une gamme de jeux de table de casino pour tous les joueurs !","description":"Plongez dans le monde des jeux de table de casino sur notre plateforme, offrant quelque chose pour chaque joueur. Des classiques intemporels aux variantes modernes, testez vos comp\u00e9tences et votre chance dans une exp\u00e9rience de jeu dynamique.","robots":{"index":"index","follow":"follow","max-snippet":"max-snippet:-1","max-image-preview":"max-image-preview:large","max-video-preview":"max-video-preview:-1"},"canonical":"https:\/\/slotsite.mediacle.net\/table-games\/","og_locale":"fr_CA","og_type":"article","og_title":"Lib\u00e9rez les sensations fortes : explorez une gamme de jeux de table de casino pour tous les joueurs !","og_description":"Plongez dans le monde des jeux de table de casino sur notre plateforme, offrant quelque chose pour chaque joueur. Des classiques intemporels aux variantes modernes, testez vos comp\u00e9tences et votre chance dans une exp\u00e9rience de jeu dynamique.","og_url":"https:\/\/slotsite.mediacle.net\/table-games\/","og_site_name":"Slotsite","article_modified_time":"2023-08-31T09:52:53+00:00","twitter_card":"summary_large_image","twitter_misc":{"Est. reading time":"3 minutes"},"schema":{"@context":"https:\/\/schema.org","@graph":[{"@type":"WebPage","@id":"https:\/\/slotsite.mediacle.net\/table-games\/","url":"https:\/\/slotsite.mediacle.net\/table-games\/","name":"Unleash the Thrills: Explore an Array of Casino Table Games for All Players!","isPartOf":{"@id":"https:\/\/slotsite.mediacle.net\/#website"},"datePublished":"2023-07-10T06:24:27+00:00","dateModified":"2023-08-31T09:52:53+00:00","description":"Dive into the world of casino table games on our platform, offering something for every player. From timeless classics to modern variations, test your skills and luck in a dynamic gaming experience.","breadcrumb":{"@id":"https:\/\/slotsite.mediacle.net\/table-games\/#breadcrumb"},"inLanguage":"fr-CA","potentialAction":[{"@type":"ReadAction","target":["https:\/\/slotsite.mediacle.net\/table-games\/"]}]},{"@type":"BreadcrumbList","@id":"https:\/\/slotsite.mediacle.net\/table-games\/#breadcrumb","itemListElement":[{"@type":"ListItem","position":1,"name":"Home","item":"https:\/\/slotsite.mediacle.net\/"},{"@type":"ListItem","position":2,"name":"Casino Table Games"}]},{"@type":"WebSite","@id":"https:\/\/slotsite.mediacle.net\/#website","url":"https:\/\/slotsite.mediacle.net\/","name":"Slotsite","description":"","potentialAction":[{"@type":"SearchAction","target":{"@type":"EntryPoint","urlTemplate":"https:\/\/slotsite.mediacle.net\/?s={search_term_string}"},"query-input":"required name=search_term_string"}],"inLanguage":"fr-CA"}]}},"_links":{"self":[{"href":"https:\/\/slotsite.mediacle.net\/qc\/wp-json\/wp\/v2\/pages\/184","targetHints":{"allow":["GET"]}}],"collection":[{"href":"https:\/\/slotsite.mediacle.net\/qc\/wp-json\/wp\/v2\/pages"}],"about":[{"href":"https:\/\/slotsite.mediacle.net\/qc\/wp-json\/wp\/v2\/types\/page"}],"author":[{"embeddable":true,"href":"https:\/\/slotsite.mediacle.net\/qc\/wp-json\/wp\/v2\/users\/1"}],"replies":[{"embeddable":true,"href":"https:\/\/slotsite.mediacle.net\/qc\/wp-json\/wp\/v2\/comments?post=184"}],"version-history":[{"count":53,"href":"https:\/\/slotsite.mediacle.net\/qc\/wp-json\/wp\/v2\/pages\/184\/revisions"}],"predecessor-version":[{"id":2355,"href":"https:\/\/slotsite.mediacle.net\/qc\/wp-json\/wp\/v2\/pages\/184\/revisions\/2355"}],"wp:attachment":[{"href":"https:\/\/slotsite.mediacle.net\/qc\/wp-json\/wp\/v2\/media?parent=184"}],"curies":[{"name":"wp","href":"https:\/\/api.w.org\/{rel}","templated":true}]}}