{"id":190,"date":"2023-07-10T06:42:26","date_gmt":"2023-07-10T06:42:26","guid":{"rendered":"https:\/\/slotsite.mediacle.net\/?page_id=190"},"modified":"2023-08-24T08:23:20","modified_gmt":"2023-08-24T08:23:20","slug":"bonus-slots","status":"publish","type":"page","link":"https:\/\/slotsite.mediacle.net\/qc\/bonus-slots\/","title":{"rendered":"Machines \u00e0 sous en ligne avec bonus"},"content":{"rendered":"<h1 style=\"text-align: justify;\"><strong>Jouez aux machines \u00e0 sous en ligne avec bonus au casino SlotSite.com aujourd&#8217;hui !<\/strong><\/h1>\n<p style=\"text-align: justify;\">Si vous recherchez une dose suppl\u00e9mentaire d&#8217;excitation et de r\u00e9compenses dans votre exp\u00e9rience de jeu aux machines \u00e0 sous, notre collection de machines \u00e0 sous en ligne avec bonus est exactement ce qu&#8217;il vous faut. Au casino SlotSite.com, nous vous proposons une grande s\u00e9lection de jeux de machines \u00e0 sous avec bonus, con\u00e7us pour \u00e9lever votre divertissement \u00e0 de nouveaux sommets.<\/p>\n<h2 style=\"text-align: justify;\"><strong>Qu&#8217;est-ce qu&#8217;une machine \u00e0 sous en ligne avec bonus ?<\/strong><\/h2>\n<p style=\"text-align: justify;\">Les machines \u00e0 sous bonus en ligne constituent une cat\u00e9gorie sp\u00e9ciale de jeux de machines \u00e0 sous qui offrent des fonctions et des r\u00e9compenses suppl\u00e9mentaires par rapport au jeu standard. Ces machines \u00e0 sous sont connues pour leurs tours de bonus passionnants, leurs symboles uniques et la possibilit\u00e9 de d\u00e9bloquer des prix impressionnants. Avec des visuels captivants et une jouabilit\u00e9 attrayante, les machines \u00e0 sous en ligne avec bonus sont quelque chose que vous voulez jouer !<\/p>\n<h2 style=\"text-align: justify;\"><strong>Explorez un monde de fonctions bonus :<\/strong><\/h2>\n<p style=\"text-align: justify;\">Pr\u00e9parez-vous \u00e0 une myriade de fonctions bonus qui vous attendent dans diff\u00e9rentes machines \u00e0 sous avec bonus de diff\u00e9rents fournisseurs. Plongeons dans les caract\u00e9ristiques passionnantes qui rendent ces jeux si attrayants :<\/p>\n<p style=\"text-align: justify;\">Wilds et Scatters : Soyez attentif aux symboles sp\u00e9ciaux tels que les jokers et les scatters, car ils peuvent d\u00e9bloquer diverses fonctions bonus. Les symboles Wild peuvent se substituer \u00e0 d&#8217;autres symboles pour cr\u00e9er des combinaisons gagnantes, tandis que les symboles Scatter d\u00e9clenchent souvent des tours gratuits ou des tours bonus.<\/p>\n<p style=\"text-align: justify;\">Tours gratuits : De nombreuses machines \u00e0 sous bonus en ligne proposent des tours gratuits au cours desquels vous pouvez faire tourner les rouleaux sans utiliser vos propres fonds. Ces tours gratuits sont souvent accompagn\u00e9s de fonctions suppl\u00e9mentaires telles que des multiplicateurs, des jokers en expansion ou des symboles empil\u00e9s, ce qui augmente vos chances de remporter de gros gains.<\/p>\n<p style=\"text-align: justify;\">Parties bonus : Plongez dans des parties bonus interactives qui vous emm\u00e8nent dans des aventures palpitantes au sein du jeu. Ces tours bonus peuvent \u00eatre des jeux de type &#8220;pick-and-win&#8221; ou des mini-jeux avec des d\u00e9fis et des r\u00e9compenses uniques.<\/p>\n<p style=\"text-align: justify;\">Multiplicateurs : Augmentez vos gains gr\u00e2ce aux symboles multiplicateurs qui augmentent les gains des combinaisons gagnantes. Les multiplicateurs peuvent varier consid\u00e9rablement, ce qui vous permet de multiplier vos gains de mani\u00e8re significative.<\/p>\n<p style=\"text-align: justify;\">Roues en cascade : Certaines machines \u00e0 sous bonus proposent des rouleaux en cascade, o\u00f9 les symboles gagnants sont retir\u00e9s des rouleaux et remplac\u00e9s par de nouveaux, ce qui permet d&#8217;obtenir des gains cons\u00e9cutifs en un seul tour.<\/p>\n<h2 style=\"text-align: justify;\"><strong>Exemples de machines \u00e0 sous bonus en ligne populaires :<\/strong><\/h2>\n<p style=\"text-align: justify;\">Voici quelques exemples de jeux de machines \u00e0 sous bonus en ligne populaires qui illustrent la vari\u00e9t\u00e9 et l&#8217;int\u00e9r\u00eat de ce genre de jeux :<\/p>\n<p style=\"text-align: justify;\">Starburst : Embarquez pour une aventure intergalactique dans cette machine \u00e0 sous embl\u00e9matique de NetEnt. Starburst propose des wilds en expansion, des respins et un design envo\u00fbtant sur le th\u00e8me des bijoux. Avec un RTP \u00e9lev\u00e9 de 96,09 % et une volatilit\u00e9 moyenne, les joueurs peuvent s&#8217;attendre \u00e0 une exp\u00e9rience de jeu \u00e9quilibr\u00e9e avec des gains fr\u00e9quents, petits ou mod\u00e9r\u00e9s.<\/p>\n<p style=\"text-align: justify;\">Gonzo&#8217;s Quest : Rejoignez Gonzo dans sa qu\u00eate de la cit\u00e9 perdue d&#8217;Eldorado dans cette machine \u00e0 sous immersive de NetEnt. Avec des rouleaux en cascade, une fonction de chute libre et des multiplicateurs croissants, le jeu offre un gameplay palpitant et un potentiel de gains importants. Avec un RTP de 95,97 % et une volatilit\u00e9 moyenne, les joueurs peuvent profiter d&#8217;un m\u00e9lange de gains fr\u00e9quents et de gains occasionnels plus importants.<\/p>\n<p style=\"text-align: justify;\">Divine Fortune : Entrez dans un monde de cr\u00e9atures mythiques et de mythologie grecque ancienne dans cette machine \u00e0 sous int\u00e9ressante de NetEnt. Divine Fortune est dot\u00e9e d&#8217;une m\u00e9canique Megaways qui permet d&#8217;obtenir des gains substantiels. Avec ses visuels \u00e9poustouflants, ses fonctions bonus excitantes telles que Falling Wilds Re-Spins, Wild on Wild, et Free Spins, les joueurs peuvent profiter d&#8217;une exp\u00e9rience de jeu palpitante. Divine Fortune offre un RTP de 96,59 % et une volatilit\u00e9 moyenne, offrant une combinaison \u00e9quilibr\u00e9e de gains fr\u00e9quents et un potentiel de gains plus importants.<\/p>\n<p style=\"text-align: justify;\">Bonanza : D\u00e9couvrez des pierres pr\u00e9cieuses et des prix de grande valeur dans cette machine \u00e0 sous Megaways de Big Time Gaming. Avec sa structure de rouleaux unique et jusqu&#8217;\u00e0 117 649 fa\u00e7ons de gagner, Bonanza offre une excitation sans fin et des fonctions bonus palpitantes. Elle b\u00e9n\u00e9ficie d&#8217;un RTP de 96 % et d&#8217;une volatilit\u00e9 \u00e9lev\u00e9e, ce qui signifie que les joueurs peuvent s&#8217;attendre \u00e0 des gains moins fr\u00e9quents mais \u00e0 un potentiel de gains importants lorsque les combinaisons gagnantes se produisent.<\/p>\n<p style=\"text-align: justify;\">Immortal Romance : Entrez dans un monde d&#8217;amour interdit et d&#8217;\u00eatres surnaturels dans cette machine \u00e0 sous populaire de Microgaming. D\u00e9verrouillez la Chambre des Spins pour une vari\u00e9t\u00e9 de tours gratuits, chacun avec des fonctions bonus uniques et des histoires de personnages. Avec un RTP de 96,86 % et une volatilit\u00e9 moyenne, les joueurs peuvent profiter d&#8217;une exp\u00e9rience de jeu \u00e9quilibr\u00e9e avec une fr\u00e9quence de gain d\u00e9cente et un potentiel de gains importants.<\/p>\n<p style=\"text-align: justify;\">Veuillez noter que le RTP (retour au joueur) repr\u00e9sente le pourcentage moyen de l&#8217;argent pari\u00e9 qu&#8217;un jeu de machines \u00e0 sous reversera aux joueurs au fil du temps. La volatilit\u00e9, \u00e9galement connue sous le nom de variance, fait r\u00e9f\u00e9rence au niveau de risque d&#8217;un jeu de machines \u00e0 sous et d\u00e9termine la fr\u00e9quence et l&#8217;importance des paiements.<\/p>\n<h2 style=\"text-align: justify;\"><strong>Rejoignez l&#8217;aventure des machines \u00e0 sous \u00e0 SlotSite.com Casino :<\/strong><\/h2>\n<p style=\"text-align: justify;\">Notre \u00e9quipe s&#8217;engage \u00e0 vous offrir une exp\u00e9rience confortable. Notre personnel d&#8217;assistance est disponible 24 heures sur 24, 7 jours sur 7, et avec plus de 75 fournisseurs de logiciels de premier plan, vous pouvez trouver de nombreux jeux assortis de bonus et d\u00e9couvrir vos favoris.<\/p>\n<h2 style=\"text-align: justify;\"><strong>N&#8217;oubliez pas de jouer de mani\u00e8re responsable :<\/strong><\/h2>\n<p style=\"text-align: justify;\">Au casino SlotSite.com, nous donnons la priorit\u00e9 au jeu responsable. Nous encourageons nos joueurs \u00e0 se fixer des limites, \u00e0 g\u00e9rer leur temps et leur argent de mani\u00e8re efficace et \u00e0 demander de l&#8217;aide si le jeu devient un probl\u00e8me. Votre bien-\u00eatre est important pour nous, et nous nous engageons \u00e0 promouvoir un environnement de jeu s\u00fbr et agr\u00e9able pour tous.<\/p>\n","protected":false},"excerpt":{"rendered":"<p>Jouez aux machines \u00e0 sous en ligne avec bonus au casino SlotSite.com aujourd&#8217;hui ! Si vous recherchez une dose suppl\u00e9mentaire d&#8217;excitation et de r\u00e9compenses dans votre exp\u00e9rience de jeu aux machines \u00e0 sous, notre collection de machines \u00e0 sous en ligne avec bonus est exactement ce qu&#8217;il vous faut. Au casino SlotSite.com, nous vous proposons [&hellip;]<\/p>\n","protected":false},"author":1,"featured_media":0,"parent":0,"menu_order":0,"comment_status":"closed","ping_status":"closed","template":"templates\/promotion-template.php","meta":{"footnotes":""},"class_list":["post-190","page","type-page","status-publish","hentry"],"translation":{"provider":"WPGlobus","version":"2.12.2","language":"qc","enabled_languages":["en","ca","fi","no","ja","es","pt","qc","gb","ir","nz","sa","in"],"languages":{"en":{"title":true,"content":true,"excerpt":false},"ca":{"title":true,"content":true,"excerpt":false},"fi":{"title":true,"content":true,"excerpt":false},"no":{"title":true,"content":true,"excerpt":false},"ja":{"title":true,"content":true,"excerpt":false},"es":{"title":true,"content":true,"excerpt":false},"pt":{"title":false,"content":false,"excerpt":false},"qc":{"title":true,"content":true,"excerpt":false},"gb":{"title":true,"content":true,"excerpt":false},"ir":{"title":false,"content":false,"excerpt":false},"nz":{"title":false,"content":false,"excerpt":false},"sa":{"title":false,"content":false,"excerpt":false},"in":{"title":true,"content":true,"excerpt":false}}},"acf":[],"yoast_head":"<!-- This site is optimized with the Yoast SEO plugin v20.11 - https:\/\/yoast.com\/wordpress\/plugins\/seo\/ -->\n<title>Slotsite<\/title>\n<meta name=\"robots\" content=\"index, follow, max-snippet:-1, max-image-preview:large, max-video-preview:-1\" \/>\n<link rel=\"canonical\" href=\"https:\/\/slotsite.mediacle.net\/bonus-slots\/\" \/>\n<meta property=\"og:locale\" content=\"fr_CA\" \/>\n<meta property=\"og:type\" content=\"article\" \/>\n<meta property=\"og:url\" content=\"https:\/\/slotsite.mediacle.net\/bonus-slots\/\" \/>\n<meta property=\"og:site_name\" content=\"Slotsite\" \/>\n<meta property=\"article:modified_time\" content=\"2023-08-24T08:23:20+00:00\" \/>\n<meta name=\"twitter:card\" content=\"summary_large_image\" \/>\n<meta name=\"twitter:label1\" content=\"Est. reading time\" \/>\n\t<meta name=\"twitter:data1\" content=\"5 minutes\" \/>\n<script type=\"application\/ld+json\" class=\"yoast-schema-graph\">{\"@context\":\"https:\/\/schema.org\",\"@graph\":[{\"@type\":\"WebPage\",\"@id\":\"https:\/\/slotsite.mediacle.net\/bonus-slots\/\",\"url\":\"https:\/\/slotsite.mediacle.net\/bonus-slots\/\",\"name\":\"\",\"isPartOf\":{\"@id\":\"https:\/\/slotsite.mediacle.net\/#website\"},\"datePublished\":\"2023-07-10T06:42:26+00:00\",\"dateModified\":\"2023-08-24T08:23:20+00:00\",\"description\":\"\",\"breadcrumb\":{\"@id\":\"https:\/\/slotsite.mediacle.net\/bonus-slots\/#breadcrumb\"},\"inLanguage\":\"fr-CA\",\"potentialAction\":[{\"@type\":\"ReadAction\",\"target\":[\"https:\/\/slotsite.mediacle.net\/bonus-slots\/\"]}]},{\"@type\":\"BreadcrumbList\",\"@id\":\"https:\/\/slotsite.mediacle.net\/bonus-slots\/#breadcrumb\",\"itemListElement\":[{\"@type\":\"ListItem\",\"position\":1,\"name\":\"Home\",\"item\":\"https:\/\/slotsite.mediacle.net\/\"},{\"@type\":\"ListItem\",\"position\":2,\"name\":\"Online Bonus Slots\"}]},{\"@type\":\"WebSite\",\"@id\":\"https:\/\/slotsite.mediacle.net\/#website\",\"url\":\"https:\/\/slotsite.mediacle.net\/\",\"name\":\"Slotsite\",\"description\":\"\",\"potentialAction\":[{\"@type\":\"SearchAction\",\"target\":{\"@type\":\"EntryPoint\",\"urlTemplate\":\"https:\/\/slotsite.mediacle.net\/?s={search_term_string}\"},\"query-input\":\"required name=search_term_string\"}],\"inLanguage\":\"fr-CA\"}]}<\/script>\n<!-- \/ Yoast SEO plugin. -->","yoast_head_json":{"title":"Slotsite","robots":{"index":"index","follow":"follow","max-snippet":"max-snippet:-1","max-image-preview":"max-image-preview:large","max-video-preview":"max-video-preview:-1"},"canonical":"https:\/\/slotsite.mediacle.net\/bonus-slots\/","og_locale":"fr_CA","og_type":"article","og_url":"https:\/\/slotsite.mediacle.net\/bonus-slots\/","og_site_name":"Slotsite","article_modified_time":"2023-08-24T08:23:20+00:00","twitter_card":"summary_large_image","twitter_misc":{"Est. reading time":"5 minutes"},"schema":{"@context":"https:\/\/schema.org","@graph":[{"@type":"WebPage","@id":"https:\/\/slotsite.mediacle.net\/bonus-slots\/","url":"https:\/\/slotsite.mediacle.net\/bonus-slots\/","name":"","isPartOf":{"@id":"https:\/\/slotsite.mediacle.net\/#website"},"datePublished":"2023-07-10T06:42:26+00:00","dateModified":"2023-08-24T08:23:20+00:00","description":"","breadcrumb":{"@id":"https:\/\/slotsite.mediacle.net\/bonus-slots\/#breadcrumb"},"inLanguage":"fr-CA","potentialAction":[{"@type":"ReadAction","target":["https:\/\/slotsite.mediacle.net\/bonus-slots\/"]}]},{"@type":"BreadcrumbList","@id":"https:\/\/slotsite.mediacle.net\/bonus-slots\/#breadcrumb","itemListElement":[{"@type":"ListItem","position":1,"name":"Home","item":"https:\/\/slotsite.mediacle.net\/"},{"@type":"ListItem","position":2,"name":"Online Bonus Slots"}]},{"@type":"WebSite","@id":"https:\/\/slotsite.mediacle.net\/#website","url":"https:\/\/slotsite.mediacle.net\/","name":"Slotsite","description":"","potentialAction":[{"@type":"SearchAction","target":{"@type":"EntryPoint","urlTemplate":"https:\/\/slotsite.mediacle.net\/?s={search_term_string}"},"query-input":"required name=search_term_string"}],"inLanguage":"fr-CA"}]}},"_links":{"self":[{"href":"https:\/\/slotsite.mediacle.net\/qc\/wp-json\/wp\/v2\/pages\/190","targetHints":{"allow":["GET"]}}],"collection":[{"href":"https:\/\/slotsite.mediacle.net\/qc\/wp-json\/wp\/v2\/pages"}],"about":[{"href":"https:\/\/slotsite.mediacle.net\/qc\/wp-json\/wp\/v2\/types\/page"}],"author":[{"embeddable":true,"href":"https:\/\/slotsite.mediacle.net\/qc\/wp-json\/wp\/v2\/users\/1"}],"replies":[{"embeddable":true,"href":"https:\/\/slotsite.mediacle.net\/qc\/wp-json\/wp\/v2\/comments?post=190"}],"version-history":[{"count":35,"href":"https:\/\/slotsite.mediacle.net\/qc\/wp-json\/wp\/v2\/pages\/190\/revisions"}],"predecessor-version":[{"id":2152,"href":"https:\/\/slotsite.mediacle.net\/qc\/wp-json\/wp\/v2\/pages\/190\/revisions\/2152"}],"wp:attachment":[{"href":"https:\/\/slotsite.mediacle.net\/qc\/wp-json\/wp\/v2\/media?parent=190"}],"curies":[{"name":"wp","href":"https:\/\/api.w.org\/{rel}","templated":true}]}}