{"id":193,"date":"2023-07-10T06:43:00","date_gmt":"2023-07-10T06:43:00","guid":{"rendered":"https:\/\/slotsite.mediacle.net\/?page_id=193"},"modified":"2023-08-31T08:35:34","modified_gmt":"2023-08-31T08:35:34","slug":"megaways-slots","status":"publish","type":"page","link":"https:\/\/slotsite.mediacle.net\/qc\/megaways-slots\/","title":{"rendered":"Jeux de machines \u00e0 sous Megaways \u00a0"},"content":{"rendered":"<h1 style=\"text-align: justify;\"><strong>Vivez l&#8217;ultime aventure des rouleaux avec les machines \u00e0 sous Megaways !<\/strong><\/h1>\n<p style=\"text-align: justify;\">Les jeux de machines \u00e0 sous Megaways ont pris d&#8217;assaut le monde des casinos en ligne, offrant une exp\u00e9rience de jeu r\u00e9volutionnaire et palpitante. D\u00e9velopp\u00e9e par Big Time Gaming, la m\u00e9canique Megaways a \u00e9t\u00e9 licenci\u00e9e \u00e0 plusieurs autres fournisseurs de logiciels, ce qui a donn\u00e9 lieu \u00e0 une collection croissante de machines \u00e0 sous Megaways.<\/p>\n<p style=\"text-align: justify;\">Les machines \u00e0 sous Megaways se distinguent par la configuration unique de leurs rouleaux. Contrairement aux machines \u00e0 sous traditionnelles avec un nombre fixe de rouleaux et de lignes de paiement, les jeux Megaways disposent d&#8217;une configuration dynamique qui permet \u00e0 un nombre al\u00e9atoire de symboles d&#8217;appara\u00eetre sur chaque rouleau \u00e0 chaque tour. Cela signifie que le nombre de symboles sur chaque rouleau peut varier d&#8217;un tour \u00e0 l&#8217;autre, ce qui permet de changer le nombre de fa\u00e7ons de gagner.<\/p>\n<p style=\"text-align: justify;\">Le nombre de fa\u00e7ons de gagner dans une machine \u00e0 sous Megaways peut atteindre des sommets \u00e9tonnants, d\u00e9passant souvent des dizaines de milliers, voire des centaines de milliers. Cela offre aux joueurs un niveau incroyable d&#8217;excitation et de potentiel de gain. \u00c0 chaque tour, le moteur du jeu calcule le nombre de fa\u00e7ons de gagner en fonction du nombre de symboles apparaissant sur chaque rouleau.<\/p>\n<p style=\"text-align: justify;\">Pour am\u00e9liorer encore le jeu, les machines \u00e0 sous Megaways incluent souvent des fonctions et des m\u00e9canismes suppl\u00e9mentaires. L&#8217;une d&#8217;entre elles est la cascade de rouleaux, \u00e9galement connue sous le nom d&#8217;avalanche ou de rouleaux d\u00e9gringolants. Apr\u00e8s une combinaison gagnante, les symboles impliqu\u00e9s dans le gain explosent ou disparaissent, laissant la place \u00e0 de nouveaux symboles qui se mettent en place en cascade. Cela permet de cr\u00e9er plusieurs gains cons\u00e9cutifs \u00e0 partir d&#8217;un seul tour et d&#8217;intensifier l&#8217;exp\u00e9rience globale du jeu.<\/p>\n<p style=\"text-align: justify;\">Les machines \u00e0 sous Megaways int\u00e8grent \u00e9galement diverses fonctions bonus pour maintenir l&#8217;int\u00e9r\u00eat des joueurs et les divertir. Il peut s&#8217;agir de tours gratuits, au cours desquels les joueurs peuvent profiter d&#8217;un certain nombre de tours sans miser de cr\u00e9dits suppl\u00e9mentaires. Certains jeux proposent m\u00eame des multiplicateurs progressifs pendant les tours gratuits, qui augmentent la valeur du multiplicateur \u00e0 chaque cascade ou tour gagnant.<\/p>\n<p style=\"text-align: justify;\">La popularit\u00e9 des machines \u00e0 sous Megaways s&#8217;est traduite par une collection croissante de jeux aux th\u00e8mes vari\u00e9s et aux m\u00e9canismes de jeu innovants. Des civilisations anciennes aux mondes fantastiques, les joueurs peuvent trouver des machines \u00e0 sous Megaways adapt\u00e9es \u00e0 leurs int\u00e9r\u00eats. Chaque jeu offre une exp\u00e9rience unique et dynamique, gr\u00e2ce \u00e0 la configuration changeante des rouleaux et au grand nombre de fa\u00e7ons de gagner.<\/p>\n<p style=\"text-align: justify;\">Explorons quelques jeux de machines \u00e0 sous Megaways populaires provenant de diff\u00e9rents fournisseurs de logiciels :<\/p>\n<p style=\"text-align: justify;\">Bonanza Megaways (Big Time Gaming) : Embarquez pour une aventure mini\u00e8re dans cette machine \u00e0 sous tr\u00e8s volatile qui offre jusqu&#8217;\u00e0 117 649 fa\u00e7ons de gagner. D\u00e9clenchez les tours gratuits et b\u00e9n\u00e9ficiez d&#8217;un multiplicateur croissant \u00e0 chaque cascade.<\/p>\n<p style=\"text-align: justify;\">Extra Chilli Megaways (Big Time Gaming) : Situ\u00e9e dans un march\u00e9 mexicain anim\u00e9, cette machine \u00e0 sous offre jusqu&#8217;\u00e0 117 649 fa\u00e7ons de gagner. Atteignez trois symboles scatter ou plus pour acc\u00e9der \u00e0 la fonction de tours gratuits avec un multiplicateur de gains illimit\u00e9.<\/p>\n<p style=\"text-align: justify;\">Gonzo&#8217;s Quest Megaways (Red Tiger Gaming) : Rejoignez l&#8217;explorateur Gonzo dans cette version Megaways de la c\u00e9l\u00e8bre machine \u00e0 sous. D\u00e9couvrez des gains en cascade et d\u00e9clenchez la fonction Tremblement de terre pour des symboles sauvages garantis. Gonzo&#8217;s Quest Megaways offre des multiplicateurs de 15x et un potentiel de gain de 20 000x.<\/p>\n<p style=\"text-align: justify;\">Rick and Morty Megaways (Blueprint Gaming) : Bas\u00e9e sur la s\u00e9rie t\u00e9l\u00e9vis\u00e9e anim\u00e9e \u00e0 succ\u00e8s, cette machine \u00e0 sous Megaways regorge de moments hilarants et d&#8217;un gameplay passionnant. D\u00e9verrouillez divers bonus et tours gratuits pour remporter de gros gains.<\/p>\n<p style=\"text-align: justify;\">Divine Fortune Megaways (NetEnt) : D\u00e9couvrez le monde mythique de la Gr\u00e8ce antique dans cette machine \u00e0 sous divine Megaways. Atteignez des symboles sauvages pour d\u00e9clencher les tours de chute des jokers et tentez de d\u00e9crocher le l\u00e9gendaire jackpot progressif.<\/p>\n<h2 style=\"text-align: justify;\"><strong>Chaque jeu offre une chance amusante !<\/strong><\/h2>\n<p style=\"text-align: justify;\">Devenez membre d\u00e8s aujourd&#8217;hui ! Ce ne sont que quelques exemples des nombreuses machines \u00e0 sous Megaways disponibles sur SlotSite.com Casino. N&#8217;oubliez jamais de jouer de fa\u00e7on responsable et de vous fixer des limites afin de vous assurer une exp\u00e9rience de jeu s\u00fbre et agr\u00e9able. Les jeux d&#8217;argent peuvent cr\u00e9er une d\u00e9pendance.<\/p>\n","protected":false},"excerpt":{"rendered":"<p>Vivez l&#8217;ultime aventure des rouleaux avec les machines \u00e0 sous Megaways ! Les jeux de machines \u00e0 sous Megaways ont pris d&#8217;assaut le monde des casinos en ligne, offrant une exp\u00e9rience de jeu r\u00e9volutionnaire et palpitante. D\u00e9velopp\u00e9e par Big Time Gaming, la m\u00e9canique Megaways a \u00e9t\u00e9 licenci\u00e9e \u00e0 plusieurs autres fournisseurs de logiciels, ce qui [&hellip;]<\/p>\n","protected":false},"author":1,"featured_media":0,"parent":0,"menu_order":0,"comment_status":"closed","ping_status":"closed","template":"templates\/category.php","meta":{"footnotes":""},"class_list":["post-193","page","type-page","status-publish","hentry"],"translation":{"provider":"WPGlobus","version":"2.12.2","language":"qc","enabled_languages":["en","ca","fi","no","ja","es","pt","qc","gb","ir","nz","sa","in"],"languages":{"en":{"title":true,"content":true,"excerpt":false},"ca":{"title":true,"content":true,"excerpt":false},"fi":{"title":true,"content":true,"excerpt":false},"no":{"title":true,"content":true,"excerpt":false},"ja":{"title":true,"content":true,"excerpt":false},"es":{"title":true,"content":true,"excerpt":false},"pt":{"title":true,"content":true,"excerpt":false},"qc":{"title":true,"content":true,"excerpt":false},"gb":{"title":true,"content":true,"excerpt":false},"ir":{"title":false,"content":false,"excerpt":false},"nz":{"title":false,"content":false,"excerpt":false},"sa":{"title":false,"content":false,"excerpt":false},"in":{"title":true,"content":true,"excerpt":false}}},"acf":[],"yoast_head":"<!-- This site is optimized with the Yoast SEO plugin v20.11 - https:\/\/yoast.com\/wordpress\/plugins\/seo\/ -->\n<title>Slots Megaways | Liberte a sua sorte com os ca\u00e7a-n\u00edqueis Megaways: infinitas maneiras de ganhar!<\/title>\n<meta name=\"robots\" content=\"index, follow, max-snippet:-1, max-image-preview:large, max-video-preview:-1\" \/>\n<link rel=\"canonical\" href=\"https:\/\/slotsite.mediacle.net\/megaways-slots\/\" \/>\n<meta property=\"og:locale\" content=\"fr_CA\" \/>\n<meta property=\"og:type\" content=\"article\" \/>\n<meta property=\"og:title\" content=\"Jeux de machines \u00e0 sous Megaways \u00a0 | Slotsite\" \/>\n<meta property=\"og:url\" content=\"https:\/\/slotsite.mediacle.net\/megaways-slots\/\" \/>\n<meta property=\"og:site_name\" content=\"Slotsite\" \/>\n<meta property=\"article:modified_time\" content=\"2023-08-31T08:35:34+00:00\" \/>\n<meta name=\"twitter:card\" content=\"summary_large_image\" \/>\n<meta name=\"twitter:label1\" content=\"Est. reading time\" \/>\n\t<meta name=\"twitter:data1\" content=\"3 minutes\" \/>\n<script type=\"application\/ld+json\" class=\"yoast-schema-graph\">{\"@context\":\"https:\/\/schema.org\",\"@graph\":[{\"@type\":\"WebPage\",\"@id\":\"https:\/\/slotsite.mediacle.net\/megaways-slots\/\",\"url\":\"https:\/\/slotsite.mediacle.net\/megaways-slots\/\",\"name\":\"Slots Megaways | Liberte a sua sorte com os ca\u00e7a-n\u00edqueis Megaways: infinitas maneiras de ganhar!\",\"isPartOf\":{\"@id\":\"https:\/\/slotsite.mediacle.net\/#website\"},\"datePublished\":\"2023-07-10T06:43:00+00:00\",\"dateModified\":\"2023-08-31T08:35:34+00:00\",\"description\":\"Descubra a emo\u00e7\u00e3o dos slots Megaways, onde cada rodada oferece uma experi\u00eancia de jogo din\u00e2mica e imprevis\u00edvel. Com in\u00fameras maneiras de ganhar em constante mudan\u00e7a, esses slots oferecem emo\u00e7\u00f5es incompar\u00e1veis.\",\"breadcrumb\":{\"@id\":\"https:\/\/slotsite.mediacle.net\/megaways-slots\/#breadcrumb\"},\"inLanguage\":\"fr-CA\",\"potentialAction\":[{\"@type\":\"ReadAction\",\"target\":[\"https:\/\/slotsite.mediacle.net\/megaways-slots\/\"]}]},{\"@type\":\"BreadcrumbList\",\"@id\":\"https:\/\/slotsite.mediacle.net\/megaways-slots\/#breadcrumb\",\"itemListElement\":[{\"@type\":\"ListItem\",\"position\":1,\"name\":\"Home\",\"item\":\"https:\/\/slotsite.mediacle.net\/\"},{\"@type\":\"ListItem\",\"position\":2,\"name\":\"Megaways Slot Games\"}]},{\"@type\":\"WebSite\",\"@id\":\"https:\/\/slotsite.mediacle.net\/#website\",\"url\":\"https:\/\/slotsite.mediacle.net\/\",\"name\":\"Slotsite\",\"description\":\"\",\"potentialAction\":[{\"@type\":\"SearchAction\",\"target\":{\"@type\":\"EntryPoint\",\"urlTemplate\":\"https:\/\/slotsite.mediacle.net\/?s={search_term_string}\"},\"query-input\":\"required name=search_term_string\"}],\"inLanguage\":\"fr-CA\"}]}<\/script>\n<!-- \/ Yoast SEO plugin. -->","yoast_head_json":{"title":"Slots Megaways | Liberte a sua sorte com os ca\u00e7a-n\u00edqueis Megaways: infinitas maneiras de ganhar!","robots":{"index":"index","follow":"follow","max-snippet":"max-snippet:-1","max-image-preview":"max-image-preview:large","max-video-preview":"max-video-preview:-1"},"canonical":"https:\/\/slotsite.mediacle.net\/megaways-slots\/","og_locale":"fr_CA","og_type":"article","og_title":"Jeux de machines \u00e0 sous Megaways \u00a0 | Slotsite","og_url":"https:\/\/slotsite.mediacle.net\/megaways-slots\/","og_site_name":"Slotsite","article_modified_time":"2023-08-31T08:35:34+00:00","twitter_card":"summary_large_image","twitter_misc":{"Est. reading time":"3 minutes"},"schema":{"@context":"https:\/\/schema.org","@graph":[{"@type":"WebPage","@id":"https:\/\/slotsite.mediacle.net\/megaways-slots\/","url":"https:\/\/slotsite.mediacle.net\/megaways-slots\/","name":"Slots Megaways | Liberte a sua sorte com os ca\u00e7a-n\u00edqueis Megaways: infinitas maneiras de ganhar!","isPartOf":{"@id":"https:\/\/slotsite.mediacle.net\/#website"},"datePublished":"2023-07-10T06:43:00+00:00","dateModified":"2023-08-31T08:35:34+00:00","description":"Descubra a emo\u00e7\u00e3o dos slots Megaways, onde cada rodada oferece uma experi\u00eancia de jogo din\u00e2mica e imprevis\u00edvel. Com in\u00fameras maneiras de ganhar em constante mudan\u00e7a, esses slots oferecem emo\u00e7\u00f5es incompar\u00e1veis.","breadcrumb":{"@id":"https:\/\/slotsite.mediacle.net\/megaways-slots\/#breadcrumb"},"inLanguage":"fr-CA","potentialAction":[{"@type":"ReadAction","target":["https:\/\/slotsite.mediacle.net\/megaways-slots\/"]}]},{"@type":"BreadcrumbList","@id":"https:\/\/slotsite.mediacle.net\/megaways-slots\/#breadcrumb","itemListElement":[{"@type":"ListItem","position":1,"name":"Home","item":"https:\/\/slotsite.mediacle.net\/"},{"@type":"ListItem","position":2,"name":"Megaways Slot Games"}]},{"@type":"WebSite","@id":"https:\/\/slotsite.mediacle.net\/#website","url":"https:\/\/slotsite.mediacle.net\/","name":"Slotsite","description":"","potentialAction":[{"@type":"SearchAction","target":{"@type":"EntryPoint","urlTemplate":"https:\/\/slotsite.mediacle.net\/?s={search_term_string}"},"query-input":"required name=search_term_string"}],"inLanguage":"fr-CA"}]}},"_links":{"self":[{"href":"https:\/\/slotsite.mediacle.net\/qc\/wp-json\/wp\/v2\/pages\/193","targetHints":{"allow":["GET"]}}],"collection":[{"href":"https:\/\/slotsite.mediacle.net\/qc\/wp-json\/wp\/v2\/pages"}],"about":[{"href":"https:\/\/slotsite.mediacle.net\/qc\/wp-json\/wp\/v2\/types\/page"}],"author":[{"embeddable":true,"href":"https:\/\/slotsite.mediacle.net\/qc\/wp-json\/wp\/v2\/users\/1"}],"replies":[{"embeddable":true,"href":"https:\/\/slotsite.mediacle.net\/qc\/wp-json\/wp\/v2\/comments?post=193"}],"version-history":[{"count":39,"href":"https:\/\/slotsite.mediacle.net\/qc\/wp-json\/wp\/v2\/pages\/193\/revisions"}],"predecessor-version":[{"id":2314,"href":"https:\/\/slotsite.mediacle.net\/qc\/wp-json\/wp\/v2\/pages\/193\/revisions\/2314"}],"wp:attachment":[{"href":"https:\/\/slotsite.mediacle.net\/qc\/wp-json\/wp\/v2\/media?parent=193"}],"curies":[{"name":"wp","href":"https:\/\/api.w.org\/{rel}","templated":true}]}}