{"id":194,"date":"2023-07-10T06:43:18","date_gmt":"2023-07-10T06:43:18","guid":{"rendered":"https:\/\/slotsite.mediacle.net\/?page_id=194"},"modified":"2023-08-31T09:59:46","modified_gmt":"2023-08-31T09:59:46","slug":"online-craps","status":"publish","type":"page","link":"https:\/\/slotsite.mediacle.net\/qc\/online-craps\/","title":{"rendered":"Jeux de Craps en ligne"},"content":{"rendered":"<h3 style=\"text-align: justify;\"><strong>Lancez les d\u00e9s et jouez au Craps en ligne sur SlotSite.com Casino<\/strong><\/h3>\n<p style=\"text-align: justify;\">Le craps est un jeu de casino incroyablement excitant et dynamique qui offre une exp\u00e9rience unique aux joueurs. Le craps est souvent consid\u00e9r\u00e9 comme l&#8217;un des jeux de casino les plus sociaux. Il se joue g\u00e9n\u00e9ralement \u00e0 une table anim\u00e9e avec plusieurs joueurs, ce qui cr\u00e9e une atmosph\u00e8re vibrante. Vous pouvez interagir avec les autres joueurs et les encourager \u00e0 gagner tout au long du jeu. Le craps offre un large \u00e9ventail d&#8217;options de mise, ce qui permet aux joueurs d&#8217;\u00e9laborer des strat\u00e9gies et de personnaliser leur jeu. Des paris de base Pass Line et Don&#8217;t Pass Line aux propositions de paris plus complexes, il y a une option de pari qui convient \u00e0 chaque style de jeu.<\/p>\n<p style=\"text-align: justify;\">Le craps est connu pour son jeu rapide et plein d&#8217;action. Avec de nombreux tours de paris et de lancers de d\u00e9s, le jeu tient les joueurs en haleine et garantit qu&#8217;il n&#8217;y a jamais de moment d&#8217;ennui. Lorsqu&#8217;il est jou\u00e9 avec la bonne strat\u00e9gie, le Craps peut offrir certaines des meilleures cotes du casino. Certains paris, tels que la ligne de passe et la ligne de non passe, ont un faible avantage sur la maison, ce qui donne aux joueurs une plus grande chance de gagner sur le long terme. Cet aspect ajoute un \u00e9l\u00e9ment de strat\u00e9gie au jeu et maintient l&#8217;int\u00e9r\u00eat des joueurs.<\/p>\n<h3 style=\"text-align: justify;\"><strong>Une br\u00e8ve histoire du craps :<\/strong><\/h3>\n<p style=\"text-align: justify;\">Le craps est un jeu de d\u00e9s d&#8217;origine ancienne qui a \u00e9volu\u00e9 au fil des si\u00e8cles pour devenir le jeu de casino populaire que nous connaissons aujourd&#8217;hui. Ses origines remontent aux Croisades, o\u00f9 les soldats jouaient \u00e0 un jeu appel\u00e9 &#8220;Hazard&#8221; pour passer le temps. Le hasard a fini par gagner l&#8217;Europe, o\u00f9 il a gagn\u00e9 en popularit\u00e9 aupr\u00e8s de la classe sup\u00e9rieure. Le jeu a subi d&#8217;autres modifications aux XVIIIe et XIXe si\u00e8cles en Angleterre et en France, avant d&#8217;arriver en Am\u00e9rique.<\/p>\n<p style=\"text-align: justify;\">Au d\u00e9but du XXe si\u00e8cle, John H. Winn a r\u00e9volutionn\u00e9 le jeu en introduisant le concept de &#8220;bons&#8221; et de &#8220;mauvais&#8221; parieurs, ainsi que l&#8217;ajout d&#8217;une ligne \u00e0 ne pas d\u00e9passer. Ces changements ont apport\u00e9 plus d&#8217;\u00e9quit\u00e9 au jeu et ont jet\u00e9 les bases de la version moderne du Craps.<\/p>\n<h3 style=\"text-align: justify;\"><strong>Comment jouer au Craps :<\/strong><\/h3>\n<p style=\"text-align: justify;\">Le craps se joue avec deux d\u00e9s et implique plusieurs tours de paris. L&#8217;objectif du jeu est de pr\u00e9dire le r\u00e9sultat du lancer des d\u00e9s. Voici un bref aper\u00e7u de la fa\u00e7on de jouer au Craps :<\/p>\n<p style=\"text-align: justify;\">Le jeu commence par un jet de d\u00e9s, au cours duquel le tireur (le joueur qui lance les d\u00e9s) cherche \u00e0 \u00e9tablir un nombre de points (4, 5, 6, 8, 9 ou 10) en obtenant un 7 ou un 11. Si le joueur obtient un 2, un 3 ou un 12, on dit qu&#8217;il s&#8217;agit d&#8217;un &#8220;craps&#8221; et la partie se termine.<\/p>\n<p style=\"text-align: justify;\">Si un nombre de points est \u00e9tabli, le jeu entre dans la phase de &#8220;points&#8221;. Le tireur continue \u00e0 lancer les d\u00e9s jusqu&#8217;\u00e0 ce qu&#8217;il obtienne \u00e0 nouveau le nombre de points pour gagner ou qu&#8217;il obtienne un 7 pour perdre.<\/p>\n<p style=\"text-align: justify;\">Les joueurs \u00e0 la table peuvent placer diff\u00e9rents paris sur le r\u00e9sultat du jet de d\u00e9s. Parmi les paris les plus courants, citons les paris Pass Line, Don&#8217;t Pass Line, Come, Don&#8217;t Come et Place.<\/p>\n<p style=\"text-align: justify;\">Le pari Pass Line est le pari le plus basique et le plus populaire au Craps. Les joueurs placent leurs jetons sur la ligne de passe avant le jet de sortie. Si le lanceur obtient un 7 ou un 11, le pari Pass Line est gagnant. Si le lanceur obtient un 2, un 3 ou un 12, le pari est perdu.<\/p>\n<p style=\"text-align: justify;\">Le pari Don&#8217;t Pass Line est le contraire du pari Pass Line. Elle est gagnante si le lanceur obtient un 2, un 3 ou un 12, et perdante s&#8217;il obtient un 7 ou un 11.<\/p>\n<p style=\"text-align: justify;\">D&#8217;autres paris, tels que les paris Come et Don&#8217;t Come, peuvent \u00eatre plac\u00e9s apr\u00e8s que le nombre de points a \u00e9t\u00e9 \u00e9tabli. Ces paris sont similaires aux paris Pass Line et Don&#8217;t Pass Line mais sont plac\u00e9s pendant la phase de point.<\/p>\n<p style=\"text-align: justify;\">Le Craps offre \u00e9galement une vari\u00e9t\u00e9 de propositions de paris, qui sont des paris \u00e0 rouleau unique avec des conditions et des paiements sp\u00e9cifiques. Il est important de noter que le Craps poss\u00e8de un langage et une terminologie qui lui sont propres. Il vous faudra peut-\u00eatre un peu de temps pour vous familiariser avec les diff\u00e9rents paris et les r\u00e8gles correspondantes.<\/p>\n<h3 style=\"text-align: justify;\"><strong>Craps en ligne avec croupier en direct<\/strong><\/h3>\n<p style=\"text-align: justify;\">Le Craps en direct d&#8217;Evolution Gaming porte l&#8217;excitation du jeu de casino classique \u00e0 de nouveaux sommets. Dans cette version avec croupier en direct, les joueurs peuvent profiter d&#8217;une exp\u00e9rience de casino authentique sur le th\u00e8me du Speakeasy des ann\u00e9es 1920, \u00e0 la fois sur ordinateur et sur mobile. Le jeu est diffus\u00e9 en temps r\u00e9el et un croupier charismatique et comp\u00e9tent guide les joueurs tout au long de la partie.<\/p>\n<p style=\"text-align: justify;\">Le Craps en direct offre une gamme de paris que les joueurs peuvent placer, chacun ayant son propre pourcentage de paiement et de RTP (retour au joueur). Voici quelques-uns des paris les plus populaires :<\/p>\n<p style=\"text-align: justify;\">Pari sur la ligne de passe : Il s&#8217;agit d&#8217;un pari courant o\u00f9 les joueurs misent sur le fait que le tireur obtiendra un 7 ou un 11 sur le rouleau de sortie. Le RTP pour ce pari est d&#8217;environ 98,59 % et le paiement est de 1:1.<\/p>\n<p style=\"text-align: justify;\">Don&#8217;t Pass Line Bet : L&#8217;oppos\u00e9 du pari Pass Line, o\u00f9 les joueurs parient contre le tireur. Le RTP pour ce pari est d&#8217;environ 98,64 % et le paiement est \u00e9galement de 1:1.<\/p>\n<p style=\"text-align: justify;\">Pari Come et Don&#8217;t Come : Similaires aux paris Pass Line et Don&#8217;t Pass Line, mais plac\u00e9s apr\u00e8s le rouleau de sortie. Le RTP pour ces paris est d&#8217;environ 98,59 % et le paiement est de 1:1.<\/p>\n<p style=\"text-align: justify;\">Place Bets : Les joueurs peuvent parier sur des num\u00e9ros sp\u00e9cifiques (4, 5, 6, 8, 9 ou 10) \u00e0 obtenir avant un 7. Le RTP pour ces paris varie en fonction du num\u00e9ro choisi, avec des paiements allant de 9:5 \u00e0 7:6.<\/p>\n<p style=\"text-align: justify;\">Le Craps en direct offre une exp\u00e9rience engageante et sociale, permettant aux joueurs d&#8217;interagir avec le croupier et les autres participants par le biais d&#8217;un chat en direct. Rejoignez-nous au casino SlotSite.com et lancez les d\u00e9s dans cette version live captivante du Craps avec un streaming fluide et des croupiers amusants ! N&#8217;oubliez jamais de conna\u00eetre et de fixer vos limites. Jouez de mani\u00e8re responsable. Les jeux d&#8217;argent peuvent cr\u00e9er une d\u00e9pendance.<\/p>\n","protected":false},"excerpt":{"rendered":"<p>Lancez les d\u00e9s et jouez au Craps en ligne sur SlotSite.com Casino Le craps est un jeu de casino incroyablement excitant et dynamique qui offre une exp\u00e9rience unique aux joueurs. Le craps est souvent consid\u00e9r\u00e9 comme l&#8217;un des jeux de casino les plus sociaux. Il se joue g\u00e9n\u00e9ralement \u00e0 une table anim\u00e9e avec plusieurs joueurs, [&hellip;]<\/p>\n","protected":false},"author":1,"featured_media":0,"parent":0,"menu_order":0,"comment_status":"closed","ping_status":"closed","template":"templates\/category.php","meta":{"footnotes":""},"class_list":["post-194","page","type-page","status-publish","hentry"],"translation":{"provider":"WPGlobus","version":"2.12.2","language":"qc","enabled_languages":["en","ca","fi","no","ja","es","pt","qc","gb","ir","nz","sa","in"],"languages":{"en":{"title":true,"content":true,"excerpt":false},"ca":{"title":true,"content":true,"excerpt":false},"fi":{"title":true,"content":true,"excerpt":false},"no":{"title":true,"content":true,"excerpt":false},"ja":{"title":true,"content":true,"excerpt":false},"es":{"title":true,"content":true,"excerpt":false},"pt":{"title":true,"content":true,"excerpt":false},"qc":{"title":true,"content":true,"excerpt":false},"gb":{"title":true,"content":true,"excerpt":false},"ir":{"title":false,"content":false,"excerpt":false},"nz":{"title":false,"content":false,"excerpt":false},"sa":{"title":false,"content":false,"excerpt":false},"in":{"title":true,"content":true,"excerpt":false}}},"acf":[],"yoast_head":"<!-- This site is optimized with the Yoast SEO plugin v20.11 - https:\/\/yoast.com\/wordpress\/plugins\/seo\/ -->\n<title>Lancez les d\u00e9s dans un craps en ligne passionnant : gagnez \u00e0 chaque lancer !<\/title>\n<meta name=\"description\" content=\"Vivez le frisson du craps en ligne et remportez des gains passionnants ! Participez \u00e0 ce jeu de d\u00e9s embl\u00e9matique dans le confort de votre maison, o\u00f9 chance et strat\u00e9gie se croisent pour une exp\u00e9rience de jeu captivante.\" \/>\n<meta name=\"robots\" content=\"index, follow, max-snippet:-1, max-image-preview:large, max-video-preview:-1\" \/>\n<link rel=\"canonical\" href=\"https:\/\/slotsite.mediacle.net\/online-craps\/\" \/>\n<meta property=\"og:locale\" content=\"fr_CA\" \/>\n<meta property=\"og:type\" content=\"article\" \/>\n<meta property=\"og:title\" content=\"Lancez les d\u00e9s dans un craps en ligne passionnant : gagnez \u00e0 chaque lancer !\" \/>\n<meta property=\"og:description\" content=\"Vivez le frisson du craps en ligne et remportez des gains passionnants ! Participez \u00e0 ce jeu de d\u00e9s embl\u00e9matique dans le confort de votre maison, o\u00f9 chance et strat\u00e9gie se croisent pour une exp\u00e9rience de jeu captivante.\" \/>\n<meta property=\"og:url\" content=\"https:\/\/slotsite.mediacle.net\/online-craps\/\" \/>\n<meta property=\"og:site_name\" content=\"Slotsite\" \/>\n<meta property=\"article:modified_time\" content=\"2023-08-31T09:59:46+00:00\" \/>\n<meta name=\"twitter:card\" content=\"summary_large_image\" \/>\n<meta name=\"twitter:label1\" content=\"Est. reading time\" \/>\n\t<meta name=\"twitter:data1\" content=\"5 minutes\" \/>\n<script type=\"application\/ld+json\" class=\"yoast-schema-graph\">{\"@context\":\"https:\/\/schema.org\",\"@graph\":[{\"@type\":\"WebPage\",\"@id\":\"https:\/\/slotsite.mediacle.net\/online-craps\/\",\"url\":\"https:\/\/slotsite.mediacle.net\/online-craps\/\",\"name\":\"Roll the Dice in Exciting Online Craps: Win with Every Throw!\",\"isPartOf\":{\"@id\":\"https:\/\/slotsite.mediacle.net\/#website\"},\"datePublished\":\"2023-07-10T06:43:18+00:00\",\"dateModified\":\"2023-08-31T09:59:46+00:00\",\"description\":\"Experience the thrill of online craps and roll your way to exciting wins! Engage in this iconic dice game from the comfort of your home, where luck and strategy intersect for a riveting gaming experience.\",\"breadcrumb\":{\"@id\":\"https:\/\/slotsite.mediacle.net\/online-craps\/#breadcrumb\"},\"inLanguage\":\"fr-CA\",\"potentialAction\":[{\"@type\":\"ReadAction\",\"target\":[\"https:\/\/slotsite.mediacle.net\/online-craps\/\"]}]},{\"@type\":\"BreadcrumbList\",\"@id\":\"https:\/\/slotsite.mediacle.net\/online-craps\/#breadcrumb\",\"itemListElement\":[{\"@type\":\"ListItem\",\"position\":1,\"name\":\"Home\",\"item\":\"https:\/\/slotsite.mediacle.net\/\"},{\"@type\":\"ListItem\",\"position\":2,\"name\":\"Online Craps Games\"}]},{\"@type\":\"WebSite\",\"@id\":\"https:\/\/slotsite.mediacle.net\/#website\",\"url\":\"https:\/\/slotsite.mediacle.net\/\",\"name\":\"Slotsite\",\"description\":\"\",\"potentialAction\":[{\"@type\":\"SearchAction\",\"target\":{\"@type\":\"EntryPoint\",\"urlTemplate\":\"https:\/\/slotsite.mediacle.net\/?s={search_term_string}\"},\"query-input\":\"required name=search_term_string\"}],\"inLanguage\":\"fr-CA\"}]}<\/script>\n<!-- \/ Yoast SEO plugin. -->","yoast_head_json":{"title":"Lancez les d\u00e9s dans un craps en ligne passionnant : gagnez \u00e0 chaque lancer !","description":"Vivez le frisson du craps en ligne et remportez des gains passionnants ! Participez \u00e0 ce jeu de d\u00e9s embl\u00e9matique dans le confort de votre maison, o\u00f9 chance et strat\u00e9gie se croisent pour une exp\u00e9rience de jeu captivante.","robots":{"index":"index","follow":"follow","max-snippet":"max-snippet:-1","max-image-preview":"max-image-preview:large","max-video-preview":"max-video-preview:-1"},"canonical":"https:\/\/slotsite.mediacle.net\/online-craps\/","og_locale":"fr_CA","og_type":"article","og_title":"Lancez les d\u00e9s dans un craps en ligne passionnant : gagnez \u00e0 chaque lancer !","og_description":"Vivez le frisson du craps en ligne et remportez des gains passionnants ! Participez \u00e0 ce jeu de d\u00e9s embl\u00e9matique dans le confort de votre maison, o\u00f9 chance et strat\u00e9gie se croisent pour une exp\u00e9rience de jeu captivante.","og_url":"https:\/\/slotsite.mediacle.net\/online-craps\/","og_site_name":"Slotsite","article_modified_time":"2023-08-31T09:59:46+00:00","twitter_card":"summary_large_image","twitter_misc":{"Est. reading time":"5 minutes"},"schema":{"@context":"https:\/\/schema.org","@graph":[{"@type":"WebPage","@id":"https:\/\/slotsite.mediacle.net\/online-craps\/","url":"https:\/\/slotsite.mediacle.net\/online-craps\/","name":"Roll the Dice in Exciting Online Craps: Win with Every Throw!","isPartOf":{"@id":"https:\/\/slotsite.mediacle.net\/#website"},"datePublished":"2023-07-10T06:43:18+00:00","dateModified":"2023-08-31T09:59:46+00:00","description":"Experience the thrill of online craps and roll your way to exciting wins! Engage in this iconic dice game from the comfort of your home, where luck and strategy intersect for a riveting gaming experience.","breadcrumb":{"@id":"https:\/\/slotsite.mediacle.net\/online-craps\/#breadcrumb"},"inLanguage":"fr-CA","potentialAction":[{"@type":"ReadAction","target":["https:\/\/slotsite.mediacle.net\/online-craps\/"]}]},{"@type":"BreadcrumbList","@id":"https:\/\/slotsite.mediacle.net\/online-craps\/#breadcrumb","itemListElement":[{"@type":"ListItem","position":1,"name":"Home","item":"https:\/\/slotsite.mediacle.net\/"},{"@type":"ListItem","position":2,"name":"Online Craps Games"}]},{"@type":"WebSite","@id":"https:\/\/slotsite.mediacle.net\/#website","url":"https:\/\/slotsite.mediacle.net\/","name":"Slotsite","description":"","potentialAction":[{"@type":"SearchAction","target":{"@type":"EntryPoint","urlTemplate":"https:\/\/slotsite.mediacle.net\/?s={search_term_string}"},"query-input":"required name=search_term_string"}],"inLanguage":"fr-CA"}]}},"_links":{"self":[{"href":"https:\/\/slotsite.mediacle.net\/qc\/wp-json\/wp\/v2\/pages\/194","targetHints":{"allow":["GET"]}}],"collection":[{"href":"https:\/\/slotsite.mediacle.net\/qc\/wp-json\/wp\/v2\/pages"}],"about":[{"href":"https:\/\/slotsite.mediacle.net\/qc\/wp-json\/wp\/v2\/types\/page"}],"author":[{"embeddable":true,"href":"https:\/\/slotsite.mediacle.net\/qc\/wp-json\/wp\/v2\/users\/1"}],"replies":[{"embeddable":true,"href":"https:\/\/slotsite.mediacle.net\/qc\/wp-json\/wp\/v2\/comments?post=194"}],"version-history":[{"count":27,"href":"https:\/\/slotsite.mediacle.net\/qc\/wp-json\/wp\/v2\/pages\/194\/revisions"}],"predecessor-version":[{"id":2359,"href":"https:\/\/slotsite.mediacle.net\/qc\/wp-json\/wp\/v2\/pages\/194\/revisions\/2359"}],"wp:attachment":[{"href":"https:\/\/slotsite.mediacle.net\/qc\/wp-json\/wp\/v2\/media?parent=194"}],"curies":[{"name":"wp","href":"https:\/\/api.w.org\/{rel}","templated":true}]}}