{"id":195,"date":"2023-07-10T06:43:45","date_gmt":"2023-07-10T06:43:45","guid":{"rendered":"https:\/\/slotsite.mediacle.net\/?page_id=195"},"modified":"2023-08-24T11:21:09","modified_gmt":"2023-08-24T11:21:09","slug":"bingo-games","status":"publish","type":"page","link":"https:\/\/slotsite.mediacle.net\/qc\/bingo-games\/","title":{"rendered":"Jeux de bingo en ligne"},"content":{"rendered":"<p style=\"text-align: justify;\">Profitez des jeux de bingo en ligne sur SlotSite.com Casino !<\/p>\n<p style=\"text-align: justify;\">Si vous recherchez un jeu qui allie plaisir et chance de gagner gros, le bingo en ligne est le choix id\u00e9al. Le bingo a une longue et fascinante histoire qui remonte \u00e0 plusieurs si\u00e8cles. Le jeu que nous connaissons et aimons aujourd&#8217;hui a \u00e9volu\u00e9 depuis ses d\u00e9buts modestes jusqu&#8217;\u00e0 devenir un ph\u00e9nom\u00e8ne mondial. Faisons un voyage dans le temps et explorons l&#8217;histoire captivante du bingo :<\/p>\n<h3 style=\"text-align: justify;\"><strong>Les premi\u00e8res origines :<\/strong><\/h3>\n<p style=\"text-align: justify;\">Les origines du bingo remontent au XVIe si\u00e8cle. On pense qu&#8217;il est n\u00e9 en Italie, o\u00f9 un jeu de type loterie appel\u00e9 &#8220;Lo Giuoco del Lotto d&#8217;Italia&#8221; \u00e9tait tr\u00e8s populaire. Ce jeu consistait pour les joueurs \u00e0 faire correspondre les num\u00e9ros inscrits sur leurs cartes avec ceux tir\u00e9s au sort par l&#8217;op\u00e9rateur.<\/p>\n<h3 style=\"text-align: justify;\"><strong>Arriv\u00e9e en Am\u00e9rique :<\/strong><\/h3>\n<p style=\"text-align: justify;\">Le bingo a fait son entr\u00e9e en Am\u00e9rique au d\u00e9but du XXe si\u00e8cle. Le jeu s&#8217;appelait \u00e0 l&#8217;origine &#8220;Beano&#8221; et se jouait dans les foires de campagne et les carnavals. Les joueurs marquaient les num\u00e9ros sur leurs cartes \u00e0 l&#8217;aide de haricots, d&#8217;o\u00f9 le nom &#8220;Beano&#8221;.<\/p>\n<h3 style=\"text-align: justify;\"><strong>La naissance du bingo :<\/strong><\/h3>\n<p style=\"text-align: justify;\">En 1929, Edwin S. Lowe, vendeur de jouets, assiste \u00e0 une partie de Beano lors d&#8217;une f\u00eate foraine pr\u00e8s d&#8217;Atlanta, en G\u00e9orgie. Inspir\u00e9 par l&#8217;excitation et le potentiel du jeu, Lowe le pr\u00e9sente \u00e0 ses amis et le modifie l\u00e9g\u00e8rement. Au cours d&#8217;une partie, une joueuse \u00e9tait tellement excit\u00e9e \u00e0 l&#8217;id\u00e9e de gagner qu&#8217;elle a cri\u00e9 par erreur &#8220;Bingo&#8221; au lieu de &#8220;Beano&#8221;. Ce lapsus accidentel a donn\u00e9 naissance au nom que nous connaissons aujourd&#8217;hui.<\/p>\n<h3 style=\"text-align: justify;\"><strong>Les progr\u00e8s de la technologie :<\/strong><\/h3>\n<p style=\"text-align: justify;\">Avec l&#8217;av\u00e8nement de l&#8217;internet et l&#8217;essor des jeux en ligne, le bingo a connu une r\u00e9volution num\u00e9rique. La plateforme en ligne a permis aux joueurs de profiter du jeu depuis le confort de leur domicile. La commodit\u00e9 et l&#8217;accessibilit\u00e9 du bingo en ligne ont permis aux joueurs du monde entier de s&#8217;adonner \u00e0 ce jeu.<\/p>\n<h3 style=\"text-align: justify;\"><strong>Machine \u00e0 sous Bingo Jackpot en vedette :<\/strong><\/h3>\n<p style=\"text-align: justify;\">Entrez dans My Bingo Hall Jackpot, un jeu du fournisseur renomm\u00e9 Eyecon, qui capture l&#8217;essence du jeu de bingo traditionnel, mais qui paie aussi des prix de jackpot ! Avec sa grille \u00e0 cinq rouleaux, ses trois rang\u00e9es et ses 25 lignes de paiement ajustables, ce jeu offre une exp\u00e9rience de jeu personnalisable et attrayante. Appr\u00e9ciez la nostalgie des appels de bingo avec dix symboles r\u00e9guliers, y compris les favoris des fans comme &#8220;Two Fat Ladies 88&#8221; et &#8220;Legs Eleven 11&#8221;. Soyez attentif aux symboles sp\u00e9ciaux, tels que le joker de la feuille d&#8217;appel de bingo et le scatter de l&#8217;appelant de bingo, qui peuvent d\u00e9clencher des fonctions bonus passionnantes et augmenter votre potentiel de gain. Atteignez trois, quatre ou cinq symboles scatter d&#8217;appelant de bingo pour d\u00e9clencher respectivement 15, 20 ou 25 tours gratuits. Pendant les tours gratuits, tous les gains de ligne sont tripl\u00e9s, ce qui augmente vos chances d&#8217;obtenir des gains importants. Gardez un \u0153il sur les jokers de la feuille d&#8217;appel du bingo, car ils remplacent tous les symboles \u00e0 l&#8217;exception des scatters. Non seulement ils vous aident \u00e0 cr\u00e9er des combinaisons gagnantes, mais ils doublent \u00e9galement vos gains lorsqu&#8217;ils contribuent \u00e0 une ligne gagnante. Avec la possibilit\u00e9 de red\u00e9clencher jusqu&#8217;\u00e0 15 tours gratuits, l&#8217;excitation et les r\u00e9compenses de My Bingo Hall Jackpot sont infinies !<\/p>\n<h3 style=\"text-align: justify;\"><strong>Bingo en ligne \u00e0 75 boules<\/strong><\/h3>\n<p style=\"text-align: justify;\">Le bingo \u00e0 75 boules est une variante populaire du jeu classique jou\u00e9 en ligne. Dans cette version, 40 num\u00e9ros sont tir\u00e9s au sort parmi 71 dans une grille de 5&#215;5 contenant 24 cases num\u00e9rot\u00e9es et un espace libre au centre. Un joueur peut jouer jusqu&#8217;\u00e0 6 tickets, chacun contenant 24 num\u00e9ros s\u00e9lectionn\u00e9s au hasard. L&#8217;objectif est de cocher les num\u00e9ros sur la carte au fur et \u00e0 mesure qu&#8217;ils sont appel\u00e9s par le syst\u00e8me. Le jeu propose diff\u00e9rents mod\u00e8les gagnants, tels que des lignes, des diagonales et des formes, ce qui ajoute de l&#8217;excitation et du suspense \u00e0 chaque tour. Gr\u00e2ce \u00e0 son rythme de jeu rapide, \u00e0 la diversit\u00e9 des sch\u00e9mas et des gains, le bingo \u00e0 75 boules est une exp\u00e9rience amusante et attrayante pour les joueurs en ligne.<\/p>\n<h3 style=\"text-align: justify;\"><strong>Bingo en ligne \u00e0 90 boules<\/strong><\/h3>\n<p style=\"text-align: justify;\">Le bingo \u00e0 90 boules fait le bonheur des amateurs de jeux en ligne. Avec un ticket de 3&#215;5 et une grille de 9&#215;9 tuiles num\u00e9rot\u00e9es, les joueurs ont un large \u00e9ventail de possibilit\u00e9s de gains. L&#8217;objectif du jeu est d&#8217;associer au moins trois tuiles identiques pour former une combinaison gagnante et obtenir une r\u00e9compense en esp\u00e8ces. Au fur et \u00e0 mesure que le jeu progresse, des num\u00e9ros choisis au hasard sont annonc\u00e9s, r\u00e9v\u00e9lant progressivement les 90 tuiles. L&#8217;impatience monte au fur et \u00e0 mesure que les joueurs cochent leurs num\u00e9ros, dans l&#8217;espoir de compl\u00e9ter une ligne, deux lignes ou d&#8217;obtenir un &#8220;full house&#8221; en cochant tous les num\u00e9ros de leur carte. Lorsque les 90 num\u00e9ros ont \u00e9t\u00e9 prononc\u00e9s, le jeu se termine et les combinaisons gagnantes sont pay\u00e9es. Pour ajouter encore au suspense, le bingo \u00e0 90 boules propose souvent des jeux annexes ou des tours de bonus, qui offrent aux joueurs la possibilit\u00e9 de gagner des r\u00e9compenses suppl\u00e9mentaires en esp\u00e8ces. Pr\u00e9parez-vous \u00e0 vivre le suspense du bingo \u00e0 90 boules, o\u00f9 chaque tour offre la possibilit\u00e9 de remporter des gains importants !<\/p>\n<h3 style=\"text-align: justify;\"><strong>Devenez membre de SlotSite.com d\u00e8s aujourd&#8217;hui pour gagner des r\u00e9compenses.<\/strong><\/h3>\n<p style=\"text-align: justify;\">Pour commencer votre qu\u00eate de bingo, l&#8217;inscription est un jeu d&#8217;enfant. Il vous suffit de cliquer sur le bouton &#8220;S&#8217;inscrire&#8221; et de remplir le formulaire d&#8217;inscription avec vos informations. Une fois votre compte v\u00e9rifi\u00e9, vous pouvez effectuer un d\u00e9p\u00f4t, r\u00e9clamer votre bonus de bienvenue et profiter des jeux de bingo en ligne. Inscrivez-vous d\u00e8s aujourd&#8217;hui et pr\u00e9parez-vous \u00e0 crier &#8220;Bingo !&#8221;. N&#8217;oubliez jamais de conna\u00eetre et de fixer vos limites. Jouez de mani\u00e8re responsable. Les jeux d&#8217;argent peuvent cr\u00e9er une d\u00e9pendance.<\/p>\n","protected":false},"excerpt":{"rendered":"<p>Profitez des jeux de bingo en ligne sur SlotSite.com Casino ! Si vous recherchez un jeu qui allie plaisir et chance de gagner gros, le bingo en ligne est le choix id\u00e9al. Le bingo a une longue et fascinante histoire qui remonte \u00e0 plusieurs si\u00e8cles. Le jeu que nous connaissons et aimons aujourd&#8217;hui a \u00e9volu\u00e9 [&hellip;]<\/p>\n","protected":false},"author":1,"featured_media":0,"parent":0,"menu_order":0,"comment_status":"closed","ping_status":"closed","template":"templates\/category.php","meta":{"footnotes":""},"class_list":["post-195","page","type-page","status-publish","hentry"],"translation":{"provider":"WPGlobus","version":"2.12.2","language":"qc","enabled_languages":["en","ca","fi","no","ja","es","pt","qc","gb","ir","nz","sa","in"],"languages":{"en":{"title":true,"content":true,"excerpt":false},"ca":{"title":true,"content":true,"excerpt":false},"fi":{"title":true,"content":false,"excerpt":false},"no":{"title":true,"content":true,"excerpt":false},"ja":{"title":false,"content":false,"excerpt":false},"es":{"title":true,"content":true,"excerpt":false},"pt":{"title":true,"content":true,"excerpt":false},"qc":{"title":true,"content":true,"excerpt":false},"gb":{"title":true,"content":true,"excerpt":false},"ir":{"title":false,"content":false,"excerpt":false},"nz":{"title":false,"content":false,"excerpt":false},"sa":{"title":false,"content":false,"excerpt":false},"in":{"title":true,"content":true,"excerpt":false}}},"acf":[],"yoast_head":"<!-- This site is optimized with the Yoast SEO plugin v20.11 - https:\/\/yoast.com\/wordpress\/plugins\/seo\/ -->\n<title>Slotsite<\/title>\n<meta name=\"robots\" content=\"index, follow, max-snippet:-1, max-image-preview:large, max-video-preview:-1\" \/>\n<link rel=\"canonical\" href=\"https:\/\/slotsite.mediacle.net\/bingo-games\/\" \/>\n<meta property=\"og:locale\" content=\"fr_CA\" \/>\n<meta property=\"og:type\" content=\"article\" \/>\n<meta property=\"og:url\" content=\"https:\/\/slotsite.mediacle.net\/bingo-games\/\" \/>\n<meta property=\"og:site_name\" content=\"Slotsite\" \/>\n<meta property=\"article:modified_time\" content=\"2023-08-24T11:21:09+00:00\" \/>\n<meta name=\"twitter:card\" content=\"summary_large_image\" \/>\n<meta name=\"twitter:label1\" content=\"Est. reading time\" \/>\n\t<meta name=\"twitter:data1\" content=\"4 minutes\" \/>\n<script type=\"application\/ld+json\" class=\"yoast-schema-graph\">{\"@context\":\"https:\/\/schema.org\",\"@graph\":[{\"@type\":\"WebPage\",\"@id\":\"https:\/\/slotsite.mediacle.net\/bingo-games\/\",\"url\":\"https:\/\/slotsite.mediacle.net\/bingo-games\/\",\"name\":\"\",\"isPartOf\":{\"@id\":\"https:\/\/slotsite.mediacle.net\/#website\"},\"datePublished\":\"2023-07-10T06:43:45+00:00\",\"dateModified\":\"2023-08-24T11:21:09+00:00\",\"description\":\"\",\"breadcrumb\":{\"@id\":\"https:\/\/slotsite.mediacle.net\/bingo-games\/#breadcrumb\"},\"inLanguage\":\"fr-CA\",\"potentialAction\":[{\"@type\":\"ReadAction\",\"target\":[\"https:\/\/slotsite.mediacle.net\/bingo-games\/\"]}]},{\"@type\":\"BreadcrumbList\",\"@id\":\"https:\/\/slotsite.mediacle.net\/bingo-games\/#breadcrumb\",\"itemListElement\":[{\"@type\":\"ListItem\",\"position\":1,\"name\":\"Home\",\"item\":\"https:\/\/slotsite.mediacle.net\/\"},{\"@type\":\"ListItem\",\"position\":2,\"name\":\"Bingo Games\"}]},{\"@type\":\"WebSite\",\"@id\":\"https:\/\/slotsite.mediacle.net\/#website\",\"url\":\"https:\/\/slotsite.mediacle.net\/\",\"name\":\"Slotsite\",\"description\":\"\",\"potentialAction\":[{\"@type\":\"SearchAction\",\"target\":{\"@type\":\"EntryPoint\",\"urlTemplate\":\"https:\/\/slotsite.mediacle.net\/?s={search_term_string}\"},\"query-input\":\"required name=search_term_string\"}],\"inLanguage\":\"fr-CA\"}]}<\/script>\n<!-- \/ Yoast SEO plugin. -->","yoast_head_json":{"title":"Slotsite","robots":{"index":"index","follow":"follow","max-snippet":"max-snippet:-1","max-image-preview":"max-image-preview:large","max-video-preview":"max-video-preview:-1"},"canonical":"https:\/\/slotsite.mediacle.net\/bingo-games\/","og_locale":"fr_CA","og_type":"article","og_url":"https:\/\/slotsite.mediacle.net\/bingo-games\/","og_site_name":"Slotsite","article_modified_time":"2023-08-24T11:21:09+00:00","twitter_card":"summary_large_image","twitter_misc":{"Est. reading time":"4 minutes"},"schema":{"@context":"https:\/\/schema.org","@graph":[{"@type":"WebPage","@id":"https:\/\/slotsite.mediacle.net\/bingo-games\/","url":"https:\/\/slotsite.mediacle.net\/bingo-games\/","name":"","isPartOf":{"@id":"https:\/\/slotsite.mediacle.net\/#website"},"datePublished":"2023-07-10T06:43:45+00:00","dateModified":"2023-08-24T11:21:09+00:00","description":"","breadcrumb":{"@id":"https:\/\/slotsite.mediacle.net\/bingo-games\/#breadcrumb"},"inLanguage":"fr-CA","potentialAction":[{"@type":"ReadAction","target":["https:\/\/slotsite.mediacle.net\/bingo-games\/"]}]},{"@type":"BreadcrumbList","@id":"https:\/\/slotsite.mediacle.net\/bingo-games\/#breadcrumb","itemListElement":[{"@type":"ListItem","position":1,"name":"Home","item":"https:\/\/slotsite.mediacle.net\/"},{"@type":"ListItem","position":2,"name":"Bingo Games"}]},{"@type":"WebSite","@id":"https:\/\/slotsite.mediacle.net\/#website","url":"https:\/\/slotsite.mediacle.net\/","name":"Slotsite","description":"","potentialAction":[{"@type":"SearchAction","target":{"@type":"EntryPoint","urlTemplate":"https:\/\/slotsite.mediacle.net\/?s={search_term_string}"},"query-input":"required name=search_term_string"}],"inLanguage":"fr-CA"}]}},"_links":{"self":[{"href":"https:\/\/slotsite.mediacle.net\/qc\/wp-json\/wp\/v2\/pages\/195","targetHints":{"allow":["GET"]}}],"collection":[{"href":"https:\/\/slotsite.mediacle.net\/qc\/wp-json\/wp\/v2\/pages"}],"about":[{"href":"https:\/\/slotsite.mediacle.net\/qc\/wp-json\/wp\/v2\/types\/page"}],"author":[{"embeddable":true,"href":"https:\/\/slotsite.mediacle.net\/qc\/wp-json\/wp\/v2\/users\/1"}],"replies":[{"embeddable":true,"href":"https:\/\/slotsite.mediacle.net\/qc\/wp-json\/wp\/v2\/comments?post=195"}],"version-history":[{"count":20,"href":"https:\/\/slotsite.mediacle.net\/qc\/wp-json\/wp\/v2\/pages\/195\/revisions"}],"predecessor-version":[{"id":2173,"href":"https:\/\/slotsite.mediacle.net\/qc\/wp-json\/wp\/v2\/pages\/195\/revisions\/2173"}],"wp:attachment":[{"href":"https:\/\/slotsite.mediacle.net\/qc\/wp-json\/wp\/v2\/media?parent=195"}],"curies":[{"name":"wp","href":"https:\/\/api.w.org\/{rel}","templated":true}]}}