{"id":199,"date":"2023-07-10T06:44:39","date_gmt":"2023-07-10T06:44:39","guid":{"rendered":"https:\/\/slotsite.mediacle.net\/?page_id=199"},"modified":"2023-08-31T10:11:35","modified_gmt":"2023-08-31T10:11:35","slug":"keno-games","status":"publish","type":"page","link":"https:\/\/slotsite.mediacle.net\/qc\/keno-games\/","title":{"rendered":"Jeux de keno en ligne"},"content":{"rendered":"<h2 style=\"text-align: justify;\"><strong>Keno : D\u00e9couvrez l&#8217;ancien jeu de loterie et de hasard au casino SlotSite.com<\/strong><\/h2>\n<p style=\"text-align: justify;\">Bienvenue dans le monde enchanteur du Keno, un jeu de loterie captivant qui a r\u00e9sist\u00e9 \u00e0 l&#8217;\u00e9preuve du temps et continue de ravir les joueurs du monde entier. Avec des origines profond\u00e9ment ancr\u00e9es dans la Chine ancienne, le keno a une histoire fascinante qui s&#8217;\u00e9tend sur plus de deux mill\u00e9naires. Selon la l\u00e9gende, ce jeu a jou\u00e9 un r\u00f4le crucial dans le financement de la construction de la Grande Muraille de Chine. Au fil des si\u00e8cles, le keno s&#8217;est r\u00e9pandu dans diff\u00e9rentes parties du monde, s&#8217;adaptant \u00e0 diverses influences culturelles et \u00e9voluant sous diff\u00e9rentes formes.<\/p>\n<p style=\"text-align: justify;\">Dans sa forme la plus ancienne, le Keno consistait \u00e0 s\u00e9lectionner des caract\u00e8res dans des po\u00e8mes chinois plut\u00f4t que des chiffres. Ces caract\u00e8res \u00e9taient ensuite tir\u00e9s au sort dans un grand bassin, et les joueurs inscrivaient leur s\u00e9lection sur une carte. Lorsque le jeu a atteint d&#8217;autres r\u00e9gions occidentales au cours du XVIIIe si\u00e8cle, il a subi des modifications, les chiffres rempla\u00e7ant les caract\u00e8res. Le keno a rapidement gagn\u00e9 en popularit\u00e9, en particulier dans les \u00e9tablissements de jeu, o\u00f9 il offrait une alternative aux jeux de casino traditionnels.<\/p>\n<p style=\"text-align: justify;\">Aujourd&#8217;hui, gr\u00e2ce \u00e0 la popularit\u00e9 des casinos en ligne, le Keno a trouv\u00e9 sa place dans le monde num\u00e9rique. Sur SlotSite.com Casino, nous sommes fiers de pr\u00e9senter diff\u00e9rentes variantes de jeux de Keno en ligne, apportant l&#8217;excitation et le potentiel au bout de vos doigts.<\/p>\n<h3 style=\"text-align: justify;\"><strong>Comment jouer au keno et quelles sont les r\u00e8gles ?<\/strong><\/h3>\n<p style=\"text-align: justify;\">Le keno est un jeu de loterie facile \u00e0 jouer qui offre de gros prix. Voici un guide \u00e9tape par \u00e9tape sur la fa\u00e7on de jouer au keno :<\/p>\n<p style=\"text-align: justify;\">Choisissez vos num\u00e9ros : Au Keno, les joueurs choisissent un ensemble de num\u00e9ros dans une fourchette pr\u00e9d\u00e9termin\u00e9e, g\u00e9n\u00e9ralement comprise entre 1 et 80. Le nombre de num\u00e9ros s\u00e9lectionn\u00e9s peut varier, g\u00e9n\u00e9ralement entre 1 et 20, en fonction du jeu.<\/p>\n<p style=\"text-align: justify;\">Placez vos paris : D\u00e9cidez du montant que vous souhaitez miser sur chaque jeu. Le montant de votre mise d\u00e9terminera les gains potentiels si vos num\u00e9ros sont tir\u00e9s au sort.<\/p>\n<p style=\"text-align: justify;\">Regardez le tirage : Une fois que vous avez choisi vos num\u00e9ros et plac\u00e9 vos mises, le jeu commence. Les num\u00e9ros sont tir\u00e9s au hasard \u00e0 l&#8217;aide d&#8217;un g\u00e9n\u00e9rateur de nombres al\u00e9atoires (GNA) ou d&#8217;autres m\u00e9thodes certifi\u00e9es. Dans le keno traditionnel, les boules num\u00e9rot\u00e9es sont tir\u00e9es d&#8217;une bulle en verre, tandis que le keno en ligne utilise la technologie num\u00e9rique pour un tirage juste et al\u00e9atoire.<\/p>\n<p style=\"text-align: justify;\">Comparez les num\u00e9ros tir\u00e9s \u00e0 votre s\u00e9lection : Au fur et \u00e0 mesure que les num\u00e9ros sont tir\u00e9s, vous devez les faire correspondre aux num\u00e9ros que vous avez choisis. Plus le nombre de num\u00e9ros correspondant est \u00e9lev\u00e9, plus votre gain potentiel est important.<\/p>\n<p style=\"text-align: justify;\">Recevez vos gains : Si vos num\u00e9ros correspondent aux num\u00e9ros tir\u00e9s au sort, vous gagnerez selon le tableau des gains du jeu de keno en question. Les gains varient en fonction du nombre de combinaisons et du montant de votre mise. Diff\u00e9rentes combinaisons de num\u00e9ros donneront lieu \u00e0 diff\u00e9rents prix, les gains \u00e9tant plus \u00e9lev\u00e9s si le nombre de num\u00e9ros correspondants est plus \u00e9lev\u00e9.<\/p>\n<h3 style=\"text-align: justify;\"><strong>R\u00e8gles du keno :<\/strong><\/h3>\n<p style=\"text-align: justify;\">S\u00e9lection des num\u00e9ros : Choisissez vos num\u00e9ros dans la gamme disponible, g\u00e9n\u00e9ralement de 1 \u00e0 80. Le nombre de num\u00e9ros s\u00e9lectionn\u00e9s d\u00e9pend du jeu de keno en question.<\/p>\n<p style=\"text-align: justify;\">Pari : Placez la mise que vous souhaitez sur chaque jeu. Le montant de votre mise aura une incidence sur les gains potentiels.<\/p>\n<p style=\"text-align: justify;\">Paiements : Les gains sont bas\u00e9s sur le nombre de correspondances entre les num\u00e9ros que vous avez s\u00e9lectionn\u00e9s et les num\u00e9ros tir\u00e9s au sort. Plus le nombre de num\u00e9ros correspondant est \u00e9lev\u00e9, plus vos gains potentiels sont importants.<\/p>\n<p style=\"text-align: justify;\">Table de paiement : Chaque jeu de Keno poss\u00e8de sa propre table de paiement, qui indique les gains pour les diff\u00e9rentes combinaisons de chiffres. Consultez le tableau des gains pour conna\u00eetre les gains potentiels de vos paris.<\/p>\n<p style=\"text-align: justify;\">Caract\u00e8re al\u00e9atoire et \u00e9quit\u00e9 : Les jeux de keno utilisent la technologie RNG ou des m\u00e9thodes certifi\u00e9es pour garantir l&#8217;\u00e9quit\u00e9 et le caract\u00e8re al\u00e9atoire du tirage des num\u00e9ros, offrant ainsi une exp\u00e9rience de jeu impartiale.<\/p>\n<p style=\"text-align: justify;\">Maintenant que vous avez une meilleure compr\u00e9hension de la fa\u00e7on de jouer au Keno et des r\u00e8gles impliqu\u00e9es, devenez membre de SlotSite.com et obtenez des points de r\u00e9compense tout en jouant ! \u00a0Nous offrons une vari\u00e9t\u00e9 de variantes de jeux de Keno pour r\u00e9pondre aux pr\u00e9f\u00e9rences de chaque joueur. Du Keno classique aux variantes innovantes du jeu, placez vos paris avec nous et croisez les doigts. N&#8217;oubliez jamais de conna\u00eetre et de fixer vos limites. Jouez de mani\u00e8re responsable. Les jeux d&#8217;argent peuvent cr\u00e9er une d\u00e9pendance.<\/p>\n","protected":false},"excerpt":{"rendered":"<p>Keno : D\u00e9couvrez l&#8217;ancien jeu de loterie et de hasard au casino SlotSite.com Bienvenue dans le monde enchanteur du Keno, un jeu de loterie captivant qui a r\u00e9sist\u00e9 \u00e0 l&#8217;\u00e9preuve du temps et continue de ravir les joueurs du monde entier. Avec des origines profond\u00e9ment ancr\u00e9es dans la Chine ancienne, le keno a une histoire [&hellip;]<\/p>\n","protected":false},"author":1,"featured_media":0,"parent":0,"menu_order":0,"comment_status":"closed","ping_status":"closed","template":"templates\/category.php","meta":{"footnotes":""},"class_list":["post-199","page","type-page","status-publish","hentry"],"translation":{"provider":"WPGlobus","version":"2.12.2","language":"qc","enabled_languages":["en","ca","fi","no","ja","es","pt","qc","gb","ir","nz","sa","in"],"languages":{"en":{"title":true,"content":true,"excerpt":false},"ca":{"title":true,"content":true,"excerpt":false},"fi":{"title":true,"content":true,"excerpt":false},"no":{"title":true,"content":true,"excerpt":false},"ja":{"title":true,"content":true,"excerpt":false},"es":{"title":true,"content":true,"excerpt":false},"pt":{"title":true,"content":true,"excerpt":false},"qc":{"title":true,"content":true,"excerpt":false},"gb":{"title":true,"content":true,"excerpt":false},"ir":{"title":false,"content":false,"excerpt":false},"nz":{"title":false,"content":false,"excerpt":false},"sa":{"title":false,"content":false,"excerpt":false},"in":{"title":true,"content":true,"excerpt":false}}},"acf":[],"yoast_head":"<!-- This site is optimized with the Yoast SEO plugin v20.11 - https:\/\/yoast.com\/wordpress\/plugins\/seo\/ -->\n<title>Tentez votre chance avec des jeux de Keno engageants : jouez et gagnez d\u00e8s aujourd&#039;hui !<\/title>\n<meta name=\"description\" content=\"Vivez le frisson des jeux de Keno sur notre plateforme, o\u00f9 chance et strat\u00e9gie se combinent pour des gains passionnants.\" \/>\n<meta name=\"robots\" content=\"index, follow, max-snippet:-1, max-image-preview:large, max-video-preview:-1\" \/>\n<link rel=\"canonical\" href=\"https:\/\/slotsite.mediacle.net\/keno-games\/\" \/>\n<meta property=\"og:locale\" content=\"fr_CA\" \/>\n<meta property=\"og:type\" content=\"article\" \/>\n<meta property=\"og:title\" content=\"Tentez votre chance avec des jeux de Keno engageants : jouez et gagnez d\u00e8s aujourd&#039;hui !\" \/>\n<meta property=\"og:description\" content=\"Vivez le frisson des jeux de Keno sur notre plateforme, o\u00f9 chance et strat\u00e9gie se combinent pour des gains passionnants.\" \/>\n<meta property=\"og:url\" content=\"https:\/\/slotsite.mediacle.net\/keno-games\/\" \/>\n<meta property=\"og:site_name\" content=\"Slotsite\" \/>\n<meta property=\"article:modified_time\" content=\"2023-08-31T10:11:35+00:00\" \/>\n<meta name=\"twitter:card\" content=\"summary_large_image\" \/>\n<meta name=\"twitter:label1\" content=\"Est. reading time\" \/>\n\t<meta name=\"twitter:data1\" content=\"3 minutes\" \/>\n<script type=\"application\/ld+json\" class=\"yoast-schema-graph\">{\"@context\":\"https:\/\/schema.org\",\"@graph\":[{\"@type\":\"WebPage\",\"@id\":\"https:\/\/slotsite.mediacle.net\/keno-games\/\",\"url\":\"https:\/\/slotsite.mediacle.net\/keno-games\/\",\"name\":\"Try Your Luck with Engaging Keno Games: Play and Win Today!\",\"isPartOf\":{\"@id\":\"https:\/\/slotsite.mediacle.net\/#website\"},\"datePublished\":\"2023-07-10T06:44:39+00:00\",\"dateModified\":\"2023-08-31T10:11:35+00:00\",\"description\":\"Experience the thrill of Keno games on our platform, where luck and strategy combine for exciting wins. Choose your numbers, watch the draw, and see if you hit the jackpot.\",\"breadcrumb\":{\"@id\":\"https:\/\/slotsite.mediacle.net\/keno-games\/#breadcrumb\"},\"inLanguage\":\"fr-CA\",\"potentialAction\":[{\"@type\":\"ReadAction\",\"target\":[\"https:\/\/slotsite.mediacle.net\/keno-games\/\"]}]},{\"@type\":\"BreadcrumbList\",\"@id\":\"https:\/\/slotsite.mediacle.net\/keno-games\/#breadcrumb\",\"itemListElement\":[{\"@type\":\"ListItem\",\"position\":1,\"name\":\"Home\",\"item\":\"https:\/\/slotsite.mediacle.net\/\"},{\"@type\":\"ListItem\",\"position\":2,\"name\":\"Keno Games\"}]},{\"@type\":\"WebSite\",\"@id\":\"https:\/\/slotsite.mediacle.net\/#website\",\"url\":\"https:\/\/slotsite.mediacle.net\/\",\"name\":\"Slotsite\",\"description\":\"\",\"potentialAction\":[{\"@type\":\"SearchAction\",\"target\":{\"@type\":\"EntryPoint\",\"urlTemplate\":\"https:\/\/slotsite.mediacle.net\/?s={search_term_string}\"},\"query-input\":\"required name=search_term_string\"}],\"inLanguage\":\"fr-CA\"}]}<\/script>\n<!-- \/ Yoast SEO plugin. -->","yoast_head_json":{"title":"Tentez votre chance avec des jeux de Keno engageants : jouez et gagnez d\u00e8s aujourd'hui !","description":"Vivez le frisson des jeux de Keno sur notre plateforme, o\u00f9 chance et strat\u00e9gie se combinent pour des gains passionnants.","robots":{"index":"index","follow":"follow","max-snippet":"max-snippet:-1","max-image-preview":"max-image-preview:large","max-video-preview":"max-video-preview:-1"},"canonical":"https:\/\/slotsite.mediacle.net\/keno-games\/","og_locale":"fr_CA","og_type":"article","og_title":"Tentez votre chance avec des jeux de Keno engageants : jouez et gagnez d\u00e8s aujourd'hui !","og_description":"Vivez le frisson des jeux de Keno sur notre plateforme, o\u00f9 chance et strat\u00e9gie se combinent pour des gains passionnants.","og_url":"https:\/\/slotsite.mediacle.net\/keno-games\/","og_site_name":"Slotsite","article_modified_time":"2023-08-31T10:11:35+00:00","twitter_card":"summary_large_image","twitter_misc":{"Est. reading time":"3 minutes"},"schema":{"@context":"https:\/\/schema.org","@graph":[{"@type":"WebPage","@id":"https:\/\/slotsite.mediacle.net\/keno-games\/","url":"https:\/\/slotsite.mediacle.net\/keno-games\/","name":"Try Your Luck with Engaging Keno Games: Play and Win Today!","isPartOf":{"@id":"https:\/\/slotsite.mediacle.net\/#website"},"datePublished":"2023-07-10T06:44:39+00:00","dateModified":"2023-08-31T10:11:35+00:00","description":"Experience the thrill of Keno games on our platform, where luck and strategy combine for exciting wins. Choose your numbers, watch the draw, and see if you hit the jackpot.","breadcrumb":{"@id":"https:\/\/slotsite.mediacle.net\/keno-games\/#breadcrumb"},"inLanguage":"fr-CA","potentialAction":[{"@type":"ReadAction","target":["https:\/\/slotsite.mediacle.net\/keno-games\/"]}]},{"@type":"BreadcrumbList","@id":"https:\/\/slotsite.mediacle.net\/keno-games\/#breadcrumb","itemListElement":[{"@type":"ListItem","position":1,"name":"Home","item":"https:\/\/slotsite.mediacle.net\/"},{"@type":"ListItem","position":2,"name":"Keno Games"}]},{"@type":"WebSite","@id":"https:\/\/slotsite.mediacle.net\/#website","url":"https:\/\/slotsite.mediacle.net\/","name":"Slotsite","description":"","potentialAction":[{"@type":"SearchAction","target":{"@type":"EntryPoint","urlTemplate":"https:\/\/slotsite.mediacle.net\/?s={search_term_string}"},"query-input":"required name=search_term_string"}],"inLanguage":"fr-CA"}]}},"_links":{"self":[{"href":"https:\/\/slotsite.mediacle.net\/qc\/wp-json\/wp\/v2\/pages\/199","targetHints":{"allow":["GET"]}}],"collection":[{"href":"https:\/\/slotsite.mediacle.net\/qc\/wp-json\/wp\/v2\/pages"}],"about":[{"href":"https:\/\/slotsite.mediacle.net\/qc\/wp-json\/wp\/v2\/types\/page"}],"author":[{"embeddable":true,"href":"https:\/\/slotsite.mediacle.net\/qc\/wp-json\/wp\/v2\/users\/1"}],"replies":[{"embeddable":true,"href":"https:\/\/slotsite.mediacle.net\/qc\/wp-json\/wp\/v2\/comments?post=199"}],"version-history":[{"count":44,"href":"https:\/\/slotsite.mediacle.net\/qc\/wp-json\/wp\/v2\/pages\/199\/revisions"}],"predecessor-version":[{"id":2361,"href":"https:\/\/slotsite.mediacle.net\/qc\/wp-json\/wp\/v2\/pages\/199\/revisions\/2361"}],"wp:attachment":[{"href":"https:\/\/slotsite.mediacle.net\/qc\/wp-json\/wp\/v2\/media?parent=199"}],"curies":[{"name":"wp","href":"https:\/\/api.w.org\/{rel}","templated":true}]}}