{"id":203,"date":"2023-07-10T06:48:54","date_gmt":"2023-07-10T06:48:54","guid":{"rendered":"https:\/\/slotsite.mediacle.net\/?page_id=203"},"modified":"2023-08-31T07:41:03","modified_gmt":"2023-08-31T07:41:03","slug":"video-slots","status":"publish","type":"page","link":"https:\/\/slotsite.mediacle.net\/qc\/video-slots\/","title":{"rendered":"Machines \u00e0 sous vid\u00e9o"},"content":{"rendered":"<h2 style=\"text-align: justify;\"><strong>Bienvenue dans le monde des machines \u00e0 sous vid\u00e9o sur SlotSite.com !<\/strong><\/h2>\n<p style=\"text-align: justify;\">Pr\u00e9parez-vous ! Les machines \u00e0 sous vid\u00e9o sont l&#8217;objectif principal et les meilleures offres des studios de conception de jeux. En tant que premier site de machines \u00e0 sous au monde, nous vous invitons \u00e0 explorer le royaume captivant des machines \u00e0 sous vid\u00e9o. Au Casino SlotSite.com, nous avons une gamme impressionnante de fournisseurs de logiciels renomm\u00e9s tels que Microgaming, NetEnt, Playtech, Evolution, Pragmatic Play, Play&#8217;n GO, Scientific Games et bien d&#8217;autres encore ! Les machines \u00e0 sous vid\u00e9o en ligne sont la quintessence des jeux de casino modernes et vous pouvez essayer quelque chose de nouveau en permanence. Ces versions virtuelles des machines \u00e0 sous terrestres offrent une multitude de fonctions et d&#8217;\u00e9l\u00e9ments de jeu passionnants qui divertissent les joueurs. Les studios de conception de machines \u00e0 sous sont pass\u00e9s ma\u00eetres dans l&#8217;art de raconter des histoires \u00e0 travers leurs jeux, en utilisant des th\u00e8mes pour cr\u00e9er des personnages, une atmosph\u00e8re et des symboles qui donnent v\u00e9ritablement vie au jeu.<\/p>\n<p style=\"text-align: justify;\">L&#8217;une des caract\u00e9ristiques des machines \u00e0 sous vid\u00e9o en ligne est leur caract\u00e8re int\u00e9ressant et visuellement \u00e9poustouflant. D\u00e9velopp\u00e9s par les meilleurs concepteurs de jeux, ces jeux se caract\u00e9risent par des animations vibrantes et des sons captivants. Qu&#8217;il s&#8217;agisse de mondes fantastiques enchanteurs ou d&#8217;aventures pleines d&#8217;action, les machines \u00e0 sous vid\u00e9o sont con\u00e7ues pour susciter un sentiment d&#8217;\u00e9merveillement. La jouabilit\u00e9 des machines \u00e0 sous vid\u00e9o en ligne est facile \u00e0 comprendre, ce qui les rend accessibles aux joueurs novices comme aux joueurs exp\u00e9riment\u00e9s. L&#8217;objectif est de faire tourner les rouleaux et de faire correspondre les symboles le long des lignes de paiement actives pour former des combinaisons gagnantes. Les machines \u00e0 sous vid\u00e9o comportent souvent plusieurs lignes de paiement, qui sont les lignes sur lesquelles les combinaisons gagnantes peuvent appara\u00eetre. Certains jeux proposent un nombre fixe de lignes de paiement, tandis que d&#8217;autres permettent aux joueurs d&#8217;ajuster le nombre de lignes actives en fonction de leurs pr\u00e9f\u00e9rences.<\/p>\n<p style=\"text-align: justify;\">Pour am\u00e9liorer le divertissement, les machines \u00e0 sous vid\u00e9o en ligne sont assorties de divers bonus. Ces tours de bonus peuvent inclure des tours gratuits, des multiplicateurs, des symboles sauvages, des symboles de dispersion et des mini-jeux interactifs. Les tours gratuits sont souvent d\u00e9clench\u00e9s par l&#8217;obtention de combinaisons sp\u00e9cifiques de symboles, ce qui permet aux joueurs de b\u00e9n\u00e9ficier d&#8217;un nombre d\u00e9termin\u00e9 de tours sans avoir \u00e0 miser de cr\u00e9dits suppl\u00e9mentaires. Les multiplicateurs, quant \u00e0 eux, multiplient les gains par une valeur pr\u00e9d\u00e9termin\u00e9e, amplifiant ainsi le potentiel de gain. Les symboles Wild remplacent d&#8217;autres symboles et aident les joueurs \u00e0 former plus facilement des combinaisons gagnantes. Les symboles Scatter, quant \u00e0 eux, peuvent d\u00e9clencher des tours de bonus ou d\u00e9bloquer des fonctions sp\u00e9ciales lorsqu&#8217;un certain nombre d&#8217;entre eux apparaissent sur les rouleaux. Les mini-jeux interactifs, souvent appel\u00e9s tours de bonus, permettent aux joueurs de s&#8217;engager dans des activit\u00e9s suppl\u00e9mentaires au sein du jeu de machines \u00e0 sous, offrant la possibilit\u00e9 de gagner des prix suppl\u00e9mentaires ou d&#8217;acc\u00e9der \u00e0 des \u00e9l\u00e9ments de jeu uniques.<\/p>\n<h3 style=\"text-align: justify;\"><strong>Une vari\u00e9t\u00e9 infinie de th\u00e8mes :<\/strong><\/h3>\n<p style=\"text-align: justify;\">Explorez un univers infini de th\u00e8mes en naviguant dans le lobby de notre casino. Que vous soyez fan de civilisations anciennes, de cr\u00e9atures mythiques, de super-h\u00e9ros ou de contes classiques, il existe une machine \u00e0 sous vid\u00e9o qui r\u00e9pondra \u00e0 vos moindres d\u00e9sirs. D\u00e9couvrez les myst\u00e8res de l&#8217;\u00c9gypte ancienne avec &#8220;Book of Ra&#8221;, rejoignez l&#8217;action viking avec &#8220;Thunderstruck 2&#8221; ou plongez dans le monde des contes de f\u00e9es avec &#8220;Jack and the Beanstalk&#8221;. Les possibilit\u00e9s sont illimit\u00e9es et chaque tour apporte une nouvelle aventure.<\/p>\n<h3 style=\"text-align: justify;\"><strong>Variations et lignes de paiement :<\/strong><\/h3>\n<p style=\"text-align: justify;\">Les machines \u00e0 sous vid\u00e9o offrent une gamme incroyable de variantes pour r\u00e9pondre aux pr\u00e9f\u00e9rences de chaque joueur. Des machines \u00e0 sous classiques \u00e0 5 rouleaux qui rendent hommage aux jeux vid\u00e9o d&#8217;antan aux chefs-d&#8217;\u0153uvre complexes \u00e0 7 rouleaux dot\u00e9s de fonctions innovantes, le choix est vaste. \u00a0Essayez les jeux doubles qui ont jusqu&#8217;\u00e0 15 rouleaux ! Chaque jeu comporte un nombre unique de lignes de paiement, allant d&#8217;une seule ligne \u00e0 des centaines, voire des milliers. Cela signifie plus d&#8217;opportunit\u00e9s de cr\u00e9er des combinaisons gagnantes et de d\u00e9bloquer des fonctions bonus palpitantes.<\/p>\n<h3 style=\"text-align: justify;\"><strong>Fonctions bonus et symboles sp\u00e9ciaux :<\/strong><\/h3>\n<p style=\"text-align: justify;\">Pr\u00e9parez-vous \u00e0 faire un tour, car les machines \u00e0 sous vid\u00e9o sont r\u00e9put\u00e9es pour leurs fonctions bonus passionnantes et leurs symboles sp\u00e9ciaux qui peuvent augmenter consid\u00e9rablement vos gains. Les symboles Scatter d\u00e9clenchent des tours gratuits, au cours desquels vous pouvez faire tourner les rouleaux sans miser un seul centime. Les symboles Wild se substituent aux autres symboles pour cr\u00e9er des combinaisons gagnantes et multiplier vos gains. Certaines machines \u00e0 sous vid\u00e9o proposent m\u00eame des jokers en expansion, des jokers collants et des jokers superpos\u00e9s pour encore plus de chances de gagner gros.<\/p>\n<h3 style=\"text-align: justify;\"><strong>Bonus populaires :<\/strong><\/h3>\n<p style=\"text-align: justify;\">Profitez de fonctions bonus qui vous tiendront en haleine. D\u00e9couvrez le frisson d&#8217;un jeu bonus &#8220;pick-and-click&#8221;, o\u00f9 vous choisissez des objets cach\u00e9s pour r\u00e9v\u00e9ler des prix en esp\u00e8ces, des multiplicateurs ou m\u00eame l&#8217;acc\u00e8s \u00e0 des tours de bonus suppl\u00e9mentaires. Certaines machines \u00e0 sous vid\u00e9o proposent des rouleaux en cascade, o\u00f9 les combinaisons gagnantes disparaissent, ce qui permet \u00e0 de nouveaux symboles de se mettre en place et de cr\u00e9er des gains cons\u00e9cutifs. Et n&#8217;oublions pas les jackpots progressifs, o\u00f9 une petite partie de chaque mise contribue \u00e0 un \u00e9norme jackpot qui peut \u00eatre remport\u00e9 \u00e0 tout moment.<\/p>\n<h3 style=\"text-align: justify;\"><strong>Variations des machines \u00e0 sous vid\u00e9o :<\/strong><\/h3>\n<p style=\"text-align: justify;\">Les machines \u00e0 sous vid\u00e9o offrent chacune une exp\u00e9rience de jeu unique. Essayez les jeux qui offrent la fonction Link &amp; Win ! La fonction Link &amp; Win est d\u00e9clench\u00e9e par la r\u00e9ception de 6 \u00e0 14 symboles sp\u00e9ciaux Link &amp; Win sur l&#8217;\u00e9cran \u00e0 un moment donn\u00e9 et dans n&#8217;importe quelle position. Chaque symbole vaut un certain montant et le total \u00e0 la fin est cr\u00e9dit\u00e9 sur votre solde. Le fonctionnement est similaire \u00e0 celui d&#8217;un re-spin qui se r\u00e9initialise \u00e0 chaque fois que vous tombez sur un symbole sp\u00e9cifique. Explorez le monde des <a href=\"https:\/\/slotsite.mediacle.net\/megaway-slots\/\"><u>machines \u00e0 sous Megaways<\/u><\/a>, o\u00f9 le nombre de fa\u00e7ons de gagner peut atteindre des niveaux \u00e9tonnants, vous procurant de l&#8217;excitation et des gains potentiels consid\u00e9rables. Plongez dans les profondeurs des machines \u00e0 sous \u00e0 rouleaux en cascade, o\u00f9 les combinaisons gagnantes explosent, laissant la place \u00e0 de nouveaux symboles qui tombent et cr\u00e9ent des gains cons\u00e9cutifs. Ou tentez votre chance avec les machines \u00e0 sous \u00e0 paiements group\u00e9s, o\u00f9 les combinaisons gagnantes sont form\u00e9es en regroupant les symboles correspondants.<\/p>\n<h3 style=\"text-align: justify;\"><strong>Conseils pour profiter des machines \u00e0 sous en ligne :<\/strong><\/h3>\n<p style=\"text-align: justify;\">Explorez diff\u00e9rents th\u00e8mes et fonctions bonus : Avec une telle vari\u00e9t\u00e9 de th\u00e8mes disponibles, n&#8217;h\u00e9sitez pas \u00e0 essayer diff\u00e9rentes machines \u00e0 sous pour d\u00e9couvrir vos pr\u00e9f\u00e9r\u00e9es.<\/p>\n<p style=\"text-align: justify;\">Fixez un calendrier et un budget pour jouer : Le jeu peut cr\u00e9er une d\u00e9pendance. D\u00e9terminez le montant que vous \u00eates pr\u00eat \u00e0 d\u00e9penser et respectez-le. Cela vous permettra de jouer de mani\u00e8re responsable et agr\u00e9able.<\/p>\n<p style=\"text-align: justify;\">Laissez les bobines enflammer votre imagination !<\/p>\n<p style=\"text-align: justify;\">Rejoignez-nous au Casino SlotSite.com aujourd&#8217;hui et d\u00e9couvrez les nombreuses promotions disponibles.<\/p>\n","protected":false},"excerpt":{"rendered":"<p>Bienvenue dans le monde des machines \u00e0 sous vid\u00e9o sur SlotSite.com ! Pr\u00e9parez-vous ! Les machines \u00e0 sous vid\u00e9o sont l&#8217;objectif principal et les meilleures offres des studios de conception de jeux. En tant que premier site de machines \u00e0 sous au monde, nous vous invitons \u00e0 explorer le royaume captivant des machines \u00e0 sous [&hellip;]<\/p>\n","protected":false},"author":1,"featured_media":0,"parent":0,"menu_order":0,"comment_status":"closed","ping_status":"closed","template":"templates\/category.php","meta":{"footnotes":""},"class_list":["post-203","page","type-page","status-publish","hentry"],"translation":{"provider":"WPGlobus","version":"2.12.2","language":"qc","enabled_languages":["en","ca","fi","no","ja","es","pt","qc","gb","ir","nz","sa","in"],"languages":{"en":{"title":true,"content":true,"excerpt":false},"ca":{"title":true,"content":true,"excerpt":false},"fi":{"title":true,"content":true,"excerpt":false},"no":{"title":true,"content":true,"excerpt":false},"ja":{"title":true,"content":true,"excerpt":false},"es":{"title":true,"content":true,"excerpt":false},"pt":{"title":true,"content":true,"excerpt":false},"qc":{"title":true,"content":true,"excerpt":false},"gb":{"title":true,"content":true,"excerpt":false},"ir":{"title":false,"content":false,"excerpt":false},"nz":{"title":false,"content":false,"excerpt":false},"sa":{"title":false,"content":false,"excerpt":false},"in":{"title":true,"content":true,"excerpt":false}}},"acf":[],"yoast_head":"<!-- This site is optimized with the Yoast SEO plugin v20.11 - https:\/\/yoast.com\/wordpress\/plugins\/seo\/ -->\n<title>Plongez dans le divertissement : explorez notre collection diversifi\u00e9e de machines \u00e0 sous vid\u00e9o !<\/title>\n<meta name=\"description\" content=\"Plongez-vous dans un monde de divertissement captivant gr\u00e2ce \u00e0 notre large gamme de machines \u00e0 sous vid\u00e9o. Des th\u00e8mes enchanteurs aux fonctionnalit\u00e9s interactives, d\u00e9couvrez un gameplay dynamique qui vous maintient engag\u00e9.\" \/>\n<meta name=\"robots\" content=\"index, follow, max-snippet:-1, max-image-preview:large, max-video-preview:-1\" \/>\n<link rel=\"canonical\" href=\"https:\/\/slotsite.mediacle.net\/video-slots\/\" \/>\n<meta property=\"og:locale\" content=\"fr_CA\" \/>\n<meta property=\"og:type\" content=\"article\" \/>\n<meta property=\"og:title\" content=\"Plongez dans le divertissement : explorez notre collection diversifi\u00e9e de machines \u00e0 sous vid\u00e9o !\" \/>\n<meta property=\"og:description\" content=\"Plongez-vous dans un monde de divertissement captivant gr\u00e2ce \u00e0 notre large gamme de machines \u00e0 sous vid\u00e9o. Des th\u00e8mes enchanteurs aux fonctionnalit\u00e9s interactives, d\u00e9couvrez un gameplay dynamique qui vous maintient engag\u00e9.\" \/>\n<meta property=\"og:url\" content=\"https:\/\/slotsite.mediacle.net\/video-slots\/\" \/>\n<meta property=\"og:site_name\" content=\"Slotsite\" \/>\n<meta property=\"article:modified_time\" content=\"2023-08-31T07:41:03+00:00\" \/>\n<meta name=\"twitter:card\" content=\"summary_large_image\" \/>\n<meta name=\"twitter:label1\" content=\"Est. reading time\" \/>\n\t<meta name=\"twitter:data1\" content=\"6 minutes\" \/>\n<script type=\"application\/ld+json\" class=\"yoast-schema-graph\">{\"@context\":\"https:\/\/schema.org\",\"@graph\":[{\"@type\":\"WebPage\",\"@id\":\"https:\/\/slotsite.mediacle.net\/video-slots\/\",\"url\":\"https:\/\/slotsite.mediacle.net\/video-slots\/\",\"name\":\"Plongez dans le divertissement : explorez notre collection diversifi\u00e9e de machines \u00e0 sous vid\u00e9o !\",\"isPartOf\":{\"@id\":\"https:\/\/slotsite.mediacle.net\/#website\"},\"datePublished\":\"2023-07-10T06:48:54+00:00\",\"dateModified\":\"2023-08-31T07:41:03+00:00\",\"description\":\"Plongez-vous dans un monde de divertissement captivant gr\u00e2ce \u00e0 notre large gamme de machines \u00e0 sous vid\u00e9o. Des th\u00e8mes enchanteurs aux fonctionnalit\u00e9s interactives, d\u00e9couvrez un gameplay dynamique qui vous maintient engag\u00e9.\",\"breadcrumb\":{\"@id\":\"https:\/\/slotsite.mediacle.net\/video-slots\/#breadcrumb\"},\"inLanguage\":\"fr-CA\",\"potentialAction\":[{\"@type\":\"ReadAction\",\"target\":[\"https:\/\/slotsite.mediacle.net\/video-slots\/\"]}]},{\"@type\":\"BreadcrumbList\",\"@id\":\"https:\/\/slotsite.mediacle.net\/video-slots\/#breadcrumb\",\"itemListElement\":[{\"@type\":\"ListItem\",\"position\":1,\"name\":\"Home\",\"item\":\"https:\/\/slotsite.mediacle.net\/\"},{\"@type\":\"ListItem\",\"position\":2,\"name\":\"Video Slots\"}]},{\"@type\":\"WebSite\",\"@id\":\"https:\/\/slotsite.mediacle.net\/#website\",\"url\":\"https:\/\/slotsite.mediacle.net\/\",\"name\":\"Slotsite\",\"description\":\"\",\"potentialAction\":[{\"@type\":\"SearchAction\",\"target\":{\"@type\":\"EntryPoint\",\"urlTemplate\":\"https:\/\/slotsite.mediacle.net\/?s={search_term_string}\"},\"query-input\":\"required name=search_term_string\"}],\"inLanguage\":\"fr-CA\"}]}<\/script>\n<!-- \/ Yoast SEO plugin. -->","yoast_head_json":{"title":"Plongez dans le divertissement : explorez notre collection diversifi\u00e9e de machines \u00e0 sous vid\u00e9o !","description":"Plongez-vous dans un monde de divertissement captivant gr\u00e2ce \u00e0 notre large gamme de machines \u00e0 sous vid\u00e9o. Des th\u00e8mes enchanteurs aux fonctionnalit\u00e9s interactives, d\u00e9couvrez un gameplay dynamique qui vous maintient engag\u00e9.","robots":{"index":"index","follow":"follow","max-snippet":"max-snippet:-1","max-image-preview":"max-image-preview:large","max-video-preview":"max-video-preview:-1"},"canonical":"https:\/\/slotsite.mediacle.net\/video-slots\/","og_locale":"fr_CA","og_type":"article","og_title":"Plongez dans le divertissement : explorez notre collection diversifi\u00e9e de machines \u00e0 sous vid\u00e9o !","og_description":"Plongez-vous dans un monde de divertissement captivant gr\u00e2ce \u00e0 notre large gamme de machines \u00e0 sous vid\u00e9o. Des th\u00e8mes enchanteurs aux fonctionnalit\u00e9s interactives, d\u00e9couvrez un gameplay dynamique qui vous maintient engag\u00e9.","og_url":"https:\/\/slotsite.mediacle.net\/video-slots\/","og_site_name":"Slotsite","article_modified_time":"2023-08-31T07:41:03+00:00","twitter_card":"summary_large_image","twitter_misc":{"Est. reading time":"6 minutes"},"schema":{"@context":"https:\/\/schema.org","@graph":[{"@type":"WebPage","@id":"https:\/\/slotsite.mediacle.net\/video-slots\/","url":"https:\/\/slotsite.mediacle.net\/video-slots\/","name":"Plongez dans le divertissement : explorez notre collection diversifi\u00e9e de machines \u00e0 sous vid\u00e9o !","isPartOf":{"@id":"https:\/\/slotsite.mediacle.net\/#website"},"datePublished":"2023-07-10T06:48:54+00:00","dateModified":"2023-08-31T07:41:03+00:00","description":"Plongez-vous dans un monde de divertissement captivant gr\u00e2ce \u00e0 notre large gamme de machines \u00e0 sous vid\u00e9o. Des th\u00e8mes enchanteurs aux fonctionnalit\u00e9s interactives, d\u00e9couvrez un gameplay dynamique qui vous maintient engag\u00e9.","breadcrumb":{"@id":"https:\/\/slotsite.mediacle.net\/video-slots\/#breadcrumb"},"inLanguage":"fr-CA","potentialAction":[{"@type":"ReadAction","target":["https:\/\/slotsite.mediacle.net\/video-slots\/"]}]},{"@type":"BreadcrumbList","@id":"https:\/\/slotsite.mediacle.net\/video-slots\/#breadcrumb","itemListElement":[{"@type":"ListItem","position":1,"name":"Home","item":"https:\/\/slotsite.mediacle.net\/"},{"@type":"ListItem","position":2,"name":"Video Slots"}]},{"@type":"WebSite","@id":"https:\/\/slotsite.mediacle.net\/#website","url":"https:\/\/slotsite.mediacle.net\/","name":"Slotsite","description":"","potentialAction":[{"@type":"SearchAction","target":{"@type":"EntryPoint","urlTemplate":"https:\/\/slotsite.mediacle.net\/?s={search_term_string}"},"query-input":"required name=search_term_string"}],"inLanguage":"fr-CA"}]}},"_links":{"self":[{"href":"https:\/\/slotsite.mediacle.net\/qc\/wp-json\/wp\/v2\/pages\/203","targetHints":{"allow":["GET"]}}],"collection":[{"href":"https:\/\/slotsite.mediacle.net\/qc\/wp-json\/wp\/v2\/pages"}],"about":[{"href":"https:\/\/slotsite.mediacle.net\/qc\/wp-json\/wp\/v2\/types\/page"}],"author":[{"embeddable":true,"href":"https:\/\/slotsite.mediacle.net\/qc\/wp-json\/wp\/v2\/users\/1"}],"replies":[{"embeddable":true,"href":"https:\/\/slotsite.mediacle.net\/qc\/wp-json\/wp\/v2\/comments?post=203"}],"version-history":[{"count":53,"href":"https:\/\/slotsite.mediacle.net\/qc\/wp-json\/wp\/v2\/pages\/203\/revisions"}],"predecessor-version":[{"id":2303,"href":"https:\/\/slotsite.mediacle.net\/qc\/wp-json\/wp\/v2\/pages\/203\/revisions\/2303"}],"wp:attachment":[{"href":"https:\/\/slotsite.mediacle.net\/qc\/wp-json\/wp\/v2\/media?parent=203"}],"curies":[{"name":"wp","href":"https:\/\/api.w.org\/{rel}","templated":true}]}}