{"id":211,"date":"2023-07-24T07:23:39","date_gmt":"2023-07-24T07:23:39","guid":{"rendered":"https:\/\/slotsite.mediacle.net\/?page_id=211"},"modified":"2023-08-24T06:51:17","modified_gmt":"2023-08-24T06:51:17","slug":"rewards","status":"publish","type":"page","link":"https:\/\/slotsite.mediacle.net\/qc\/rewards\/","title":{"rendered":"R\u00e9compenses du casino"},"content":{"rendered":"\n<h2 class=\"wp-block-heading\"><strong>D\u00e9bloquez des r\u00e9compenses fantastiques :<\/strong><\/h2>\n\n\n\n<p>Au fur et \u00e0 mesure que vous accumulez des points et que vous progressez dans les niveaux, vous d\u00e9bloquez une s\u00e9rie de r\u00e9compenses fantastiques. Ces r\u00e9compenses peuvent inclure des tours gratuits sur des jeux de machines \u00e0 sous populaires, de l&#8217;argent bonus pour augmenter votre bankroll, un acc\u00e8s exclusif \u00e0 des promotions sp\u00e9ciales et \u00e0 des tournois VIP, des cadeaux personnalis\u00e9s, des gestionnaires de compte d\u00e9di\u00e9s et bien plus encore !<\/p>\n\n\n\n<h2 class=\"wp-block-heading\"><strong>Missions pour des points suppl\u00e9mentaires :<\/strong><\/h2>\n\n\n\n<p>Essayez un nouveau fournisseur de logiciels ou de nouveaux jeux ! Remplissez des missions en jouant \u00e0 des jeux amusants et en atteignant des \u00e9tapes importantes, ou participez \u00e0 des promotions sp\u00e9ciales, et gagnez des points suppl\u00e9mentaires au passage !<\/p>\n\n\n\n<h2 class=\"wp-block-heading\"><strong>D\u00e9bloquez le pouvoir de vos points !<\/strong><\/h2>\n\n\n\n<p>Une fois que vous avez accumul\u00e9 un nombre suffisant de points en jouant, vous pouvez vous rendre dans la boutique de r\u00e9compenses ! Ce tr\u00e9sor virtuel est rempli d&#8217;une grande vari\u00e9t\u00e9 d&#8217;options de r\u00e9compenses parmi lesquelles vous pouvez choisir. Jetez un coup d&#8217;\u0153il \u00e0 la s\u00e9lection de la boutique et, que vous soyez un fan des rouleaux ou que vous pr\u00e9f\u00e9riez augmenter votre bankroll avec des fonds bonus, nous avons des r\u00e9compenses incroyables pour tous les niveaux VIP ! C&#8217;est l&#8217;occasion id\u00e9ale d&#8217;explorer de nouveaux jeux ou de revoir vos jeux pr\u00e9f\u00e9r\u00e9s.<\/p>\n\n\n\n<h2 class=\"wp-block-heading\"><strong>\u00c9changez et profitez :<\/strong><\/h2>\n\n\n\n<p>Convertir vos points en tours gratuits ou en argent bonus est facile et les r\u00e9compenses seront instantan\u00e9ment cr\u00e9dit\u00e9es sur votre compte. Vous pouvez commencer \u00e0 utiliser vos tours gratuits pour faire tourner les rouleaux ou utiliser votre argent bonus pour explorer diff\u00e9rents jeux de casino. N&#8217;oubliez pas que plus vous accumulez de points, plus les r\u00e9compenses qui vous attendent sont importantes ! &nbsp;En tant que membre VIP estim\u00e9, nous offrons des bonus suppl\u00e9mentaires exclusivement avec des tours gratuits suppl\u00e9mentaires et des codes de bonus de d\u00e9p\u00f4t sp\u00e9ciaux. Gardez un \u0153il sur votre bo\u00eete aux lettres \u00e9lectronique et sur la page des promotions pour rester inform\u00e9 !<\/p>\n\n\n\n<p>N&#8217;oubliez jamais de conna\u00eetre et de fixer vos limites. Jouez de mani\u00e8re responsable. Les jeux d&#8217;argent peuvent cr\u00e9er une d\u00e9pendance. Les <u><a href=\"https:\/\/casino.slotsite.com\/terms-conditions-info\">conditions g\u00e9n\u00e9rales<\/a> <\/u>s&#8217;appliquent.<\/p>\n","protected":false},"excerpt":{"rendered":"<p>D\u00e9bloquez des r\u00e9compenses fantastiques : Au fur et \u00e0 mesure que vous accumulez des points et que vous progressez dans les niveaux, vous d\u00e9bloquez une s\u00e9rie de r\u00e9compenses fantastiques. Ces r\u00e9compenses peuvent inclure des tours gratuits sur des jeux de machines \u00e0 sous populaires, de l&#8217;argent bonus pour augmenter votre bankroll, un acc\u00e8s exclusif \u00e0 [&hellip;]<\/p>\n","protected":false},"author":1,"featured_media":0,"parent":0,"menu_order":0,"comment_status":"closed","ping_status":"closed","template":"templates\/rewards.php","meta":{"footnotes":""},"class_list":["post-211","page","type-page","status-publish","hentry"],"translation":{"provider":"WPGlobus","version":"2.12.2","language":"qc","enabled_languages":["en","ca","fi","no","ja","es","pt","qc","gb","ir","nz","sa","in"],"languages":{"en":{"title":true,"content":true,"excerpt":false},"ca":{"title":true,"content":true,"excerpt":false},"fi":{"title":true,"content":true,"excerpt":false},"no":{"title":true,"content":true,"excerpt":false},"ja":{"title":true,"content":true,"excerpt":false},"es":{"title":true,"content":true,"excerpt":false},"pt":{"title":true,"content":true,"excerpt":false},"qc":{"title":true,"content":true,"excerpt":false},"gb":{"title":true,"content":true,"excerpt":false},"ir":{"title":false,"content":false,"excerpt":false},"nz":{"title":false,"content":false,"excerpt":false},"sa":{"title":false,"content":false,"excerpt":false},"in":{"title":true,"content":true,"excerpt":false}}},"acf":[],"yoast_head":"<!-- This site is optimized with the Yoast SEO plugin v20.11 - https:\/\/yoast.com\/wordpress\/plugins\/seo\/ -->\n<title>Rewarding Loyalty: Unlock Exciting Prizes on Our Rewards Page!<\/title>\n<meta name=\"robots\" content=\"index, follow, max-snippet:-1, max-image-preview:large, max-video-preview:-1\" \/>\n<link rel=\"canonical\" href=\"https:\/\/slotsite.mediacle.net\/rewards\/\" \/>\n<meta property=\"og:locale\" content=\"fr_CA\" \/>\n<meta property=\"og:type\" content=\"article\" \/>\n<meta property=\"og:title\" content=\"R\u00e9compenses du casino | Slotsite\" \/>\n<meta property=\"og:url\" content=\"https:\/\/slotsite.mediacle.net\/rewards\/\" \/>\n<meta property=\"og:site_name\" content=\"Slotsite\" \/>\n<meta property=\"article:modified_time\" content=\"2023-08-24T06:51:17+00:00\" \/>\n<meta name=\"twitter:card\" content=\"summary_large_image\" \/>\n<meta name=\"twitter:label1\" content=\"Est. reading time\" \/>\n\t<meta name=\"twitter:data1\" content=\"3 minutes\" \/>\n<script type=\"application\/ld+json\" class=\"yoast-schema-graph\">{\"@context\":\"https:\/\/schema.org\",\"@graph\":[{\"@type\":\"WebPage\",\"@id\":\"https:\/\/slotsite.mediacle.net\/rewards\/\",\"url\":\"https:\/\/slotsite.mediacle.net\/rewards\/\",\"name\":\"Rewarding Loyalty: Unlock Exciting Prizes on Our Rewards Page!\",\"isPartOf\":{\"@id\":\"https:\/\/slotsite.mediacle.net\/#website\"},\"datePublished\":\"2023-07-24T07:23:39+00:00\",\"dateModified\":\"2023-08-24T06:51:17+00:00\",\"description\":\"\",\"breadcrumb\":{\"@id\":\"https:\/\/slotsite.mediacle.net\/rewards\/#breadcrumb\"},\"inLanguage\":\"fr-CA\",\"potentialAction\":[{\"@type\":\"ReadAction\",\"target\":[\"https:\/\/slotsite.mediacle.net\/rewards\/\"]}]},{\"@type\":\"BreadcrumbList\",\"@id\":\"https:\/\/slotsite.mediacle.net\/rewards\/#breadcrumb\",\"itemListElement\":[{\"@type\":\"ListItem\",\"position\":1,\"name\":\"Home\",\"item\":\"https:\/\/slotsite.mediacle.net\/\"},{\"@type\":\"ListItem\",\"position\":2,\"name\":\"Rewards\"}]},{\"@type\":\"WebSite\",\"@id\":\"https:\/\/slotsite.mediacle.net\/#website\",\"url\":\"https:\/\/slotsite.mediacle.net\/\",\"name\":\"Slotsite\",\"description\":\"\",\"potentialAction\":[{\"@type\":\"SearchAction\",\"target\":{\"@type\":\"EntryPoint\",\"urlTemplate\":\"https:\/\/slotsite.mediacle.net\/?s={search_term_string}\"},\"query-input\":\"required name=search_term_string\"}],\"inLanguage\":\"fr-CA\"}]}<\/script>\n<!-- \/ Yoast SEO plugin. -->","yoast_head_json":{"title":"Rewarding Loyalty: Unlock Exciting Prizes on Our Rewards Page!","robots":{"index":"index","follow":"follow","max-snippet":"max-snippet:-1","max-image-preview":"max-image-preview:large","max-video-preview":"max-video-preview:-1"},"canonical":"https:\/\/slotsite.mediacle.net\/rewards\/","og_locale":"fr_CA","og_type":"article","og_title":"R\u00e9compenses du casino | Slotsite","og_url":"https:\/\/slotsite.mediacle.net\/rewards\/","og_site_name":"Slotsite","article_modified_time":"2023-08-24T06:51:17+00:00","twitter_card":"summary_large_image","twitter_misc":{"Est. reading time":"3 minutes"},"schema":{"@context":"https:\/\/schema.org","@graph":[{"@type":"WebPage","@id":"https:\/\/slotsite.mediacle.net\/rewards\/","url":"https:\/\/slotsite.mediacle.net\/rewards\/","name":"Rewarding Loyalty: Unlock Exciting Prizes on Our Rewards Page!","isPartOf":{"@id":"https:\/\/slotsite.mediacle.net\/#website"},"datePublished":"2023-07-24T07:23:39+00:00","dateModified":"2023-08-24T06:51:17+00:00","description":"","breadcrumb":{"@id":"https:\/\/slotsite.mediacle.net\/rewards\/#breadcrumb"},"inLanguage":"fr-CA","potentialAction":[{"@type":"ReadAction","target":["https:\/\/slotsite.mediacle.net\/rewards\/"]}]},{"@type":"BreadcrumbList","@id":"https:\/\/slotsite.mediacle.net\/rewards\/#breadcrumb","itemListElement":[{"@type":"ListItem","position":1,"name":"Home","item":"https:\/\/slotsite.mediacle.net\/"},{"@type":"ListItem","position":2,"name":"Rewards"}]},{"@type":"WebSite","@id":"https:\/\/slotsite.mediacle.net\/#website","url":"https:\/\/slotsite.mediacle.net\/","name":"Slotsite","description":"","potentialAction":[{"@type":"SearchAction","target":{"@type":"EntryPoint","urlTemplate":"https:\/\/slotsite.mediacle.net\/?s={search_term_string}"},"query-input":"required name=search_term_string"}],"inLanguage":"fr-CA"}]}},"_links":{"self":[{"href":"https:\/\/slotsite.mediacle.net\/qc\/wp-json\/wp\/v2\/pages\/211","targetHints":{"allow":["GET"]}}],"collection":[{"href":"https:\/\/slotsite.mediacle.net\/qc\/wp-json\/wp\/v2\/pages"}],"about":[{"href":"https:\/\/slotsite.mediacle.net\/qc\/wp-json\/wp\/v2\/types\/page"}],"author":[{"embeddable":true,"href":"https:\/\/slotsite.mediacle.net\/qc\/wp-json\/wp\/v2\/users\/1"}],"replies":[{"embeddable":true,"href":"https:\/\/slotsite.mediacle.net\/qc\/wp-json\/wp\/v2\/comments?post=211"}],"version-history":[{"count":59,"href":"https:\/\/slotsite.mediacle.net\/qc\/wp-json\/wp\/v2\/pages\/211\/revisions"}],"predecessor-version":[{"id":2084,"href":"https:\/\/slotsite.mediacle.net\/qc\/wp-json\/wp\/v2\/pages\/211\/revisions\/2084"}],"wp:attachment":[{"href":"https:\/\/slotsite.mediacle.net\/qc\/wp-json\/wp\/v2\/media?parent=211"}],"curies":[{"name":"wp","href":"https:\/\/api.w.org\/{rel}","templated":true}]}}