{"id":235,"date":"2023-07-24T07:56:36","date_gmt":"2023-07-24T07:56:36","guid":{"rendered":"https:\/\/slotsite.mediacle.net\/?page_id=235"},"modified":"2023-08-24T08:54:37","modified_gmt":"2023-08-24T08:54:37","slug":"online-casino-other-games","status":"publish","type":"page","link":"https:\/\/slotsite.mediacle.net\/qc\/online-casino-other-games\/","title":{"rendered":"D&#8217;autres jeux"},"content":{"rendered":"<h1 style=\"text-align: justify;\"><strong>Faites l&#8217;exp\u00e9rience de gains instantan\u00e9s gr\u00e2ce \u00e0 notre passionnante collection de jeux \u00e0 gains instantan\u00e9s !<\/strong><\/h1>\n<p style=\"text-align: justify;\">Bienvenue au casino SlotSite.com, votre meilleure destination pour d\u00e9couvrir des jeux o\u00f9 chaque clic ou chaque coup de griffe peut vous faire gagner des prix en esp\u00e8ces instantan\u00e9s. Explorez notre s\u00e9lection vari\u00e9e de jeux \u00e0 gains instantan\u00e9s, y compris les cartes \u00e0 gratter en ligne, les roues tournantes, les jeux de cartes, la roulette instantan\u00e9e, le keno, le loto, les jeux de course virtuels et bien plus encore ! Chaque jeu offre des styles et des modes de jeu amusants, ainsi que la possibilit\u00e9 de gagner beaucoup d&#8217;argent, et vous allez vivre une exp\u00e9rience exaltante !<\/p>\n<h2 style=\"text-align: justify;\"><strong>Cartes \u00e0 gratter en ligne : D\u00e9couvrez des tr\u00e9sors cach\u00e9s avec chaque carte \u00e0 gratter<\/strong><\/h2>\n<p style=\"text-align: justify;\">Plongez dans l&#8217;attrait intemporel des cartes \u00e0 gratter en ligne, o\u00f9 un simple grattage avec votre doigt ou votre tapis de souris peut r\u00e9v\u00e9ler de grandes surprises. Notre collection propose un large \u00e9ventail de th\u00e8mes et de mod\u00e8les, chacun offrant son propre ensemble de prix en esp\u00e8ces. Des cartes \u00e0 gratter classiques que vous pouvez voir au supermarch\u00e9 aux variantes interactives, vous trouverez une infinit\u00e9 d&#8217;occasions de d\u00e9couvrir des symboles correspondants, de r\u00e9v\u00e9ler des prix cach\u00e9s et de r\u00e9clamer vos r\u00e9compenses instantan\u00e9es. Jouez, grattez et gagnez !<\/p>\n<p style=\"text-align: justify;\">Roues tournantes : Tourner la roue de la fortune pour des gains instantan\u00e9s<\/p>\n<p style=\"text-align: justify;\">Pr\u00e9parez-vous \u00e0 vivre des moments palpitants avec nos jeux \u00e0 roue tournante. Sentez l&#8217;impatience monter en vous tandis que vous faites tourner la roue de la fortune, \u00e0 la recherche de g\u00e9n\u00e9reux prix en esp\u00e8ces, de multiplicateurs, de tours de bonus, et bien plus encore. \u00c0 chaque tour, l&#8217;excitation atteint de nouveaux sommets lorsque vous regardez la roue s&#8217;arr\u00eater. Serez-vous l&#8217;heureux \u00e9lu qui d\u00e9crochera le jackpot et s&#8217;assurera une richesse instantan\u00e9e ? Tournez la roue et laissez le destin d\u00e9cider de votre fortune !<\/p>\n<p style=\"text-align: justify;\">Jeux de cartes : Testez vos comp\u00e9tences et votre chance dans des jeux de cartes \u00e0 gains instantan\u00e9s<\/p>\n<p style=\"text-align: justify;\">Si vous \u00eates fan de jeux de cartes, notre collection de jeux \u00e0 gains instantan\u00e9s vous propose une s\u00e9lection passionnante de jeux de cartes \u00e0 gains instantan\u00e9s. Mettez vos comp\u00e9tences \u00e0 l&#8217;\u00e9preuve et participez \u00e0 des jeux rapides pour obtenir des mains gagnantes et des prix instantan\u00e9s. Avec des variantes int\u00e9ressantes, nos jeux de cartes vous donnent l&#8217;impression d&#8217;\u00eatre assis \u00e0 la table !<\/p>\n<p style=\"text-align: justify;\">Roulette instantan\u00e9e : Ressentez l&#8217;excitation des gains instantan\u00e9s \u00e0 la roulette<\/p>\n<p style=\"text-align: justify;\">Instant Roulette est un jeu en direct tr\u00e8s int\u00e9ressant qui place 12 roulettes automatiques individuelles dans le studio de jeu. Les roues tournent dans l&#8217;ordre s\u00e9quentiel et les boules tombent l&#8217;une apr\u00e8s l&#8217;autre dans les diff\u00e9rentes roues. Placez vos paris, regardez la roue tourner et retenez votre souffle lorsque la bille trouve son emplacement chanceux ! Les num\u00e9ros que vous avez choisis seront-ils align\u00e9s ? Avec des r\u00e9sultats rapides et l&#8217;excitation des gains instantan\u00e9s, la <u>roulette instantan\u00e9e <\/u>est un jeu que vous voudrez certainement rejoindre dans l&#8217;action.<\/p>\n<p style=\"text-align: justify;\">Jeux de keno : Jouez pour des r\u00e9compenses instantan\u00e9es dans le monde passionnant du Keno<\/p>\n<p style=\"text-align: justify;\">Profitez de l&#8217;excitation des jeux de Keno de type loterie. Choisissez vos num\u00e9ros chanceux et attendez avec impatience le tirage. Au fur et \u00e0 mesure que les num\u00e9ros sont r\u00e9v\u00e9l\u00e9s, l&#8217;impatience monte, et \u00e0 chaque num\u00e9ro correspondant, vos chances de gagner gros augmentent. Avec diverses options de pari et l&#8217;excitation des r\u00e9sultats instantan\u00e9s, nos <a href=\"_wp_link_placeholder\" data-wplink-edit=\"true\"><u>jeux de keno <\/u><\/a>offrent une exp\u00e9rience de jeu rapide et attrayante. La chance sera-t-elle de votre c\u00f4t\u00e9 lorsque les num\u00e9ros s&#8217;aligneront ? Jouez au Keno et d\u00e9couvrez-le !<\/p>\n<p style=\"text-align: justify;\">Comment s&#8217;inscrire et jouer aux jeux \u00e0 gains instantan\u00e9s au casino SlotSite.com :<\/p>\n<p style=\"text-align: justify;\">Que vous soyez un adepte des cartes \u00e0 gratter, un fan des roues tournantes, un joueur de cartes strat\u00e9giques, un aficionado de la roulette ou un amoureux des jeux de type loterie, notre collection de jeux \u00e0 gains instantan\u00e9s a quelque chose \u00e0 offrir \u00e0 tout le monde. Rejoignez-nous d\u00e8s aujourd&#8217;hui !<\/p>\n<ul style=\"text-align: justify;\">\n<li>Cr\u00e9er un compte : Cliquez sur le bouton &#8220;S&#8217;inscrire&#8221;. Remplissez les informations demand\u00e9es, notamment votre nom, votre adresse \u00e9lectronique et votre mot de passe. Acceptez les conditions g\u00e9n\u00e9rales et cliquez sur &#8220;S&#8217;inscrire&#8221; pour cr\u00e9er votre compte.<\/li>\n<li>V\u00e9rifiez votre compte : Apr\u00e8s vous \u00eatre inscrit, vous recevrez un courriel de v\u00e9rification. Cliquez sur le lien de v\u00e9rification fourni dans l&#8217;e-mail pour v\u00e9rifier votre compte. Une fois v\u00e9rifi\u00e9, vous \u00eates pr\u00eat \u00e0 vous lancer dans l&#8217;aventure des jeux \u00e0 gains instantan\u00e9s.<\/li>\n<li>Effectuer un d\u00e9p\u00f4t : Pour jouer \u00e0 des jeux \u00e0 gains instantan\u00e9s pour de l&#8217;argent r\u00e9el, vous devez effectuer un d\u00e9p\u00f4t sur votre compte de casino. SlotSite.com offre une vari\u00e9t\u00e9 d&#8217;options de paiement s\u00e9curis\u00e9es et pratiques. Il vous suffit de vous rendre dans la section &#8220;Caisse&#8221;, de choisir votre m\u00e9thode de d\u00e9p\u00f4t pr\u00e9f\u00e9r\u00e9e, d&#8217;entrer les d\u00e9tails requis et de s\u00e9lectionner le montant du d\u00e9p\u00f4t souhait\u00e9. Suivez les instructions \u00e0 l&#8217;\u00e9cran pour terminer la transaction.<\/li>\n<li>R\u00e9clamer le bonus de bienvenue : En tant que nouveau joueur, vous pouvez b\u00e9n\u00e9ficier d&#8217;un bonus de bienvenue. Consultez la page des promotions ou contactez le service client\u00e8le pour conna\u00eetre les offres de bienvenue disponibles. Pour r\u00e9clamer votre bonus, entrez le code de bonus correspondant pendant le processus de d\u00e9p\u00f4t ou contactez le service client\u00e8le pour obtenir de l&#8217;aide.<\/li>\n<li>Naviguez jusqu&#8217;\u00e0 la section Casual : Une fois votre compte approvisionn\u00e9, rendez-vous dans le lobby des jeux et vous y trouverez un large \u00e9ventail de jeux \u00e0 gains instantan\u00e9s ! Parcourez la s\u00e9lection de jeux \u00e0 gains instantan\u00e9s et choisissez celui qui retient votre attention. Cliquez sur la vignette du jeu pour l&#8217;ouvrir.<\/li>\n<li>Apprenez les r\u00e8gles : Chaque jeu \u00e0 gains instantan\u00e9s poss\u00e8de son propre ensemble de r\u00e8gles et de m\u00e9canismes de jeu. Prenez le temps de lire les instructions ou le guide du jeu fourni pour vous familiariser avec les objectifs du jeu, les combinaisons gagnantes et les caract\u00e9ristiques sp\u00e9ciales.<\/li>\n<li>Fixez votre mise : Avant de commencer le jeu, d\u00e9finissez le montant de votre mise. N&#8217;oubliez pas que les options de mise varient d&#8217;un jeu \u00e0 l&#8217;autre, alors choisissez celle qui convient \u00e0 votre style de jeu et \u00e0 votre budget. Une fois que vous avez personnalis\u00e9 votre mise, cliquez sur le bouton &#8220;Jouer&#8221; ou &#8220;D\u00e9marrer&#8221; pour commencer le jeu. Suivez les instructions qui s&#8217;affichent \u00e0 l&#8217;\u00e9cran et profitez de l&#8217;excitation du jeu.<\/li>\n<li>R\u00e9clamez vos gains : Si vous \u00eates assez chanceux pour obtenir une combinaison gagnante ou une r\u00e9compense instantan\u00e9e, f\u00e9licitations ! Vos gains seront automatiquement ajout\u00e9s au solde de votre compte casino. Vous pouvez choisir de continuer \u00e0 jouer ou de retirer vos gains en utilisant les options de retrait disponibles.<\/li>\n<\/ul>\n<p style=\"text-align: justify;\">N&#8217;oubliez pas que les jeux \u00e0 gains instantan\u00e9s du casino SlotSite.com sont con\u00e7us pour \u00eatre agr\u00e9ables et divertissants. Fixez un budget pour vos sessions de jeu et jouez de mani\u00e8re responsable. Le jeu peut cr\u00e9er une d\u00e9pendance. Si vous avez besoin d&#8217;aide ou si vous avez des questions, notre \u00e9quipe d&#8217;assistance \u00e0 la client\u00e8le est disponible 24 heures sur 24 et 7 jours sur 7 pour vous aider tout au long de votre parcours. Inscrivez-vous d\u00e8s aujourd&#8217;hui, plongez dans le monde des gains instantan\u00e9s et laissez l&#8217;excitation commencer !<\/p>\n","protected":false},"excerpt":{"rendered":"<p>Faites l&#8217;exp\u00e9rience de gains instantan\u00e9s gr\u00e2ce \u00e0 notre passionnante collection de jeux \u00e0 gains instantan\u00e9s ! Bienvenue au casino SlotSite.com, votre meilleure destination pour d\u00e9couvrir des jeux o\u00f9 chaque clic ou chaque coup de griffe peut vous faire gagner des prix en esp\u00e8ces instantan\u00e9s. Explorez notre s\u00e9lection vari\u00e9e de jeux \u00e0 gains instantan\u00e9s, y compris [&hellip;]<\/p>\n","protected":false},"author":1,"featured_media":0,"parent":0,"menu_order":0,"comment_status":"closed","ping_status":"closed","template":"templates\/category.php","meta":{"footnotes":""},"class_list":["post-235","page","type-page","status-publish","hentry"],"translation":{"provider":"WPGlobus","version":"2.12.2","language":"qc","enabled_languages":["en","ca","fi","no","ja","es","pt","qc","gb","ir","nz","sa","in"],"languages":{"en":{"title":true,"content":true,"excerpt":false},"ca":{"title":true,"content":true,"excerpt":false},"fi":{"title":true,"content":true,"excerpt":false},"no":{"title":true,"content":true,"excerpt":false},"ja":{"title":true,"content":true,"excerpt":false},"es":{"title":true,"content":true,"excerpt":false},"pt":{"title":true,"content":true,"excerpt":false},"qc":{"title":true,"content":true,"excerpt":false},"gb":{"title":true,"content":true,"excerpt":false},"ir":{"title":true,"content":false,"excerpt":false},"nz":{"title":true,"content":false,"excerpt":false},"sa":{"title":true,"content":false,"excerpt":false},"in":{"title":true,"content":true,"excerpt":false}}},"acf":[],"yoast_head":"<!-- This site is optimized with the Yoast SEO plugin v20.11 - https:\/\/yoast.com\/wordpress\/plugins\/seo\/ -->\n<title>Slotsite<\/title>\n<meta name=\"robots\" content=\"index, follow, max-snippet:-1, max-image-preview:large, max-video-preview:-1\" \/>\n<link rel=\"canonical\" href=\"https:\/\/slotsite.mediacle.net\/online-casino-other-games\/\" \/>\n<meta property=\"og:locale\" content=\"fr_CA\" \/>\n<meta property=\"og:type\" content=\"article\" \/>\n<meta property=\"og:url\" content=\"https:\/\/slotsite.mediacle.net\/online-casino-other-games\/\" \/>\n<meta property=\"og:site_name\" content=\"Slotsite\" \/>\n<meta property=\"article:modified_time\" content=\"2023-08-24T08:54:37+00:00\" \/>\n<meta name=\"twitter:card\" content=\"summary_large_image\" \/>\n<meta name=\"twitter:label1\" content=\"Est. reading time\" \/>\n\t<meta name=\"twitter:data1\" content=\"4 minutes\" \/>\n<script type=\"application\/ld+json\" class=\"yoast-schema-graph\">{\"@context\":\"https:\/\/schema.org\",\"@graph\":[{\"@type\":\"WebPage\",\"@id\":\"https:\/\/slotsite.mediacle.net\/online-casino-other-games\/\",\"url\":\"https:\/\/slotsite.mediacle.net\/online-casino-other-games\/\",\"name\":\"\",\"isPartOf\":{\"@id\":\"https:\/\/slotsite.mediacle.net\/#website\"},\"datePublished\":\"2023-07-24T07:56:36+00:00\",\"dateModified\":\"2023-08-24T08:54:37+00:00\",\"description\":\"\",\"breadcrumb\":{\"@id\":\"https:\/\/slotsite.mediacle.net\/online-casino-other-games\/#breadcrumb\"},\"inLanguage\":\"fr-CA\",\"potentialAction\":[{\"@type\":\"ReadAction\",\"target\":[\"https:\/\/slotsite.mediacle.net\/online-casino-other-games\/\"]}]},{\"@type\":\"BreadcrumbList\",\"@id\":\"https:\/\/slotsite.mediacle.net\/online-casino-other-games\/#breadcrumb\",\"itemListElement\":[{\"@type\":\"ListItem\",\"position\":1,\"name\":\"Home\",\"item\":\"https:\/\/slotsite.mediacle.net\/\"},{\"@type\":\"ListItem\",\"position\":2,\"name\":\"Online Casino Other Games\"}]},{\"@type\":\"WebSite\",\"@id\":\"https:\/\/slotsite.mediacle.net\/#website\",\"url\":\"https:\/\/slotsite.mediacle.net\/\",\"name\":\"Slotsite\",\"description\":\"\",\"potentialAction\":[{\"@type\":\"SearchAction\",\"target\":{\"@type\":\"EntryPoint\",\"urlTemplate\":\"https:\/\/slotsite.mediacle.net\/?s={search_term_string}\"},\"query-input\":\"required name=search_term_string\"}],\"inLanguage\":\"fr-CA\"}]}<\/script>\n<!-- \/ Yoast SEO plugin. -->","yoast_head_json":{"title":"Slotsite","robots":{"index":"index","follow":"follow","max-snippet":"max-snippet:-1","max-image-preview":"max-image-preview:large","max-video-preview":"max-video-preview:-1"},"canonical":"https:\/\/slotsite.mediacle.net\/online-casino-other-games\/","og_locale":"fr_CA","og_type":"article","og_url":"https:\/\/slotsite.mediacle.net\/online-casino-other-games\/","og_site_name":"Slotsite","article_modified_time":"2023-08-24T08:54:37+00:00","twitter_card":"summary_large_image","twitter_misc":{"Est. reading time":"4 minutes"},"schema":{"@context":"https:\/\/schema.org","@graph":[{"@type":"WebPage","@id":"https:\/\/slotsite.mediacle.net\/online-casino-other-games\/","url":"https:\/\/slotsite.mediacle.net\/online-casino-other-games\/","name":"","isPartOf":{"@id":"https:\/\/slotsite.mediacle.net\/#website"},"datePublished":"2023-07-24T07:56:36+00:00","dateModified":"2023-08-24T08:54:37+00:00","description":"","breadcrumb":{"@id":"https:\/\/slotsite.mediacle.net\/online-casino-other-games\/#breadcrumb"},"inLanguage":"fr-CA","potentialAction":[{"@type":"ReadAction","target":["https:\/\/slotsite.mediacle.net\/online-casino-other-games\/"]}]},{"@type":"BreadcrumbList","@id":"https:\/\/slotsite.mediacle.net\/online-casino-other-games\/#breadcrumb","itemListElement":[{"@type":"ListItem","position":1,"name":"Home","item":"https:\/\/slotsite.mediacle.net\/"},{"@type":"ListItem","position":2,"name":"Online Casino Other Games"}]},{"@type":"WebSite","@id":"https:\/\/slotsite.mediacle.net\/#website","url":"https:\/\/slotsite.mediacle.net\/","name":"Slotsite","description":"","potentialAction":[{"@type":"SearchAction","target":{"@type":"EntryPoint","urlTemplate":"https:\/\/slotsite.mediacle.net\/?s={search_term_string}"},"query-input":"required name=search_term_string"}],"inLanguage":"fr-CA"}]}},"_links":{"self":[{"href":"https:\/\/slotsite.mediacle.net\/qc\/wp-json\/wp\/v2\/pages\/235","targetHints":{"allow":["GET"]}}],"collection":[{"href":"https:\/\/slotsite.mediacle.net\/qc\/wp-json\/wp\/v2\/pages"}],"about":[{"href":"https:\/\/slotsite.mediacle.net\/qc\/wp-json\/wp\/v2\/types\/page"}],"author":[{"embeddable":true,"href":"https:\/\/slotsite.mediacle.net\/qc\/wp-json\/wp\/v2\/users\/1"}],"replies":[{"embeddable":true,"href":"https:\/\/slotsite.mediacle.net\/qc\/wp-json\/wp\/v2\/comments?post=235"}],"version-history":[{"count":43,"href":"https:\/\/slotsite.mediacle.net\/qc\/wp-json\/wp\/v2\/pages\/235\/revisions"}],"predecessor-version":[{"id":2177,"href":"https:\/\/slotsite.mediacle.net\/qc\/wp-json\/wp\/v2\/pages\/235\/revisions\/2177"}],"wp:attachment":[{"href":"https:\/\/slotsite.mediacle.net\/qc\/wp-json\/wp\/v2\/media?parent=235"}],"curies":[{"name":"wp","href":"https:\/\/api.w.org\/{rel}","templated":true}]}}