{"id":252,"date":"2023-07-24T08:37:12","date_gmt":"2023-07-24T08:37:12","guid":{"rendered":"https:\/\/slotsite.mediacle.net\/?page_id=252"},"modified":"2023-08-31T09:57:58","modified_gmt":"2023-08-31T09:57:58","slug":"online-baccarat","status":"publish","type":"page","link":"https:\/\/slotsite.mediacle.net\/qc\/online-baccarat\/","title":{"rendered":"Jeux de Baccarat en ligne"},"content":{"rendered":"<h2 style=\"text-align: justify;\"><strong>Profitez de la sophistication des jeux de Baccarat en ligne et avec croupier en direct au casino SlotSite.com<\/strong><\/h2>\n<p style=\"text-align: justify;\">D\u00e9couvrez l&#8217;\u00e9l\u00e9gance de l&#8217;un des jeux de cartes les plus appr\u00e9ci\u00e9s au monde : le Baccarat. Avec sa riche histoire et son attrait intemporel, le Baccarat captive les joueurs depuis des si\u00e8cles. Au casino SlotSite.com, nous offrons une large s\u00e9lection de jeux de Baccarat en direct dans l&#8217;atmosph\u00e8re et l&#8217;interaction d&#8217;un studio de casino haut de gamme.<\/p>\n<h3 style=\"text-align: justify;\"><strong>Une br\u00e8ve histoire du baccara :<\/strong><\/h3>\n<p style=\"text-align: justify;\">Originaire d&#8217;Italie au XVe si\u00e8cle, le baccara a rapidement gagn\u00e9 en popularit\u00e9 aupr\u00e8s de la noblesse fran\u00e7aise, avant de se r\u00e9pandre dans les casinos de toute l&#8217;Europe. Aujourd&#8217;hui, le baccara reste un jeu favori des joueurs du monde entier, r\u00e9put\u00e9 pour sa simplicit\u00e9 et ses probabilit\u00e9s favorables.<\/p>\n<h3 style=\"text-align: justify;\"><strong>Comment jouer au Baccarat ?<\/strong><\/h3>\n<p style=\"text-align: justify;\">L&#8217;objectif du Baccarat est de pr\u00e9dire quelle main, celle du joueur ou celle de la banque, aura un total le plus proche de 9. Vous pouvez \u00e9galement parier sur une \u00e9galit\u00e9, ce qui signifie que les deux mains ont la m\u00eame valeur.<\/p>\n<h3 style=\"text-align: justify;\"><strong>Valeurs des cartes du Baccarat :<\/strong><\/h3>\n<ul style=\"text-align: justify;\">\n<li>Les cartes num\u00e9rot\u00e9es de 2 \u00e0 9 valent leur valeur faciale.<\/li>\n<li>L&#8217;as vaut 1 point.<\/li>\n<li>Les 10 et les faces (roi, dame, valet) ont une valeur de 0.<\/li>\n<\/ul>\n<h3 style=\"text-align: justify;\"><strong>Options de paris :<\/strong><\/h3>\n<p style=\"text-align: justify;\">Au Baccarat, vous disposez de trois options de mise principales :<\/p>\n<ul style=\"text-align: justify;\">\n<li>Le joueur : Vous pariez que la main du joueur aura un total plus \u00e9lev\u00e9.<\/li>\n<li>Banquier : Vous pariez que la main du banquier aura un total plus \u00e9lev\u00e9.<\/li>\n<li>Egalit\u00e9 : Vous pariez que les deux mains auront le m\u00eame total.<\/li>\n<\/ul>\n<p style=\"text-align: justify;\">Tours de jeu : Au d\u00e9but du jeu, le joueur et la banque re\u00e7oivent chacun deux cartes. Si l&#8217;une des deux mains a un total de 8 ou 9, elle est consid\u00e9r\u00e9e comme &#8220;naturelle&#8221; et aucune carte suppl\u00e9mentaire n&#8217;est tir\u00e9e. Si les deux mains ont un total inf\u00e9rieur \u00e0 8 ou 9, des r\u00e8gles suppl\u00e9mentaires d\u00e9terminent si une troisi\u00e8me carte est tir\u00e9e.<\/p>\n<p style=\"text-align: justify;\">R\u00e8gles de base du dessin : Il existe des variantes pour diff\u00e9rents jeux.<\/p>\n<ul style=\"text-align: justify;\">\n<li>Si le total du joueur est de 0 \u00e0 5, il tire une troisi\u00e8me carte.<\/li>\n<li>Si le joueur reste (6-7), le banquier suit les r\u00e8gles suivantes :<\/li>\n<li>Si le total du banquier est de 0-2, il tire une troisi\u00e8me carte.<\/li>\n<li>Si le total de la banque est de 3 \u00e0 6, la possibilit\u00e9 de tirer une troisi\u00e8me carte d\u00e9pend de la troisi\u00e8me carte du joueur.<\/li>\n<li>Si le total du banquier est de 7, il reste en lice.<\/li>\n<\/ul>\n<p style=\"text-align: justify;\">Comparaison des mains et gains : Apr\u00e8s la distribution de toutes les cartes, les mains sont compar\u00e9es et celle dont le total est le plus proche de 9 gagne. Si vous avez pari\u00e9 correctement, vous recevez un paiement bas\u00e9 sur les cotes :<\/p>\n<ul style=\"text-align: justify;\">\n<li>La mise du joueur rapporte 1:1.<\/li>\n<li>Le pari de la banque rapporte 0,95:1 (moins une commission de 5 % sur les gains).<\/li>\n<li>Les paris \u00e9gaux rapportent 8:1 ou 9:1.<\/li>\n<\/ul>\n<h3 style=\"text-align: justify;\"><strong>Jeux de Baccarat en ligne sur SlotSite.com Casino :<\/strong><\/h3>\n<p style=\"text-align: justify;\">Notre vaste collection de jeux de Baccarat en ligne est aliment\u00e9e par des fournisseurs de logiciels de premier plan, notamment les studios Evolution Gaming, Playtech, Switch Studios, Iron Dog Studios, Red Tiger, NetEnt et Microgaming, ce qui garantit une diffusion rapide sur votre appareil. Certains jeux de Baccarat offrent m\u00eame des paris lat\u00e9raux optionnels, tels que Paire ou Paire parfaite, qui vous permettent de parier sur des combinaisons de cartes sp\u00e9cifiques ! Explorons quelques jeux populaires :<\/p>\n<h3 style=\"text-align: justify;\"><strong>Jeux de Baccarat classiques :<\/strong><\/h3>\n<p style=\"text-align: justify;\">Embrassez le charme intemporel du Baccarat classique, avec des r\u00e8gles simples et un accent mis sur la dynamique joueur contre banquier, ce jeu offre une exp\u00e9rience pure et authentique du Baccarat. Profitez d&#8217;une jouabilit\u00e9 fluide et d&#8217;options de mise strat\u00e9giques pour tenter d&#8217;obtenir la main parfaite.<\/p>\n<h3 style=\"text-align: justify;\"><strong>Jeux de Baccarat VIP :<\/strong><\/h3>\n<p style=\"text-align: justify;\">Le Baccarat VIP en ligne apporte l&#8217;attrait d&#8217;un jeu exclusif dans le confort de votre appareil. Cette variante est con\u00e7ue pour r\u00e9pondre aux besoins des joueurs \u00e0 hauts revenus qui recherchent une exp\u00e9rience de jeu de haut niveau. Le casino SlotSite.com offre toujours des r\u00e9compenses et des avantages exclusifs dans le cadre du programme de r\u00e9compenses. VIP Baccarat offre des fonctionnalit\u00e9s en ligne avanc\u00e9es et un niveau de divertissement et d&#8217;excitation de premier ordre.<\/p>\n<h3 style=\"text-align: justify;\"><strong>Baccarat avec croupier en direct :<\/strong><\/h3>\n<p style=\"text-align: justify;\">Le Baccarat avec croupier en direct offre une exp\u00e9rience de casino authentique et int\u00e9ressante, permettant aux joueurs de profiter de l&#8217;excitation d&#8217;un jeu en temps r\u00e9el avec un croupier professionnel. Gr\u00e2ce \u00e0 un flux vid\u00e9o de haute qualit\u00e9, les joueurs peuvent interagir avec le croupier et les autres participants tout en pla\u00e7ant leurs paris. Le Baccarat avec croupier en direct a un RTP (retour au joueur) moyen de 98 %, ce qui garantit un jeu \u00e9quitable. Les paris lat\u00e9raux ont le RTP suivant : 89 % pour une paire de croupiers, 89 % pour une paire de joueurs, 91 % pour une paire parfaite, 86 % pour l&#8217;une ou l&#8217;autre paire, 97 % pour un bonus de joueur ou 90 % pour un bonus de croupier. Il existe de nombreux studios de concessionnaires en direct Playtech ou Evolution auxquels vous pouvez vous connecter. Rejoignez l&#8217;action en direct d\u00e8s aujourd&#8217;hui !<\/p>\n<h3 style=\"text-align: justify;\"><strong>Punto Banco en ligne :<\/strong><\/h3>\n<p style=\"text-align: justify;\">Le Punto Banco est une variante populaire du Baccarat qui est largement jou\u00e9e dans les casinos terrestres et en ligne. \u00c9galement connu sous le nom de &#8220;Baccarat nord-am\u00e9ricain&#8221;, le Punto Banco suit les m\u00eames r\u00e8gles de base que le Baccarat traditionnel, \u00e0 quelques diff\u00e9rences pr\u00e8s. Au Punto Banco, les joueurs peuvent miser soit sur la main du joueur (Punto), soit sur la main du banquier (Banco). Au Baccarat traditionnel, les joueurs peuvent \u00e9galement choisir de parier sur d&#8217;autres r\u00e9sultats, comme une \u00e9galit\u00e9 ou des combinaisons de cartes sp\u00e9cifiques.<\/p>\n<p style=\"text-align: justify;\">Une autre distinction est que dans le Punto Banco, le r\u00f4le du banquier est pr\u00e9d\u00e9termin\u00e9 et suit un ensemble sp\u00e9cifique de r\u00e8gles pour tirer des cartes suppl\u00e9mentaires. Les joueurs n&#8217;ont aucun contr\u00f4le sur les d\u00e9cisions prises par le banquier. Au Baccarat traditionnel, les joueurs peuvent jouer le r\u00f4le de banquier \u00e0 tour de r\u00f4le et ont davantage de contr\u00f4le sur l&#8217;issue du jeu.<\/p>\n<p style=\"text-align: justify;\">Le Punto Banco suit un ensemble de r\u00e8gles qui d\u00e9terminent le tirage des cartes suppl\u00e9mentaires et l&#8217;issue du jeu. Voici les r\u00e8gles de base :<\/p>\n<ol style=\"text-align: justify;\">\n<li>Le joueur et le banquier re\u00e7oivent chacun deux cartes. L&#8217;objectif est d&#8217;obtenir une main dont la valeur est la plus proche possible de 9.<\/li>\n<li>Si la valeur totale des deux cartes initiales du joueur ou du banquier est de 8 ou 9, on parle de &#8220;naturel&#8221; et aucune autre carte n&#8217;est tir\u00e9e.<\/li>\n<li>Si la valeur totale des deux cartes initiales du joueur ou du banquier est comprise entre 0 et 5, une troisi\u00e8me carte peut \u00eatre tir\u00e9e. La d\u00e9cision de tirer une troisi\u00e8me carte d\u00e9pend de r\u00e8gles sp\u00e9cifiques pr\u00e9d\u00e9termin\u00e9es.<\/li>\n<li>Les r\u00e8gles de la troisi\u00e8me carte pour la main du joueur sont les suivantes :\n<ul>\n<li>Si le total du joueur est de 0 \u00e0 5, il tire une troisi\u00e8me carte.<\/li>\n<li>Si le joueur a un total de 6 ou 7, il reste debout et ne tire pas de troisi\u00e8me carte.<\/li>\n<\/ul>\n<\/li>\n<li>Les r\u00e8gles relatives \u00e0 la troisi\u00e8me carte du banquier sont plus complexes et d\u00e9pendent de la valeur de la troisi\u00e8me carte du joueur (si elle est tir\u00e9e) et de la valeur totale des deux cartes initiales du banquier.<\/li>\n<li>Une fois que toutes les cartes ont \u00e9t\u00e9 distribu\u00e9es conform\u00e9ment aux r\u00e8gles, la main dont le total est le plus proche de 9 l&#8217;emporte. Si les deux mains ont le m\u00eame total, il y a \u00e9galit\u00e9.<\/li>\n<\/ol>\n<p style=\"text-align: justify;\">Fournisseur de logiciel : Red Tiger<\/p>\n<table>\n<tbody>\n<tr>\n<td colspan=\"2\"><strong><b>Banquier<\/b><\/strong><\/td>\n<td colspan=\"2\"><strong><b>Joueur<\/b><\/strong><\/td>\n<td colspan=\"2\"><strong><b>Cravate<\/b><\/strong><\/td>\n<td colspan=\"2\"><strong><b>Paire de joueurs<\/b><\/strong><\/td>\n<td colspan=\"2\"><strong><b>Couple de banquiers<\/b><\/strong><\/td>\n<\/tr>\n<tr>\n<td>Paiement :<\/td>\n<td>0.95:1<\/td>\n<td>Paiement :<\/td>\n<td>1:1<\/td>\n<td>Paiement :<\/td>\n<td>8:1<\/td>\n<td>Paiement :<\/td>\n<td>11:1<\/td>\n<td>Paiement :<\/td>\n<td>11:1<\/td>\n<\/tr>\n<tr>\n<td>RTP :<\/td>\n<td>98%<\/td>\n<td>RTP :<\/td>\n<td>98%<\/td>\n<td>RTP :<\/td>\n<td>85%<\/td>\n<td>RTP :<\/td>\n<td>88%<\/td>\n<td>RTP :<\/td>\n<td>88.79%<\/td>\n<\/tr>\n<\/tbody>\n<\/table>\n<h3 style=\"text-align: justify;\"><strong>Live Speed Baccarat :<\/strong><\/h3>\n<p style=\"text-align: justify;\">Pour ceux qui recherchent de l&#8217;action rapide, Speed Baccarat est le choix id\u00e9al. Speed Baccarat d&#8217;Evolution Gaming se d\u00e9roule dans des studios prestigieux et propose une variante rapide et amusante du jeu de Baccarat classique, con\u00e7ue pour les joueurs qui appr\u00e9cient un style de jeu rapide. La principale diff\u00e9rence du Speed Baccarat est le rythme acc\u00e9l\u00e9r\u00e9 du jeu. La distribution des cartes et l&#8217;annonce des r\u00e9sultats sont rapides. Le croupier distribue rapidement les cartes face visible, ce qui permet aux joueurs de prendre rapidement leurs d\u00e9cisions de mise. Pour garantir un d\u00e9roulement fluide, certaines limites de temps sont impos\u00e9es \u00e0 chaque tour d&#8217;ench\u00e8res. Les joueurs doivent placer leurs mises dans le temps imparti pour que le jeu se d\u00e9roule \u00e0 un rythme soutenu. Speed Baccarat offre une exp\u00e9rience de streaming de haute qualit\u00e9, avec plusieurs angles de cam\u00e9ra et une interface conviviale qui permet aux joueurs de placer facilement leurs paris et de voir l&#8217;action du jeu.<\/p>\n<p style=\"text-align: justify;\">Fournisseur de logiciel : Evolution Gaming<\/p>\n<p style=\"text-align: justify;\">Le retour au joueur (RTP) de Speed Baccarat est d&#8217;environ 98%.<\/p>\n<h3 style=\"text-align: justify;\"><strong>Baccarat en direct sans commission :<\/strong><\/h3>\n<p style=\"text-align: justify;\">Plongez dans une version unique du jeu de Baccarat classique avec Live No Commission Baccarat de Playtech. Les aficionados du Baccarat adorent cette version car les joueurs peuvent profiter du gameplay et des caract\u00e9ristiques du Baccarat traditionnel sans avoir \u00e0 payer de commission sur les gains de la banque. Le jeu se d\u00e9roule dans un studio de casino authentique et moderne, ce qui permet aux joueurs de profiter de la compagnie d&#8217;autres joueurs et des croupiers.<\/p>\n<p style=\"text-align: justify;\">Fournisseur de logiciel : Playtech<\/p>\n<p style=\"text-align: justify;\">Le retour au joueur (RTP) du Baccarat sans commission est d&#8217;environ 98%.<\/p>\n<h3 style=\"text-align: justify;\"><strong>Tigre du dragon :<\/strong><\/h3>\n<p style=\"text-align: justify;\">D\u00e9couvrez la simplicit\u00e9 et l&#8217;excitation du Dragon Tiger, un jeu souvent d\u00e9crit comme une version simplifi\u00e9e du Baccarat. Au Dragon Tiger, les joueurs parient sur le fait que la main du Dragon ou du Tigre aura une carte de plus grande valeur. La valeur des cartes suit la hi\u00e9rarchie traditionnelle : L&#8217;as est la carte la plus basse, suivie du 2, du 3, du 4, du 5, du 6, du 7, du 8, du 9, du 10, du valet, de la reine et du roi. La main ayant la valeur de carte la plus \u00e9lev\u00e9e remporte le tour et les mises gagnantes sont pay\u00e9es en cons\u00e9quence. Si les deux mains ont la m\u00eame valeur de carte, il y a \u00e9galit\u00e9 et les joueurs qui ont mis\u00e9 sur l&#8217;option \u00c9galit\u00e9 seront pay\u00e9s en cons\u00e9quence. Avec un gameplay rapide et un accent mis sur le classement des cartes, Dragon Tiger offre une exp\u00e9rience de jeu \u00e0 la fois excitante et simple. Dragon Tiger propose \u00e9galement d&#8217;excellents paris lat\u00e9raux :<\/p>\n<p style=\"text-align: justify;\">Pari lat\u00e9ral sur la couleur du dragon ou du tigre : Ce pari lat\u00e9ral vous permet de parier sur le fait que la main du Dragon ou du Tigre aura une couleur sp\u00e9cifique. Le gain pour un pari correct sur la couleur est de 3:1.<\/p>\n<p style=\"text-align: justify;\">Pari lat\u00e9ral sur la couleur du dragon ou du tigre : Avec ce pari lat\u00e9ral, vous pr\u00e9disez si la main du dragon ou du tigre sera d&#8217;une couleur sp\u00e9cifique (rouge ou noire). Le gain pour un pari correct sur la couleur est de 2:1.<\/p>\n<p style=\"text-align: justify;\">Pari lat\u00e9ral grand ou petit : Ce pari lat\u00e9ral consiste \u00e0 pr\u00e9dire si la valeur totale de la main du Dragon ou du Tigre sera grande (8 ou plus) ou petite (6 ou moins). Le gain pour un pari grand ou petit correct est de 1:1.<\/p>\n<p style=\"text-align: justify;\">Pari lat\u00e9ral pair ou impair : ici, vous pariez sur le fait que la valeur totale de la main du dragon ou du tigre sera paire ou impaire. Le gain pour un pari pair ou impair correct est de 1:1.<\/p>\n<p style=\"text-align: justify;\">Fournisseur de logiciel : Playtech<\/p>\n<p style=\"text-align: justify;\">Le retour au joueur (RTP) de Dragon Tiger est d&#8217;environ 96%.<\/p>\n<p style=\"text-align: justify;\">Rejoignez-nous au casino SlotSite.com et laissez-vous tenter par les jeux de Baccarat en ligne. Que vous soyez un joueur exp\u00e9riment\u00e9 ou un nouveau venu dans le monde du Baccarat, notre s\u00e9lection vari\u00e9e de variantes offre quelque chose pour tout le monde. Plongez dans l&#8217;\u00e9l\u00e9gance et la strat\u00e9gie du Baccarat, et laissez les cartes r\u00e9v\u00e9ler votre fortune. Placez vos paris, anticipez les r\u00e9sultats et d\u00e9couvrez l&#8217;attrait de ce jeu de cartes classique. N&#8217;oubliez jamais de conna\u00eetre et de fixer vos limites. Jouez de mani\u00e8re responsable. Les jeux d&#8217;argent peuvent cr\u00e9er une d\u00e9pendance.<\/p>\n","protected":false},"excerpt":{"rendered":"<p>Profitez de la sophistication des jeux de Baccarat en ligne et avec croupier en direct au casino SlotSite.com D\u00e9couvrez l&#8217;\u00e9l\u00e9gance de l&#8217;un des jeux de cartes les plus appr\u00e9ci\u00e9s au monde : le Baccarat. Avec sa riche histoire et son attrait intemporel, le Baccarat captive les joueurs depuis des si\u00e8cles. Au casino SlotSite.com, nous offrons [&hellip;]<\/p>\n","protected":false},"author":1,"featured_media":0,"parent":0,"menu_order":0,"comment_status":"closed","ping_status":"closed","template":"templates\/category.php","meta":{"footnotes":""},"class_list":["post-252","page","type-page","status-publish","hentry"],"translation":{"provider":"WPGlobus","version":"2.12.2","language":"qc","enabled_languages":["en","ca","fi","no","ja","es","pt","qc","gb","ir","nz","sa","in"],"languages":{"en":{"title":true,"content":true,"excerpt":false},"ca":{"title":true,"content":true,"excerpt":false},"fi":{"title":true,"content":true,"excerpt":false},"no":{"title":true,"content":true,"excerpt":false},"ja":{"title":true,"content":true,"excerpt":false},"es":{"title":true,"content":true,"excerpt":false},"pt":{"title":true,"content":true,"excerpt":false},"qc":{"title":true,"content":true,"excerpt":false},"gb":{"title":true,"content":true,"excerpt":false},"ir":{"title":false,"content":false,"excerpt":false},"nz":{"title":false,"content":false,"excerpt":false},"sa":{"title":false,"content":false,"excerpt":false},"in":{"title":true,"content":true,"excerpt":false}}},"acf":[],"yoast_head":"<!-- This site is optimized with the Yoast SEO plugin v20.11 - https:\/\/yoast.com\/wordpress\/plugins\/seo\/ -->\n<title>Baccara | Baccara en ligne \u00e9l\u00e9gant et passionnant : jouez et gagnez depuis chez vous !<\/title>\n<meta name=\"description\" content=\"D\u00e9couvrez la sophistication du baccara en ligne dans le confort de votre maison. Plongez dans le monde du jeu \u00e0 enjeux \u00e9lev\u00e9s, o\u00f9 la chance rencontre la strat\u00e9gie dans ce jeu de cartes classique.\" \/>\n<meta name=\"robots\" content=\"index, follow, max-snippet:-1, max-image-preview:large, max-video-preview:-1\" \/>\n<link rel=\"canonical\" href=\"https:\/\/slotsite.mediacle.net\/online-baccarat\/\" \/>\n<meta property=\"og:locale\" content=\"fr_CA\" \/>\n<meta property=\"og:type\" content=\"article\" \/>\n<meta property=\"og:title\" content=\"Baccara | Baccara en ligne \u00e9l\u00e9gant et passionnant : jouez et gagnez depuis chez vous !\" \/>\n<meta property=\"og:description\" content=\"D\u00e9couvrez la sophistication du baccara en ligne dans le confort de votre maison. Plongez dans le monde du jeu \u00e0 enjeux \u00e9lev\u00e9s, o\u00f9 la chance rencontre la strat\u00e9gie dans ce jeu de cartes classique.\" \/>\n<meta property=\"og:url\" content=\"https:\/\/slotsite.mediacle.net\/online-baccarat\/\" \/>\n<meta property=\"og:site_name\" content=\"Slotsite\" \/>\n<meta property=\"article:modified_time\" content=\"2023-08-31T09:57:58+00:00\" \/>\n<meta name=\"twitter:card\" content=\"summary_large_image\" \/>\n<meta name=\"twitter:label1\" content=\"Est. reading time\" \/>\n\t<meta name=\"twitter:data1\" content=\"8 minutes\" \/>\n<script type=\"application\/ld+json\" class=\"yoast-schema-graph\">{\"@context\":\"https:\/\/schema.org\",\"@graph\":[{\"@type\":\"WebPage\",\"@id\":\"https:\/\/slotsite.mediacle.net\/online-baccarat\/\",\"url\":\"https:\/\/slotsite.mediacle.net\/online-baccarat\/\",\"name\":\"Baccarat | Elegant and Exciting Online Baccarat: Play and Win from Home!\",\"isPartOf\":{\"@id\":\"https:\/\/slotsite.mediacle.net\/#website\"},\"datePublished\":\"2023-07-24T08:37:12+00:00\",\"dateModified\":\"2023-08-31T09:57:58+00:00\",\"description\":\"Experience the sophistication of online baccarat from the comfort of your home. Dive into the world of high-stakes gameplay, where luck meets strategy in this classic card game.\",\"breadcrumb\":{\"@id\":\"https:\/\/slotsite.mediacle.net\/online-baccarat\/#breadcrumb\"},\"inLanguage\":\"fr-CA\",\"potentialAction\":[{\"@type\":\"ReadAction\",\"target\":[\"https:\/\/slotsite.mediacle.net\/online-baccarat\/\"]}]},{\"@type\":\"BreadcrumbList\",\"@id\":\"https:\/\/slotsite.mediacle.net\/online-baccarat\/#breadcrumb\",\"itemListElement\":[{\"@type\":\"ListItem\",\"position\":1,\"name\":\"Home\",\"item\":\"https:\/\/slotsite.mediacle.net\/\"},{\"@type\":\"ListItem\",\"position\":2,\"name\":\"Online Baccarat Games\"}]},{\"@type\":\"WebSite\",\"@id\":\"https:\/\/slotsite.mediacle.net\/#website\",\"url\":\"https:\/\/slotsite.mediacle.net\/\",\"name\":\"Slotsite\",\"description\":\"\",\"potentialAction\":[{\"@type\":\"SearchAction\",\"target\":{\"@type\":\"EntryPoint\",\"urlTemplate\":\"https:\/\/slotsite.mediacle.net\/?s={search_term_string}\"},\"query-input\":\"required name=search_term_string\"}],\"inLanguage\":\"fr-CA\"}]}<\/script>\n<!-- \/ Yoast SEO plugin. -->","yoast_head_json":{"title":"Baccara | Baccara en ligne \u00e9l\u00e9gant et passionnant : jouez et gagnez depuis chez vous !","description":"D\u00e9couvrez la sophistication du baccara en ligne dans le confort de votre maison. Plongez dans le monde du jeu \u00e0 enjeux \u00e9lev\u00e9s, o\u00f9 la chance rencontre la strat\u00e9gie dans ce jeu de cartes classique.","robots":{"index":"index","follow":"follow","max-snippet":"max-snippet:-1","max-image-preview":"max-image-preview:large","max-video-preview":"max-video-preview:-1"},"canonical":"https:\/\/slotsite.mediacle.net\/online-baccarat\/","og_locale":"fr_CA","og_type":"article","og_title":"Baccara | Baccara en ligne \u00e9l\u00e9gant et passionnant : jouez et gagnez depuis chez vous !","og_description":"D\u00e9couvrez la sophistication du baccara en ligne dans le confort de votre maison. Plongez dans le monde du jeu \u00e0 enjeux \u00e9lev\u00e9s, o\u00f9 la chance rencontre la strat\u00e9gie dans ce jeu de cartes classique.","og_url":"https:\/\/slotsite.mediacle.net\/online-baccarat\/","og_site_name":"Slotsite","article_modified_time":"2023-08-31T09:57:58+00:00","twitter_card":"summary_large_image","twitter_misc":{"Est. reading time":"8 minutes"},"schema":{"@context":"https:\/\/schema.org","@graph":[{"@type":"WebPage","@id":"https:\/\/slotsite.mediacle.net\/online-baccarat\/","url":"https:\/\/slotsite.mediacle.net\/online-baccarat\/","name":"Baccarat | Elegant and Exciting Online Baccarat: Play and Win from Home!","isPartOf":{"@id":"https:\/\/slotsite.mediacle.net\/#website"},"datePublished":"2023-07-24T08:37:12+00:00","dateModified":"2023-08-31T09:57:58+00:00","description":"Experience the sophistication of online baccarat from the comfort of your home. Dive into the world of high-stakes gameplay, where luck meets strategy in this classic card game.","breadcrumb":{"@id":"https:\/\/slotsite.mediacle.net\/online-baccarat\/#breadcrumb"},"inLanguage":"fr-CA","potentialAction":[{"@type":"ReadAction","target":["https:\/\/slotsite.mediacle.net\/online-baccarat\/"]}]},{"@type":"BreadcrumbList","@id":"https:\/\/slotsite.mediacle.net\/online-baccarat\/#breadcrumb","itemListElement":[{"@type":"ListItem","position":1,"name":"Home","item":"https:\/\/slotsite.mediacle.net\/"},{"@type":"ListItem","position":2,"name":"Online Baccarat Games"}]},{"@type":"WebSite","@id":"https:\/\/slotsite.mediacle.net\/#website","url":"https:\/\/slotsite.mediacle.net\/","name":"Slotsite","description":"","potentialAction":[{"@type":"SearchAction","target":{"@type":"EntryPoint","urlTemplate":"https:\/\/slotsite.mediacle.net\/?s={search_term_string}"},"query-input":"required name=search_term_string"}],"inLanguage":"fr-CA"}]}},"_links":{"self":[{"href":"https:\/\/slotsite.mediacle.net\/qc\/wp-json\/wp\/v2\/pages\/252","targetHints":{"allow":["GET"]}}],"collection":[{"href":"https:\/\/slotsite.mediacle.net\/qc\/wp-json\/wp\/v2\/pages"}],"about":[{"href":"https:\/\/slotsite.mediacle.net\/qc\/wp-json\/wp\/v2\/types\/page"}],"author":[{"embeddable":true,"href":"https:\/\/slotsite.mediacle.net\/qc\/wp-json\/wp\/v2\/users\/1"}],"replies":[{"embeddable":true,"href":"https:\/\/slotsite.mediacle.net\/qc\/wp-json\/wp\/v2\/comments?post=252"}],"version-history":[{"count":59,"href":"https:\/\/slotsite.mediacle.net\/qc\/wp-json\/wp\/v2\/pages\/252\/revisions"}],"predecessor-version":[{"id":2358,"href":"https:\/\/slotsite.mediacle.net\/qc\/wp-json\/wp\/v2\/pages\/252\/revisions\/2358"}],"wp:attachment":[{"href":"https:\/\/slotsite.mediacle.net\/qc\/wp-json\/wp\/v2\/media?parent=252"}],"curies":[{"name":"wp","href":"https:\/\/api.w.org\/{rel}","templated":true}]}}