{"id":96,"date":"2023-05-26T11:51:27","date_gmt":"2023-05-26T11:51:27","guid":{"rendered":"https:\/\/slotsite.mediacle.net\/?page_id=96"},"modified":"2023-08-24T11:26:33","modified_gmt":"2023-08-24T11:26:33","slug":"slots","status":"publish","type":"page","link":"https:\/\/slotsite.mediacle.net\/qc\/slots\/","title":{"rendered":"Machines \u00e0 sous"},"content":{"rendered":"<p style=\"text-align: justify;\">Profitez des nouveaux jeux de machines \u00e0 sous en ligne qui sortent chaque semaine au casino SlotSite.com !<\/p>\n<p style=\"text-align: justify;\">Entrez dans un monde o\u00f9 la cr\u00e9ativit\u00e9 n&#8217;a pas de limites, car les studios de conception de machines \u00e0 sous donnent vie \u00e0 des th\u00e8mes envo\u00fbtants dans leurs jeux. Sur SlotSite.com, nous pr\u00e9sentons plus de 75 fournisseurs de jeux offrant une grande vari\u00e9t\u00e9 de th\u00e8mes populaires qui sont soigneusement \u00e9labor\u00e9s pour cr\u00e9er des personnages captivants, des atmosph\u00e8res \u00e9tonnantes et des symboles s\u00e9duisants. Chaque mois, nous testons nous-m\u00eames les nouveaux jeux, et si nous pensons qu&#8217;ils plairont \u00e0 nos joueurs, nous les lan\u00e7ons sur notre plateforme peu de temps apr\u00e8s. D\u00e9couvrez nos derniers jeux ici !<\/p>\n<h2 style=\"text-align: justify;\"><strong>Des th\u00e8mes de machines \u00e0 sous qui enflamment votre imagination :<\/strong><\/h2>\n<p style=\"text-align: justify;\">Chaque th\u00e8me vous plonge dans un cadre unique, avec des personnages soigneusement con\u00e7us, des d\u00e9cors uniques, des sons de jeu et des symboles qui compl\u00e8tent parfaitement le sc\u00e9nario. Explorons quelques th\u00e8mes populaires qui ont captiv\u00e9 les joueurs du monde entier :<\/p>\n<h3 style=\"text-align: justify;\"><strong>Machines \u00e0 sous aux fruits Th\u00e8mes :<\/strong><\/h3>\n<p style=\"text-align: justify;\">Fruit Fiestas ! Go\u00fbtez \u00e0 la nostalgie classique avec les nouvelles machines \u00e0 sous sur le th\u00e8me des fruits qui \u00e9voquent le charme des machines \u00e0 sous traditionnelles. D\u00e9couvrez les d\u00e9lices juteux de &#8220;Fruit Bonanza&#8221; ou &#8220;Fruity Burst&#8221;.<\/p>\n<h3 style=\"text-align: justify;\"><strong>Machines \u00e0 sous animales Th\u00e8mes :<\/strong><\/h3>\n<p style=\"text-align: justify;\">Le royaume des animaux ! Embarquez pour des aventures sauvages avec des machines \u00e0 sous mettant en sc\u00e8ne des cr\u00e9atures adorables et majestueuses. Rencontrez des lions, des \u00e9l\u00e9phants et des girafes dans &#8220;Safari of Wealth&#8221; ou plongez dans les profondeurs de l&#8217;oc\u00e9an avec &#8220;Gods of Seas&#8221;.<\/p>\n<h3 style=\"text-align: justify;\"><strong>Machines \u00e0 sous sportives Th\u00e8mes :<\/strong><\/h3>\n<p style=\"text-align: justify;\">La gloire du sport ! Ressentez le frisson de la victoire gr\u00e2ce \u00e0 des machines \u00e0 sous sur le th\u00e8me du sport qui retranscrivent l&#8217;excitation de vos jeux pr\u00e9f\u00e9r\u00e9s. Marquez des gains importants sur le terrain de football avec &#8220;Foxin Wins Football&#8221; ou attrapez quelque chose de gros avec &#8220;Fishing Frenzy Megaways&#8221;.<\/p>\n<h3 style=\"text-align: justify;\"><strong>Machines \u00e0 sous sp\u00e9cifiques et \u00e0 th\u00e8me de vacances :<\/strong><\/h3>\n<p style=\"text-align: justify;\">Le bonheur des vacances ! C\u00e9l\u00e9brez l&#8217;esprit festif tout au long de l&#8217;ann\u00e9e avec les machines \u00e0 sous sur le th\u00e8me des vacances. Allez \u00e0 la plage et admirez les personnages excentriques, ou bien c\u00e9l\u00e9brez les festivit\u00e9s avec les &#8220;Jingle Bells Power Reels&#8221;. Profitez de l&#8217;automne avec &#8220;Tricks and Treats&#8221;.<\/p>\n<h3 style=\"text-align: justify;\"><strong>Machines \u00e0 sous musicales Th\u00e8mes :<\/strong><\/h3>\n<p style=\"text-align: justify;\">M\u00e9lodies musicales ! Laissez le rythme guider vos tours avec des machines \u00e0 sous sur le th\u00e8me de la musique qui donnent vie \u00e0 la sc\u00e8ne. Faites du rock avec &#8220;Guns and Roses&#8221; ou dansez sur les rythmes avec &#8220;Disco Danny&#8221;.<\/p>\n<h3 style=\"text-align: justify;\"><strong>Machines \u00e0 sous en ligne sur le th\u00e8me des bijoux et des pierres pr\u00e9cieuses :<\/strong><\/h3>\n<p style=\"text-align: justify;\">La qu\u00eate du bijou ! D\u00e9couvrez un tr\u00e9sor de pierres pr\u00e9cieuses et de bijoux \u00e9blouissants dans des machines \u00e0 sous qui brillent par leur luxe. Laissez-vous s\u00e9duire par le faste et le glamour du &#8220;Diamond Vortex&#8221; ou par les l\u00e9gendaires &#8220;Emerald Isles&#8221;. Les cartes \u00e0 gratter en ligne proposent \u00e9galement des th\u00e8mes li\u00e9s aux pierres pr\u00e9cieuses !<\/p>\n<h3 style=\"text-align: justify;\"><strong>Jeux de machines \u00e0 sous sur le th\u00e8me du Far West :<\/strong><\/h3>\n<p style=\"text-align: justify;\">Aventures du Far West ! Mettez-vous en selle et partez vers le soleil couchant avec des machines \u00e0 sous qui vous transportent vers la fronti\u00e8re sauvage. Rejoignez les hors-la-loi dans &#8220;Sticky Bandits&#8221; ou cherchez la fortune dans &#8220;Dead or Alive 2&#8221;. Pr\u00e9parez-vous \u00e0 vivre des aventures \u00e0 l&#8217;arme blanche !<\/p>\n<h3 style=\"text-align: justify;\"><strong>Machines \u00e0 sous en ligne sur le th\u00e8me des pirates :<\/strong><\/h3>\n<p style=\"text-align: justify;\">Le butin du pirate ! Embarquez sur un bateau de pirates et partez \u00e0 la recherche de tr\u00e9sors cach\u00e9s dans des machines \u00e0 sous qui capturent l&#8217;esprit de cape et d&#8217;\u00e9p\u00e9e. Rejoignez l&#8217;\u00e9quipage des &#8220;Pirates fant\u00f4mes&#8221; ou attrapez le c\u00e9l\u00e8bre capitaine dans les &#8220;Mers maudites&#8221;.<\/p>\n<h3 style=\"text-align: justify;\"><strong>Jeux de machines \u00e0 sous en ligne sur le th\u00e8me de l&#8217;horreur :<\/strong><\/h3>\n<p style=\"text-align: justify;\">Horreurs d\u00e9cha\u00een\u00e9es ! Bravez l&#8217;obscurit\u00e9 et affrontez vos peurs avec des machines \u00e0 sous qui plongent dans le royaume de l&#8217;horreur. Rencontrez des vampires, des loups-garous et des fant\u00f4mes ou entrez dans une atmosph\u00e8re gla\u00e7ante avec &#8220;Blood Suckers&#8221;.<\/p>\n<h3 style=\"text-align: justify;\"><strong>Jeux de machines \u00e0 sous en ligne sur le th\u00e8me de la civilisation ancienne :<\/strong><\/h3>\n<p style=\"text-align: justify;\">Voyages anciens ! Remontez le temps et d\u00e9couvrez les myst\u00e8res des civilisations anciennes. Marchez comme un \u00c9gyptien dans &#8220;Pharaoh&#8217;s Fortune&#8221; ou partez \u00e0 la conqu\u00eate de l&#8217;Empire romain dans &#8220;Gladiator Legends&#8221;.<\/p>\n<h3 style=\"text-align: justify;\"><strong>Machines \u00e0 sous en ligne sur le th\u00e8me de la fantaisie :<\/strong><\/h3>\n<p style=\"text-align: justify;\">Les royaumes mythiques ! Plongez dans les mondes fantastiques des mythes et des l\u00e9gendes. Rencontrez des licornes mystiques dans les &#8220;Divine Fortune Megaways&#8221; ou entrez dans le royaume des dieux dans les &#8220;Apollo Pays <u>Megaways<\/u>&#8220;.<\/p>\n<h3 style=\"text-align: justify;\"><strong>Jeux de machines \u00e0 sous sur le th\u00e8me de l&#8217;eau :<\/strong><\/h3>\n<p style=\"text-align: justify;\">Merveilles sous-marines ! Plongez dans les profondeurs de l&#8217;oc\u00e9an et d\u00e9couvrez un monde grouillant de vie marine. Nagez avec des poissons color\u00e9s et explorez les r\u00e9cifs coralliens dans &#8220;Ocean&#8217;s Treasure&#8221; ou partez \u00e0 la recherche de la l\u00e9gendaire &#8220;Atlantide&#8221;.<\/p>\n<h3 style=\"text-align: justify;\"><strong>Jeux de machines \u00e0 sous en ligne sur le th\u00e8me de la fantaisie asiatique :<\/strong><\/h3>\n<p style=\"text-align: justify;\">D\u00e9lices orientaux ! D\u00e9couvrez l&#8217;attrait de l&#8217;Orient avec des machines \u00e0 sous inspir\u00e9es de la riche culture et des traditions du monde oriental. Trouvez la s\u00e9r\u00e9nit\u00e9 dans la beaut\u00e9 de &#8220;Zen Garden&#8221; ou embarquez pour la fortune dans &#8220;Koi Princess&#8221;.<\/p>\n<h3 style=\"text-align: justify;\"><strong>Machines \u00e0 sous sur le th\u00e8me de l&#8217;aventure :<\/strong><\/h3>\n<p style=\"text-align: justify;\">Aventures \u00e9piques ! Embarquez pour des aventures palpitantes avec des machines \u00e0 sous qui vous transportent dans des lieux exotiques et des d\u00e9cors uniques. Rejoignez les explorateurs intr\u00e9pides Rich et Cat Wilde \u00e0 la recherche de tr\u00e9sors cach\u00e9s dans la &#8220;Book of Dead Series&#8221; ou vivez l&#8217;excitation d&#8217;une odyss\u00e9e spatiale dans &#8220;Reactoonz&#8221; ou son pr\u00e9quel &#8220;Energoonz&#8221;.<\/p>\n<h3 style=\"text-align: justify;\"><strong>Machines \u00e0 sous de marque :<\/strong><\/h3>\n<p style=\"text-align: justify;\">Profitez des bandes dessin\u00e9es, des films, des \u00e9missions de t\u00e9l\u00e9vision et des c\u00e9l\u00e9brit\u00e9s gr\u00e2ce \u00e0 notre impressionnante gamme de machines \u00e0 sous de marque. Entrez dans la peau d&#8217;un super-h\u00e9ros ou joignez vos forces \u00e0 celles de vos personnages pr\u00e9f\u00e9r\u00e9s dans &#8220;Game of Thrones &#8211; Power Stacks&#8221; avec de nombreuses fonctionnalit\u00e9s, dont des tours gratuits et un bonus &#8220;link &amp; win&#8221; !<\/p>\n<p style=\"text-align: justify;\">Rejoignez-nous au casino SlotSite.com et laissez-vous s\u00e9duire par les nouvelles machines \u00e0 sous en ligne. Avec notre collection toujours croissante et nos mises \u00e0 jour constantes, vous trouverez toujours quelque chose de nouveau \u00e0 jouer !<\/p>\n<p style=\"text-align: justify;\">Conseils pour optimiser votre jeu aux machines \u00e0 sous :<\/p>\n<p style=\"text-align: justify;\">Explorez diff\u00e9rents th\u00e8mes : Avec une telle vari\u00e9t\u00e9 de th\u00e8mes disponibles, n&#8217;h\u00e9sitez pas \u00e0 essayer diff\u00e9rentes machines \u00e0 sous pour d\u00e9couvrir vos pr\u00e9f\u00e9r\u00e9es.<\/p>\n<p style=\"text-align: justify;\">Consultez le tableau des gains et le RTP : Familiarisez-vous avec le RTP et le tableau des gains du jeu pour comprendre la valeur de chaque symbole et les gains potentiels.<\/p>\n<p style=\"text-align: justify;\">Fixez une dur\u00e9e et un budget : Cela permet de jouer de mani\u00e8re responsable et agr\u00e9able. N&#8217;oubliez pas que les jeux d&#8217;argent peuvent cr\u00e9er une d\u00e9pendance.<\/p>\n","protected":false},"excerpt":{"rendered":"<p>Profitez des nouveaux jeux de machines \u00e0 sous en ligne qui sortent chaque semaine au casino SlotSite.com ! Entrez dans un monde o\u00f9 la cr\u00e9ativit\u00e9 n&#8217;a pas de limites, car les studios de conception de machines \u00e0 sous donnent vie \u00e0 des th\u00e8mes envo\u00fbtants dans leurs jeux. Sur SlotSite.com, nous pr\u00e9sentons plus de 75 fournisseurs [&hellip;]<\/p>\n","protected":false},"author":1,"featured_media":0,"parent":0,"menu_order":0,"comment_status":"closed","ping_status":"closed","template":"templates\/category.php","meta":{"footnotes":""},"class_list":["post-96","page","type-page","status-publish","hentry"],"translation":{"provider":"WPGlobus","version":"2.12.2","language":"qc","enabled_languages":["en","ca","fi","no","ja","es","pt","qc","gb","ir","nz","sa","in"],"languages":{"en":{"title":true,"content":true,"excerpt":false},"ca":{"title":true,"content":true,"excerpt":false},"fi":{"title":true,"content":false,"excerpt":false},"no":{"title":true,"content":true,"excerpt":false},"ja":{"title":true,"content":true,"excerpt":false},"es":{"title":true,"content":true,"excerpt":false},"pt":{"title":true,"content":true,"excerpt":false},"qc":{"title":true,"content":true,"excerpt":false},"gb":{"title":true,"content":false,"excerpt":false},"ir":{"title":true,"content":false,"excerpt":false},"nz":{"title":true,"content":false,"excerpt":false},"sa":{"title":true,"content":false,"excerpt":false},"in":{"title":true,"content":true,"excerpt":false}}},"acf":[],"yoast_head":"<!-- This site is optimized with the Yoast SEO plugin v20.11 - https:\/\/yoast.com\/wordpress\/plugins\/seo\/ -->\n<title>Slotsite<\/title>\n<meta name=\"robots\" content=\"index, follow, max-snippet:-1, max-image-preview:large, max-video-preview:-1\" \/>\n<link rel=\"canonical\" href=\"https:\/\/slotsite.mediacle.net\/slots\/\" \/>\n<meta property=\"og:locale\" content=\"fr_CA\" \/>\n<meta property=\"og:type\" content=\"article\" \/>\n<meta property=\"og:url\" content=\"https:\/\/slotsite.mediacle.net\/slots\/\" \/>\n<meta property=\"og:site_name\" content=\"Slotsite\" \/>\n<meta property=\"article:modified_time\" content=\"2023-08-24T11:26:33+00:00\" \/>\n<meta name=\"twitter:card\" content=\"summary_large_image\" \/>\n<meta name=\"twitter:label1\" content=\"Est. reading time\" \/>\n\t<meta name=\"twitter:data1\" content=\"6 minutes\" \/>\n<script type=\"application\/ld+json\" class=\"yoast-schema-graph\">{\"@context\":\"https:\/\/schema.org\",\"@graph\":[{\"@type\":\"WebPage\",\"@id\":\"https:\/\/slotsite.mediacle.net\/slots\/\",\"url\":\"https:\/\/slotsite.mediacle.net\/slots\/\",\"name\":\"\",\"isPartOf\":{\"@id\":\"https:\/\/slotsite.mediacle.net\/#website\"},\"datePublished\":\"2023-05-26T11:51:27+00:00\",\"dateModified\":\"2023-08-24T11:26:33+00:00\",\"description\":\"\",\"breadcrumb\":{\"@id\":\"https:\/\/slotsite.mediacle.net\/slots\/#breadcrumb\"},\"inLanguage\":\"fr-CA\",\"potentialAction\":[{\"@type\":\"ReadAction\",\"target\":[\"https:\/\/slotsite.mediacle.net\/slots\/\"]}]},{\"@type\":\"BreadcrumbList\",\"@id\":\"https:\/\/slotsite.mediacle.net\/slots\/#breadcrumb\",\"itemListElement\":[{\"@type\":\"ListItem\",\"position\":1,\"name\":\"Home\",\"item\":\"https:\/\/slotsite.mediacle.net\/\"},{\"@type\":\"ListItem\",\"position\":2,\"name\":\"Online Slot Site Games\"}]},{\"@type\":\"WebSite\",\"@id\":\"https:\/\/slotsite.mediacle.net\/#website\",\"url\":\"https:\/\/slotsite.mediacle.net\/\",\"name\":\"Slotsite\",\"description\":\"\",\"potentialAction\":[{\"@type\":\"SearchAction\",\"target\":{\"@type\":\"EntryPoint\",\"urlTemplate\":\"https:\/\/slotsite.mediacle.net\/?s={search_term_string}\"},\"query-input\":\"required name=search_term_string\"}],\"inLanguage\":\"fr-CA\"}]}<\/script>\n<!-- \/ Yoast SEO plugin. -->","yoast_head_json":{"title":"Slotsite","robots":{"index":"index","follow":"follow","max-snippet":"max-snippet:-1","max-image-preview":"max-image-preview:large","max-video-preview":"max-video-preview:-1"},"canonical":"https:\/\/slotsite.mediacle.net\/slots\/","og_locale":"fr_CA","og_type":"article","og_url":"https:\/\/slotsite.mediacle.net\/slots\/","og_site_name":"Slotsite","article_modified_time":"2023-08-24T11:26:33+00:00","twitter_card":"summary_large_image","twitter_misc":{"Est. reading time":"6 minutes"},"schema":{"@context":"https:\/\/schema.org","@graph":[{"@type":"WebPage","@id":"https:\/\/slotsite.mediacle.net\/slots\/","url":"https:\/\/slotsite.mediacle.net\/slots\/","name":"","isPartOf":{"@id":"https:\/\/slotsite.mediacle.net\/#website"},"datePublished":"2023-05-26T11:51:27+00:00","dateModified":"2023-08-24T11:26:33+00:00","description":"","breadcrumb":{"@id":"https:\/\/slotsite.mediacle.net\/slots\/#breadcrumb"},"inLanguage":"fr-CA","potentialAction":[{"@type":"ReadAction","target":["https:\/\/slotsite.mediacle.net\/slots\/"]}]},{"@type":"BreadcrumbList","@id":"https:\/\/slotsite.mediacle.net\/slots\/#breadcrumb","itemListElement":[{"@type":"ListItem","position":1,"name":"Home","item":"https:\/\/slotsite.mediacle.net\/"},{"@type":"ListItem","position":2,"name":"Online Slot Site Games"}]},{"@type":"WebSite","@id":"https:\/\/slotsite.mediacle.net\/#website","url":"https:\/\/slotsite.mediacle.net\/","name":"Slotsite","description":"","potentialAction":[{"@type":"SearchAction","target":{"@type":"EntryPoint","urlTemplate":"https:\/\/slotsite.mediacle.net\/?s={search_term_string}"},"query-input":"required name=search_term_string"}],"inLanguage":"fr-CA"}]}},"_links":{"self":[{"href":"https:\/\/slotsite.mediacle.net\/qc\/wp-json\/wp\/v2\/pages\/96","targetHints":{"allow":["GET"]}}],"collection":[{"href":"https:\/\/slotsite.mediacle.net\/qc\/wp-json\/wp\/v2\/pages"}],"about":[{"href":"https:\/\/slotsite.mediacle.net\/qc\/wp-json\/wp\/v2\/types\/page"}],"author":[{"embeddable":true,"href":"https:\/\/slotsite.mediacle.net\/qc\/wp-json\/wp\/v2\/users\/1"}],"replies":[{"embeddable":true,"href":"https:\/\/slotsite.mediacle.net\/qc\/wp-json\/wp\/v2\/comments?post=96"}],"version-history":[{"count":46,"href":"https:\/\/slotsite.mediacle.net\/qc\/wp-json\/wp\/v2\/pages\/96\/revisions"}],"predecessor-version":[{"id":2186,"href":"https:\/\/slotsite.mediacle.net\/qc\/wp-json\/wp\/v2\/pages\/96\/revisions\/2186"}],"wp:attachment":[{"href":"https:\/\/slotsite.mediacle.net\/qc\/wp-json\/wp\/v2\/media?parent=96"}],"curies":[{"name":"wp","href":"https:\/\/api.w.org\/{rel}","templated":true}]}}